{"id":24326,"date":"2023-10-17T11:40:07","date_gmt":"2023-10-17T10:40:07","guid":{"rendered":"https:\/\/www.cinc.com\/nos-offres\/"},"modified":"2024-03-06T12:20:23","modified_gmt":"2024-03-06T11:20:23","slug":"nos-offres","status":"publish","type":"page","link":"https:\/\/www.cinc.com\/fr\/nos-offres\/","title":{"rendered":"Nos offres"},"content":{"rendered":"\n<div class=\"wp-block-uagb-container uagb-block-3e46aede alignfull uagb-is-root-container\"><div class=\"uagb-container-inner-blocks-wrap\">\n<h2 class=\"wp-block-heading\">Offres actuelles<\/h2>\n\n\n\n<div class=\"wp-block-group is-vertical is-layout-flex wp-container-core-group-is-layout-2b9975be wp-block-group-is-layout-flex\" style=\"padding-top:var(--wp--preset--spacing--50);padding-bottom:var(--wp--preset--spacing--50)\">\n<h4 class=\"wp-block-heading\"><a href=\"https:\/\/www.cinc.com\/img\/grup-cinc\/ofertes\/oferta_2_ca.pdf\" data-type=\"link\" data-id=\"https:\/\/www.cinc.com\/img\/grup-cinc\/ofertes\/oferta_2_ca.pdf\" target=\"_blank\" rel=\"noreferrer noopener\">Offre d&#8217;emploi : Conseiller\/Conseill\u00e8re Fiscal(e)\/Comptable &#8211; G\u00e9rone\/Barcelone<\/a><\/h4>\n\n\n\n<p>CINC Conseil recherche un conseiller fiscal\/comptable : une personne communicative, ayant de l&rsquo;initiative, de l&rsquo;autonomie et une capacit\u00e9 de travail pour le d\u00e9partement fiscal-comptable de notre cabinet de conseil.<\/p>\n\n\n\n<div class=\"wp-block-buttons is-layout-flex wp-block-buttons-is-layout-flex\">\n<div class=\"wp-block-button\"><a class=\"wp-block-button__link wp-element-button\" href=\"https:\/\/www.cinc.com\/wp-content\/uploads\/2024\/02\/Oferta-assesor-fiscal-comptable-CINC.pdf\">Voir l&rsquo;offre<\/a><\/div>\n<\/div>\n<\/div>\n\n\n\n<div class=\"wp-block-group is-vertical is-layout-flex wp-container-core-group-is-layout-2b9975be wp-block-group-is-layout-flex\" style=\"padding-top:var(--wp--preset--spacing--50);padding-bottom:var(--wp--preset--spacing--50)\">\n<h4 class=\"wp-block-heading\"><a data-type=\"link\" data-id=\"https:\/\/www.cinc.com\/img\/grup-cinc\/ofertes\/oferta_2_ca.pdf\" href=\"https:\/\/www.cinc.com\/img\/grup-cinc\/ofertes\/oferta_2_ca.pdf\" target=\"_blank\" rel=\"noreferrer noopener\">Offre d&#8217;emploi : Conseiller\/Conseill\u00e8re de d\u00e9partement &#8211; G\u00e9rone\/Figueras<\/a><\/h4>\n\n\n\n<p>CINC Conseil recherche un conseiller\/une conseill\u00e8re en travail : une personne responsable, m\u00e9thodique et ayant une forte orientation client pour notre d\u00e9partement du travail.<\/p>\n\n\n\n<div class=\"wp-block-buttons is-layout-flex wp-block-buttons-is-layout-flex\">\n<div class=\"wp-block-button\"><a class=\"wp-block-button__link wp-element-button\" href=\"https:\/\/www.cinc.com\/wp-content\/uploads\/2024\/02\/Oferta-assesor-fiscal-comptable-CINC.pdf\">Voir l&rsquo;offre<\/a><\/div>\n<\/div>\n<\/div>\n<\/div><\/div>\n","protected":false},"excerpt":{"rendered":"<p>Offres actuelles Offre d&#8217;emploi : Conseiller\/Conseill\u00e8re Fiscal(e)\/Comptable &#8211; G\u00e9rone\/Barcelone CINC Conseil recherche un conseiller fiscal\/comptable : une personne communicative, ayant de l&rsquo;initiative, de l&rsquo;autonomie et une capacit\u00e9 de travail pour le d\u00e9partement fiscal-comptable de notre cabinet de conseil. Offre d&#8217;emploi : Conseiller\/Conseill\u00e8re de d\u00e9partement &#8211; G\u00e9rone\/Figueras CINC Conseil recherche un conseiller\/une conseill\u00e8re en travail : [&hellip;]<\/p>\n","protected":false},"author":3,"featured_media":0,"parent":0,"menu_order":0,"comment_status":"closed","ping_status":"closed","template":"","meta":{"_acf_changed":false,"_uag_custom_page_level_css":"","footnotes":""},"class_list":["post-24326","page","type-page","status-publish","hentry"],"acf":[],"uagb_featured_image_src":{"full":false,"thumbnail":false,"medium":false,"medium_large":false,"large":false,"1536x1536":false,"2048x2048":false,"gform-image-choice-sm":false,"gform-image-choice-md":false,"gform-image-choice-lg":false},"uagb_author_info":{"display_name":"Anna","author_link":"https:\/\/www.cinc.com\/fr\/author\/anna\/"},"uagb_comment_info":0,"uagb_excerpt":"Offres actuelles Offre d&#8217;emploi : Conseiller\/Conseill\u00e8re Fiscal(e)\/Comptable &#8211; G\u00e9rone\/Barcelone CINC Conseil recherche un conseiller fiscal\/comptable : une personne communicative, ayant de l&rsquo;initiative, de l&rsquo;autonomie et une capacit\u00e9 de travail pour le d\u00e9partement fiscal-comptable de notre cabinet de conseil. Offre d&#8217;emploi : Conseiller\/Conseill\u00e8re de d\u00e9partement &#8211; G\u00e9rone\/Figueras CINC Conseil recherche un conseiller\/une conseill\u00e8re en travail :\u2026","jetpack_sharing_enabled":true,"_links":{"self":[{"href":"https:\/\/www.cinc.com\/fr\/wp-json\/wp\/v2\/pages\/24326","targetHints":{"allow":["GET"]}}],"collection":[{"href":"https:\/\/www.cinc.com\/fr\/wp-json\/wp\/v2\/pages"}],"about":[{"href":"https:\/\/www.cinc.com\/fr\/wp-json\/wp\/v2\/types\/page"}],"author":[{"embeddable":true,"href":"https:\/\/www.cinc.com\/fr\/wp-json\/wp\/v2\/users\/3"}],"replies":[{"embeddable":true,"href":"https:\/\/www.cinc.com\/fr\/wp-json\/wp\/v2\/comments?post=24326"}],"version-history":[{"count":1,"href":"https:\/\/www.cinc.com\/fr\/wp-json\/wp\/v2\/pages\/24326\/revisions"}],"predecessor-version":[{"id":24327,"href":"https:\/\/www.cinc.com\/fr\/wp-json\/wp\/v2\/pages\/24326\/revisions\/24327"}],"wp:attachment":[{"href":"https:\/\/www.cinc.com\/fr\/wp-json\/wp\/v2\/media?parent=24326"}],"curies":[{"name":"wp","href":"https:\/\/api.w.org\/{rel}","templated":true}]}}