{"id":23979,"date":"2024-01-09T09:25:54","date_gmt":"2024-01-09T08:25:54","guid":{"rendered":"https:\/\/www.cinc.com\/politique-de-confidentialite\/"},"modified":"2024-02-29T17:24:16","modified_gmt":"2024-02-29T16:24:16","slug":"politique-de-confidentialite","status":"publish","type":"page","link":"https:\/\/www.cinc.com\/fr\/politique-de-confidentialite\/","title":{"rendered":"Politique de confidentialit\u00e9"},"content":{"rendered":"\n<div class=\"wp-block-uagb-container uagb-block-e4bc1423 alignfull uagb-is-root-container\"><div class=\"uagb-container-inner-blocks-wrap\">\n<h4 class=\"wp-block-heading\">CINC POLITIQUE DE CONFIDENTIALIT\u00c9<\/h4>\n\n\n\n<p>Conforme \u00e0 la r\u00e9glementation en vigueur en mati\u00e8re de protection des donn\u00e9es personnelles, R\u00e8glement (UE) 2016\/679 du Parlement europ\u00e9en et du Conseil, du 27 avril 2016 (ci-apr\u00e8s le RGPD), et \u00e0 la Loi organique 3\/2018, du 5 d\u00e9cembre, sur la protection des donn\u00e9es personnelles et la garantie des droits num\u00e9riques (ci-apr\u00e8s, la LOPDGDD), nous vous informons des termes de notre politique de confidentialit\u00e9 concernant le traitement de vos donn\u00e9es en tant qu&rsquo;utilisateur de notre site web <a href=\"https:\/\/www.cinc.com\/fr\/\" target=\"_blank\" rel=\"noreferrer noopener\">(https:\/\/www.cinc.com\/<\/a> (ci-apr\u00e8s le \u00ab Site \u00bb).<\/p>\n\n\n\n<p><strong><u>1. IDENTIFICATION DU RESPONSABLE DU TRAITEMENT<\/u><\/strong><\/p>\n\n\n\n<p style=\"margin-top:0;margin-bottom:0;padding-top:0;padding-bottom:0\">Le responsable du traitement de vos donn\u00e9es est CINC.<\/p>\n\n\n\n<p style=\"margin-top:0;margin-bottom:0;padding-top:0;padding-bottom:0\">Coordonn\u00e9es<\/p>\n\n\n\n<p style=\"margin-top:0;margin-bottom:0;padding-top:0;padding-bottom:0\">C\/ Pau Casals, 3<\/p>\n\n\n\n<p style=\"margin-top:0;margin-bottom:0;padding-top:0;padding-bottom:0\">17001 G\u00c9RONE<\/p>\n\n\n\n<p style=\"margin-top:0;margin-bottom:0;padding-top:0;padding-bottom:0\">T\u00e9l\u00e9phone de contact : 972 940 940<\/p>\n\n\n\n<p style=\"margin-top:0;margin-bottom:0;padding-top:0;padding-bottom:0\">E-mail : <a href=\"mailto:rgpd@cinc.es\">rgpd@cinc.es<\/a><\/p>\n\n\n\n<p><strong><u>2. CAT\u00c9GORIE DE DONN\u00c9ES QUE NOUS TRAITONS<\/u><\/strong><\/p>\n\n\n\n<p>Conform\u00e9ment au principe de minimisation des donn\u00e9es, CINC ne vous demandera que les donn\u00e9es strictement n\u00e9cessaires \u00e0 la r\u00e9alisation des finalit\u00e9s indiqu\u00e9es, que nous d\u00e9taillons ci-dessous:<\/p>\n\n\n\n<figure class=\"wp-block-table\"><table><tbody><tr><td><strong>Traitement<\/strong><\/td><td><strong>Type de donn\u00e9es trait\u00e9es<\/strong><\/td><\/tr><tr><td>Utilisateur du site web<\/td><td>Identificatives de la connexion: adresse IP<\/td><\/tr><tr><td>Contact<\/td><td>Identificatives: nom et pr\u00e9nom, t\u00e9l\u00e9phone et e-mail<\/td><\/tr><tr><td>Demande de devis<\/td><td>Identificatives: nom et pr\u00e9nom, t\u00e9l\u00e9phone et e-mail<\/td><\/tr><tr><td>En savoir plus<\/td><td>Identificatives: nom et pr\u00e9nom, t\u00e9l\u00e9phone et e-mail<\/td><\/tr><tr><td>Rejoignez notre \u00e9quipe.<\/td><td>Identificatives: nom et pr\u00e9nom, t\u00e9l\u00e9phone et e-mail Contact<\/td><\/tr><tr><td>Utilisateur enregistr\u00e9<\/td><td>Identificatives: nom et pr\u00e9nom, t\u00e9l\u00e9phone et e-mail<\/td><\/tr><tr><td>Bulletin d&rsquo;information<\/td><td>Identificatives: nom et pr\u00e9nom, t\u00e9l\u00e9phone et e-mail<\/td><\/tr><\/tbody><\/table><\/figure>\n\n\n\n<p>Tous les champs marqu\u00e9s d&rsquo;une (*) des diff\u00e9rents formulaires publi\u00e9s sur notre site web sont obligatoires, et leur omission ne permettra pas l&rsquo;envoi du formulaire.<\/p>\n\n\n\n<p><strong><u>3. ORIGINE DES DONN\u00c9ES<\/u><\/strong><\/p>\n\n\n\n<p>Les donn\u00e9es personnelles que nous traitons proviennent de la personne concern\u00e9e elle-m\u00eame ou de son repr\u00e9sentant l\u00e9gal, qui garantit leur v\u00e9racit\u00e9 et authenticit\u00e9. Dans les cas o\u00f9 il est n\u00e9cessaire de nous fournir des donn\u00e9es de tiers, vous devez informer ces tiers au pr\u00e9alable des termes de notre politique de confidentialit\u00e9. CINC n&rsquo;assume aucune responsabilit\u00e9 pour l&rsquo;inexactitude ou le manque de v\u00e9racit\u00e9 des donn\u00e9es re\u00e7ues, nous nous r\u00e9servons express\u00e9ment le droit d&rsquo;exercer toute action qui pourrait nous revenir pour faire valoir nos droits.<\/p>\n\n\n\n<p><strong><u>4. DUR\u00c9E DE CONSERVATION DES DONN\u00c9ES<\/u><\/strong><\/p>\n\n\n\n<p>Vos donn\u00e9es personnelles ne seront conserv\u00e9es que pendant la dur\u00e9e n\u00e9cessaire \u00e0 la r\u00e9alisation des finalit\u00e9s pr\u00e9c\u00e9demment indiqu\u00e9es, sauf disposition l\u00e9gale \u00e9tablissant une p\u00e9riode de conservation diff\u00e9rente, ou sauf opposition de votre part au traitement ou r\u00e9vocation de votre consentement au traitement. Dans ces cas, CINC prendra toutes les mesures de s\u00e9curit\u00e9 disponibles pour garantir la confidentialit\u00e9 et la s\u00e9curit\u00e9 de vos donn\u00e9es. <\/p>\n\n\n\n<p> <strong><u>5. FINS ET BASES L\u00c9GITIMES DU TRAITEMENT<\/u><\/strong><\/p>\n\n\n\n<p>Conform\u00e9ment aux principes de minimisation des donn\u00e9es et de proportionnalit\u00e9, CINC. Ne vous demandera que les donn\u00e9es strictement n\u00e9cessaires \u00e0 la r\u00e9alisation des finalit\u00e9s indiqu\u00e9es. Ci-dessous, nous vous informons de mani\u00e8re d\u00e9taill\u00e9e quelles sont ces finalit\u00e9s et la base l\u00e9gale de leur traitement:<\/p>\n\n\n\n<figure class=\"wp-block-table\"><table><tbody><tr><td><strong>TRAITEMENT<\/strong><\/td><td><strong>OBJECTIF<\/strong><\/td><td><strong>BASE L\u00c9GITIME<\/strong><\/td><\/tr><tr><td>Utilisateur Web<\/td><td>Gestion administrative<\/td><td>Consentement explicite de l&rsquo;int\u00e9ress\u00e9(e)<sup>(*)<\/sup> Art. 6.1. a) RGPD. <br\/>Int\u00e9r\u00eat l\u00e9gitime de CINC pour r\u00e9pondre \u00e0 votre demande, art. 6.1.f) RGPD.<\/td><\/tr><tr><td>Contact<\/td><td>Attention et r\u00e9ponse aux questions pos\u00e9es par l&rsquo;int\u00e9ress\u00e9(e)<\/td><td>Consentement explicite de l&rsquo;int\u00e9ress\u00e9(e)<sup>(*)<\/sup> Art. 6.1. RGPD. <br\/>Consentement explicite de l&rsquo;int\u00e9ress\u00e9(e)(*) Art. 6.1. a) RGPD.<\/td><\/tr><tr><td>Demander un devis<\/td><td>Attention et \u00e9laboration du devis demand\u00e9 par l&rsquo;int\u00e9ress\u00e9(e<\/td><td>Consentement explicite de l&rsquo;int\u00e9ress\u00e9(e)(*) <sup><\/sup> Art. 6.1. RGPD. <br\/>Int\u00e9r\u00eat l\u00e9gitime de CINC pour r\u00e9pondre \u00e0 votre demande, art. 6.1.f) RGPD. <\/td><\/tr><tr><td>En savoir plus<\/td><td>Attention et information selon la demande formul\u00e9e par l&rsquo;int\u00e9ress\u00e9(e)<\/td><td>Consentement explicite de l&rsquo;int\u00e9ress\u00e9(e)(*) <sup><\/sup> Art. 6.1. a) RGPD. <br\/>Int\u00e9r\u00eat l\u00e9gitime de CINC pour r\u00e9pondre \u00e0 votre demande, art. 6.1.f) RGPD. <\/td><\/tr><tr><td>Rejoignez notre \u00e9quipe.<\/td><td>G\u00e9rer son statut d&rsquo;utilisateur enregistr\u00e9<\/td><td>Consentement explicite de l&rsquo;int\u00e9ress\u00e9(e)<sup>(*)<\/sup> Art. 6.1. a) RGPD. <br\/>Ex\u00e9cution de mesures pr\u00e9contractuelles, art. 6.1. b) RGPD. <\/td><\/tr><tr><td>Utilisateur enregistr\u00e9<\/td><td>G\u00e9rer son statut d&rsquo;utilisateur enregistr\u00e9<\/td><td>Consentement explicite <sup>(*)<\/sup>, art. 6.1.a) RGPD. <del><\/del>  <\/td><\/tr><tr><td>Bulletin d&rsquo;information<\/td><td>Gestion administrative<\/td><td>Consentement explicite <sup>(*)<\/sup> art. 6.1.a). <br\/>Int\u00e9r\u00eat l\u00e9gitime du responsable, art. 6.1.b) RGPD. <\/td><\/tr><\/tbody><\/table><\/figure>\n\n\n\n<p><br\/><sup>(*)<\/sup> Il est entendu que vous donnez un consentement explicite en formulaires librement et volontairement votre demande via nos formulaires, apr\u00e8s avoir lu la pr\u00e9sente politique de confidentialit\u00e9.<\/p>\n\n\n\n<p><strong><u>6. TRANSFERENCIA DE DATOS<\/u><\/strong><\/p>\n\n\n\n<p>Vos donn\u00e9es ne seront pas communiqu\u00e9es \u00e0 des tiers, sauf aux entreprises du m\u00eame groupe, dans le cadre des m\u00eames finalit\u00e9s, ou si la loi l&rsquo;exige, et\/ou si les autorit\u00e9s comp\u00e9tentes nous le demandent, dans les termes et conditions l\u00e9galement \u00e9tablis, ou si cela est n\u00e9cessaire pour atteindre l&rsquo;objectif du traitement; c&rsquo;est ce qu&rsquo;on appelle les sous-traitants, dans ces cas, nous veillerons au respect de toutes les mesures techniques et organisationnelles n\u00e9cessaires pour garantir leur s\u00e9curit\u00e9 et \u00e9viter leur alt\u00e9ration, perte, traitement ou acc\u00e8s non autoris\u00e9, ainsi que toutes les autres obligations requises par la r\u00e9glementation en vigueur.<\/p>\n\n\n\n<p>Il n&rsquo;y aura pas de transferts internationaux de donn\u00e9es, sauf dans le cas de l&rsquo;activation des cookies de Google Analytics ou l&rsquo;utilisation du service de stockage Drive, service fourni par Google INC., et le service WhatsApp, des fournisseurs ayant des serveurs aux \u00c9tats-Unis et, par cons\u00e9quent, impliquant un transfert international de donn\u00e9es. Vous pouvez obtenir plus d&rsquo;informations \u00e0 ce sujet ici. Vous pouvez obtenir plus d&rsquo;informations \u00e0 ce sujet ici.<a href=\"https:\/\/www.aepd.es\/es\/preguntas-frecuentes\/6-transferencias-internacionales-bcr-codigos-de-conducta\/1-transferencias-internacionales\/FAQ-0605-que-paises-se-consideran-con-un-nivel-adecuado-a-efectos-del-articulo-45-del-rgpd\" target=\"_blank\" rel=\"noreferrer noopener\"><\/a><\/p>\n\n\n\n<p>\u00c0 tout moment, vous pouvez accepter, refuser et configurer les cookies de notre site web via <a href=\"https:\/\/www.cinc.com\/politica-de-cookies\/\" target=\"_blank\" rel=\"noreferrer noopener\">ce lien.<\/a><\/p>\n\n\n\n<p><strong><u>6.1. 6.1. Liens vers des tiers<\/u><\/strong><\/p>\n\n\n\n<p>Notre site web peut contenir des liens vers des r\u00e9seaux sociaux tels que Facebook, Linkedin, X ou Instagram; CINC. ne stocke aucune information \u00e0 caract\u00e8re personnel concernant ces transmissions. N&rsquo;oubliez pas que ces tiers ont leurs propres politiques de confidentialit\u00e9, dont nous n&rsquo;assumons aucune responsabilit\u00e9, et qui ne donneront lieu \u00e0 aucune forme d&rsquo;indemnisation de notre part. Veuillez lire attentivement leurs termes, et en cas de d\u00e9saccord, n&rsquo;utilisez pas ces liens.<\/p>\n\n\n\n<p><strong><u>7. DROITS<\/u><\/strong><\/p>\n\n\n\n<p>\u00c0 tout moment, vous pouvez demander l&rsquo;acc\u00e8s \u00e0 vos donn\u00e9es pour savoir si nous les traitons, quelles sont-elles et dans quel but; cependant, vous avez \u00e9galement le droit de:<\/p>\n\n\n\n<ul class=\"wp-block-list\">\n<li>Demander la rectification des donn\u00e9es inexactes.<\/li>\n\n\n\n<li>Demander la suppression de vos donn\u00e9es personnelles dans les termes pr\u00e9vus par la r\u00e9glementation.<\/li>\n\n\n\n<li>Demander la limitation du traitement de vos donn\u00e9es personnelles; dans ce cas, nous les conserverons uniquement pour l&rsquo;exercice ou la d\u00e9fense d&rsquo;\u00e9ventuelles r\u00e9clamations.<\/li>\n\n\n\n<li>Vous opposer au traitement de vos donn\u00e9es. Dans ce cas, nous cesserons de les traiter, mais elles pourront \u00eatre conserv\u00e9es temporairement, bloqu\u00e9es pour faire face \u00e0 d&rsquo;\u00e9ventuelles r\u00e9clamations, \u00e0 l&rsquo;exercice d&rsquo;actions l\u00e9gales, ou pour se conformer \u00e0 la loi.<\/li>\n\n\n\n<li>Demander la portabilit\u00e9 de vos donn\u00e9es.<\/li>\n<\/ul>\n\n\n\n<p><strong><u>7.1. 7.1. \u00bfQuel est le processus pour exercer vos droits?<\/u><\/strong><\/p>\n\n\n\n<p>Pour exercer vos droits ou poser toute question sur notre Politique de confidentialit\u00e9, vous pouvez nous contacter en nous envoyant un e-mail \u00e0 <a href=\"mailto:rgpd@cinc.es\">rgpd@<\/a> <a href=\"mailto:rgpd@cinc.es\" target=\"_blank\" rel=\"noreferrer noopener\">cinc.es<\/a> (R\u00e9f. RGPD). D\u00e8s r\u00e9ception de votre demande, nous la traiterons et y r\u00e9pondrons dans un d\u00e9lai maximum d&rsquo;un mois. <\/p>\n\n\n\n<p>Si vous estimez finalement que nous n&rsquo;avons pas correctement pris en compte vos droits, vous <a href=\"https:\/\/sedeagpd.gob.es\/sede-electronica-web\/vistas\/infoSede\/tramitesCiudadano.jsf\" target=\"_blank\" rel=\"noreferrer noopener\">pouvez d\u00e9poser une r\u00e9clamation<\/a> aupr\u00e8s de l&rsquo;AEPD (Agencia Espa\u00f1ola de Protecci\u00f3n de Datos).<\/p>\n\n\n\n<p><strong><u>8. MESURES DE S\u00c9CURIT\u00c9 MISES EN PLACE<\/u><\/strong><\/p>\n\n\n\n<p>CINC traitera vos donn\u00e9es de mani\u00e8re absolument confidentielle et respectera le devoir de confidentialit\u00e9 \u00e0 leur \u00e9gard, conform\u00e9ment aux dispositions de la r\u00e9glementation sur la protection des donn\u00e9es applicable, en particulier l&rsquo;article 32 du RGPD. \u00c0 cet effet, des mesures techniques et organisationnelles n\u00e9cessaires seront mises en place pour garantir la s\u00e9curit\u00e9 de vos donn\u00e9es et \u00e9viter leur alt\u00e9ration, perte, traitement ou acc\u00e8s non autoris\u00e9, compte tenu de l&rsquo;\u00e9tat de la technologie, de la nature des donn\u00e9es stock\u00e9es et des risques auxquels elles sont expos\u00e9es. En particulier, nous avons adopt\u00e9 les mesures pertinentes et obligatoires \u00e9tablies dans la r\u00e9glementation sur la protection des donn\u00e9es personnelles, relatives aux fonctions et obligations du personnel, \u00e0 l&rsquo;enregistrement des \u00e9v\u00e9nements, \u00e0 la gestion des supports et des documents, au contr\u00f4le d&rsquo;acc\u00e8s, \u00e0 l&rsquo;identification et \u00e0 l&rsquo;authentification, \u00e0 la sauvegarde et \u00e0 la r\u00e9cup\u00e9ration, ainsi que les mesures n\u00e9cessaires et obligatoires conform\u00e9ment aux r\u00e9glementations locales. La documentation sera disponible sur demande de la personne concern\u00e9e en utilisant les canaux de contact habituels.<\/p>\n\n\n\n<p><strong><u>9. MODIFICATIONS DE LA POLITIQUE DE CONFIDENTIALIT\u00c9<\/u><\/strong><\/p>\n\n\n\n<p>CINC se r\u00e9serve le droit de modifier, le cas \u00e9ch\u00e9ant, la pr\u00e9sente Politique de confidentialit\u00e9 afin de l&rsquo;adapter aux nouveaut\u00e9s l\u00e9gislatives qui pourraient \u00eatre n\u00e9cessaires. Toutes les modifications seront publi\u00e9es de mani\u00e8re visible sur notre site web pour votre information.<\/p>\n\n\n\n<p>Derni\u00e8re mise \u00e0 jour le 31\/01\/2024.<\/p>\n\n\n\n<p>\u00a92024 Grup CINC. Tous droits r\u00e9serv\u00e9s.<\/p>\n<\/div><\/div>\n","protected":false},"excerpt":{"rendered":"<p>CINC POLITIQUE DE CONFIDENTIALIT\u00c9 Conforme \u00e0 la r\u00e9glementation en vigueur en mati\u00e8re de protection des donn\u00e9es personnelles, R\u00e8glement (UE) 2016\/679 du Parlement europ\u00e9en et du Conseil, du 27 avril 2016 (ci-apr\u00e8s le RGPD), et \u00e0 la Loi organique 3\/2018, du 5 d\u00e9cembre, sur la protection des donn\u00e9es personnelles et la garantie des droits num\u00e9riques (ci-apr\u00e8s, [&hellip;]<\/p>\n","protected":false},"author":3,"featured_media":0,"parent":0,"menu_order":0,"comment_status":"closed","ping_status":"closed","template":"","meta":{"_acf_changed":false,"_uag_custom_page_level_css":"","footnotes":""},"class_list":["post-23979","page","type-page","status-publish","hentry"],"acf":[],"uagb_featured_image_src":{"full":false,"thumbnail":false,"medium":false,"medium_large":false,"large":false,"1536x1536":false,"2048x2048":false,"gform-image-choice-sm":false,"gform-image-choice-md":false,"gform-image-choice-lg":false},"uagb_author_info":{"display_name":"Anna","author_link":"https:\/\/www.cinc.com\/fr\/author\/anna\/"},"uagb_comment_info":0,"uagb_excerpt":"CINC POLITIQUE DE CONFIDENTIALIT\u00c9 Conforme \u00e0 la r\u00e9glementation en vigueur en mati\u00e8re de protection des donn\u00e9es personnelles, R\u00e8glement (UE) 2016\/679 du Parlement europ\u00e9en et du Conseil, du 27 avril 2016 (ci-apr\u00e8s le RGPD), et \u00e0 la Loi organique 3\/2018, du 5 d\u00e9cembre, sur la protection des donn\u00e9es personnelles et la garantie des droits num\u00e9riques (ci-apr\u00e8s,\u2026","jetpack_sharing_enabled":true,"_links":{"self":[{"href":"https:\/\/www.cinc.com\/fr\/wp-json\/wp\/v2\/pages\/23979","targetHints":{"allow":["GET"]}}],"collection":[{"href":"https:\/\/www.cinc.com\/fr\/wp-json\/wp\/v2\/pages"}],"about":[{"href":"https:\/\/www.cinc.com\/fr\/wp-json\/wp\/v2\/types\/page"}],"author":[{"embeddable":true,"href":"https:\/\/www.cinc.com\/fr\/wp-json\/wp\/v2\/users\/3"}],"replies":[{"embeddable":true,"href":"https:\/\/www.cinc.com\/fr\/wp-json\/wp\/v2\/comments?post=23979"}],"version-history":[{"count":2,"href":"https:\/\/www.cinc.com\/fr\/wp-json\/wp\/v2\/pages\/23979\/revisions"}],"predecessor-version":[{"id":23981,"href":"https:\/\/www.cinc.com\/fr\/wp-json\/wp\/v2\/pages\/23979\/revisions\/23981"}],"wp:attachment":[{"href":"https:\/\/www.cinc.com\/fr\/wp-json\/wp\/v2\/media?parent=23979"}],"curies":[{"name":"wp","href":"https:\/\/api.w.org\/{rel}","templated":true}]}}