{"id":23975,"date":"2024-01-09T09:40:43","date_gmt":"2024-01-09T08:40:43","guid":{"rendered":"https:\/\/www.cinc.com\/mention-legale\/"},"modified":"2024-03-05T15:43:09","modified_gmt":"2024-03-05T14:43:09","slug":"mention-legale","status":"publish","type":"page","link":"https:\/\/www.cinc.com\/fr\/mention-legale\/","title":{"rendered":"Mention l\u00e9gale"},"content":{"rendered":"\n<div class=\"wp-block-uagb-container uagb-block-5d3387b1 alignfull uagb-is-root-container\"><div class=\"uagb-container-inner-blocks-wrap\">\n<p>Bienvenue sur notre site <a href=\"https:\/\/nova.1dia1empresa.com\/ca\/index\"><\/a><a href=\"https:\/\/www.cinc.com\" target=\"_blank\" rel=\"noreferrer noopener\">https:\/\/www.cinc.com<\/a> (en endavant, en aquest text, la Web). Ci-dessous, nous expliquons les termes et conditions de son utilisation. N&rsquo;oubliez pas que l&rsquo;utilisation de ce site vous conf\u00e8re le statut d&rsquo;utilisateur et implique l&rsquo;acceptation totale de son contenu, sans restrictions ni exclusions. Veuillez lire attentivement cet avis l\u00e9gal, et en cas de doute, n&rsquo;h\u00e9sitez pas \u00e0 nous contacter.<\/p>\n\n\n\n<p><strong><u>1. DONN\u00c9ES D&rsquo;IDENTIFICATION DU TITULAIRE DU SITE<\/u><\/strong><\/p>\n\n\n\n<p>Conform\u00e9ment \u00e0 l&rsquo;article 10 de la loi 34\/2002 sur les services de la soci\u00e9t\u00e9 de l&rsquo;information et du commerce \u00e9lectronique, nous vous informons que le titulaire de ce site est CINC, avec le num\u00e9ro d&rsquo;identification fiscale B17778556 et domicili\u00e9e \u00e0 Girona, C\/G\u00fcell, 58 Edificio CINC, inscrite au Registre du commerce de Girona, Tome 2043, Section B, Feuille 1, Page GI-33941.<\/p>\n\n\n\n<p>Num\u00e9ro de t\u00e9l\u00e9phone de contact: 972 940 940. Adresse e-mail de contact: <a href=\"mailto:rgpd@cinc.es\" target=\"_blank\" rel=\"noreferrer noopener\">rgpd@cinc.es<\/a>.<\/p>\n\n\n\n<p><strong><u>2. CONDITIONS D&rsquo;ACC\u00c8S, D&rsquo;UTILISATION ET DE FONCTIONNEMENT DU SITE WEB<\/u><\/strong><\/p>\n\n\n\n<p>L&rsquo;acc\u00e8s \u00e0 notre site web est libre, sauf lorsqu&rsquo;il comporte un champ n\u00e9cessitant la saisie d&rsquo;un mot de passe (utilisateur enregistr\u00e9). En tant qu&rsquo;utilisateur du Site, vous vous engagez \u00e0 faire un usage correct de celui-ci et de ses contenus, en respectant en tout temps la l\u00e9gislation en vigueur et les droits appartenant \u00e0 son titulaire, qui se r\u00e9serve le droit d&rsquo;exclure l&rsquo;acc\u00e8s \u00e0 son site \u00e0 tous les utilisateurs agissant contrairement aux pr\u00e9sentes conditions, \u00e0 la loi, aux principes g\u00e9n\u00e9raux du droit et aux bonnes m\u0153urs. En g\u00e9n\u00e9ral, l&rsquo;utilisateur devra s&rsquo;abstenir de reproduire, copier, distribuer, mettre \u00e0 disposition, communiquer publiquement, utiliser \u00e0 des fins priv\u00e9es, transformer ou modifier les contenus de notre site web, ainsi que d&rsquo;alt\u00e9rer le logiciel.<\/p>\n\n\n\n<p>CINC se r\u00e9serve le droit de suspendre temporairement, et sans pr\u00e9avis aux utilisateurs, l&rsquo;acc\u00e8s \u00e0 son site web afin d&rsquo;effectuer des travaux d&rsquo;am\u00e9lioration et\/ou de restauration. Cependant, ces actions seront tent\u00e9es aux heures de faible affluence, et aucune responsabilit\u00e9 ne sera exclue de la part du Titulaire pour les dommages \u00e9ventuels caus\u00e9s par cette situation.<\/p>\n\n\n\n<p>Nous ne pouvons garantir l&rsquo;absence de \u00ab\u00a0virus\u00a0\u00bb et\/ou de \u00ab\u00a0logiciels malveillants\u00a0\u00bb sur notre site web. N&rsquo;oubliez pas qu&rsquo;il est de votre responsabilit\u00e9 de disposer des outils appropri\u00e9s pour la d\u00e9tection et la neutralisation de ces \u00e9l\u00e9ments, et en aucun cas nous ne pourrons \u00eatre tenus responsables des dommages ou pr\u00e9judices que cette situation pourrait vous causer. Les dommages et\/ou pr\u00e9judices r\u00e9sultant d&rsquo;erreurs ou de d\u00e9connexions des r\u00e9seaux de t\u00e9l\u00e9communications sont \u00e9galement exclus de notre responsabilit\u00e9.<\/p>\n\n\n\n<p><strong><u>3. POLITIQUE DE LIENS VERS PAGES WEB<\/u><\/strong><\/p>\n\n\n\n<p>Notre site web comporte des liens vers d&rsquo;autres sites ou pages Internet, y compris des r\u00e9seaux sociaux tels que Facebook, Linkedin, X ou Instagram. CINC n&rsquo;assume aucune responsabilit\u00e9 ni contr\u00f4le sur ces tiers, ni sur leurs contenus. Il ne peut pas garantir leur disponibilit\u00e9 technique, leur qualit\u00e9 et leur fiabilit\u00e9. Leur pr\u00e9sence sur notre site web ne signifie pas qu&rsquo;il existe une relation de collaboration ou d&rsquo;association d&rsquo;aucune sorte entre CINC et ces tiers.<\/p>\n\n\n\n<p>Les relations commerciales avec les clients seront r\u00e9gies par les conditions g\u00e9n\u00e9rales qui, le cas \u00e9ch\u00e9ant, seront \u00e9tablies par le titulaire du site dans un document sp\u00e9cifique \u00e0 cet effet, ou par des accords sp\u00e9cifiques pouvant \u00eatre conclus avec les clients.<\/p>\n\n\n\n<p><strong><u>4. PROPRI\u00c9T\u00c9 INTELLECTUELLE ET INDUSTRIELLE <\/u><\/strong><\/p>\n\n\n\n<p>Les contenus de notre site web sont la propri\u00e9t\u00e9 de CINC, ou ils lui ont \u00e9t\u00e9 c\u00e9d\u00e9s par leur l\u00e9gitime propri\u00e9taire pour leur utilisation. \u00c0 titre exemplatif et non exhaustif, les contenus du site comprennent les bases de donn\u00e9es, les textes, les marques, les noms commerciaux, les fichiers audio, les logos, les signes distinctifs, les animations, les images, les vid\u00e9os, les designs, la structure de la page web, etc. L&rsquo;utilisation du site par les utilisateurs ne leur conf\u00e8re aucun droit d&rsquo;exploitation de quelque nature que ce soit, ni la propri\u00e9t\u00e9, sur les contenus du site, ni aucun droit de propri\u00e9t\u00e9 industrielle et\/ou intellectuelle. La transformation, la reproduction, l&rsquo;exploitation, la distribution, la communication publique et\/ou la cession, que ce soit \u00e0 titre on\u00e9reux ou gratuit, de tout contenu du site sont totalement interdites. CINC se r\u00e9serve express\u00e9ment aupr\u00e8s des utilisateurs et des tiers l&rsquo;exercice de toutes les actions n\u00e9cessaires pour prot\u00e9ger ses droits l\u00e9gitimes de propri\u00e9t\u00e9 intellectuelle et\/ou industrielle.<\/p>\n\n\n\n<p><strong><u>5. L\u00c9GISLATION ET JURIDICTION APPLICABLES<\/u><\/strong><\/p>\n\n\n\n<p>Les \u00e9ventuels conflits li\u00e9s \u00e0 ce site web seront r\u00e9gis exclusivement par le droit de l&rsquo;\u00c9tat espagnol et de la Communaut\u00e9 autonome de Catalogne, les tribunaux de Barcelone \u00e9tant les seuls comp\u00e9tents pour en conna\u00eetre. Toute personne utilisant le site web, ind\u00e9pendamment de la juridiction territoriale depuis laquelle elle acc\u00e8de, accepte le respect de cette clause et renonce express\u00e9ment \u00e0 toute autre juridiction qui pourrait lui correspondre.<\/p>\n\n\n\n<p>Derni\u00e8re mise \u00e0 jour le 31\/01\/2024.<\/p>\n\n\n\n<p>\u00a9 31\/01\/2024. Grup CINC. Tous droits r\u00e9serv\u00e9s.<\/p>\n<\/div><\/div>\n","protected":false},"excerpt":{"rendered":"<p>Bienvenue sur notre site https:\/\/www.cinc.com (en endavant, en aquest text, la Web). Ci-dessous, nous expliquons les termes et conditions de son utilisation. N&rsquo;oubliez pas que l&rsquo;utilisation de ce site vous conf\u00e8re le statut d&rsquo;utilisateur et implique l&rsquo;acceptation totale de son contenu, sans restrictions ni exclusions. Veuillez lire attentivement cet avis l\u00e9gal, et en cas de [&hellip;]<\/p>\n","protected":false},"author":3,"featured_media":0,"parent":0,"menu_order":0,"comment_status":"closed","ping_status":"closed","template":"","meta":{"_acf_changed":false,"_uag_custom_page_level_css":"","footnotes":""},"class_list":["post-23975","page","type-page","status-publish","hentry"],"acf":[],"uagb_featured_image_src":{"full":false,"thumbnail":false,"medium":false,"medium_large":false,"large":false,"1536x1536":false,"2048x2048":false,"gform-image-choice-sm":false,"gform-image-choice-md":false,"gform-image-choice-lg":false},"uagb_author_info":{"display_name":"Anna","author_link":"https:\/\/www.cinc.com\/fr\/author\/anna\/"},"uagb_comment_info":0,"uagb_excerpt":"Bienvenue sur notre site https:\/\/www.cinc.com (en endavant, en aquest text, la Web). Ci-dessous, nous expliquons les termes et conditions de son utilisation. N&rsquo;oubliez pas que l&rsquo;utilisation de ce site vous conf\u00e8re le statut d&rsquo;utilisateur et implique l&rsquo;acceptation totale de son contenu, sans restrictions ni exclusions. Veuillez lire attentivement cet avis l\u00e9gal, et en cas de\u2026","jetpack_sharing_enabled":true,"_links":{"self":[{"href":"https:\/\/www.cinc.com\/fr\/wp-json\/wp\/v2\/pages\/23975","targetHints":{"allow":["GET"]}}],"collection":[{"href":"https:\/\/www.cinc.com\/fr\/wp-json\/wp\/v2\/pages"}],"about":[{"href":"https:\/\/www.cinc.com\/fr\/wp-json\/wp\/v2\/types\/page"}],"author":[{"embeddable":true,"href":"https:\/\/www.cinc.com\/fr\/wp-json\/wp\/v2\/users\/3"}],"replies":[{"embeddable":true,"href":"https:\/\/www.cinc.com\/fr\/wp-json\/wp\/v2\/comments?post=23975"}],"version-history":[{"count":9,"href":"https:\/\/www.cinc.com\/fr\/wp-json\/wp\/v2\/pages\/23975\/revisions"}],"predecessor-version":[{"id":24021,"href":"https:\/\/www.cinc.com\/fr\/wp-json\/wp\/v2\/pages\/23975\/revisions\/24021"}],"wp:attachment":[{"href":"https:\/\/www.cinc.com\/fr\/wp-json\/wp\/v2\/media?parent=23975"}],"curies":[{"name":"wp","href":"https:\/\/api.w.org\/{rel}","templated":true}]}}