{"id":23931,"date":"2023-03-16T13:08:42","date_gmt":"2023-03-16T12:08:42","guid":{"rendered":"https:\/\/www.cinc.com\/nos-sieges\/"},"modified":"2024-04-09T08:19:26","modified_gmt":"2024-04-09T07:19:26","slug":"nos-sieges","status":"publish","type":"page","link":"https:\/\/www.cinc.com\/fr\/groupe-cinc\/nos-sieges\/","title":{"rendered":"Nos si\u00e8ges"},"content":{"rendered":"\n<div class=\"wp-block-humpton-gutenberg-container content-row light-section normal row_padding_top row_padding_bottom\" data-bgcolor=\"#ffffff\" style=\"text-align:left\">\n<ul class=\"ajax-switch\">\n<li class=\"ajax-switch__item ajax-switch__item--active\" data-open=\"cinc-barcelona\">CINC Barcelona<\/li>\n<li class=\"ajax-switch__item\" data-open=\"cinc-girona\">CINC Girona<\/li>\n<li class=\"ajax-switch__item\" data-open=\"cinc-figueres\">CINC Figueres<\/li>\n<\/ul>\n<\/div>\n\n\n\n<div class=\"wp-block-uagb-container ajax-switch__content cinc-barcelona uagb-block-0482e28a alignfull uagb-is-root-container\"><div class=\"uagb-container-inner-blocks-wrap\">\n<div class=\"wp-block-uagb-container uagb-block-c8cd5050\">\n<figure class=\"wp-block-image size-full is-resized\"><img loading=\"lazy\" decoding=\"async\" width=\"2560\" height=\"1706\" src=\"https:\/\/www.cinc.com\/wp-content\/uploads\/2024\/04\/BCN_CINC_JL_010-1-scaled.webp\" alt=\"Nuestras sedes CINC BCN\" class=\"wp-image-24998\" style=\"aspect-ratio:1.4983333333333333;object-fit:cover;width:700px\" srcset=\"https:\/\/www.cinc.com\/wp-content\/uploads\/2024\/04\/BCN_CINC_JL_010-1-scaled.webp 2560w, https:\/\/www.cinc.com\/wp-content\/uploads\/2024\/04\/BCN_CINC_JL_010-1-300x200.webp 300w, https:\/\/www.cinc.com\/wp-content\/uploads\/2024\/04\/BCN_CINC_JL_010-1-1024x683.webp 1024w, https:\/\/www.cinc.com\/wp-content\/uploads\/2024\/04\/BCN_CINC_JL_010-1-768x512.webp 768w, https:\/\/www.cinc.com\/wp-content\/uploads\/2024\/04\/BCN_CINC_JL_010-1-1536x1024.webp 1536w, https:\/\/www.cinc.com\/wp-content\/uploads\/2024\/04\/BCN_CINC_JL_010-1-2048x1365.webp 2048w\" sizes=\"auto, (max-width: 2560px) 100vw, 2560px\" \/><\/figure>\n\n\n\n<div class=\"wp-block-group is-nowrap is-layout-flex wp-container-core-group-is-layout-e24ca7d0 wp-block-group-is-layout-flex\" style=\"margin-top:0;margin-bottom:0;padding-right:0;padding-left:0\">\n<figure class=\"wp-block-image size-large is-resized\"><img loading=\"lazy\" decoding=\"async\" width=\"1024\" height=\"683\" src=\"http:\/\/www.cinc.com\/wp-content\/uploads\/2023\/09\/CINC_BCN_MB_JL_041-1024x683.jpg\" alt=\"\" class=\"wp-image-17580\" style=\"aspect-ratio:1.499267935578331;width:350px;height:auto\" srcset=\"https:\/\/www.cinc.com\/wp-content\/uploads\/2023\/09\/CINC_BCN_MB_JL_041-1024x683.jpg 1024w, https:\/\/www.cinc.com\/wp-content\/uploads\/2023\/09\/CINC_BCN_MB_JL_041-300x200.jpg 300w, https:\/\/www.cinc.com\/wp-content\/uploads\/2023\/09\/CINC_BCN_MB_JL_041-768x512.jpg 768w, https:\/\/www.cinc.com\/wp-content\/uploads\/2023\/09\/CINC_BCN_MB_JL_041.jpg 1200w\" sizes=\"auto, (max-width: 1024px) 100vw, 1024px\" \/><\/figure>\n\n\n\n<figure class=\"wp-block-image size-large is-resized\"><img loading=\"lazy\" decoding=\"async\" width=\"1024\" height=\"683\" src=\"http:\/\/www.cinc.com\/wp-content\/uploads\/2023\/09\/CINC_BCN_MB_JL_129-1024x683.jpg\" alt=\"\" class=\"wp-image-17576\" style=\"aspect-ratio:1.499267935578331;object-fit:cover;width:350px\" srcset=\"https:\/\/www.cinc.com\/wp-content\/uploads\/2023\/09\/CINC_BCN_MB_JL_129-1024x683.jpg 1024w, https:\/\/www.cinc.com\/wp-content\/uploads\/2023\/09\/CINC_BCN_MB_JL_129-300x200.jpg 300w, https:\/\/www.cinc.com\/wp-content\/uploads\/2023\/09\/CINC_BCN_MB_JL_129-768x512.jpg 768w, https:\/\/www.cinc.com\/wp-content\/uploads\/2023\/09\/CINC_BCN_MB_JL_129.jpg 1200w\" sizes=\"auto, (max-width: 1024px) 100vw, 1024px\" \/><\/figure>\n<\/div>\n<\/div>\n\n\n\n<div class=\"wp-block-uagb-container uagb-block-d81e971a\">\n<h3 class=\"wp-block-heading\">CINC Barcelona<\/h3>\n\n\n\n<p>Le b\u00e2timent corporatif de CINC Centre de Negocis \u00e0 Barcelone est situ\u00e9 au c\u0153ur des affaires de la ville : le district 22@, la zone de plus forte croissance qualitative de la capitale catalane.<\/p>\n\n\n\n<p>Avec une image moderne et des installations technologiquement avanc\u00e9es de plus de 7 000 m2, CINC Barcelona propose des bureaux enti\u00e8rement \u00e9quip\u00e9s, des bureaux en rez-de-chauss\u00e9e, des salles de r\u00e9union, des salles d&rsquo;\u00e9v\u00e9nements et de formation, un parking priv\u00e9, entre autres espaces.<\/p>\n<\/div>\n<\/div><\/div>\n\n\n\n<div class=\"wp-block-uagb-container ajax-switch__content cinc-girona uagb-block-2d69b19e alignfull uagb-is-root-container\"><div class=\"uagb-container-inner-blocks-wrap\">\n<div class=\"wp-block-uagb-container uagb-block-cc369b98\">\n<figure class=\"wp-block-image size-large is-resized\"><img loading=\"lazy\" decoding=\"async\" width=\"1024\" height=\"683\" src=\"http:\/\/www.cinc.com\/wp-content\/uploads\/2023\/09\/CINC_GIRONA_MB_JL_002-1024x683.jpg\" alt=\"\" class=\"wp-image-17586\" style=\"aspect-ratio:1.4983333333333333;object-fit:cover;width:700px\" srcset=\"https:\/\/www.cinc.com\/wp-content\/uploads\/2023\/09\/CINC_GIRONA_MB_JL_002-1024x683.jpg 1024w, https:\/\/www.cinc.com\/wp-content\/uploads\/2023\/09\/CINC_GIRONA_MB_JL_002-300x200.jpg 300w, https:\/\/www.cinc.com\/wp-content\/uploads\/2023\/09\/CINC_GIRONA_MB_JL_002-768x512.jpg 768w, https:\/\/www.cinc.com\/wp-content\/uploads\/2023\/09\/CINC_GIRONA_MB_JL_002.jpg 1200w\" sizes=\"auto, (max-width: 1024px) 100vw, 1024px\" \/><\/figure>\n\n\n\n<div class=\"wp-block-group is-nowrap is-layout-flex wp-container-core-group-is-layout-e24ca7d0 wp-block-group-is-layout-flex\" style=\"margin-top:0;margin-bottom:0;padding-right:0;padding-left:0\">\n<figure class=\"wp-block-image size-large is-resized\"><img loading=\"lazy\" decoding=\"async\" width=\"1024\" height=\"683\" src=\"http:\/\/www.cinc.com\/wp-content\/uploads\/2023\/10\/terrassa3-1024x683.jpg\" alt=\"\" class=\"wp-image-18406\" style=\"aspect-ratio:1.499267935578331;width:350px;height:auto\" srcset=\"https:\/\/www.cinc.com\/wp-content\/uploads\/2023\/10\/terrassa3-1024x683.jpg 1024w, https:\/\/www.cinc.com\/wp-content\/uploads\/2023\/10\/terrassa3-300x200.jpg 300w, https:\/\/www.cinc.com\/wp-content\/uploads\/2023\/10\/terrassa3-768x512.jpg 768w, https:\/\/www.cinc.com\/wp-content\/uploads\/2023\/10\/terrassa3.jpg 1200w\" sizes=\"auto, (max-width: 1024px) 100vw, 1024px\" \/><\/figure>\n\n\n\n<figure class=\"wp-block-image size-large is-resized\"><img loading=\"lazy\" decoding=\"async\" width=\"1024\" height=\"683\" src=\"http:\/\/www.cinc.com\/wp-content\/uploads\/2023\/09\/CINC_GIRONA_MB_JL_110-1024x683.jpg\" alt=\"\" class=\"wp-image-17594\" style=\"aspect-ratio:1.499267935578331;object-fit:cover;width:350px\" srcset=\"https:\/\/www.cinc.com\/wp-content\/uploads\/2023\/09\/CINC_GIRONA_MB_JL_110-1024x683.jpg 1024w, https:\/\/www.cinc.com\/wp-content\/uploads\/2023\/09\/CINC_GIRONA_MB_JL_110-300x200.jpg 300w, https:\/\/www.cinc.com\/wp-content\/uploads\/2023\/09\/CINC_GIRONA_MB_JL_110-768x512.jpg 768w, https:\/\/www.cinc.com\/wp-content\/uploads\/2023\/09\/CINC_GIRONA_MB_JL_110.jpg 1200w\" sizes=\"auto, (max-width: 1024px) 100vw, 1024px\" \/><\/figure>\n<\/div>\n<\/div>\n\n\n\n<div class=\"wp-block-uagb-container uagb-block-c32e5349\">\n<h3 class=\"wp-block-heading\">CINC Girona<\/h3>\n\n\n\n<p>Le Centre de Negocis CINC Girona est strat\u00e9giquement situ\u00e9 au centre de la ville et \u00e0 quelques minutes de la gare de l&rsquo;AVE.<\/p>\n\n\n\n<p>Avec un design innovant et fonctionnel, CINC Girona est parfaitement desservi et propose plus de 2 000 m2 d&rsquo;espaces, parmi lesquels on trouve des bureaux enti\u00e8rement \u00e9quip\u00e9s, des bureaux en rez-de-chauss\u00e9e, des salles de r\u00e9union, des salles d&rsquo;\u00e9v\u00e9nements et de formation, un parking priv\u00e9 et un caf\u00e9-restaurant.<\/p>\n\n\n\n<p>De plus, il propose \u00e9galement des services de Conseil aux entreprises.<\/p>\n<\/div>\n<\/div><\/div>\n\n\n\n<div class=\"wp-block-uagb-container ajax-switch__content cinc-figueres uagb-block-7eb3dabe alignfull uagb-is-root-container\"><div class=\"uagb-container-inner-blocks-wrap\">\n<div class=\"wp-block-uagb-container uagb-block-c7d5736d\">\n<figure class=\"wp-block-image size-full\"><img loading=\"lazy\" decoding=\"async\" width=\"850\" height=\"555\" src=\"https:\/\/www.cinc.com\/wp-content\/uploads\/2024\/01\/cinc-figueres-1-e1704967814345.jpg\" alt=\"\" class=\"wp-image-20279\" style=\"aspect-ratio:1.4983333333333333;object-fit:cover\" srcset=\"https:\/\/www.cinc.com\/wp-content\/uploads\/2024\/01\/cinc-figueres-1-e1704967814345.jpg 850w, https:\/\/www.cinc.com\/wp-content\/uploads\/2024\/01\/cinc-figueres-1-e1704967814345-300x196.jpg 300w, https:\/\/www.cinc.com\/wp-content\/uploads\/2024\/01\/cinc-figueres-1-e1704967814345-768x501.jpg 768w\" sizes=\"auto, (max-width: 850px) 100vw, 850px\" \/><\/figure>\n<\/div>\n\n\n\n<div class=\"wp-block-uagb-container uagb-block-13f8fbbf\">\n<h3 class=\"wp-block-heading\">CINC Figueres<\/h3>\n\n\n\n<p>Le CINC Figueres Business Center est situ\u00e9 au c\u0153ur de la ville, dans la meilleure zone commerciale et d&rsquo;affaires. Il dispose d&rsquo;installations innovantes et est l&rsquo;un des centres de r\u00e9f\u00e9rence de la province de G\u00e9rone et de la Catalogne du Nord.<\/p>\n\n\n\n<p>Le CINC Figueres offre des services de premier ordre et des conseils professionnels \u00e0 l&rsquo;ensemble de la communaut\u00e9 des affaires.<\/p>\n<\/div>\n<\/div><\/div>\n\n\n\n<div class=\"wp-block-uagb-container uagb-block-a62e91b8 alignfull uagb-is-root-container\"><div class=\"uagb-container-inner-blocks-wrap\">\n<div class=\"wp-block-columns is-layout-flex wp-container-core-columns-is-layout-28f84493 wp-block-columns-is-layout-flex\">\n<div class=\"wp-block-column is-layout-flow wp-block-column-is-layout-flow\">\n<h2 class=\"wp-block-heading has-mask-fill no-margins\">Actualit\u00e9s<\/h2>\n\n\n\n<p>Ceci est notre portail d&rsquo;information, o\u00f9 vous pourrez trouver toutes les actualit\u00e9s, les \u00e9v\u00e9nements et les conf\u00e9rences disponibles ainsi que du contenu de qualit\u00e9, r\u00e9guli\u00e8rement mis \u00e0 jour.<\/p>\n<\/div>\n\n\n\n<div class=\"wp-block-column is-layout-flow wp-block-column-is-layout-flow\"><\/div>\n<\/div>\n\n\n\n<div class=\"panels news-panel\"><div class=\"panels-container thumb-no-ajax\"><div class=\"panel\" data-color=\"#000\" data-firstline=\"Read\" data-secondline=\"Story\"><div class=\"panel-content-wrapper\"><div class=\"panel-image\"><a class=\"ajax-link\" href=\"https:\/\/www.cinc.com\/fr\/une-regularisation-extraordinaire-en-2026-pourrait-beneficier-a-quelque-500-000-etrangers-en-espagne\/\" data-type=\"page-transition\" ><img decoding=\"async\" src=\"https:\/\/www.cinc.com\/wp-content\/uploads\/concentrated-people-reading-information-from-laptop.webp\" alt=\"Post Image\"><\/a><\/div><div class=\"panel-content\"><div class=\"entry-meta entry-categories\"><ul class=\"post-categories\"><li class=\"link\"><a class=\"ajax-link\" data-type=\"page-transition\" href=\"https:\/\/www.cinc.com\/fr\/category\/extranjeria\/\" rel=\"category tag\"><span data-hover=\"Extranjer\u00eda\">Extranjer\u00eda<\/span><\/a><\/li><\/ul><\/div><div class=\"news-panel-title\"><span>Une r\u00e9gularisation extraordinaire en 2026 pourrait b\u00e9n\u00e9ficier \u00e0 quelque 500 000 \u00e9trangers en Espagne<\/span><\/div><\/div><\/div><\/div><div class=\"panel\" data-color=\"#000\" data-firstline=\"Read\" data-secondline=\"Story\"><div class=\"panel-content-wrapper\"><div class=\"panel-image\"><a class=\"ajax-link\" href=\"https:\/\/www.cinc.com\/fr\/presentation-du-formulaire-720-declaration-des-biens-et-droits-a-letranger\/\" data-type=\"page-transition\" ><img decoding=\"async\" src=\"https:\/\/www.cinc.com\/wp-content\/uploads\/money-1302832_1280.webp\" alt=\"Post Image\"><\/a><\/div><div class=\"panel-content\"><div class=\"entry-meta entry-categories\"><ul class=\"post-categories\"><li class=\"link\"><a class=\"ajax-link\" data-type=\"page-transition\" href=\"https:\/\/www.cinc.com\/fr\/category\/non-classifiee\/\" rel=\"category tag\"><span data-hover=\"Non classifi\u00e9(e)\">Non classifi\u00e9(e)<\/span><\/a><\/li><\/ul><\/div><div class=\"news-panel-title\"><span>Pr\u00e9sentation du formulaire 720 : d\u00e9claration des biens et droits \u00e0 l&rsquo;\u00e9tranger<\/span><\/div><\/div><\/div><\/div><div class=\"panel\" data-color=\"#000\" data-firstline=\"Read\" data-secondline=\"Story\"><div class=\"panel-content-wrapper\"><div class=\"panel-image\"><a class=\"ajax-link\" href=\"https:\/\/www.cinc.com\/fr\/pourquoi-choisir-cinc-comme-votre-centre-daffaires\/\" data-type=\"page-transition\" ><img decoding=\"async\" src=\"https:\/\/www.cinc.com\/wp-content\/uploads\/open-office-3-1.webp\" alt=\"Post Image\"><\/a><\/div><div class=\"panel-content\"><div class=\"entry-meta entry-categories\"><ul class=\"post-categories\"><li class=\"link\"><a class=\"ajax-link\" data-type=\"page-transition\" href=\"https:\/\/www.cinc.com\/fr\/category\/centres-daffaires\/\" rel=\"category tag\"><span data-hover=\"Centres d&#039;affaires\">Centres d&#039;affaires<\/span><\/a><\/li><\/ul><\/div><div class=\"news-panel-title\"><span>Pourquoi choisir CINC comme votre centre d&rsquo;affaires ?<\/span><\/div><\/div><\/div><\/div><\/div><\/div>\n<\/div><\/div>\n\n\n\n<div class=\"wp-block-uagb-container uagb-block-490cca05 alignfull uagb-is-root-container\"><div class=\"uagb-container-inner-blocks-wrap\">\n<h2 class=\"wp-block-heading has-mask-fill no-margins\">Ev\u00e9nements et conf\u00e9rences<\/h2>\n\n\n\n<p>D\u00e9couvrez et inscrivez-vous \u00e0 tous les \u00e9v\u00e9nements et conf\u00e9rences organis\u00e9s!<\/p>\n\n\n\n<div class=\"wp-block-buttons is-layout-flex wp-block-buttons-is-layout-flex\">\n<div class=\"wp-block-button\"><a class=\"wp-block-button__link wp-element-button\" href=\"https:\/\/www.cinc.com\/fr\/evenements\/\">Voir les ev\u00e9nements<\/a><\/div>\n<\/div>\n<\/div><\/div>\n\n\n\n<div class=\"wp-block-uagb-container uagb-block-520c94a1 alignfull uagb-is-root-container\"><div class=\"uagb-container-inner-blocks-wrap\">\n<div class=\"marquee-text-wrapper \"><p class=\"marquee-text big-title fw\">Inscrivez-vous \u00e0 notre newsletter<\/p><\/div>\n\n\n<div class=\"wp-block-cinc-blocks-newsletter-form\">\n    <form id=\"newsletter-form\" method=\"POST\" class=\"wp-block-cinc-blocks-newsletter-form__form\">\n        <input class=\"wp-block-cinc-blocks-newsletter-form__field\" type=\"text\" placeholder=\"Your name\" name=\"name\" required \/>\n        <select class=\"wp-block-cinc-blocks-newsletter-form__select\" name=\"town\" required>\n            <option value=\"\" readonly>Town<\/option>\n            <option value=\"barcelona\">Barcelona<\/option>\n            <option value=\"girona\">Girona<\/option>\n        <\/select>\n        <input class=\"wp-block-cinc-blocks-newsletter-form__field\" type=\"email\" placeholder=\"Your email\" name=\"email\" required \/>\n        <button class=\"wp-block-cinc-blocks-newsletter-form__button\">Subscribe<\/button>\n    <\/form>\n    <div id=\"newsletter-form-response\"><\/div>\n<\/div><\/div><\/div>\n","protected":false},"excerpt":{"rendered":"<p>CINC Barcelona Le b\u00e2timent corporatif de CINC Centre de Negocis \u00e0 Barcelone est situ\u00e9 au c\u0153ur des affaires de la ville : le district 22@, la zone de plus forte croissance qualitative de la capitale catalane. Avec une image moderne et des installations technologiquement avanc\u00e9es de plus de 7 000 m2, CINC Barcelona propose des [&hellip;]<\/p>\n","protected":false},"author":3,"featured_media":0,"parent":23982,"menu_order":1,"comment_status":"closed","ping_status":"closed","template":"","meta":{"_acf_changed":false,"_uag_custom_page_level_css":"","footnotes":""},"class_list":["post-23931","page","type-page","status-publish","hentry"],"acf":[],"uagb_featured_image_src":{"full":false,"thumbnail":false,"medium":false,"medium_large":false,"large":false,"1536x1536":false,"2048x2048":false,"gform-image-choice-sm":false,"gform-image-choice-md":false,"gform-image-choice-lg":false},"uagb_author_info":{"display_name":"Anna","author_link":"https:\/\/www.cinc.com\/fr\/author\/anna\/"},"uagb_comment_info":0,"uagb_excerpt":"CINC Barcelona Le b\u00e2timent corporatif de CINC Centre de Negocis \u00e0 Barcelone est situ\u00e9 au c\u0153ur des affaires de la ville : le district 22@, la zone de plus forte croissance qualitative de la capitale catalane. Avec une image moderne et des installations technologiquement avanc\u00e9es de plus de 7 000 m2, CINC Barcelona propose des\u2026","jetpack_sharing_enabled":true,"_links":{"self":[{"href":"https:\/\/www.cinc.com\/fr\/wp-json\/wp\/v2\/pages\/23931","targetHints":{"allow":["GET"]}}],"collection":[{"href":"https:\/\/www.cinc.com\/fr\/wp-json\/wp\/v2\/pages"}],"about":[{"href":"https:\/\/www.cinc.com\/fr\/wp-json\/wp\/v2\/types\/page"}],"author":[{"embeddable":true,"href":"https:\/\/www.cinc.com\/fr\/wp-json\/wp\/v2\/users\/3"}],"replies":[{"embeddable":true,"href":"https:\/\/www.cinc.com\/fr\/wp-json\/wp\/v2\/comments?post=23931"}],"version-history":[{"count":10,"href":"https:\/\/www.cinc.com\/fr\/wp-json\/wp\/v2\/pages\/23931\/revisions"}],"predecessor-version":[{"id":25002,"href":"https:\/\/www.cinc.com\/fr\/wp-json\/wp\/v2\/pages\/23931\/revisions\/25002"}],"up":[{"embeddable":true,"href":"https:\/\/www.cinc.com\/fr\/wp-json\/wp\/v2\/pages\/23982"}],"wp:attachment":[{"href":"https:\/\/www.cinc.com\/fr\/wp-json\/wp\/v2\/media?parent=23931"}],"curies":[{"name":"wp","href":"https:\/\/api.w.org\/{rel}","templated":true}]}}