{"id":23902,"date":"2023-03-14T08:11:58","date_gmt":"2023-03-14T07:11:58","guid":{"rendered":"https:\/\/www.cinc.com\/courtage\/assurances-pour-entreprises-et-collectivites\/"},"modified":"2025-11-28T17:00:18","modified_gmt":"2025-11-28T16:00:18","slug":"assurances-pour-entreprises-et-collectivites","status":"publish","type":"page","link":"https:\/\/www.cinc.com\/fr\/courtage\/assurances-pour-entreprises-et-collectivites\/","title":{"rendered":"Assurances pour entreprises et collectivit\u00e9s"},"content":{"rendered":"\n<div class=\"wp-block-uagb-container uagb-block-d1c02ce8 alignfull uagb-is-root-container\"><div class=\"uagb-container-inner-blocks-wrap\">\n<div class=\"wp-block-uagb-container uagb-block-8993e415\">\n<figure class=\"wp-block-image size-full is-resized\"><img loading=\"lazy\" decoding=\"async\" width=\"168\" height=\"157\" src=\"http:\/\/www.cinc.com\/wp-content\/uploads\/2023\/10\/Mesa-de-trabajo-4-copia-3.png\" alt=\"\" class=\"wp-image-18247\" style=\"aspect-ratio:1.070063694267516;object-fit:cover;width:50px\"\/><\/figure>\n\n\n\n<h4 class=\"wp-block-heading has-mask-fill\">Multirisques entreprise<\/h4>\n\n\n\n<p>Protection compl\u00e8te pour les locaux, les installations et les marchandises de votre entreprise ainsi que tous les risques li\u00e9s \u00e0 l&rsquo;activit\u00e9 \u00e9conomique de l&rsquo;entreprise.<\/p>\n\n\n\n<div class=\"wp-block-buttons is-layout-flex wp-block-buttons-is-layout-flex\">\n<div class=\"wp-block-button\"><a class=\"wp-block-button__link wp-element-button\" href=\"https:\/\/www.cinc.com\/fr\/contact\/\">Contracter<\/a><\/div>\n<\/div>\n<\/div>\n\n\n\n<div class=\"wp-block-uagb-container uagb-block-6578e6d0\">\n<figure class=\"wp-block-image size-full is-resized\"><img loading=\"lazy\" decoding=\"async\" width=\"168\" height=\"157\" src=\"https:\/\/www.cinc.com\/wp-content\/uploads\/2023\/10\/Mesa-de-trabajo-4-copia-4.png\" alt=\"\" class=\"wp-image-18285\" style=\"aspect-ratio:1.070063694267516;object-fit:cover;width:50px\"\/><\/figure>\n\n\n\n<h4 class=\"wp-block-heading has-mask-fill\">Responsabilit\u00e9 civile<\/h4>\n\n\n\n<p>Nous \u00e9tudions la couverture de tout type d&rsquo;activit\u00e9, de capitaux ou de domaine (national ou international) afin que vous soyez prot\u00e9g\u00e9 contre d&rsquo;\u00e9ventuelles r\u00e9clamations de tiers pour des dommages mat\u00e9riels et\/ou corporels.<\/p>\n\n\n\n<div class=\"wp-block-buttons is-layout-flex wp-block-buttons-is-layout-flex\">\n<div class=\"wp-block-button\"><a class=\"wp-block-button__link wp-element-button\" href=\"https:\/\/www.cinc.com\/fr\/contact\/\">Contracter<\/a><\/div>\n<\/div>\n<\/div>\n\n\n\n<div class=\"wp-block-uagb-container uagb-block-6a55cfd4\">\n<figure class=\"wp-block-image size-full is-resized\"><img loading=\"lazy\" decoding=\"async\" width=\"168\" height=\"157\" src=\"http:\/\/www.cinc.com\/wp-content\/uploads\/2023\/10\/Mesa-de-trabajo-4-copia-5.png\" alt=\"\" class=\"wp-image-18044\" style=\"aspect-ratio:1.070063694267516;object-fit:cover;width:50px\"\/><\/figure>\n\n\n\n<h4 class=\"wp-block-heading has-mask-fill\">Cyberrisques<\/h4>\n\n\n\n<p>Garantit la s\u00e9curit\u00e9 de votre entreprise contre tout type de cyberrisque.<\/p>\n\n\n\n<div class=\"wp-block-buttons is-layout-flex wp-block-buttons-is-layout-flex\">\n<div class=\"wp-block-button\"><a class=\"wp-block-button__link wp-element-button\" href=\"https:\/\/www.cinc.com\/fr\/contact\/\">Contracter<\/a><\/div>\n<\/div>\n<\/div>\n<\/div><\/div>\n\n\n\n<div class=\"wp-block-uagb-container uagb-block-5242c775 alignfull uagb-is-root-container\"><div class=\"uagb-container-inner-blocks-wrap\">\n<div class=\"wp-block-uagb-container uagb-block-82d801ed\">\n<figure class=\"wp-block-image size-full is-resized\"><img loading=\"lazy\" decoding=\"async\" width=\"168\" height=\"157\" src=\"http:\/\/www.cinc.com\/wp-content\/uploads\/2023\/10\/Mesa-de-trabajo-4-copia-8.png\" alt=\"\" class=\"wp-image-18052\" style=\"aspect-ratio:1.070063694267516;object-fit:cover;width:50px\"\/><\/figure>\n\n\n\n<h4 class=\"wp-block-heading has-mask-fill\">Responsabilit\u00e9 Civile des Administrateurs et Dirigeants<\/h4>\n\n\n\n<p>La meilleure fa\u00e7on de prot\u00e9ger le conseil d&rsquo;administration de l&rsquo;entreprise et les hauts responsables contre les r\u00e9clamations de tiers.<\/p>\n\n\n\n<div class=\"wp-block-buttons is-layout-flex wp-block-buttons-is-layout-flex\">\n<div class=\"wp-block-button\"><a class=\"wp-block-button__link wp-element-button\" href=\"https:\/\/www.cinc.com\/fr\/contact\/\">Contracter<\/a><\/div>\n<\/div>\n<\/div>\n\n\n\n<div class=\"wp-block-uagb-container uagb-block-96f2a1c6\">\n<figure class=\"wp-block-image size-full is-resized\"><img loading=\"lazy\" decoding=\"async\" width=\"168\" height=\"157\" src=\"https:\/\/www.cinc.com\/wp-content\/uploads\/2023\/10\/Mesa-de-trabajo-4-copia-91.png\" alt=\"\" class=\"wp-image-18289\" style=\"aspect-ratio:1.070063694267516;object-fit:cover;width:50px\"\/><\/figure>\n\n\n\n<h4 class=\"wp-block-heading has-mask-fill\">Responsabilit\u00e9 Civile en Protection des Donn\u00e9es<\/h4>\n\n\n\n<p>Prot\u00e8ge votre entreprise contre d&rsquo;\u00e9ventuelles r\u00e9clamations de tiers en cas de non-respect de la r\u00e9glementation actuelle en mati\u00e8re de protection des donn\u00e9es.<\/p>\n\n\n\n<div class=\"wp-block-buttons is-layout-flex wp-block-buttons-is-layout-flex\">\n<div class=\"wp-block-button\"><a class=\"wp-block-button__link wp-element-button\" href=\"https:\/\/www.cinc.com\/fr\/contact\/\">Contracter<\/a><\/div>\n<\/div>\n<\/div>\n\n\n\n<div class=\"wp-block-uagb-container uagb-block-9f54104b\">\n<figure class=\"wp-block-image size-full is-resized\"><img loading=\"lazy\" decoding=\"async\" width=\"168\" height=\"157\" src=\"https:\/\/www.cinc.com\/wp-content\/uploads\/2023\/10\/Mesa-de-trabajo-4-copia-10.png\" alt=\"\" class=\"wp-image-18293\" style=\"aspect-ratio:1.070063694267516;object-fit:cover;width:50px\"\/><\/figure>\n\n\n\n<h4 class=\"wp-block-heading has-mask-fill\">Responsabilit\u00e9 Civile Professionnelle<\/h4>\n\n\n\n<p>Nous proposons des couvertures en responsabilit\u00e9 civile pour tous types de professions lib\u00e9rales : architectes, avocats, informaticiens, m\u00e9decins, etc.<\/p>\n\n\n\n<div class=\"wp-block-buttons is-layout-flex wp-block-buttons-is-layout-flex\">\n<div class=\"wp-block-button\"><a class=\"wp-block-button__link wp-element-button\" href=\"https:\/\/www.cinc.com\/fr\/contact\/\">Contracter<\/a><\/div>\n<\/div>\n<\/div>\n<\/div><\/div>\n\n\n\n<div class=\"wp-block-uagb-container uagb-block-11b16548 alignfull uagb-is-root-container\"><div class=\"uagb-container-inner-blocks-wrap\">\n<div class=\"wp-block-uagb-container uagb-block-3aa223b1\">\n<figure class=\"wp-block-image size-full is-resized\"><img loading=\"lazy\" decoding=\"async\" width=\"168\" height=\"157\" src=\"https:\/\/www.cinc.com\/wp-content\/uploads\/2023\/10\/Mesa-de-trabajo-4-copia-141.png\" alt=\"\" class=\"wp-image-18297\" style=\"aspect-ratio:1.070063694267516;object-fit:cover;width:50px\"\/><\/figure>\n\n\n\n<h4 class=\"wp-block-heading has-mask-fill\">Convention collective<\/h4>\n\n\n\n<p>Nous vous proposons des polices qui couvrent les engagements stipul\u00e9s par chaque convention collective.<\/p>\n\n\n\n<div class=\"wp-block-buttons is-layout-flex wp-block-buttons-is-layout-flex\">\n<div class=\"wp-block-button\"><a class=\"wp-block-button__link wp-element-button\" href=\"https:\/\/www.cinc.com\/fr\/contact\/\">Contracter<\/a><\/div>\n<\/div>\n<\/div>\n\n\n\n<div class=\"wp-block-uagb-container uagb-block-4ea3b033\">\n<figure class=\"wp-block-image size-full is-resized\"><img loading=\"lazy\" decoding=\"async\" width=\"168\" height=\"157\" src=\"http:\/\/www.cinc.com\/wp-content\/uploads\/2023\/10\/Mesa-de-trabajo-4-copia-6.png\" alt=\"\" class=\"wp-image-18251\" style=\"aspect-ratio:1.070063694267516;object-fit:cover;width:50px\"\/><\/figure>\n\n\n\n<h4 class=\"wp-block-heading has-mask-fill\">Protection juridique<\/h4>\n\n\n\n<p>Une \u00e9quipe compl\u00e8te d&rsquo;avocats r\u00e9clamera et\/ou d\u00e9fendra vos int\u00e9r\u00eats dans tous types de dommages ou pr\u00e9judices.<\/p>\n\n\n\n<div class=\"wp-block-buttons is-layout-flex wp-block-buttons-is-layout-flex\">\n<div class=\"wp-block-button\"><a class=\"wp-block-button__link wp-element-button\" href=\"https:\/\/www.cinc.com\/fr\/contact\/\">Contracter<\/a><\/div>\n<\/div>\n<\/div>\n\n\n\n<div class=\"wp-block-uagb-container uagb-block-85fd07bc\">\n<figure class=\"wp-block-image size-full is-resized\"><img loading=\"lazy\" decoding=\"async\" width=\"168\" height=\"157\" src=\"https:\/\/www.cinc.com\/wp-content\/uploads\/2023\/10\/Mesa-de-trabajo-4-copia-15.png\" alt=\"\" class=\"wp-image-18301\" style=\"aspect-ratio:1.070063694267516;object-fit:cover;width:50px\"\/><\/figure>\n\n\n\n<h4 class=\"wp-block-heading has-mask-fill\">Commerces<\/h4>\n\n\n\n<p>Nous disposons d&rsquo;assurances multirisques dans les meilleures conditions pour prot\u00e9ger votre commerce ou cha\u00eene d&rsquo;\u00e9tablissements.<\/p>\n\n\n\n<div class=\"wp-block-buttons is-layout-flex wp-block-buttons-is-layout-flex\">\n<div class=\"wp-block-button\"><a class=\"wp-block-button__link wp-element-button\" href=\"https:\/\/www.cinc.com\/fr\/contact\/\">Contracter<\/a><\/div>\n<\/div>\n<\/div>\n<\/div><\/div>\n\n\n\n<div class=\"wp-block-uagb-container uagb-block-6fe5ed5a alignfull uagb-is-root-container\"><div class=\"uagb-container-inner-blocks-wrap\">\n<div class=\"wp-block-uagb-container uagb-block-0df83477\">\n<figure class=\"wp-block-image size-full is-resized\"><img loading=\"lazy\" decoding=\"async\" width=\"168\" height=\"157\" src=\"https:\/\/www.cinc.com\/wp-content\/uploads\/2023\/10\/Mesa-de-trabajo-4-copia-18.png\" alt=\"\" class=\"wp-image-18305\" style=\"aspect-ratio:1.070063694267516;object-fit:cover;width:50px\"\/><\/figure>\n\n\n\n<h4 class=\"wp-block-heading has-mask-fill\">Collectives sant\u00e9, vie et accidents<\/h4>\n\n\n\n<p>Nous g\u00e9rons des polices d&rsquo;assurance souscrites collectivement pour la couverture des risques personnels, aussi bien par souscription volontaire que par engagements de conventions collectives.<\/p>\n\n\n\n<div class=\"wp-block-buttons is-layout-flex wp-block-buttons-is-layout-flex\">\n<div class=\"wp-block-button\"><a class=\"wp-block-button__link wp-element-button\" href=\"https:\/\/www.cinc.com\/fr\/contact\/\">Contracter<\/a><\/div>\n<\/div>\n<\/div>\n\n\n\n<div class=\"wp-block-uagb-container uagb-block-e4773a80\">\n<figure class=\"wp-block-image size-full is-resized\"><img loading=\"lazy\" decoding=\"async\" width=\"168\" height=\"157\" src=\"http:\/\/www.cinc.com\/wp-content\/uploads\/2023\/10\/Mesa-de-trabajo-4-copia-19.png\" alt=\"\" class=\"wp-image-18056\" style=\"aspect-ratio:1.070063694267516;object-fit:cover;width:50px\"\/><\/figure>\n\n\n\n<h4 class=\"wp-block-heading has-mask-fill\">Panne de machines et \u00e9quipements \u00e9lectroniques<\/h4>\n\n\n\n<p>Nous proposons des polices pour les pannes de machines ou d&rsquo;\u00e9quipements \u00e9lectroniques afin de prot\u00e9ger les \u00e9quipements industriels.<\/p>\n\n\n\n<div class=\"wp-block-buttons is-layout-flex wp-block-buttons-is-layout-flex\">\n<div class=\"wp-block-button\"><a class=\"wp-block-button__link wp-element-button\" href=\"https:\/\/www.cinc.com\/fr\/contact\/\">Contracter<\/a><\/div>\n<\/div>\n<\/div>\n\n\n\n<div class=\"wp-block-uagb-container uagb-block-19d3f3e6\">\n<figure class=\"wp-block-image size-full is-resized\"><img loading=\"lazy\" decoding=\"async\" width=\"168\" height=\"157\" src=\"http:\/\/www.cinc.com\/wp-content\/uploads\/2023\/10\/Mesa-de-trabajo-4-copia-20.png\" alt=\"\" class=\"wp-image-18309\" style=\"aspect-ratio:1.070063694267516;object-fit:cover;width:50px\"\/><\/figure>\n\n\n\n<h4 class=\"wp-block-heading has-mask-fill\">Transport de marchandises<\/h4>\n\n\n\n<p>Nous \u00e9tudions la meilleure assurance pour prot\u00e9ger les marchandises pendant leur transport.<\/p>\n\n\n\n<div class=\"wp-block-buttons is-layout-flex wp-block-buttons-is-layout-flex\">\n<div class=\"wp-block-button\"><a class=\"wp-block-button__link wp-element-button\" href=\"https:\/\/www.cinc.com\/fr\/contact\/\">Contracter<\/a><\/div>\n<\/div>\n<\/div>\n<\/div><\/div>\n\n\n\n<div class=\"wp-block-uagb-container uagb-block-6b8c435f alignfull uagb-is-root-container\"><div class=\"uagb-container-inner-blocks-wrap\">\n<div class=\"wp-block-uagb-container uagb-block-b40ef764\">\n<figure class=\"wp-block-image size-full is-resized\"><img loading=\"lazy\" decoding=\"async\" width=\"168\" height=\"157\" src=\"https:\/\/www.cinc.com\/wp-content\/uploads\/2023\/10\/Mesa-de-trabajo-4-copia-21.png\" alt=\"\" class=\"wp-image-18313\" style=\"aspect-ratio:1.070063694267516;object-fit:cover;width:50px\"\/><\/figure>\n\n\n\n<h4 class=\"wp-block-heading has-mask-fill\">Risques industriels<\/h4>\n\n\n\n<p>Nous proposons deux modalit\u00e9s pour couvrir vos installations, tous risques de dommages mat\u00e9riels ou multirisques, en adaptant les garanties \u00e0 vos besoins de protection du patrimoine.<\/p>\n\n\n\n<div class=\"wp-block-buttons is-layout-flex wp-block-buttons-is-layout-flex\">\n<div class=\"wp-block-button\"><a class=\"wp-block-button__link wp-element-button\" href=\"https:\/\/www.cinc.com\/fr\/contact\/\">Contracter<\/a><\/div>\n<\/div>\n<\/div>\n\n\n\n<div class=\"wp-block-uagb-container uagb-block-3da031ff\">\n<figure class=\"wp-block-image size-full is-resized\"><img loading=\"lazy\" decoding=\"async\" width=\"168\" height=\"157\" src=\"https:\/\/www.cinc.com\/wp-content\/uploads\/2023\/10\/Mesa-de-trabajo-4-copia-22.png\" alt=\"\" class=\"wp-image-18317\" style=\"aspect-ratio:1.070063694267516;object-fit:cover;width:50px\"\/><\/figure>\n\n\n\n<h4 class=\"wp-block-heading has-mask-fill\">Cr\u00e9dit ou caution<\/h4>\n\n\n\n<p>Vous pourrez garantir le paiement de vos factures ou, conform\u00e9ment \u00e0 la l\u00e9gislation, les montants re\u00e7us \u00e0 l&rsquo;avance de vos clients, ou encore si vous avez des engagements de garanties \u00e9conomiques vis-\u00e0-vis de l&rsquo;administration pour des march\u00e9s publics.<\/p>\n\n\n\n<div class=\"wp-block-buttons is-layout-flex wp-block-buttons-is-layout-flex\">\n<div class=\"wp-block-button\"><a class=\"wp-block-button__link wp-element-button\" href=\"https:\/\/www.cinc.com\/fr\/contact\/\">Contracter<\/a><\/div>\n<\/div>\n<\/div>\n\n\n\n<div class=\"wp-block-uagb-container uagb-block-c40772d6\">\n<figure class=\"wp-block-image size-full is-resized\"><img loading=\"lazy\" decoding=\"async\" width=\"168\" height=\"157\" src=\"https:\/\/www.cinc.com\/wp-content\/uploads\/2023\/10\/Mesa-de-trabajo-4-copia-23.png\" alt=\"\" class=\"wp-image-18321\" style=\"aspect-ratio:1.070063694267516;object-fit:cover;width:50px\"\/><\/figure>\n\n\n\n<h4 class=\"wp-block-heading has-mask-fill\">Flottes de v\u00e9hicules<\/h4>\n\n\n\n<p>Nous regroupons dans une seule police tous les v\u00e9hicules de votre entreprise pour \u00e9conomiser et optimiser les formalit\u00e9s.<\/p>\n\n\n\n<div class=\"wp-block-buttons is-layout-flex wp-block-buttons-is-layout-flex\">\n<div class=\"wp-block-button\"><a class=\"wp-block-button__link wp-element-button\" href=\"https:\/\/www.cinc.com\/fr\/contact\/\">Contracter<\/a><\/div>\n<\/div>\n<\/div>\n<\/div><\/div>\n\n\n\n<div class=\"wp-block-uagb-container uagb-block-66a52195 default uagb-is-root-container\">\n<div class=\"wp-block-uagb-advanced-heading uagb-block-d47e4286\"><h2 class=\"uagb-heading-text\">Actualit\u00e9s<\/h2><\/div>\n\n\n\n\t\t\t<div class=\"wp-block-uagb-post-grid uagb-post-grid  uagb-post__image-position-top uagb-post__image-enabled uagb-block-ad528a11     uagb-post__items uagb-post__columns-3 is-grid uagb-post__columns-tablet-2 uagb-post__columns-mobile-1 uagb-post__equal-height\" data-total=\"11\" style=\"\">\n\n\t\t\t\t\t\t\t\t\t\t\t\t<article class=\"uagb-post__inner-wrap\">\t\t\t\t\t\t\t\t<div class='uagb-post__image'>\n\t\t\t\t\t\t\t\t\t<a href=\"https:\/\/www.cinc.com\/fr\/quest-ce-quun-courtage-en-assurances-et-comment-peut-il-vous-aider\/\" target=\"_self\" rel=\"bookmark noopener noreferrer\" class='uagb-image-ratio-9-16'><img loading=\"lazy\" decoding=\"async\" width=\"300\" height=\"200\" src=\"https:\/\/www.cinc.com\/wp-content\/uploads\/house-5264830_1280-1-300x200.jpg\" class=\"attachment-medium size-medium\" alt=\"\" srcset=\"https:\/\/www.cinc.com\/wp-content\/uploads\/house-5264830_1280-1-300x200.jpg 300w, https:\/\/www.cinc.com\/wp-content\/uploads\/house-5264830_1280-1-1024x682.jpg 1024w, https:\/\/www.cinc.com\/wp-content\/uploads\/house-5264830_1280-1-768x512.jpg 768w, https:\/\/www.cinc.com\/wp-content\/uploads\/house-5264830_1280-1.jpg 1280w\" sizes=\"auto, (max-width: 300px) 100vw, 300px\" \/>\t\t\t\t\t<\/a>\n\t\t\t\t\t\t\t<\/div>\n\t\t\t\t\t\t<h4 class=\"uagb-post__title uagb-post__text\">\n\t\t\t\t<a href=\"https:\/\/www.cinc.com\/fr\/quest-ce-quun-courtage-en-assurances-et-comment-peut-il-vous-aider\/\" target=\"_self\" rel=\"bookmark noopener noreferrer\">Qu&rsquo;est-ce qu&rsquo;un courtage en assurances et comment peut-il vous aider\u00a0?<\/a>\n\t\t\t<\/h4>\n\t\t\t\t\t\t<div class='uagb-post__text uagb-post-grid-byline'>\n\t\t\t\t\t\t\t<\/div>\n\t\t\t\t\t\t\t<div class='uagb-post__text uagb-post__excerpt'>\n\t\t\t\t\tD\u00e9couvrez comment \u00e9conomiser de l\u2019argent, du temps et des soucis\u2026 et obtenir la meilleure protection.\t\t\t\t<\/div>\n\t\t\t\t\t\t<div class=\"uagb-post__text uagb-post__cta wp-block-button\">\n\t\t\t\t<a class=\"wp-block-button__link uagb-text-link\" style=\"\" href=\"https:\/\/www.cinc.com\/fr\/quest-ce-quun-courtage-en-assurances-et-comment-peut-il-vous-aider\/\" target=\"_self\" rel=\"bookmark noopener noreferrer\">Lire la suite<\/a>\n\t\t\t<\/div>\n\t\t\t\n\t\t\t\t\t\t\t\t\t<\/article>\n\t\t\t\t\t\t\t\t\t\t\t\t\t\t\t\t<article class=\"uagb-post__inner-wrap\">\t\t\t\t\t\t\t\t<div class='uagb-post__image'>\n\t\t\t\t\t\t\t\t\t<a href=\"https:\/\/www.cinc.com\/fr\/la-sante-de-votre-animal-de-compagnie-entre-vos-mains-lassurance-qui-vous-permet-de-choisir-le-veterinaire-ou-et-quand-vous-le-souhaitez\/\" target=\"_self\" rel=\"bookmark noopener noreferrer\" class='uagb-image-ratio-9-16'><img loading=\"lazy\" decoding=\"async\" width=\"300\" height=\"169\" src=\"https:\/\/www.cinc.com\/wp-content\/uploads\/Contingut-Stock-_14_-300x169.webp\" class=\"attachment-medium size-medium\" alt=\"\" srcset=\"https:\/\/www.cinc.com\/wp-content\/uploads\/Contingut-Stock-_14_-300x169.webp 300w, https:\/\/www.cinc.com\/wp-content\/uploads\/Contingut-Stock-_14_-1024x576.webp 1024w, https:\/\/www.cinc.com\/wp-content\/uploads\/Contingut-Stock-_14_-768x432.webp 768w, https:\/\/www.cinc.com\/wp-content\/uploads\/Contingut-Stock-_14_-1536x864.webp 1536w, https:\/\/www.cinc.com\/wp-content\/uploads\/Contingut-Stock-_14_.webp 1920w\" sizes=\"auto, (max-width: 300px) 100vw, 300px\" \/>\t\t\t\t\t<\/a>\n\t\t\t\t\t\t\t<\/div>\n\t\t\t\t\t\t<h4 class=\"uagb-post__title uagb-post__text\">\n\t\t\t\t<a href=\"https:\/\/www.cinc.com\/fr\/la-sante-de-votre-animal-de-compagnie-entre-vos-mains-lassurance-qui-vous-permet-de-choisir-le-veterinaire-ou-et-quand-vous-le-souhaitez\/\" target=\"_self\" rel=\"bookmark noopener noreferrer\">La sant\u00e9 de votre animal de compagnie, entre vos mains: l\u2019assurance qui vous permet de choisir le v\u00e9t\u00e9rinaire o\u00f9 et quand vous le souhaitez<\/a>\n\t\t\t<\/h4>\n\t\t\t\t\t\t<div class='uagb-post__text uagb-post-grid-byline'>\n\t\t\t\t\t\t\t<\/div>\n\t\t\t\t\t\t\t<div class='uagb-post__text uagb-post__excerpt'>\n\t\t\t\t\tUne assurance qui vous accompagne o\u00f9 que vous alliez et vous permet de choisir librement&#8230;\t\t\t\t<\/div>\n\t\t\t\t\t\t<div class=\"uagb-post__text uagb-post__cta wp-block-button\">\n\t\t\t\t<a class=\"wp-block-button__link uagb-text-link\" style=\"\" href=\"https:\/\/www.cinc.com\/fr\/la-sante-de-votre-animal-de-compagnie-entre-vos-mains-lassurance-qui-vous-permet-de-choisir-le-veterinaire-ou-et-quand-vous-le-souhaitez\/\" target=\"_self\" rel=\"bookmark noopener noreferrer\">Lire la suite<\/a>\n\t\t\t<\/div>\n\t\t\t\n\t\t\t\t\t\t\t\t\t<\/article>\n\t\t\t\t\t\t\t\t\t\t\t\t\t\t\t\t<article class=\"uagb-post__inner-wrap\">\t\t\t\t\t\t\t\t<div class='uagb-post__image'>\n\t\t\t\t\t\t\t\t\t<a href=\"https:\/\/www.cinc.com\/fr\/decouvrez-les-avantages-de-lassurance-responsabilite-civile-des-administrateurs-et-des-dirigeants\/\" target=\"_self\" rel=\"bookmark noopener noreferrer\" class='uagb-image-ratio-9-16'><img loading=\"lazy\" decoding=\"async\" width=\"300\" height=\"169\" src=\"https:\/\/www.cinc.com\/wp-content\/uploads\/seguro-responsabilidad-civil-directivos-300x169.webp\" class=\"attachment-medium size-medium\" alt=\"Assurance Responsabilit\u00e9 Civile des Dirigeants\" srcset=\"https:\/\/www.cinc.com\/wp-content\/uploads\/seguro-responsabilidad-civil-directivos-300x169.webp 300w, https:\/\/www.cinc.com\/wp-content\/uploads\/seguro-responsabilidad-civil-directivos-1024x576.webp 1024w, https:\/\/www.cinc.com\/wp-content\/uploads\/seguro-responsabilidad-civil-directivos-768x432.webp 768w, https:\/\/www.cinc.com\/wp-content\/uploads\/seguro-responsabilidad-civil-directivos-1536x864.webp 1536w, https:\/\/www.cinc.com\/wp-content\/uploads\/seguro-responsabilidad-civil-directivos.webp 1920w\" sizes=\"auto, (max-width: 300px) 100vw, 300px\" \/>\t\t\t\t\t<\/a>\n\t\t\t\t\t\t\t<\/div>\n\t\t\t\t\t\t<h4 class=\"uagb-post__title uagb-post__text\">\n\t\t\t\t<a href=\"https:\/\/www.cinc.com\/fr\/decouvrez-les-avantages-de-lassurance-responsabilite-civile-des-administrateurs-et-des-dirigeants\/\" target=\"_self\" rel=\"bookmark noopener noreferrer\">D\u00e9couvrez les avantages de l&rsquo;assurance responsabilit\u00e9 civile des administrateurs et des dirigeants<\/a>\n\t\t\t<\/h4>\n\t\t\t\t\t\t<div class='uagb-post__text uagb-post-grid-byline'>\n\t\t\t\t\t\t\t<\/div>\n\t\t\t\t\t\t\t<div class='uagb-post__text uagb-post__excerpt'>\n\t\t\t\t\tNous vous garantissons plus de tranquillit\u00e9 et de s\u00e9curit\u00e9 avec une assurance compl\u00e8te propos\u00e9e par&#8230;\t\t\t\t<\/div>\n\t\t\t\t\t\t<div class=\"uagb-post__text uagb-post__cta wp-block-button\">\n\t\t\t\t<a class=\"wp-block-button__link uagb-text-link\" style=\"\" href=\"https:\/\/www.cinc.com\/fr\/decouvrez-les-avantages-de-lassurance-responsabilite-civile-des-administrateurs-et-des-dirigeants\/\" target=\"_self\" rel=\"bookmark noopener noreferrer\">Lire la suite<\/a>\n\t\t\t<\/div>\n\t\t\t\n\t\t\t\t\t\t\t\t\t<\/article>\n\t\t\t\t\t\t\t\t\t\t\t<\/div>\n\t\t\t<\/div>\n\n\n\n<div class=\"wp-block-uagb-container uagb-block-490cca05 alignfull uagb-is-root-container\"><div class=\"uagb-container-inner-blocks-wrap\">\n<h2 class=\"wp-block-heading has-mask-fill no-margins\">Ev\u00e9nements et conf\u00e9rences<\/h2>\n\n\n\n<p>D\u00e9couvrez et inscrivez-vous \u00e0 tous les \u00e9v\u00e9nements et conf\u00e9rences organis\u00e9s!<\/p>\n\n\n\n<div class=\"wp-block-buttons is-layout-flex wp-block-buttons-is-layout-flex\">\n<div class=\"wp-block-button\"><a class=\"wp-block-button__link wp-element-button\" href=\"https:\/\/www.cinc.com\/fr\/evenements\/\">Voir les ev\u00e9nements<\/a><\/div>\n<\/div>\n<\/div><\/div>\n\n\n\n<div class=\"wp-block-uagb-container uagb-block-520c94a1 alignfull uagb-is-root-container\"><div class=\"uagb-container-inner-blocks-wrap\">\n<div class=\"marquee-text-wrapper \"><p class=\"marquee-text big-title fw\">Inscrivez-vous \u00e0 notre newsletter<\/p><\/div>\n\n\n<div class=\"wp-block-cinc-blocks-newsletter-form\">\n    <form id=\"newsletter-form\" method=\"POST\" class=\"wp-block-cinc-blocks-newsletter-form__form\">\n        <input class=\"wp-block-cinc-blocks-newsletter-form__field\" type=\"text\" placeholder=\"Your name\" name=\"name\" required \/>\n        <select class=\"wp-block-cinc-blocks-newsletter-form__select\" name=\"town\" required>\n            <option value=\"\" readonly>Town<\/option>\n            <option value=\"barcelona\">Barcelona<\/option>\n            <option value=\"girona\">Girona<\/option>\n        <\/select>\n        <input class=\"wp-block-cinc-blocks-newsletter-form__field\" type=\"email\" placeholder=\"Your email\" name=\"email\" required \/>\n        <button class=\"wp-block-cinc-blocks-newsletter-form__button\">Subscribe<\/button>\n    <\/form>\n    <div id=\"newsletter-form-response\"><\/div>\n<\/div><\/div><\/div>\n","protected":false},"excerpt":{"rendered":"<p>Multirisques entreprise Protection compl\u00e8te pour les locaux, les installations et les marchandises de votre entreprise ainsi que tous les risques li\u00e9s \u00e0 l&rsquo;activit\u00e9 \u00e9conomique de l&rsquo;entreprise. Responsabilit\u00e9 civile Nous \u00e9tudions la couverture de tout type d&rsquo;activit\u00e9, de capitaux ou de domaine (national ou international) afin que vous soyez prot\u00e9g\u00e9 contre d&rsquo;\u00e9ventuelles r\u00e9clamations de tiers pour [&hellip;]<\/p>\n","protected":false},"author":3,"featured_media":0,"parent":23881,"menu_order":1,"comment_status":"closed","ping_status":"closed","template":"","meta":{"_acf_changed":false,"_uag_custom_page_level_css":"","footnotes":""},"class_list":["post-23902","page","type-page","status-publish","hentry"],"acf":[],"uagb_featured_image_src":{"full":false,"thumbnail":false,"medium":false,"medium_large":false,"large":false,"1536x1536":false,"2048x2048":false,"gform-image-choice-sm":false,"gform-image-choice-md":false,"gform-image-choice-lg":false},"uagb_author_info":{"display_name":"Anna","author_link":"https:\/\/www.cinc.com\/fr\/author\/anna\/"},"uagb_comment_info":0,"uagb_excerpt":"Multirisques entreprise Protection compl\u00e8te pour les locaux, les installations et les marchandises de votre entreprise ainsi que tous les risques li\u00e9s \u00e0 l&rsquo;activit\u00e9 \u00e9conomique de l&rsquo;entreprise. Responsabilit\u00e9 civile Nous \u00e9tudions la couverture de tout type d&rsquo;activit\u00e9, de capitaux ou de domaine (national ou international) afin que vous soyez prot\u00e9g\u00e9 contre d&rsquo;\u00e9ventuelles r\u00e9clamations de tiers pour\u2026","jetpack_sharing_enabled":true,"_links":{"self":[{"href":"https:\/\/www.cinc.com\/fr\/wp-json\/wp\/v2\/pages\/23902","targetHints":{"allow":["GET"]}}],"collection":[{"href":"https:\/\/www.cinc.com\/fr\/wp-json\/wp\/v2\/pages"}],"about":[{"href":"https:\/\/www.cinc.com\/fr\/wp-json\/wp\/v2\/types\/page"}],"author":[{"embeddable":true,"href":"https:\/\/www.cinc.com\/fr\/wp-json\/wp\/v2\/users\/3"}],"replies":[{"embeddable":true,"href":"https:\/\/www.cinc.com\/fr\/wp-json\/wp\/v2\/comments?post=23902"}],"version-history":[{"count":12,"href":"https:\/\/www.cinc.com\/fr\/wp-json\/wp\/v2\/pages\/23902\/revisions"}],"predecessor-version":[{"id":32754,"href":"https:\/\/www.cinc.com\/fr\/wp-json\/wp\/v2\/pages\/23902\/revisions\/32754"}],"up":[{"embeddable":true,"href":"https:\/\/www.cinc.com\/fr\/wp-json\/wp\/v2\/pages\/23881"}],"wp:attachment":[{"href":"https:\/\/www.cinc.com\/fr\/wp-json\/wp\/v2\/media?parent=23902"}],"curies":[{"name":"wp","href":"https:\/\/api.w.org\/{rel}","templated":true}]}}