{"id":23899,"date":"2023-03-13T12:16:54","date_gmt":"2023-03-13T11:16:54","guid":{"rendered":"https:\/\/www.cinc.com\/courtage\/assurances-personnelles\/"},"modified":"2025-11-28T16:59:08","modified_gmt":"2025-11-28T15:59:08","slug":"assurances-personnelles","status":"publish","type":"page","link":"https:\/\/www.cinc.com\/fr\/courtage\/assurances-personnelles\/","title":{"rendered":"Assurances personnelles"},"content":{"rendered":"\n<div class=\"wp-block-humpton-gutenberg-container content-row light-section normal row_padding_top row_padding_bottom change-header-color\" data-bgcolor=\"#ffffff\" style=\"text-align:left\">\n<div class=\"wp-block-columns is-layout-flex wp-container-core-columns-is-layout-cc630bec wp-block-columns-is-layout-flex\" style=\"padding-top:var(--wp--preset--spacing--30);padding-right:var(--wp--preset--spacing--30);padding-bottom:var(--wp--preset--spacing--70);padding-left:var(--wp--preset--spacing--30)\">\n<div class=\"wp-block-column is-layout-flow wp-block-column-is-layout-flow\">\n<figure class=\"wp-block-image size-full is-resized\"><img loading=\"lazy\" decoding=\"async\" width=\"168\" height=\"157\" src=\"https:\/\/www.cinc.com\/wp-content\/uploads\/2023\/10\/Mesa-de-trabajo-4.png\" alt=\"\" class=\"wp-image-18233\" style=\"aspect-ratio:1.070063694267516;width:50px;height:auto\"\/><\/figure>\n\n\n\n<h4 class=\"wp-block-heading has-mask-fill\">Assurance habitation<\/h4>\n\n\n\n<p>Nous \u00e9tudions la meilleure protection pour votre patrimoine, que ce soit votre r\u00e9sidence principale ou secondaire.<\/p>\n\n\n\n<div class=\"wp-block-buttons is-layout-flex wp-block-buttons-is-layout-flex\">\n<div class=\"wp-block-button\"><a class=\"wp-block-button__link wp-element-button\" href=\"https:\/\/www.cinc.com\/fr\/contact\/\">Contracter<\/a><\/div>\n<\/div>\n<\/div>\n\n\n\n<div class=\"wp-block-column is-layout-flow wp-block-column-is-layout-flow\">\n<figure class=\"wp-block-image size-full is-resized\"><img loading=\"lazy\" decoding=\"async\" width=\"168\" height=\"157\" src=\"http:\/\/www.cinc.com\/wp-content\/uploads\/2023\/10\/Mesa-de-trabajo-4-copia.png\" alt=\"\" class=\"wp-image-18034\" style=\"aspect-ratio:1.070063694267516;object-fit:cover;width:50px\"\/><\/figure>\n\n\n\n<h4 class=\"wp-block-heading has-mask-fill\">Vie et accidents<\/h4>\n\n\n\n<p>Nous g\u00e9rons des assurances vie et accidents pour vous assurer une couverture en cas d&rsquo;impr\u00e9vu.<\/p>\n\n\n\n<div class=\"wp-block-buttons is-layout-flex wp-block-buttons-is-layout-flex\">\n<div class=\"wp-block-button\"><a class=\"wp-block-button__link wp-element-button\" href=\"https:\/\/www.cinc.com\/fr\/contact\/\">Contracter<\/a><\/div>\n<\/div>\n<\/div>\n\n\n\n<div class=\"wp-block-column is-layout-flow wp-block-column-is-layout-flow\">\n<figure class=\"wp-block-image size-full is-resized\"><img loading=\"lazy\" decoding=\"async\" width=\"168\" height=\"157\" src=\"https:\/\/www.cinc.com\/wp-content\/uploads\/2023\/10\/Mesa-de-trabajo-4-copia-2.png\" alt=\"\" class=\"wp-image-18243\" style=\"aspect-ratio:1.070063694267516;object-fit:cover;width:50px\"\/><\/figure>\n\n\n\n<h4 class=\"wp-block-heading has-mask-fill\">V\u00e9hicules<\/h4>\n\n\n\n<p>Nous proposons une large gamme d&rsquo;assurances pour votre v\u00e9hicule, moto, caravane ou autres.<\/p>\n\n\n\n<div class=\"wp-block-buttons is-layout-flex wp-block-buttons-is-layout-flex\">\n<div class=\"wp-block-button\"><a class=\"wp-block-button__link wp-element-button\" href=\"https:\/\/www.cinc.com\/fr\/contact\/\">Contracter<\/a><\/div>\n<\/div>\n<\/div>\n<\/div>\n\n\n\n<div class=\"wp-block-columns is-layout-flex wp-container-core-columns-is-layout-cc630bec wp-block-columns-is-layout-flex\" style=\"padding-top:var(--wp--preset--spacing--30);padding-right:var(--wp--preset--spacing--30);padding-bottom:var(--wp--preset--spacing--70);padding-left:var(--wp--preset--spacing--30)\">\n<div class=\"wp-block-column is-layout-flow wp-block-column-is-layout-flow\">\n<figure class=\"wp-block-image size-full is-resized\"><img loading=\"lazy\" decoding=\"async\" width=\"168\" height=\"157\" src=\"https:\/\/www.cinc.com\/wp-content\/uploads\/2023\/10\/Mesa-de-trabajo-4-copia-3.png\" alt=\"\" class=\"wp-image-18247\" style=\"aspect-ratio:1.070063694267516;object-fit:cover;width:50px\"\/><\/figure>\n\n\n\n<h4 class=\"wp-block-heading has-mask-fill\">Multirisque de copropi\u00e9t\u00e9<\/h4>\n\n\n\n<p>Garantit la protection de l&rsquo;ensemble du patrimoine de la copropri\u00e9t\u00e9.<\/p>\n\n\n\n<div class=\"wp-block-buttons is-layout-flex wp-block-buttons-is-layout-flex\">\n<div class=\"wp-block-button\"><a class=\"wp-block-button__link wp-element-button\" href=\"https:\/\/www.cinc.com\/fr\/contact\/\">Contracter<\/a><\/div>\n<\/div>\n<\/div>\n\n\n\n<div class=\"wp-block-column is-layout-flow wp-block-column-is-layout-flow\">\n<figure class=\"wp-block-image size-full is-resized\"><img loading=\"lazy\" decoding=\"async\" width=\"168\" height=\"157\" src=\"https:\/\/www.cinc.com\/wp-content\/uploads\/2023\/10\/Mesa-de-trabajo-4-copia-6.png\" alt=\"\" class=\"wp-image-18251\" style=\"aspect-ratio:1.070063694267516;object-fit:cover;width:50px\"\/><\/figure>\n\n\n\n<h4 class=\"wp-block-heading has-mask-fill\">D\u00e9fense juridique<br>et familial<\/h4>\n\n\n\n<p>Nous vous assurons un service de conseil et de d\u00e9fense juridique dans toutes les situations.<\/p>\n\n\n\n<div class=\"wp-block-buttons is-layout-flex wp-block-buttons-is-layout-flex\">\n<div class=\"wp-block-button\"><a class=\"wp-block-button__link wp-element-button\" href=\"https:\/\/www.cinc.com\/fr\/contact\/\">Contracter<\/a><\/div>\n<\/div>\n<\/div>\n\n\n\n<div class=\"wp-block-column is-layout-flow wp-block-column-is-layout-flow\">\n<figure class=\"wp-block-image size-full is-resized\"><img loading=\"lazy\" decoding=\"async\" width=\"168\" height=\"157\" src=\"https:\/\/www.cinc.com\/wp-content\/uploads\/2023\/10\/Mesa-de-trabajo-4-copia-7.png\" alt=\"\" class=\"wp-image-18255\" style=\"aspect-ratio:1.070063694267516;object-fit:cover;width:50px\"\/><\/figure>\n\n\n\n<h4 class=\"wp-block-heading has-mask-fill\">Arr\u00eat maladie ou hospitalisation<\/h4>\n\n\n\n<p>S\u00e9r\u00e9nit\u00e9 financi\u00e8re en cas d&rsquo;arr\u00eat maladie.<\/p>\n\n\n\n<div class=\"wp-block-buttons is-layout-flex wp-block-buttons-is-layout-flex\">\n<div class=\"wp-block-button\"><a class=\"wp-block-button__link wp-element-button\" href=\"https:\/\/www.cinc.com\/fr\/contact\/\">Contracter<\/a><\/div>\n<\/div>\n<\/div>\n<\/div>\n\n\n\n<div class=\"wp-block-columns is-layout-flex wp-container-core-columns-is-layout-cc630bec wp-block-columns-is-layout-flex\" style=\"padding-top:var(--wp--preset--spacing--30);padding-right:var(--wp--preset--spacing--30);padding-bottom:var(--wp--preset--spacing--70);padding-left:var(--wp--preset--spacing--30)\">\n<div class=\"wp-block-column is-layout-flow wp-block-column-is-layout-flow\">\n<figure class=\"wp-block-image size-full is-resized\"><img loading=\"lazy\" decoding=\"async\" width=\"168\" height=\"157\" src=\"https:\/\/www.cinc.com\/wp-content\/uploads\/2023\/10\/Mesa-de-trabajo-4-copia-11.png\" alt=\"\" class=\"wp-image-18259\" style=\"aspect-ratio:1.070063694267516;object-fit:cover;width:50px\"\/><\/figure>\n\n\n\n<h4 class=\"wp-block-heading has-mask-fill\">Protection des loyers<\/h4>\n\n\n\n<p>Si vous \u00eates propri\u00e9taire d&rsquo;une habitation, vous serez couvert contre tout sinistre li\u00e9 au locataire, garantissant l&rsquo;absence de paiement du loyer pendant 12 mois.<\/p>\n\n\n\n<div class=\"wp-block-buttons is-layout-flex wp-block-buttons-is-layout-flex\">\n<div class=\"wp-block-button\"><a class=\"wp-block-button__link wp-element-button\" href=\"https:\/\/www.cinc.com\/fr\/contact\/\">Contracter<\/a><\/div>\n<\/div>\n<\/div>\n\n\n\n<div class=\"wp-block-column is-layout-flow wp-block-column-is-layout-flow\">\n<figure class=\"wp-block-image size-full is-resized\"><img loading=\"lazy\" decoding=\"async\" width=\"168\" height=\"157\" src=\"https:\/\/www.cinc.com\/wp-content\/uploads\/2023\/10\/Mesa-de-trabajo-4-copia-12.png\" alt=\"\" class=\"wp-image-18263\" style=\"aspect-ratio:1.070063694267516;object-fit:cover;width:50px\"\/><\/figure>\n\n\n\n<h4 class=\"wp-block-heading has-mask-fill\">Sant\u00e9<\/h4>\n\n\n\n<p>Nous mettons \u00e0 votre disposition toutes sortes d&rsquo;assurances sant\u00e9 en fonction de la modalit\u00e9 choisie, avec r\u00e9seau m\u00e9dical ou libre choix.<\/p>\n\n\n\n<div class=\"wp-block-buttons is-layout-flex wp-block-buttons-is-layout-flex\">\n<div class=\"wp-block-button\"><a class=\"wp-block-button__link wp-element-button\" href=\"https:\/\/www.cinc.com\/fr\/contact\/\">Contracter<\/a><\/div>\n<\/div>\n<\/div>\n\n\n\n<div class=\"wp-block-column is-layout-flow wp-block-column-is-layout-flow\">\n<figure class=\"wp-block-image size-full is-resized\"><img loading=\"lazy\" decoding=\"async\" width=\"168\" height=\"157\" src=\"https:\/\/www.cinc.com\/wp-content\/uploads\/2023\/10\/Mesa-de-trabajo-4-copia-13.png\" alt=\"\" class=\"wp-image-18267\" style=\"aspect-ratio:1.070063694267516;object-fit:cover;width:50px\"\/><\/figure>\n\n\n\n<h4 class=\"wp-block-heading has-mask-fill\">\u00c9pargne et investissement<\/h4>\n\n\n\n<p>Nous vous proposons des assurances qui apportent rendement \u00e0 vos \u00e9conomies en vue de la retraite.<\/p>\n\n\n\n<div class=\"wp-block-buttons is-layout-flex wp-block-buttons-is-layout-flex\">\n<div class=\"wp-block-button\"><a class=\"wp-block-button__link wp-element-button\" href=\"https:\/\/www.cinc.com\/fr\/contact\/\">Contracter<\/a><\/div>\n<\/div>\n<\/div>\n<\/div>\n\n\n\n<div class=\"wp-block-columns is-layout-flex wp-container-core-columns-is-layout-ab8b210c wp-block-columns-is-layout-flex\" style=\"padding-top:0;padding-right:0;padding-bottom:0;padding-left:0\">\n<div class=\"wp-block-column is-layout-flow wp-block-column-is-layout-flow\">\n<figure class=\"wp-block-image size-full is-resized\"><img loading=\"lazy\" decoding=\"async\" width=\"168\" height=\"157\" src=\"https:\/\/www.cinc.com\/wp-content\/uploads\/2023\/10\/Mesa-de-trabajo-4-copia-16.png\" alt=\"\" class=\"wp-image-18275\" style=\"aspect-ratio:1.070063694267516;object-fit:cover;width:50px\"\/><\/figure>\n\n\n\n<h4 class=\"wp-block-heading has-mask-fill\">Assistance en voyage<\/h4>\n\n\n\n<p>Voyagez en toute tranquillit\u00e9 avec la meilleure couverture, quoi qu&rsquo;il arrive.<\/p>\n\n\n\n<div class=\"wp-block-buttons is-layout-flex wp-block-buttons-is-layout-flex\">\n<div class=\"wp-block-button\"><a class=\"wp-block-button__link wp-element-button\" href=\"https:\/\/www.cinc.com\/fr\/contact\/\">Contracter<\/a><\/div>\n<\/div>\n<\/div>\n\n\n\n<div class=\"wp-block-column is-layout-flow wp-block-column-is-layout-flow\" style=\"padding-top:0;padding-right:0;padding-bottom:0;padding-left:0\">\n<figure class=\"wp-block-image size-full is-resized\"><img loading=\"lazy\" decoding=\"async\" width=\"168\" height=\"157\" src=\"https:\/\/www.cinc.com\/wp-content\/uploads\/2023\/10\/Mesa-de-trabajo-4-copia-17.png\" alt=\"\" class=\"wp-image-18271\" style=\"aspect-ratio:1.070063694267516;object-fit:cover;width:50px\"\/><\/figure>\n\n\n\n<h4 class=\"wp-block-heading has-mask-fill\">Embarcations<\/h4>\n\n\n\n<p>Nous disposons d&rsquo;une large gamme d&rsquo;assurances pour les embarcations de loisirs.<\/p>\n\n\n\n<div class=\"wp-block-buttons is-layout-flex wp-block-buttons-is-layout-flex\">\n<div class=\"wp-block-button\"><a class=\"wp-block-button__link wp-element-button\" href=\"https:\/\/www.cinc.com\/fr\/contact\/\">Contracter<\/a><\/div>\n<\/div>\n<\/div>\n\n\n\n<div class=\"wp-block-column is-layout-flow wp-block-column-is-layout-flow\"><\/div>\n<\/div>\n<\/div>\n\n\n\n<div class=\"wp-block-humpton-gutenberg-container content-row light-section normal\" data-bgcolor=\"#ffffff\" style=\"text-align:left\">\n<h2 class=\"wp-block-heading\">Souscrivez votre assurance<br>assurance<\/h2>\n\n\n\n<div class=\"wp-block-columns is-layout-flex wp-container-core-columns-is-layout-059203fb wp-block-columns-is-layout-flex\" style=\"padding-top:var(--wp--preset--spacing--60);padding-right:var(--wp--preset--spacing--60);padding-bottom:var(--wp--preset--spacing--60);padding-left:var(--wp--preset--spacing--60)\">\n<div class=\"wp-block-column is-layout-flow wp-block-column-is-layout-flow\" style=\"padding-top:var(--wp--preset--spacing--80);padding-right:var(--wp--preset--spacing--80);padding-bottom:var(--wp--preset--spacing--80);padding-left:var(--wp--preset--spacing--80)\">\n<div class=\"wp-block-cover is-light\" style=\"min-height:601px;aspect-ratio:unset;\"><img loading=\"lazy\" decoding=\"async\" width=\"570\" height=\"768\" class=\"wp-block-cover__image-background wp-image-11334\" alt=\"\" src=\"http:\/\/www.cinc.com\/wp-content\/uploads\/2023\/03\/Recurso-7.png\" data-object-fit=\"cover\"\/><span aria-hidden=\"true\" class=\"wp-block-cover__background has-background-dim-0 has-background-dim\"><\/span><div class=\"wp-block-cover__inner-container is-layout-flow wp-block-cover-is-layout-flow\">\n<h3 class=\"wp-block-heading has-text-align-right has-white-color has-text-color\"><a href=\"https:\/\/www.aragonline.net\/sites\/search.php?id=MDIwNjM4MXw1\" target=\"_blank\" rel=\"noreferrer noopener\">Assurance<br>d&rsquo;assistance<br>en voyage<\/a><\/h3>\n<\/div><\/div>\n<\/div>\n\n\n\n<div class=\"wp-block-column is-layout-flow wp-block-column-is-layout-flow\" style=\"padding-top:var(--wp--preset--spacing--30);padding-right:var(--wp--preset--spacing--30);padding-bottom:var(--wp--preset--spacing--30);padding-left:var(--wp--preset--spacing--30)\">\n<div class=\"wp-block-cover is-light\" style=\"min-height:602px;aspect-ratio:unset;\"><img loading=\"lazy\" decoding=\"async\" width=\"571\" height=\"768\" class=\"wp-block-cover__image-background wp-image-11357\" alt=\"\" src=\"http:\/\/www.cinc.com\/wp-content\/uploads\/2023\/03\/Recurso-8.png\" data-object-fit=\"cover\"\/><span aria-hidden=\"true\" class=\"wp-block-cover__background has-background-dim-0 has-background-dim\"><\/span><div class=\"wp-block-cover__inner-container is-layout-flow wp-block-cover-is-layout-flow\">\n<h3 class=\"wp-block-heading has-white-color has-text-color\"><a href=\"https:\/\/www.acerca-e.com\/cinc-correduria\/\" target=\"_blank\" rel=\"noreferrer noopener\">Assurance<br>de vie<br>s\u00e9r\u00e9nit\u00e9<\/a><\/h3>\n<\/div><\/div>\n<\/div>\n<\/div>\n<\/div>\n\n\n\n<div class=\"wp-block-uagb-container uagb-block-66a52195 default uagb-is-root-container\">\n<div class=\"wp-block-uagb-advanced-heading uagb-block-d47e4286\"><h2 class=\"uagb-heading-text\">Actualit\u00e9s<\/h2><\/div>\n\n\n\n\t\t\t<div class=\"wp-block-uagb-post-grid uagb-post-grid  uagb-post__image-position-top uagb-post__image-enabled uagb-block-ad528a11     uagb-post__items uagb-post__columns-3 is-grid uagb-post__columns-tablet-2 uagb-post__columns-mobile-1 uagb-post__equal-height\" data-total=\"11\" style=\"\">\n\n\t\t\t\t\t\t\t\t\t\t\t\t<article class=\"uagb-post__inner-wrap\">\t\t\t\t\t\t\t\t<div class='uagb-post__image'>\n\t\t\t\t\t\t\t\t\t<a href=\"https:\/\/www.cinc.com\/fr\/quest-ce-quun-courtage-en-assurances-et-comment-peut-il-vous-aider\/\" target=\"_self\" rel=\"bookmark noopener noreferrer\" class='uagb-image-ratio-9-16'><img loading=\"lazy\" decoding=\"async\" width=\"300\" height=\"200\" src=\"https:\/\/www.cinc.com\/wp-content\/uploads\/house-5264830_1280-1-300x200.jpg\" class=\"attachment-medium size-medium\" alt=\"\" srcset=\"https:\/\/www.cinc.com\/wp-content\/uploads\/house-5264830_1280-1-300x200.jpg 300w, https:\/\/www.cinc.com\/wp-content\/uploads\/house-5264830_1280-1-1024x682.jpg 1024w, https:\/\/www.cinc.com\/wp-content\/uploads\/house-5264830_1280-1-768x512.jpg 768w, https:\/\/www.cinc.com\/wp-content\/uploads\/house-5264830_1280-1.jpg 1280w\" sizes=\"auto, (max-width: 300px) 100vw, 300px\" \/>\t\t\t\t\t<\/a>\n\t\t\t\t\t\t\t<\/div>\n\t\t\t\t\t\t<h4 class=\"uagb-post__title uagb-post__text\">\n\t\t\t\t<a href=\"https:\/\/www.cinc.com\/fr\/quest-ce-quun-courtage-en-assurances-et-comment-peut-il-vous-aider\/\" target=\"_self\" rel=\"bookmark noopener noreferrer\">Qu&rsquo;est-ce qu&rsquo;un courtage en assurances et comment peut-il vous aider\u00a0?<\/a>\n\t\t\t<\/h4>\n\t\t\t\t\t\t<div class='uagb-post__text uagb-post-grid-byline'>\n\t\t\t\t\t\t\t<\/div>\n\t\t\t\t\t\t\t<div class='uagb-post__text uagb-post__excerpt'>\n\t\t\t\t\tD\u00e9couvrez comment \u00e9conomiser de l\u2019argent, du temps et des soucis\u2026 et obtenir la meilleure protection.\t\t\t\t<\/div>\n\t\t\t\t\t\t<div class=\"uagb-post__text uagb-post__cta wp-block-button\">\n\t\t\t\t<a class=\"wp-block-button__link uagb-text-link\" style=\"\" href=\"https:\/\/www.cinc.com\/fr\/quest-ce-quun-courtage-en-assurances-et-comment-peut-il-vous-aider\/\" target=\"_self\" rel=\"bookmark noopener noreferrer\">Lire la suite<\/a>\n\t\t\t<\/div>\n\t\t\t\n\t\t\t\t\t\t\t\t\t<\/article>\n\t\t\t\t\t\t\t\t\t\t\t\t\t\t\t\t<article class=\"uagb-post__inner-wrap\">\t\t\t\t\t\t\t\t<div class='uagb-post__image'>\n\t\t\t\t\t\t\t\t\t<a href=\"https:\/\/www.cinc.com\/fr\/la-sante-de-votre-animal-de-compagnie-entre-vos-mains-lassurance-qui-vous-permet-de-choisir-le-veterinaire-ou-et-quand-vous-le-souhaitez\/\" target=\"_self\" rel=\"bookmark noopener noreferrer\" class='uagb-image-ratio-9-16'><img loading=\"lazy\" decoding=\"async\" width=\"300\" height=\"169\" src=\"https:\/\/www.cinc.com\/wp-content\/uploads\/Contingut-Stock-_14_-300x169.webp\" class=\"attachment-medium size-medium\" alt=\"\" srcset=\"https:\/\/www.cinc.com\/wp-content\/uploads\/Contingut-Stock-_14_-300x169.webp 300w, https:\/\/www.cinc.com\/wp-content\/uploads\/Contingut-Stock-_14_-1024x576.webp 1024w, https:\/\/www.cinc.com\/wp-content\/uploads\/Contingut-Stock-_14_-768x432.webp 768w, https:\/\/www.cinc.com\/wp-content\/uploads\/Contingut-Stock-_14_-1536x864.webp 1536w, https:\/\/www.cinc.com\/wp-content\/uploads\/Contingut-Stock-_14_.webp 1920w\" sizes=\"auto, (max-width: 300px) 100vw, 300px\" \/>\t\t\t\t\t<\/a>\n\t\t\t\t\t\t\t<\/div>\n\t\t\t\t\t\t<h4 class=\"uagb-post__title uagb-post__text\">\n\t\t\t\t<a href=\"https:\/\/www.cinc.com\/fr\/la-sante-de-votre-animal-de-compagnie-entre-vos-mains-lassurance-qui-vous-permet-de-choisir-le-veterinaire-ou-et-quand-vous-le-souhaitez\/\" target=\"_self\" rel=\"bookmark noopener noreferrer\">La sant\u00e9 de votre animal de compagnie, entre vos mains: l\u2019assurance qui vous permet de choisir le v\u00e9t\u00e9rinaire o\u00f9 et quand vous le souhaitez<\/a>\n\t\t\t<\/h4>\n\t\t\t\t\t\t<div class='uagb-post__text uagb-post-grid-byline'>\n\t\t\t\t\t\t\t<\/div>\n\t\t\t\t\t\t\t<div class='uagb-post__text uagb-post__excerpt'>\n\t\t\t\t\tUne assurance qui vous accompagne o\u00f9 que vous alliez et vous permet de choisir librement&#8230;\t\t\t\t<\/div>\n\t\t\t\t\t\t<div class=\"uagb-post__text uagb-post__cta wp-block-button\">\n\t\t\t\t<a class=\"wp-block-button__link uagb-text-link\" style=\"\" href=\"https:\/\/www.cinc.com\/fr\/la-sante-de-votre-animal-de-compagnie-entre-vos-mains-lassurance-qui-vous-permet-de-choisir-le-veterinaire-ou-et-quand-vous-le-souhaitez\/\" target=\"_self\" rel=\"bookmark noopener noreferrer\">Lire la suite<\/a>\n\t\t\t<\/div>\n\t\t\t\n\t\t\t\t\t\t\t\t\t<\/article>\n\t\t\t\t\t\t\t\t\t\t\t\t\t\t\t\t<article class=\"uagb-post__inner-wrap\">\t\t\t\t\t\t\t\t<div class='uagb-post__image'>\n\t\t\t\t\t\t\t\t\t<a href=\"https:\/\/www.cinc.com\/fr\/decouvrez-les-avantages-de-lassurance-responsabilite-civile-des-administrateurs-et-des-dirigeants\/\" target=\"_self\" rel=\"bookmark noopener noreferrer\" class='uagb-image-ratio-9-16'><img loading=\"lazy\" decoding=\"async\" width=\"300\" height=\"169\" src=\"https:\/\/www.cinc.com\/wp-content\/uploads\/seguro-responsabilidad-civil-directivos-300x169.webp\" class=\"attachment-medium size-medium\" alt=\"Assurance Responsabilit\u00e9 Civile des Dirigeants\" srcset=\"https:\/\/www.cinc.com\/wp-content\/uploads\/seguro-responsabilidad-civil-directivos-300x169.webp 300w, https:\/\/www.cinc.com\/wp-content\/uploads\/seguro-responsabilidad-civil-directivos-1024x576.webp 1024w, https:\/\/www.cinc.com\/wp-content\/uploads\/seguro-responsabilidad-civil-directivos-768x432.webp 768w, https:\/\/www.cinc.com\/wp-content\/uploads\/seguro-responsabilidad-civil-directivos-1536x864.webp 1536w, https:\/\/www.cinc.com\/wp-content\/uploads\/seguro-responsabilidad-civil-directivos.webp 1920w\" sizes=\"auto, (max-width: 300px) 100vw, 300px\" \/>\t\t\t\t\t<\/a>\n\t\t\t\t\t\t\t<\/div>\n\t\t\t\t\t\t<h4 class=\"uagb-post__title uagb-post__text\">\n\t\t\t\t<a href=\"https:\/\/www.cinc.com\/fr\/decouvrez-les-avantages-de-lassurance-responsabilite-civile-des-administrateurs-et-des-dirigeants\/\" target=\"_self\" rel=\"bookmark noopener noreferrer\">D\u00e9couvrez les avantages de l&rsquo;assurance responsabilit\u00e9 civile des administrateurs et des dirigeants<\/a>\n\t\t\t<\/h4>\n\t\t\t\t\t\t<div class='uagb-post__text uagb-post-grid-byline'>\n\t\t\t\t\t\t\t<\/div>\n\t\t\t\t\t\t\t<div class='uagb-post__text uagb-post__excerpt'>\n\t\t\t\t\tNous vous garantissons plus de tranquillit\u00e9 et de s\u00e9curit\u00e9 avec une assurance compl\u00e8te propos\u00e9e par&#8230;\t\t\t\t<\/div>\n\t\t\t\t\t\t<div class=\"uagb-post__text uagb-post__cta wp-block-button\">\n\t\t\t\t<a class=\"wp-block-button__link uagb-text-link\" style=\"\" href=\"https:\/\/www.cinc.com\/fr\/decouvrez-les-avantages-de-lassurance-responsabilite-civile-des-administrateurs-et-des-dirigeants\/\" target=\"_self\" rel=\"bookmark noopener noreferrer\">Lire la suite<\/a>\n\t\t\t<\/div>\n\t\t\t\n\t\t\t\t\t\t\t\t\t<\/article>\n\t\t\t\t\t\t\t\t\t\t\t<\/div>\n\t\t\t<\/div>\n\n\n\n<div class=\"wp-block-uagb-container uagb-block-490cca05 alignfull uagb-is-root-container\"><div class=\"uagb-container-inner-blocks-wrap\">\n<h2 class=\"wp-block-heading has-mask-fill no-margins\">Ev\u00e9nements et conf\u00e9rences<\/h2>\n\n\n\n<p>D\u00e9couvrez et inscrivez-vous \u00e0 tous les \u00e9v\u00e9nements et conf\u00e9rences organis\u00e9s!<\/p>\n\n\n\n<div class=\"wp-block-buttons is-layout-flex wp-block-buttons-is-layout-flex\">\n<div class=\"wp-block-button\"><a class=\"wp-block-button__link wp-element-button\" href=\"https:\/\/www.cinc.com\/fr\/evenements\/\">Voir les ev\u00e9nements<\/a><\/div>\n<\/div>\n<\/div><\/div>\n\n\n\n<div class=\"wp-block-uagb-container uagb-block-520c94a1 alignfull uagb-is-root-container\"><div class=\"uagb-container-inner-blocks-wrap\">\n<div class=\"marquee-text-wrapper \"><p class=\"marquee-text big-title fw\">Inscrivez-vous \u00e0 notre newsletter<\/p><\/div>\n\n\n<div class=\"wp-block-cinc-blocks-newsletter-form\">\n    <form id=\"newsletter-form\" method=\"POST\" class=\"wp-block-cinc-blocks-newsletter-form__form\">\n        <input class=\"wp-block-cinc-blocks-newsletter-form__field\" type=\"text\" placeholder=\"Your name\" name=\"name\" required \/>\n        <select class=\"wp-block-cinc-blocks-newsletter-form__select\" name=\"town\" required>\n            <option value=\"\" readonly>Town<\/option>\n            <option value=\"barcelona\">Barcelona<\/option>\n            <option value=\"girona\">Girona<\/option>\n        <\/select>\n        <input class=\"wp-block-cinc-blocks-newsletter-form__field\" type=\"email\" placeholder=\"Your email\" name=\"email\" required \/>\n        <button class=\"wp-block-cinc-blocks-newsletter-form__button\">Subscribe<\/button>\n    <\/form>\n    <div id=\"newsletter-form-response\"><\/div>\n<\/div><\/div><\/div>\n","protected":false},"excerpt":{"rendered":"<p>Actualit\u00e9s<\/p>\n","protected":false},"author":3,"featured_media":0,"parent":23881,"menu_order":1,"comment_status":"closed","ping_status":"closed","template":"","meta":{"_acf_changed":false,"_uag_custom_page_level_css":"","footnotes":""},"class_list":["post-23899","page","type-page","status-publish","hentry"],"acf":[],"uagb_featured_image_src":{"full":false,"thumbnail":false,"medium":false,"medium_large":false,"large":false,"1536x1536":false,"2048x2048":false,"gform-image-choice-sm":false,"gform-image-choice-md":false,"gform-image-choice-lg":false},"uagb_author_info":{"display_name":"Anna","author_link":"https:\/\/www.cinc.com\/fr\/author\/anna\/"},"uagb_comment_info":0,"uagb_excerpt":"Actualit\u00e9s","jetpack_sharing_enabled":true,"_links":{"self":[{"href":"https:\/\/www.cinc.com\/fr\/wp-json\/wp\/v2\/pages\/23899","targetHints":{"allow":["GET"]}}],"collection":[{"href":"https:\/\/www.cinc.com\/fr\/wp-json\/wp\/v2\/pages"}],"about":[{"href":"https:\/\/www.cinc.com\/fr\/wp-json\/wp\/v2\/types\/page"}],"author":[{"embeddable":true,"href":"https:\/\/www.cinc.com\/fr\/wp-json\/wp\/v2\/users\/3"}],"replies":[{"embeddable":true,"href":"https:\/\/www.cinc.com\/fr\/wp-json\/wp\/v2\/comments?post=23899"}],"version-history":[{"count":7,"href":"https:\/\/www.cinc.com\/fr\/wp-json\/wp\/v2\/pages\/23899\/revisions"}],"predecessor-version":[{"id":32752,"href":"https:\/\/www.cinc.com\/fr\/wp-json\/wp\/v2\/pages\/23899\/revisions\/32752"}],"up":[{"embeddable":true,"href":"https:\/\/www.cinc.com\/fr\/wp-json\/wp\/v2\/pages\/23881"}],"wp:attachment":[{"href":"https:\/\/www.cinc.com\/fr\/wp-json\/wp\/v2\/media?parent=23899"}],"curies":[{"name":"wp","href":"https:\/\/api.w.org\/{rel}","templated":true}]}}