{"id":23894,"date":"2023-03-08T09:53:12","date_gmt":"2023-03-08T08:53:12","guid":{"rendered":"https:\/\/www.cinc.com\/conseil-en-entreprise-et-gestion\/protection-des-donnees\/"},"modified":"2025-11-28T16:56:17","modified_gmt":"2025-11-28T15:56:17","slug":"protection-des-donnees","status":"publish","type":"page","link":"https:\/\/www.cinc.com\/fr\/conseil-en-entreprise-et-gestion\/protection-des-donnees\/","title":{"rendered":"Protection des donn\u00e9es"},"content":{"rendered":"\n<div class=\"wp-block-humpton-gutenberg-container content-row light-section normal row_padding_top change-header-color\" data-bgcolor=\"#ffffff\" style=\"text-align:left\">\n<div class=\"wp-block-columns is-layout-flex wp-container-core-columns-is-layout-996e17fe wp-block-columns-is-layout-flex\" style=\"padding-top:var(--wp--preset--spacing--30);padding-right:var(--wp--preset--spacing--30);padding-bottom:var(--wp--preset--spacing--30);padding-left:var(--wp--preset--spacing--30)\">\n<div class=\"wp-block-column is-layout-flow wp-block-column-is-layout-flow\" style=\"padding-top:var(--wp--preset--spacing--20);padding-right:var(--wp--preset--spacing--20);padding-bottom:var(--wp--preset--spacing--20);padding-left:var(--wp--preset--spacing--20)\">\n<h2 class=\"wp-block-heading has-mask-fill has-large-font-size\" style=\"font-style:normal;font-weight:300\">Adaptez votre entreprise au RPGD et \u00e0 la nouvelle LOPD de mani\u00e8re simple et securis\u00e9.<\/h2>\n\n\n\n<p>Toutes les entreprises, professionnels et entit\u00e9s qui traitent des donn\u00e9es personnelles doivent se conformer \u00e0 l&rsquo;actuel r\u00e8glement europ\u00e9en sur la protection des donn\u00e9es (RGPD).<\/p>\n\n\n\n<p>Elles sont \u00e9galement tenues de s&rsquo;adapter \u00e0 la nouvelle loi organique sur la protection des donn\u00e9es et la garantie des droits num\u00e9riques (LOPDGDD, loi 3\/2018), qui pr\u00e9cise une s\u00e9rie de questions qui ne sont pas incluses dans le r\u00e8glement europ\u00e9en.<\/p>\n\n\n\n<p>C&rsquo;est pourquoi nous vous proposons un service personnalis\u00e9 d&rsquo;adaptation et de maintenance du RGPD et du LOPDGDD :<\/p>\n\n\n\n<ul class=\"wp-block-list\">\n<li>Nous vous aidons dans la mise en \u0153uvre initiale des r\u00e8glements.<\/li>\n\n\n\n<li>Nous r\u00e9alisons des audits pour v\u00e9rifier le niveau d&rsquo;adaptation.<\/li>\n\n\n\n<li>Nous facilitons la conclusion d&rsquo;un contrat avec un D\u00e9l\u00e9gu\u00e9 \u00e0 la protection des donn\u00e9es (DPD)<\/li>\n<\/ul>\n<\/div>\n\n\n\n<div class=\"wp-block-column is-layout-flow wp-block-column-is-layout-flow\" style=\"padding-top:var(--wp--preset--spacing--20);padding-right:var(--wp--preset--spacing--20);padding-bottom:var(--wp--preset--spacing--20);padding-left:var(--wp--preset--spacing--20)\">\n<h2 class=\"wp-block-heading has-mask-fill has-large-font-size\" style=\"font-style:normal;font-weight:300\">Services de protection des donn\u00e9es<\/h2>\n\n\n\n<ol class=\"wp-block-list decimal-list\">\n<li>R\u00e9alisation d&rsquo;audits internes et externes du RGPD et de la LOPDGDD<\/li>\n\n\n\n<li>Service de d\u00e9l\u00e9gu\u00e9 \u00e0 la protection des donn\u00e9es (DPD)<\/li>\n\n\n\n<li>Service de traitement des plaintes pour les entreprises<\/li>\n\n\n\n<li>R\u00e9daction de contrats de confidentialit\u00e9<\/li>\n\n\n\n<li>Formation et conseil en mati\u00e8re de protection des donn\u00e9es<\/li>\n\n\n\n<li>Suivi des inspections effectu\u00e9es par l&rsquo;Agence de protection des donn\u00e9es<\/li>\n\n\n\n<li>Analyse des risques dans le traitement des donn\u00e9es<\/li>\n\n\n\n<li>Adaptation \u00e0 la loi sur les services de la soci\u00e9t\u00e9 de l&rsquo;information et le commerce \u00e9lectronique (LSSICE)<\/li>\n\n\n\n<li>R\u00e9daction de textes juridiques pour les sites web (mentions l\u00e9gales, politique de confidentialit\u00e9, politique en mati\u00e8re de cookies, etc.)<\/li>\n<\/ol>\n<\/div>\n<\/div>\n\n\n\n<div style=\"height:100px\" aria-hidden=\"true\" class=\"wp-block-spacer\"><\/div>\n\n\n\n<h2 class=\"wp-block-heading has-text-align-center has-cinc-orange-color has-text-color has-large-font-size\" style=\"font-style:normal;font-weight:300\">Si tu veux plus d&rsquo;informations sur les services que<br>offrons, consultez notre catalogue.<\/h2>\n<\/div>\n\n\n\n<div class=\"wp-block-uagb-container uagb-block-cedb4611 alignfull uagb-is-root-container\"><div class=\"uagb-container-inner-blocks-wrap\">\n<h2 class=\"wp-block-heading has-text-align-center\">Nos si\u00e8ges<\/h2>\n<\/div><\/div>\n\n<div class=\"wp-block-uagb-container uagb-block-4984a167 alignfull uagb-is-root-container\"><div class=\"uagb-container-inner-blocks-wrap\">\n<div class=\"wp-block-uagb-container uagb-block-3cdfd36b\">\n<div class=\"wp-block-group is-layout-constrained wp-block-group-is-layout-constrained\">\n<figure class=\"wp-block-image size-full is-resized\"><img loading=\"lazy\" decoding=\"async\" width=\"1200\" height=\"851\" src=\"https:\/\/www.cinc.com\/wp-content\/uploads\/2024\/01\/edifici-cinc-1.webp\" alt=\"\" class=\"wp-image-20395\" style=\"aspect-ratio:3\/2;object-fit:cover;width:500px;height:undefinedpx\" srcset=\"https:\/\/www.cinc.com\/wp-content\/uploads\/2024\/01\/edifici-cinc-1.webp 1200w, https:\/\/www.cinc.com\/wp-content\/uploads\/2024\/01\/edifici-cinc-1-300x213.webp 300w, https:\/\/www.cinc.com\/wp-content\/uploads\/2024\/01\/edifici-cinc-1-1024x726.webp 1024w, https:\/\/www.cinc.com\/wp-content\/uploads\/2024\/01\/edifici-cinc-1-768x545.webp 768w\" sizes=\"auto, (max-width: 1200px) 100vw, 1200px\" \/><\/figure>\n\n\n\n<div class=\"wp-block-group is-layout-constrained wp-block-group-is-layout-constrained\" style=\"margin-top:0;margin-bottom:0;padding-top:var(--wp--preset--spacing--20);padding-bottom:var(--wp--preset--spacing--20)\">\n<p class=\"has-text-align-center\" style=\"margin-top:0;margin-bottom:0;padding-top:0;padding-bottom:0\"><strong><a href=\"https:\/\/www.cinc.com\/fr\/cinc-barcelona-2\/\" data-type=\"link\" data-id=\"https:\/\/www.cinc.com\/cinc-barcelona\/\">CINC BARCELONA<\/a><\/strong><\/p>\n\n\n\n<p class=\"has-text-align-center\" style=\"margin-top:0;margin-bottom:0;padding-top:0;padding-bottom:0\">C\/Llull, 321<\/p>\n<\/div>\n<\/div>\n<\/div>\n\n\n\n<div class=\"wp-block-uagb-container uagb-block-3cdfd36b\">\n<div class=\"wp-block-group is-layout-constrained wp-block-group-is-layout-constrained\">\n<figure class=\"wp-block-image size-full is-resized\"><img loading=\"lazy\" decoding=\"async\" width=\"1200\" height=\"831\" src=\"https:\/\/www.cinc.com\/wp-content\/uploads\/2024\/01\/edifici-cinc-2.webp\" alt=\"\" class=\"wp-image-20399\" style=\"aspect-ratio:3\/2;object-fit:cover;width:500px;height:undefinedpx\" srcset=\"https:\/\/www.cinc.com\/wp-content\/uploads\/2024\/01\/edifici-cinc-2.webp 1200w, https:\/\/www.cinc.com\/wp-content\/uploads\/2024\/01\/edifici-cinc-2-300x208.webp 300w, https:\/\/www.cinc.com\/wp-content\/uploads\/2024\/01\/edifici-cinc-2-1024x709.webp 1024w, https:\/\/www.cinc.com\/wp-content\/uploads\/2024\/01\/edifici-cinc-2-768x532.webp 768w\" sizes=\"auto, (max-width: 1200px) 100vw, 1200px\" \/><\/figure>\n\n\n\n<div class=\"wp-block-group is-layout-constrained wp-block-group-is-layout-constrained\" style=\"padding-top:var(--wp--preset--spacing--20);padding-bottom:var(--wp--preset--spacing--20)\">\n<p class=\"has-text-align-center\" style=\"margin-top:0;margin-bottom:0\"><strong><a href=\"https:\/\/www.cinc.com\/fr\/cinc-girona-2\/\" data-type=\"link\" data-id=\"https:\/\/www.cinc.com\/cinc-girona\/\">CINC GIRONA<\/a><\/strong><\/p>\n\n\n\n<p class=\"has-text-align-center\" style=\"margin-top:0;margin-bottom:0;padding-top:0;padding-bottom:0\">C\/Riu G\u00fcell, 58<\/p>\n<\/div>\n<\/div>\n<\/div>\n\n\n\n<div class=\"wp-block-uagb-container uagb-block-3cdfd36b\">\n<div class=\"wp-block-group is-layout-constrained wp-block-group-is-layout-constrained\">\n<figure class=\"wp-block-image size-full is-resized\"><img loading=\"lazy\" decoding=\"async\" width=\"1200\" height=\"1014\" src=\"https:\/\/www.cinc.com\/wp-content\/uploads\/2024\/01\/edifici-cinc-3.webp\" alt=\"\" class=\"wp-image-20404\" style=\"aspect-ratio:3\/2;object-fit:cover;width:500px;height:undefinedpx\" srcset=\"https:\/\/www.cinc.com\/wp-content\/uploads\/2024\/01\/edifici-cinc-3.webp 1200w, https:\/\/www.cinc.com\/wp-content\/uploads\/2024\/01\/edifici-cinc-3-300x254.webp 300w, https:\/\/www.cinc.com\/wp-content\/uploads\/2024\/01\/edifici-cinc-3-1024x865.webp 1024w, https:\/\/www.cinc.com\/wp-content\/uploads\/2024\/01\/edifici-cinc-3-768x649.webp 768w\" sizes=\"auto, (max-width: 1200px) 100vw, 1200px\" \/><\/figure>\n\n\n\n<div class=\"wp-block-group is-layout-constrained wp-block-group-is-layout-constrained\" style=\"padding-top:var(--wp--preset--spacing--20);padding-bottom:var(--wp--preset--spacing--20)\">\n<p class=\"has-text-align-center\" style=\"margin-top:0;margin-bottom:0;padding-top:0;padding-bottom:0\"><strong>CINC FIGUERES<\/strong><\/p>\n\n\n\n<p class=\"has-text-align-center\" style=\"margin-top:0;margin-bottom:0;padding-top:0;padding-bottom:0\">C\/Blanc, 8<\/p>\n<\/div>\n<\/div>\n<\/div>\n<\/div><\/div>\n\n\n\n<div class=\"wp-block-uagb-container uagb-block-66a52195 default uagb-is-root-container\">\n<div class=\"wp-block-uagb-advanced-heading uagb-block-d47e4286\"><h2 class=\"uagb-heading-text\">Actualit\u00e9s<\/h2><\/div>\n\n\n\n\t\t\t<div class=\"wp-block-uagb-post-grid uagb-post-grid  uagb-post__image-position-top uagb-post__image-enabled uagb-block-ad528a11     uagb-post__items uagb-post__columns-3 is-grid uagb-post__columns-tablet-2 uagb-post__columns-mobile-1 uagb-post__equal-height\" data-total=\"3\" style=\"\">\n\n\t\t\t\t\t\t\t\t\t\t\t\t<article class=\"uagb-post__inner-wrap\">\t\t\t\t\t\t\t\t<div class='uagb-post__image'>\n\t\t\t\t\t\t\t\t\t<a href=\"https:\/\/www.cinc.com\/fr\/le-nouveau-reglement-sur-limmigration-entre-en-vigueur-nous-vous-expliquons-les-changements-et-nouveautes-les-plus-importants\/\" target=\"_self\" rel=\"bookmark noopener noreferrer\" class='uagb-image-ratio-9-16'><img loading=\"lazy\" decoding=\"async\" width=\"300\" height=\"169\" src=\"https:\/\/www.cinc.com\/wp-content\/uploads\/nuevo-reglamento-extranjeria-1-300x169.webp\" class=\"attachment-medium size-medium\" alt=\"Entr\u00e9e en vigueur du r\u00e8glement sur l\u2019immigration\" srcset=\"https:\/\/www.cinc.com\/wp-content\/uploads\/nuevo-reglamento-extranjeria-1-300x169.webp 300w, https:\/\/www.cinc.com\/wp-content\/uploads\/nuevo-reglamento-extranjeria-1-1024x576.webp 1024w, https:\/\/www.cinc.com\/wp-content\/uploads\/nuevo-reglamento-extranjeria-1-768x432.webp 768w, https:\/\/www.cinc.com\/wp-content\/uploads\/nuevo-reglamento-extranjeria-1-1536x864.webp 1536w, https:\/\/www.cinc.com\/wp-content\/uploads\/nuevo-reglamento-extranjeria-1.webp 1920w\" sizes=\"auto, (max-width: 300px) 100vw, 300px\" \/>\t\t\t\t\t<\/a>\n\t\t\t\t\t\t\t<\/div>\n\t\t\t\t\t\t<h4 class=\"uagb-post__title uagb-post__text\">\n\t\t\t\t<a href=\"https:\/\/www.cinc.com\/fr\/le-nouveau-reglement-sur-limmigration-entre-en-vigueur-nous-vous-expliquons-les-changements-et-nouveautes-les-plus-importants\/\" target=\"_self\" rel=\"bookmark noopener noreferrer\">Le nouveau R\u00e8glement sur l\u2019immigration entre en vigueur: nous vous expliquons les changements et nouveaut\u00e9s les plus importants.<\/a>\n\t\t\t<\/h4>\n\t\t\t\t\t\t<div class='uagb-post__text uagb-post-grid-byline'>\n\t\t\t\t\t\t\t<\/div>\n\t\t\t\t\t\t\t<div class='uagb-post__text uagb-post__excerpt'>\n\t\t\t\t\tLe RELOEX est d\u00e9sormais officiel : changements et formation pour une application plus efficace du&#8230;\t\t\t\t<\/div>\n\t\t\t\t\t\t<div class=\"uagb-post__text uagb-post__cta wp-block-button\">\n\t\t\t\t<a class=\"wp-block-button__link uagb-text-link\" style=\"\" href=\"https:\/\/www.cinc.com\/fr\/le-nouveau-reglement-sur-limmigration-entre-en-vigueur-nous-vous-expliquons-les-changements-et-nouveautes-les-plus-importants\/\" target=\"_self\" rel=\"bookmark noopener noreferrer\">Lire la suite<\/a>\n\t\t\t<\/div>\n\t\t\t\n\t\t\t\t\t\t\t\t\t<\/article>\n\t\t\t\t\t\t\t\t\t\t\t\t\t\t\t\t<article class=\"uagb-post__inner-wrap\">\t\t\t\t\t\t\t\t<div class='uagb-post__image'>\n\t\t\t\t\t\t\t\t\t<a href=\"https:\/\/www.cinc.com\/fr\/semaine-de-travail-de-375-heures-et-nouveau-registre-horaire-numerique-que-doivent-savoir-les-entreprises\/\" target=\"_self\" rel=\"bookmark noopener noreferrer\" class='uagb-image-ratio-9-16'><img loading=\"lazy\" decoding=\"async\" width=\"300\" height=\"169\" src=\"https:\/\/www.cinc.com\/wp-content\/uploads\/jornada-37hores-registre-horari-300x169.png\" class=\"attachment-medium size-medium\" alt=\"Enregistrement horaire 35h\" srcset=\"https:\/\/www.cinc.com\/wp-content\/uploads\/jornada-37hores-registre-horari-300x169.png 300w, https:\/\/www.cinc.com\/wp-content\/uploads\/jornada-37hores-registre-horari-1024x576.png 1024w, https:\/\/www.cinc.com\/wp-content\/uploads\/jornada-37hores-registre-horari-768x432.png 768w, https:\/\/www.cinc.com\/wp-content\/uploads\/jornada-37hores-registre-horari-1536x864.png 1536w, https:\/\/www.cinc.com\/wp-content\/uploads\/jornada-37hores-registre-horari.png 1920w\" sizes=\"auto, (max-width: 300px) 100vw, 300px\" \/>\t\t\t\t\t<\/a>\n\t\t\t\t\t\t\t<\/div>\n\t\t\t\t\t\t<h4 class=\"uagb-post__title uagb-post__text\">\n\t\t\t\t<a href=\"https:\/\/www.cinc.com\/fr\/semaine-de-travail-de-375-heures-et-nouveau-registre-horaire-numerique-que-doivent-savoir-les-entreprises\/\" target=\"_self\" rel=\"bookmark noopener noreferrer\">Semaine de travail de 37,5 heures et nouveau registre horaire num\u00e9rique: que doivent savoir les entreprises?<\/a>\n\t\t\t<\/h4>\n\t\t\t\t\t\t<div class='uagb-post__text uagb-post-grid-byline'>\n\t\t\t\t\t\t\t<\/div>\n\t\t\t\t\t\t\t<div class='uagb-post__text uagb-post__excerpt'>\n\t\t\t\t\tLa nouvelle dur\u00e9e de travail de 37,5 heures et l\u2019enregistrement num\u00e9rique vont changer votre fa\u00e7on&#8230;\t\t\t\t<\/div>\n\t\t\t\t\t\t<div class=\"uagb-post__text uagb-post__cta wp-block-button\">\n\t\t\t\t<a class=\"wp-block-button__link uagb-text-link\" style=\"\" href=\"https:\/\/www.cinc.com\/fr\/semaine-de-travail-de-375-heures-et-nouveau-registre-horaire-numerique-que-doivent-savoir-les-entreprises\/\" target=\"_self\" rel=\"bookmark noopener noreferrer\">Lire la suite<\/a>\n\t\t\t<\/div>\n\t\t\t\n\t\t\t\t\t\t\t\t\t<\/article>\n\t\t\t\t\t\t\t\t\t\t\t\t\t\t\t\t<article class=\"uagb-post__inner-wrap\">\t\t\t\t\t\t\t\t<div class='uagb-post__image'>\n\t\t\t\t\t\t\t\t\t<a href=\"https:\/\/www.cinc.com\/fr\/demander-une-photocopie-de-la-carte-didentite-dans-les-hotels-et-hebergements-touristiques-une-erreur-juridique-qui-peut-couter-tres-cher\/\" target=\"_self\" rel=\"bookmark noopener noreferrer\" class='uagb-image-ratio-9-16'><img loading=\"lazy\" decoding=\"async\" width=\"300\" height=\"169\" src=\"https:\/\/www.cinc.com\/wp-content\/uploads\/pedir-fotocopia-dni-es-legal-300x169.webp\" class=\"attachment-medium size-medium\" alt=\"Demander une photocopie de la carte d\u2019identit\u00e9 dans un h\u00f4tel\" srcset=\"https:\/\/www.cinc.com\/wp-content\/uploads\/pedir-fotocopia-dni-es-legal-300x169.webp 300w, https:\/\/www.cinc.com\/wp-content\/uploads\/pedir-fotocopia-dni-es-legal-1024x576.webp 1024w, https:\/\/www.cinc.com\/wp-content\/uploads\/pedir-fotocopia-dni-es-legal-768x432.webp 768w, https:\/\/www.cinc.com\/wp-content\/uploads\/pedir-fotocopia-dni-es-legal-1536x864.webp 1536w, https:\/\/www.cinc.com\/wp-content\/uploads\/pedir-fotocopia-dni-es-legal.webp 1920w\" sizes=\"auto, (max-width: 300px) 100vw, 300px\" \/>\t\t\t\t\t<\/a>\n\t\t\t\t\t\t\t<\/div>\n\t\t\t\t\t\t<h4 class=\"uagb-post__title uagb-post__text\">\n\t\t\t\t<a href=\"https:\/\/www.cinc.com\/fr\/demander-une-photocopie-de-la-carte-didentite-dans-les-hotels-et-hebergements-touristiques-une-erreur-juridique-qui-peut-couter-tres-cher\/\" target=\"_self\" rel=\"bookmark noopener noreferrer\">Demander une photocopie de la carte d\u2019identit\u00e9 dans les h\u00f4tels et h\u00e9bergements touristiques: une erreur juridique qui peut co\u00fbter tr\u00e8s cher<\/a>\n\t\t\t<\/h4>\n\t\t\t\t\t\t<div class='uagb-post__text uagb-post-grid-byline'>\n\t\t\t\t\t\t\t<\/div>\n\t\t\t\t\t\t\t<div class='uagb-post__text uagb-post__excerpt'>\n\t\t\t\t\tNous vous expliquons le cas d\u2019une entreprise h\u00f4teli\u00e8re sanctionn\u00e9e d\u2019une amende de 75000 euros pour&#8230;\t\t\t\t<\/div>\n\t\t\t\t\t\t<div class=\"uagb-post__text uagb-post__cta wp-block-button\">\n\t\t\t\t<a class=\"wp-block-button__link uagb-text-link\" style=\"\" href=\"https:\/\/www.cinc.com\/fr\/demander-une-photocopie-de-la-carte-didentite-dans-les-hotels-et-hebergements-touristiques-une-erreur-juridique-qui-peut-couter-tres-cher\/\" target=\"_self\" rel=\"bookmark noopener noreferrer\">Lire la suite<\/a>\n\t\t\t<\/div>\n\t\t\t\n\t\t\t\t\t\t\t\t\t<\/article>\n\t\t\t\t\t\t\t\t\t\t\t<\/div>\n\t\t\t<\/div>\n\n\n\n<div class=\"wp-block-uagb-container uagb-block-490cca05 alignfull uagb-is-root-container\"><div class=\"uagb-container-inner-blocks-wrap\">\n<h2 class=\"wp-block-heading has-mask-fill no-margins\">Ev\u00e9nements et conf\u00e9rences<\/h2>\n\n\n\n<p>D\u00e9couvrez et inscrivez-vous \u00e0 tous les \u00e9v\u00e9nements et conf\u00e9rences organis\u00e9s!<\/p>\n\n\n\n<div class=\"wp-block-buttons is-layout-flex wp-block-buttons-is-layout-flex\">\n<div class=\"wp-block-button\"><a class=\"wp-block-button__link wp-element-button\" href=\"https:\/\/www.cinc.com\/fr\/evenements\/\">Voir les ev\u00e9nements<\/a><\/div>\n<\/div>\n<\/div><\/div>\n\n\n\n<div class=\"wp-block-uagb-container uagb-block-520c94a1 alignfull uagb-is-root-container\"><div class=\"uagb-container-inner-blocks-wrap\">\n<div class=\"marquee-text-wrapper \"><p class=\"marquee-text big-title fw\">Inscrivez-vous \u00e0 notre newsletter<\/p><\/div>\n\n\n<div class=\"wp-block-cinc-blocks-newsletter-form\">\n    <form id=\"newsletter-form\" method=\"POST\" class=\"wp-block-cinc-blocks-newsletter-form__form\">\n        <input class=\"wp-block-cinc-blocks-newsletter-form__field\" type=\"text\" placeholder=\"Your name\" name=\"name\" required \/>\n        <select class=\"wp-block-cinc-blocks-newsletter-form__select\" name=\"town\" required>\n            <option value=\"\" readonly>Town<\/option>\n            <option value=\"barcelona\">Barcelona<\/option>\n            <option value=\"girona\">Girona<\/option>\n        <\/select>\n        <input class=\"wp-block-cinc-blocks-newsletter-form__field\" type=\"email\" placeholder=\"Your email\" name=\"email\" required \/>\n        <button class=\"wp-block-cinc-blocks-newsletter-form__button\">Subscribe<\/button>\n    <\/form>\n    <div id=\"newsletter-form-response\"><\/div>\n<\/div><\/div><\/div>\n","protected":false},"excerpt":{"rendered":"<p>Actualit\u00e9s<\/p>\n","protected":false},"author":3,"featured_media":0,"parent":23831,"menu_order":8,"comment_status":"closed","ping_status":"closed","template":"","meta":{"_acf_changed":false,"_uag_custom_page_level_css":"","footnotes":""},"class_list":["post-23894","page","type-page","status-publish","hentry"],"acf":[],"uagb_featured_image_src":{"full":false,"thumbnail":false,"medium":false,"medium_large":false,"large":false,"1536x1536":false,"2048x2048":false,"gform-image-choice-sm":false,"gform-image-choice-md":false,"gform-image-choice-lg":false},"uagb_author_info":{"display_name":"Anna","author_link":"https:\/\/www.cinc.com\/fr\/author\/anna\/"},"uagb_comment_info":0,"uagb_excerpt":"Actualit\u00e9s","jetpack_sharing_enabled":true,"_links":{"self":[{"href":"https:\/\/www.cinc.com\/fr\/wp-json\/wp\/v2\/pages\/23894","targetHints":{"allow":["GET"]}}],"collection":[{"href":"https:\/\/www.cinc.com\/fr\/wp-json\/wp\/v2\/pages"}],"about":[{"href":"https:\/\/www.cinc.com\/fr\/wp-json\/wp\/v2\/types\/page"}],"author":[{"embeddable":true,"href":"https:\/\/www.cinc.com\/fr\/wp-json\/wp\/v2\/users\/3"}],"replies":[{"embeddable":true,"href":"https:\/\/www.cinc.com\/fr\/wp-json\/wp\/v2\/comments?post=23894"}],"version-history":[{"count":8,"href":"https:\/\/www.cinc.com\/fr\/wp-json\/wp\/v2\/pages\/23894\/revisions"}],"predecessor-version":[{"id":32748,"href":"https:\/\/www.cinc.com\/fr\/wp-json\/wp\/v2\/pages\/23894\/revisions\/32748"}],"up":[{"embeddable":true,"href":"https:\/\/www.cinc.com\/fr\/wp-json\/wp\/v2\/pages\/23831"}],"wp:attachment":[{"href":"https:\/\/www.cinc.com\/fr\/wp-json\/wp\/v2\/media?parent=23894"}],"curies":[{"name":"wp","href":"https:\/\/api.w.org\/{rel}","templated":true}]}}