{"id":23846,"date":"2023-03-08T09:52:22","date_gmt":"2023-03-08T08:52:22","guid":{"rendered":"https:\/\/www.cinc.com\/conseil-en-entreprise-et-gestion\/conseil-juridique\/"},"modified":"2025-11-28T16:54:46","modified_gmt":"2025-11-28T15:54:46","slug":"conseil-juridique","status":"publish","type":"page","link":"https:\/\/www.cinc.com\/fr\/conseil-en-entreprise-et-gestion\/conseil-juridique\/","title":{"rendered":"Conseil juridique"},"content":{"rendered":"\n<div class=\"wp-block-humpton-gutenberg-container content-row light-section normal row_padding_top change-header-color\" data-bgcolor=\"#ffffff\" style=\"text-align:left\">\n<div class=\"wp-block-columns is-layout-flex wp-container-core-columns-is-layout-0d9f0c49 wp-block-columns-is-layout-flex\" style=\"padding-top:var(--wp--preset--spacing--40);padding-right:var(--wp--preset--spacing--40);padding-bottom:var(--wp--preset--spacing--40);padding-left:var(--wp--preset--spacing--40)\">\n<div class=\"wp-block-column is-layout-flow wp-block-column-is-layout-flow\">\n<h2 class=\"wp-block-heading has-mask-fill has-large-font-size\" style=\"font-style:normal;font-weight:300\">Droit civil <\/h2>\n\n\n\n<ul class=\"wp-block-list decimal-list\">\n<li>Droit de la famille (s\u00e9parations et divorces \u00e0 l&rsquo;amiable et contentieux, planification fiscale, attribution et r\u00e9partition du patrimoine commun, mesures et r\u00e9gimes de visite, etc.)<\/li>\n\n\n\n<li>Droit des successions (planification successorale, dispositions testamentaires, acceptations d&rsquo;h\u00e9ritage, planification fiscale, etc.).<\/li>\n\n\n\n<li>Droit des contrats (locations, vente immobili\u00e8re, arrhes, vente d&rsquo;unit\u00e9s commerciales, permutas, options d&rsquo;achat, pr\u00eats, cessions, etc.).<\/li>\n\n\n\n<li>Droit immobilier (construction neuve, regroupements et s\u00e9gr\u00e9gations de propri\u00e9t\u00e9s, divisions horizontales de propri\u00e9t\u00e9s, r\u00e8gles et statuts de la copropri\u00e9t\u00e9, etc.).<\/li>\n\n\n\n<li>Droit de l&rsquo;urbanisme (planification, gestion et discipline urbanistique).<\/li>\n\n\n\n<li>Droit bancaire (r\u00e9clamation de clauses abusives, proc\u00e9dures de remise en paiement, saisies hypoth\u00e9caires, conseils lors de la souscription de produits bancaires, etc.).<\/li>\n\n\n\n<li>Droit hypoth\u00e9caire et registral (d\u00e9marches aupr\u00e8s du Registre de la Propri\u00e9t\u00e9, proc\u00e9dures de titularit\u00e9 et immatriculations registrales, proc\u00e9dures aupr\u00e8s du Cadastre, garanties hypoth\u00e9caires, etc.).<\/li>\n\n\n\n<li>Avis juridique<\/li>\n<\/ul>\n<\/div>\n\n\n\n<div class=\"wp-block-column is-layout-flow wp-block-column-is-layout-flow\">\n<h2 class=\"wp-block-heading has-mask-fill has-large-font-size\" style=\"font-style:normal;font-weight:300\">Droit commercial et droit de l&rsquo;insolvabilit\u00e9<\/h2>\n\n\n\n<ul class=\"wp-block-list decimal-list\">\n<li>Contrats commerciaux et internationaux<\/li>\n\n\n\n<li>Constitution de soci\u00e9t\u00e9s espagnoles, de succursales ou de filiales de soci\u00e9t\u00e9s \u00e9trang\u00e8res en Espagne<\/li>\n\n\n\n<li>Pactes d&rsquo;actionnaires &#8211; entreprises conjointes<\/li>\n\n\n\n<li>Op\u00e9rations de restructuration des entreprises : fusions, acquisitions et scissions<\/li>\n\n\n\n<li>Conseils sur tous les types d&rsquo;accords d&rsquo;entreprise tels que les proc\u00e8s-verbaux, les augmentations et les r\u00e9ductions de capital, les liquidations, l&rsquo;achat et la vente d&rsquo;actions, etc.<\/li>\n\n\n\n<li>Conseiller les conseils d&rsquo;administration et soutenir les secr\u00e9taires de conseil.<\/li>\n\n\n\n<li>Pr\u00e9paration des assembl\u00e9es g\u00e9n\u00e9rales, modification des statuts, r\u00e9daction de tous types de contrats<\/li>\n\n\n\n<li>Demandes de paiement<\/li>\n\n\n\n<li>Conseils pr\u00e9-faillite, pr\u00e9paration de la documentation d&rsquo;entreprise et comptable, pr\u00e9- n\u00e9gociation avec les cr\u00e9anciers et accords hors faillite.<\/li>\n\n\n\n<li>Pr\u00e9paration et d\u00e9p\u00f4t des proc\u00e9dures d&rsquo;insolvabilit\u00e9 volontaires et n\u00e9cessaires et assistance juridique \u00e0 tous les stades de la proc\u00e9dure<\/li>\n\n\n\n<li>Pr\u00e9paration, r\u00e9daction et n\u00e9gociation d&rsquo;accords avec les cr\u00e9anciers.<\/li>\n\n\n\n<li>Intervention en tant qu&rsquo;avocats d&rsquo;administrateurs d&rsquo;insolvabilit\u00e9<\/li>\n\n\n\n<li>Conseil et n\u00e9gociation avec les administrateurs d&rsquo;insolvabilit\u00e9, les syndics et les liquidateurs.<\/li>\n<\/ul>\n<\/div>\n<\/div>\n\n\n\n<div class=\"wp-block-columns is-layout-flex wp-container-core-columns-is-layout-0d9f0c49 wp-block-columns-is-layout-flex\" style=\"padding-top:var(--wp--preset--spacing--40);padding-right:var(--wp--preset--spacing--40);padding-bottom:var(--wp--preset--spacing--40);padding-left:var(--wp--preset--spacing--40)\">\n<div class=\"wp-block-column is-layout-flow wp-block-column-is-layout-flow\">\n<h2 class=\"wp-block-heading has-mask-fill has-large-font-size\" style=\"font-style:normal;font-weight:300\">Droit fiscal<\/h2>\n\n\n\n<ul class=\"wp-block-list decimal-list\">\n<li>Liquidations fiscales (imp\u00f4ts locaux, r\u00e9gionaux et nationaux)<\/li>\n\n\n\n<li>R\u00e9clamations \u00e9conomico-administratives<\/li>\n\n\n\n<li>Recours fiscaux en voie administrative et devant la juridiction contentieuse-administrative<\/li>\n\n\n\n<li>Inspections fiscales<\/li>\n\n\n\n<li>Op\u00e9rations soci\u00e9taires et patrimoniales<\/li>\n<\/ul>\n<\/div>\n\n\n\n<div class=\"wp-block-column is-layout-flow wp-block-column-is-layout-flow\">\n<h2 class=\"wp-block-heading has-mask-fill has-large-font-size\" style=\"font-style:normal;font-weight:300\">Droit proc\u00e9dural<\/h2>\n\n\n\n<ul class=\"wp-block-list decimal-list\">\n<li>Contentieux dans le domaine civil<\/li>\n\n\n\n<li>Contentieux dans le domaine commercial<\/li>\n\n\n\n<li>Contentieux dans le domaine familial<\/li>\n\n\n\n<li>Contentieux dans le domaine du travail<\/li>\n<\/ul>\n<\/div>\n<\/div>\n\n\n\n<div class=\"wp-block-columns is-layout-flex wp-container-core-columns-is-layout-0d9f0c49 wp-block-columns-is-layout-flex\" style=\"padding-top:var(--wp--preset--spacing--40);padding-right:var(--wp--preset--spacing--40);padding-bottom:var(--wp--preset--spacing--40);padding-left:var(--wp--preset--spacing--40)\">\n<div class=\"wp-block-column is-layout-flow wp-block-column-is-layout-flow\">\n<h2 class=\"wp-block-heading has-mask-fill has-large-font-size\" style=\"font-style:normal;font-weight:300\">Droit administratif<\/h2>\n\n\n\n<ul class=\"wp-block-list decimal-list\">\n<li>Acquisition de licences et d&rsquo;autorisations administratives<\/li>\n\n\n\n<li>Recours administratifs devant l&rsquo;administration et devant la juridiction contentieuse- administrative.<\/li>\n\n\n\n<li>Les actions en responsabilit\u00e9 patrimoniale devant toute administration (locale, r\u00e9gionale et\/ou \u00e9tatique).<\/li>\n<\/ul>\n<\/div>\n\n\n\n<div class=\"wp-block-column is-layout-flow wp-block-column-is-layout-flow\">\n<h2 class=\"wp-block-heading has-mask-fill has-large-font-size\" style=\"font-style:normal;font-weight:300\">Droit des \u00e9trangers<\/h2>\n\n\n\n<ul class=\"wp-block-list decimal-list\">\n<li>Traitement des autorisations de r\u00e9sidence et de r\u00e9sidence avec travail (LOEX)<\/li>\n\n\n\n<li>Traitement de la nationalit\u00e9 espagnole<\/li>\n\n\n\n<li>Recours administratifs dans les proc\u00e9dures d&rsquo;immigration et de nationalit\u00e9 espagnole<\/li>\n<\/ul>\n<\/div>\n<\/div>\n\n\n\n<div class=\"wp-block-columns is-layout-flex wp-container-core-columns-is-layout-0d9f0c49 wp-block-columns-is-layout-flex\" style=\"padding-top:var(--wp--preset--spacing--40);padding-right:var(--wp--preset--spacing--40);padding-bottom:var(--wp--preset--spacing--40);padding-left:var(--wp--preset--spacing--40)\">\n<div class=\"wp-block-column is-layout-flow wp-block-column-is-layout-flow\">\n<h2 class=\"wp-block-heading has-mask-fill has-large-font-size\" style=\"font-style:normal;font-weight:300\">Droit du travail<\/h2>\n\n\n\n<ul class=\"wp-block-list decimal-list\">\n<li>Traitement des prestations publiques (invalidit\u00e9, veuvage, orphelin, etc.)<\/li>\n\n\n\n<li>S\u00e9curit\u00e9 sociale<\/li>\n\n\n\n<li>Dossiers de r\u00e9gulation de l&#8217;emploi et restructuration des effectifs<\/li>\n\n\n\n<li>M\u00e9diation et n\u00e9gociation en mati\u00e8re du travail<\/li>\n<\/ul>\n<\/div>\n\n\n\n<div class=\"wp-block-column is-layout-flow wp-block-column-is-layout-flow\"><\/div>\n<\/div>\n\n\n\n<h3 class=\"wp-block-heading has-text-align-center has-cinc-orange-color has-text-color has-large-font-size\" style=\"margin-top:0;margin-right:0;margin-bottom:0;margin-left:0;padding-top:4rem;padding-right:4rem;padding-bottom:4rem;padding-left:4rem;font-style:normal;font-weight:300\">Si vous souhaitez plus d&rsquo;informations sur les services que nous offrons, veuillez consulter notre catalogue.<\/h3>\n<\/div>\n\n\n\n<div class=\"wp-block-uagb-container uagb-block-cedb4611 alignfull uagb-is-root-container\"><div class=\"uagb-container-inner-blocks-wrap\">\n<h2 class=\"wp-block-heading has-text-align-center\">Nos si\u00e8ges<\/h2>\n<\/div><\/div>\n\n<div class=\"wp-block-uagb-container uagb-block-4984a167 alignfull uagb-is-root-container\"><div class=\"uagb-container-inner-blocks-wrap\">\n<div class=\"wp-block-uagb-container uagb-block-3cdfd36b\">\n<div class=\"wp-block-group is-layout-constrained wp-block-group-is-layout-constrained\">\n<figure class=\"wp-block-image size-full is-resized\"><img loading=\"lazy\" decoding=\"async\" width=\"1200\" height=\"851\" src=\"https:\/\/www.cinc.com\/wp-content\/uploads\/2024\/01\/edifici-cinc-1.webp\" alt=\"\" class=\"wp-image-20395\" style=\"aspect-ratio:3\/2;object-fit:cover;width:500px;height:undefinedpx\" srcset=\"https:\/\/www.cinc.com\/wp-content\/uploads\/2024\/01\/edifici-cinc-1.webp 1200w, https:\/\/www.cinc.com\/wp-content\/uploads\/2024\/01\/edifici-cinc-1-300x213.webp 300w, https:\/\/www.cinc.com\/wp-content\/uploads\/2024\/01\/edifici-cinc-1-1024x726.webp 1024w, https:\/\/www.cinc.com\/wp-content\/uploads\/2024\/01\/edifici-cinc-1-768x545.webp 768w\" sizes=\"auto, (max-width: 1200px) 100vw, 1200px\" \/><\/figure>\n\n\n\n<div class=\"wp-block-group is-layout-constrained wp-block-group-is-layout-constrained\" style=\"margin-top:0;margin-bottom:0;padding-top:var(--wp--preset--spacing--20);padding-bottom:var(--wp--preset--spacing--20)\">\n<p class=\"has-text-align-center\" style=\"margin-top:0;margin-bottom:0;padding-top:0;padding-bottom:0\"><strong><a href=\"https:\/\/www.cinc.com\/fr\/cinc-barcelona-2\/\" data-type=\"link\" data-id=\"https:\/\/www.cinc.com\/cinc-barcelona\/\">CINC BARCELONA<\/a><\/strong><\/p>\n\n\n\n<p class=\"has-text-align-center\" style=\"margin-top:0;margin-bottom:0;padding-top:0;padding-bottom:0\">C\/Llull, 321<\/p>\n<\/div>\n<\/div>\n<\/div>\n\n\n\n<div class=\"wp-block-uagb-container uagb-block-3cdfd36b\">\n<div class=\"wp-block-group is-layout-constrained wp-block-group-is-layout-constrained\">\n<figure class=\"wp-block-image size-full is-resized\"><img loading=\"lazy\" decoding=\"async\" width=\"1200\" height=\"831\" src=\"https:\/\/www.cinc.com\/wp-content\/uploads\/2024\/01\/edifici-cinc-2.webp\" alt=\"\" class=\"wp-image-20399\" style=\"aspect-ratio:3\/2;object-fit:cover;width:500px;height:undefinedpx\" srcset=\"https:\/\/www.cinc.com\/wp-content\/uploads\/2024\/01\/edifici-cinc-2.webp 1200w, https:\/\/www.cinc.com\/wp-content\/uploads\/2024\/01\/edifici-cinc-2-300x208.webp 300w, https:\/\/www.cinc.com\/wp-content\/uploads\/2024\/01\/edifici-cinc-2-1024x709.webp 1024w, https:\/\/www.cinc.com\/wp-content\/uploads\/2024\/01\/edifici-cinc-2-768x532.webp 768w\" sizes=\"auto, (max-width: 1200px) 100vw, 1200px\" \/><\/figure>\n\n\n\n<div class=\"wp-block-group is-layout-constrained wp-block-group-is-layout-constrained\" style=\"padding-top:var(--wp--preset--spacing--20);padding-bottom:var(--wp--preset--spacing--20)\">\n<p class=\"has-text-align-center\" style=\"margin-top:0;margin-bottom:0\"><strong><a href=\"https:\/\/www.cinc.com\/fr\/cinc-girona-2\/\" data-type=\"link\" data-id=\"https:\/\/www.cinc.com\/cinc-girona\/\">CINC GIRONA<\/a><\/strong><\/p>\n\n\n\n<p class=\"has-text-align-center\" style=\"margin-top:0;margin-bottom:0;padding-top:0;padding-bottom:0\">C\/Riu G\u00fcell, 58<\/p>\n<\/div>\n<\/div>\n<\/div>\n\n\n\n<div class=\"wp-block-uagb-container uagb-block-3cdfd36b\">\n<div class=\"wp-block-group is-layout-constrained wp-block-group-is-layout-constrained\">\n<figure class=\"wp-block-image size-full is-resized\"><img loading=\"lazy\" decoding=\"async\" width=\"1200\" height=\"1014\" src=\"https:\/\/www.cinc.com\/wp-content\/uploads\/2024\/01\/edifici-cinc-3.webp\" alt=\"\" class=\"wp-image-20404\" style=\"aspect-ratio:3\/2;object-fit:cover;width:500px;height:undefinedpx\" srcset=\"https:\/\/www.cinc.com\/wp-content\/uploads\/2024\/01\/edifici-cinc-3.webp 1200w, https:\/\/www.cinc.com\/wp-content\/uploads\/2024\/01\/edifici-cinc-3-300x254.webp 300w, https:\/\/www.cinc.com\/wp-content\/uploads\/2024\/01\/edifici-cinc-3-1024x865.webp 1024w, https:\/\/www.cinc.com\/wp-content\/uploads\/2024\/01\/edifici-cinc-3-768x649.webp 768w\" sizes=\"auto, (max-width: 1200px) 100vw, 1200px\" \/><\/figure>\n\n\n\n<div class=\"wp-block-group is-layout-constrained wp-block-group-is-layout-constrained\" style=\"padding-top:var(--wp--preset--spacing--20);padding-bottom:var(--wp--preset--spacing--20)\">\n<p class=\"has-text-align-center\" style=\"margin-top:0;margin-bottom:0;padding-top:0;padding-bottom:0\"><strong>CINC FIGUERES<\/strong><\/p>\n\n\n\n<p class=\"has-text-align-center\" style=\"margin-top:0;margin-bottom:0;padding-top:0;padding-bottom:0\">C\/Blanc, 8<\/p>\n<\/div>\n<\/div>\n<\/div>\n<\/div><\/div>\n\n\n\n<div class=\"wp-block-uagb-container uagb-block-66a52195 default uagb-is-root-container\">\n<div class=\"wp-block-uagb-advanced-heading uagb-block-d47e4286\"><h2 class=\"uagb-heading-text\">Actualit\u00e9s<\/h2><\/div>\n\n\n\n\t\t\t<div class=\"wp-block-uagb-post-grid uagb-post-grid  uagb-post__image-position-top uagb-post__image-enabled uagb-block-ad528a11     uagb-post__items uagb-post__columns-3 is-grid uagb-post__columns-tablet-2 uagb-post__columns-mobile-1 uagb-post__equal-height\" data-total=\"3\" style=\"\">\n\n\t\t\t\t\t\t\t\t\t\t\t\t<article class=\"uagb-post__inner-wrap\">\t\t\t\t\t\t\t\t<div class='uagb-post__image'>\n\t\t\t\t\t\t\t\t\t<a href=\"https:\/\/www.cinc.com\/fr\/le-nouveau-reglement-sur-limmigration-entre-en-vigueur-nous-vous-expliquons-les-changements-et-nouveautes-les-plus-importants\/\" target=\"_self\" rel=\"bookmark noopener noreferrer\" class='uagb-image-ratio-9-16'><img loading=\"lazy\" decoding=\"async\" width=\"300\" height=\"169\" src=\"https:\/\/www.cinc.com\/wp-content\/uploads\/nuevo-reglamento-extranjeria-1-300x169.webp\" class=\"attachment-medium size-medium\" alt=\"Entr\u00e9e en vigueur du r\u00e8glement sur l\u2019immigration\" srcset=\"https:\/\/www.cinc.com\/wp-content\/uploads\/nuevo-reglamento-extranjeria-1-300x169.webp 300w, https:\/\/www.cinc.com\/wp-content\/uploads\/nuevo-reglamento-extranjeria-1-1024x576.webp 1024w, https:\/\/www.cinc.com\/wp-content\/uploads\/nuevo-reglamento-extranjeria-1-768x432.webp 768w, https:\/\/www.cinc.com\/wp-content\/uploads\/nuevo-reglamento-extranjeria-1-1536x864.webp 1536w, https:\/\/www.cinc.com\/wp-content\/uploads\/nuevo-reglamento-extranjeria-1.webp 1920w\" sizes=\"auto, (max-width: 300px) 100vw, 300px\" \/>\t\t\t\t\t<\/a>\n\t\t\t\t\t\t\t<\/div>\n\t\t\t\t\t\t<h4 class=\"uagb-post__title uagb-post__text\">\n\t\t\t\t<a href=\"https:\/\/www.cinc.com\/fr\/le-nouveau-reglement-sur-limmigration-entre-en-vigueur-nous-vous-expliquons-les-changements-et-nouveautes-les-plus-importants\/\" target=\"_self\" rel=\"bookmark noopener noreferrer\">Le nouveau R\u00e8glement sur l\u2019immigration entre en vigueur: nous vous expliquons les changements et nouveaut\u00e9s les plus importants.<\/a>\n\t\t\t<\/h4>\n\t\t\t\t\t\t<div class='uagb-post__text uagb-post-grid-byline'>\n\t\t\t\t\t\t\t<\/div>\n\t\t\t\t\t\t\t<div class='uagb-post__text uagb-post__excerpt'>\n\t\t\t\t\tLe RELOEX est d\u00e9sormais officiel : changements et formation pour une application plus efficace du&#8230;\t\t\t\t<\/div>\n\t\t\t\t\t\t<div class=\"uagb-post__text uagb-post__cta wp-block-button\">\n\t\t\t\t<a class=\"wp-block-button__link uagb-text-link\" style=\"\" href=\"https:\/\/www.cinc.com\/fr\/le-nouveau-reglement-sur-limmigration-entre-en-vigueur-nous-vous-expliquons-les-changements-et-nouveautes-les-plus-importants\/\" target=\"_self\" rel=\"bookmark noopener noreferrer\">Lire la suite<\/a>\n\t\t\t<\/div>\n\t\t\t\n\t\t\t\t\t\t\t\t\t<\/article>\n\t\t\t\t\t\t\t\t\t\t\t\t\t\t\t\t<article class=\"uagb-post__inner-wrap\">\t\t\t\t\t\t\t\t<div class='uagb-post__image'>\n\t\t\t\t\t\t\t\t\t<a href=\"https:\/\/www.cinc.com\/fr\/semaine-de-travail-de-375-heures-et-nouveau-registre-horaire-numerique-que-doivent-savoir-les-entreprises\/\" target=\"_self\" rel=\"bookmark noopener noreferrer\" class='uagb-image-ratio-9-16'><img loading=\"lazy\" decoding=\"async\" width=\"300\" height=\"169\" src=\"https:\/\/www.cinc.com\/wp-content\/uploads\/jornada-37hores-registre-horari-300x169.png\" class=\"attachment-medium size-medium\" alt=\"Enregistrement horaire 35h\" srcset=\"https:\/\/www.cinc.com\/wp-content\/uploads\/jornada-37hores-registre-horari-300x169.png 300w, https:\/\/www.cinc.com\/wp-content\/uploads\/jornada-37hores-registre-horari-1024x576.png 1024w, https:\/\/www.cinc.com\/wp-content\/uploads\/jornada-37hores-registre-horari-768x432.png 768w, https:\/\/www.cinc.com\/wp-content\/uploads\/jornada-37hores-registre-horari-1536x864.png 1536w, https:\/\/www.cinc.com\/wp-content\/uploads\/jornada-37hores-registre-horari.png 1920w\" sizes=\"auto, (max-width: 300px) 100vw, 300px\" \/>\t\t\t\t\t<\/a>\n\t\t\t\t\t\t\t<\/div>\n\t\t\t\t\t\t<h4 class=\"uagb-post__title uagb-post__text\">\n\t\t\t\t<a href=\"https:\/\/www.cinc.com\/fr\/semaine-de-travail-de-375-heures-et-nouveau-registre-horaire-numerique-que-doivent-savoir-les-entreprises\/\" target=\"_self\" rel=\"bookmark noopener noreferrer\">Semaine de travail de 37,5 heures et nouveau registre horaire num\u00e9rique: que doivent savoir les entreprises?<\/a>\n\t\t\t<\/h4>\n\t\t\t\t\t\t<div class='uagb-post__text uagb-post-grid-byline'>\n\t\t\t\t\t\t\t<\/div>\n\t\t\t\t\t\t\t<div class='uagb-post__text uagb-post__excerpt'>\n\t\t\t\t\tLa nouvelle dur\u00e9e de travail de 37,5 heures et l\u2019enregistrement num\u00e9rique vont changer votre fa\u00e7on&#8230;\t\t\t\t<\/div>\n\t\t\t\t\t\t<div class=\"uagb-post__text uagb-post__cta wp-block-button\">\n\t\t\t\t<a class=\"wp-block-button__link uagb-text-link\" style=\"\" href=\"https:\/\/www.cinc.com\/fr\/semaine-de-travail-de-375-heures-et-nouveau-registre-horaire-numerique-que-doivent-savoir-les-entreprises\/\" target=\"_self\" rel=\"bookmark noopener noreferrer\">Lire la suite<\/a>\n\t\t\t<\/div>\n\t\t\t\n\t\t\t\t\t\t\t\t\t<\/article>\n\t\t\t\t\t\t\t\t\t\t\t\t\t\t\t\t<article class=\"uagb-post__inner-wrap\">\t\t\t\t\t\t\t\t<div class='uagb-post__image'>\n\t\t\t\t\t\t\t\t\t<a href=\"https:\/\/www.cinc.com\/fr\/demander-une-photocopie-de-la-carte-didentite-dans-les-hotels-et-hebergements-touristiques-une-erreur-juridique-qui-peut-couter-tres-cher\/\" target=\"_self\" rel=\"bookmark noopener noreferrer\" class='uagb-image-ratio-9-16'><img loading=\"lazy\" decoding=\"async\" width=\"300\" height=\"169\" src=\"https:\/\/www.cinc.com\/wp-content\/uploads\/pedir-fotocopia-dni-es-legal-300x169.webp\" class=\"attachment-medium size-medium\" alt=\"Demander une photocopie de la carte d\u2019identit\u00e9 dans un h\u00f4tel\" srcset=\"https:\/\/www.cinc.com\/wp-content\/uploads\/pedir-fotocopia-dni-es-legal-300x169.webp 300w, https:\/\/www.cinc.com\/wp-content\/uploads\/pedir-fotocopia-dni-es-legal-1024x576.webp 1024w, https:\/\/www.cinc.com\/wp-content\/uploads\/pedir-fotocopia-dni-es-legal-768x432.webp 768w, https:\/\/www.cinc.com\/wp-content\/uploads\/pedir-fotocopia-dni-es-legal-1536x864.webp 1536w, https:\/\/www.cinc.com\/wp-content\/uploads\/pedir-fotocopia-dni-es-legal.webp 1920w\" sizes=\"auto, (max-width: 300px) 100vw, 300px\" \/>\t\t\t\t\t<\/a>\n\t\t\t\t\t\t\t<\/div>\n\t\t\t\t\t\t<h4 class=\"uagb-post__title uagb-post__text\">\n\t\t\t\t<a href=\"https:\/\/www.cinc.com\/fr\/demander-une-photocopie-de-la-carte-didentite-dans-les-hotels-et-hebergements-touristiques-une-erreur-juridique-qui-peut-couter-tres-cher\/\" target=\"_self\" rel=\"bookmark noopener noreferrer\">Demander une photocopie de la carte d\u2019identit\u00e9 dans les h\u00f4tels et h\u00e9bergements touristiques: une erreur juridique qui peut co\u00fbter tr\u00e8s cher<\/a>\n\t\t\t<\/h4>\n\t\t\t\t\t\t<div class='uagb-post__text uagb-post-grid-byline'>\n\t\t\t\t\t\t\t<\/div>\n\t\t\t\t\t\t\t<div class='uagb-post__text uagb-post__excerpt'>\n\t\t\t\t\tNous vous expliquons le cas d\u2019une entreprise h\u00f4teli\u00e8re sanctionn\u00e9e d\u2019une amende de 75000 euros pour&#8230;\t\t\t\t<\/div>\n\t\t\t\t\t\t<div class=\"uagb-post__text uagb-post__cta wp-block-button\">\n\t\t\t\t<a class=\"wp-block-button__link uagb-text-link\" style=\"\" href=\"https:\/\/www.cinc.com\/fr\/demander-une-photocopie-de-la-carte-didentite-dans-les-hotels-et-hebergements-touristiques-une-erreur-juridique-qui-peut-couter-tres-cher\/\" target=\"_self\" rel=\"bookmark noopener noreferrer\">Lire la suite<\/a>\n\t\t\t<\/div>\n\t\t\t\n\t\t\t\t\t\t\t\t\t<\/article>\n\t\t\t\t\t\t\t\t\t\t\t<\/div>\n\t\t\t<\/div>\n\n\n\n<div class=\"wp-block-uagb-container uagb-block-490cca05 alignfull uagb-is-root-container\"><div class=\"uagb-container-inner-blocks-wrap\">\n<h2 class=\"wp-block-heading has-mask-fill no-margins\">Ev\u00e9nements et conf\u00e9rences<\/h2>\n\n\n\n<p>D\u00e9couvrez et inscrivez-vous \u00e0 tous les \u00e9v\u00e9nements et conf\u00e9rences organis\u00e9s!<\/p>\n\n\n\n<div class=\"wp-block-buttons is-layout-flex wp-block-buttons-is-layout-flex\">\n<div class=\"wp-block-button\"><a class=\"wp-block-button__link wp-element-button\" href=\"https:\/\/www.cinc.com\/fr\/evenements\/\">Voir les ev\u00e9nements<\/a><\/div>\n<\/div>\n<\/div><\/div>\n\n\n\n<div class=\"wp-block-uagb-container uagb-block-520c94a1 alignfull uagb-is-root-container\"><div class=\"uagb-container-inner-blocks-wrap\">\n<div class=\"marquee-text-wrapper \"><p class=\"marquee-text big-title fw\">Inscrivez-vous \u00e0 notre newsletter<\/p><\/div>\n\n\n<div class=\"wp-block-cinc-blocks-newsletter-form\">\n    <form id=\"newsletter-form\" method=\"POST\" class=\"wp-block-cinc-blocks-newsletter-form__form\">\n        <input class=\"wp-block-cinc-blocks-newsletter-form__field\" type=\"text\" placeholder=\"Your name\" name=\"name\" required \/>\n        <select class=\"wp-block-cinc-blocks-newsletter-form__select\" name=\"town\" required>\n            <option value=\"\" readonly>Town<\/option>\n            <option value=\"barcelona\">Barcelona<\/option>\n            <option value=\"girona\">Girona<\/option>\n        <\/select>\n        <input class=\"wp-block-cinc-blocks-newsletter-form__field\" type=\"email\" placeholder=\"Your email\" name=\"email\" required \/>\n        <button class=\"wp-block-cinc-blocks-newsletter-form__button\">Subscribe<\/button>\n    <\/form>\n    <div id=\"newsletter-form-response\"><\/div>\n<\/div><\/div><\/div>\n","protected":false},"excerpt":{"rendered":"<p>Actualit\u00e9s<\/p>\n","protected":false},"author":4,"featured_media":0,"parent":23831,"menu_order":4,"comment_status":"closed","ping_status":"closed","template":"","meta":{"_acf_changed":false,"_uag_custom_page_level_css":"","footnotes":""},"class_list":["post-23846","page","type-page","status-publish","hentry"],"acf":[],"uagb_featured_image_src":{"full":false,"thumbnail":false,"medium":false,"medium_large":false,"large":false,"1536x1536":false,"2048x2048":false,"gform-image-choice-sm":false,"gform-image-choice-md":false,"gform-image-choice-lg":false},"uagb_author_info":{"display_name":"Paula","author_link":"https:\/\/www.cinc.com\/fr\/author\/paula\/"},"uagb_comment_info":0,"uagb_excerpt":"Actualit\u00e9s","jetpack_sharing_enabled":true,"_links":{"self":[{"href":"https:\/\/www.cinc.com\/fr\/wp-json\/wp\/v2\/pages\/23846","targetHints":{"allow":["GET"]}}],"collection":[{"href":"https:\/\/www.cinc.com\/fr\/wp-json\/wp\/v2\/pages"}],"about":[{"href":"https:\/\/www.cinc.com\/fr\/wp-json\/wp\/v2\/types\/page"}],"author":[{"embeddable":true,"href":"https:\/\/www.cinc.com\/fr\/wp-json\/wp\/v2\/users\/4"}],"replies":[{"embeddable":true,"href":"https:\/\/www.cinc.com\/fr\/wp-json\/wp\/v2\/comments?post=23846"}],"version-history":[{"count":10,"href":"https:\/\/www.cinc.com\/fr\/wp-json\/wp\/v2\/pages\/23846\/revisions"}],"predecessor-version":[{"id":32744,"href":"https:\/\/www.cinc.com\/fr\/wp-json\/wp\/v2\/pages\/23846\/revisions\/32744"}],"up":[{"embeddable":true,"href":"https:\/\/www.cinc.com\/fr\/wp-json\/wp\/v2\/pages\/23831"}],"wp:attachment":[{"href":"https:\/\/www.cinc.com\/fr\/wp-json\/wp\/v2\/media?parent=23846"}],"curies":[{"name":"wp","href":"https:\/\/api.w.org\/{rel}","templated":true}]}}