{"id":23831,"date":"2023-03-07T10:31:01","date_gmt":"2023-03-07T09:31:01","guid":{"rendered":"https:\/\/www.cinc.com\/conseil-en-entreprise-et-gestion\/"},"modified":"2025-11-28T12:59:20","modified_gmt":"2025-11-28T11:59:20","slug":"conseil-en-entreprise-et-gestion","status":"publish","type":"page","link":"https:\/\/www.cinc.com\/fr\/conseil-en-entreprise-et-gestion\/","title":{"rendered":"Conseil en entreprise"},"content":{"rendered":"\n<div class=\"wp-block-humpton-gutenberg-container content-row light-section normal row_padding_top row_padding_bottom change-header-color\" data-bgcolor=\"#ffffff\" style=\"text-align:left\">\n<div class=\"wp-block-humpton-gutenberg-container content-row light-section normal row_padding_bottom\" data-bgcolor=\"#ffffff\" style=\"text-align:left\">\n<h2 class=\"wp-block-heading\" style=\"margin-bottom:var(--wp--preset--spacing--70)\"><strong><strong><strong><strong>Pourquoi nous sommes choisi?<\/strong><\/strong><\/strong><\/strong><\/h2>\n\n\n\n<div class=\"wp-block-columns is-layout-flex wp-container-core-columns-is-layout-f93a57d3 wp-block-columns-is-layout-flex\">\n<div class=\"wp-block-column is-layout-flow wp-block-column-is-layout-flow\">\n<div class=\"wp-block-group is-layout-constrained wp-block-group-is-layout-constrained\">\n<figure class=\"wp-block-image size-full is-resized\"><img loading=\"lazy\" decoding=\"async\" width=\"168\" height=\"157\" src=\"https:\/\/www.cinc.com\/wp-content\/uploads\/2023\/10\/Mesa-de-trabajo-4-copia-8-1.png\" alt=\"\" class=\"wp-image-18077\" style=\"aspect-ratio:1.070063694267516;width:54px;height:auto\"\/><\/figure>\n\n\n\n<p style=\"margin-top:0;margin-bottom:0\"><strong><strong>Exp\u00e9rience<\/strong><\/strong><\/p>\n\n\n\n<p>Nous savons ce que nous faisons : nous sommes au service des grandes entreprises, des PME et des travailleurs ind\u00e9pendants dans divers secteurs depuis plus de 30 ans.<\/p>\n<\/div>\n<\/div>\n\n\n\n<div class=\"wp-block-column is-layout-flow wp-block-column-is-layout-flow\">\n<div class=\"wp-block-group is-layout-constrained wp-block-group-is-layout-constrained\">\n<figure class=\"wp-block-image size-full is-resized\"><img loading=\"lazy\" decoding=\"async\" width=\"168\" height=\"157\" src=\"http:\/\/www.cinc.com\/wp-content\/uploads\/2023\/10\/Mesa-de-trabajo-4-copia-5.png\" alt=\"\" class=\"wp-image-18044\" style=\"aspect-ratio:1.070063694267516;width:52px;height:auto\"\/><\/figure>\n\n\n\n<p style=\"margin-top:0;margin-bottom:0\"><strong><strong><strong>Qualit\u00e9<\/strong><\/strong><\/strong><\/p>\n\n\n\n<p>Nous mettons \u00e0 votre disposition un conseil en entreprise \u00e0 360\u00b0 avec une \u00e9quipe de professionnels sp\u00e9cialis\u00e9s qui vous offrent une attention personnalis\u00e9e.<\/p>\n<\/div>\n<\/div>\n\n\n\n<div class=\"wp-block-column is-layout-flow wp-block-column-is-layout-flow\">\n<div class=\"wp-block-group is-layout-constrained wp-block-group-is-layout-constrained\">\n<figure class=\"wp-block-image size-full is-resized\"><img loading=\"lazy\" decoding=\"async\" width=\"168\" height=\"157\" src=\"http:\/\/www.cinc.com\/wp-content\/uploads\/2023\/10\/Mesa-de-trabajo-4-copia-14.png\" alt=\"\" class=\"wp-image-18048\" style=\"aspect-ratio:1.070063694267516;width:54px;height:auto\"\/><\/figure>\n\n\n\n<p style=\"margin-top:0;margin-bottom:0\"><strong><strong>Proximit\u00e9<\/strong><\/strong><\/p>\n\n\n\n<p>Nous sommes toujours \u00e0 vos c\u00f4t\u00e9s pour r\u00e9soudre tous vos doutes et assurer une communication agile et directe.<\/p>\n<\/div>\n<\/div>\n\n\n\n<div class=\"wp-block-column is-layout-flow wp-block-column-is-layout-flow\">\n<div class=\"wp-block-group is-layout-constrained wp-block-group-is-layout-constrained\">\n<figure class=\"wp-block-image size-full\"><img loading=\"lazy\" decoding=\"async\" width=\"50\" height=\"47\" src=\"http:\/\/www.cinc.com\/wp-content\/uploads\/2023\/03\/Icon18.png\" alt=\"\" class=\"wp-image-12251\"\/><\/figure>\n\n\n\n<p style=\"margin-top:0;margin-bottom:0\"><strong><strong><strong>Innovation<\/strong><\/strong><\/strong><\/p>\n\n\n\n<p>Nous disposons des meilleurs outils et processus num\u00e9riques pour vous offrir un service rapide et \u00e0 la pointe de la technologie.<\/p>\n<\/div>\n<\/div>\n<\/div>\n<\/div>\n<\/div>\n\n\n\n<div class=\"wp-block-humpton-gutenberg-container content-row light-section normal row_padding_bottom change-header-color\" data-bgcolor=\"#ffffff\" style=\"text-align:left\">\n<div class=\"marquee-text-wrapper \"><p class=\"marquee-text big-title fw\">Services de conseil CINC<\/p><\/div>\n<\/div>\n\n\n\n<div class=\"wp-block-uagb-container uagb-block-c06a8757 alignfull uagb-is-root-container\"><div class=\"uagb-container-inner-blocks-wrap\">\n<div class=\"wp-block-uagb-container uagb-block-e0cb9f4e\">\n<div class=\"wp-block-cover has-custom-content-position is-position-bottom-left rounded-big--top-left\"><img loading=\"lazy\" decoding=\"async\" width=\"1200\" height=\"1800\" class=\"wp-block-cover__image-background wp-image-11293\" alt=\"\" src=\"https:\/\/www.cinc.com\/wp-content\/uploads\/2023\/03\/MicrosoftTeams-image-4-1.jpg\" data-object-fit=\"cover\"\/><span aria-hidden=\"true\" class=\"wp-block-cover__background has-background-dim-10 has-background-dim\"><\/span><div class=\"wp-block-cover__inner-container is-layout-flow wp-block-cover-is-layout-flow\">\n<h2 class=\"wp-block-heading has-text-align-left has-large-font-size\"><a href=\"https:\/\/www.cinc.com\/fr\/travailleurs-independants-et-entreprises\/\" data-type=\"link\" data-id=\"https:\/\/www.cinc.com\/autonoms-i-empreses\/\">Travailleurs ind\u00e9pendants et entreprises<\/a><\/h2>\n<\/div><\/div>\n<\/div>\n\n\n\n<div class=\"wp-block-uagb-container uagb-block-d2887f04\">\n<div class=\"wp-block-cover has-custom-content-position is-position-bottom-left\"><img loading=\"lazy\" decoding=\"async\" width=\"1200\" height=\"580\" class=\"wp-block-cover__image-background wp-image-18330\" alt=\"\" src=\"http:\/\/www.cinc.com\/wp-content\/uploads\/2023\/10\/particularsifamilia.jpg\" data-object-fit=\"cover\" srcset=\"https:\/\/www.cinc.com\/wp-content\/uploads\/2023\/10\/particularsifamilia.jpg 1200w, https:\/\/www.cinc.com\/wp-content\/uploads\/2023\/10\/particularsifamilia-300x145.jpg 300w, https:\/\/www.cinc.com\/wp-content\/uploads\/2023\/10\/particularsifamilia-1024x495.jpg 1024w, https:\/\/www.cinc.com\/wp-content\/uploads\/2023\/10\/particularsifamilia-768x371.jpg 768w\" sizes=\"auto, (max-width: 1200px) 100vw, 1200px\" \/><span aria-hidden=\"true\" class=\"wp-block-cover__background has-background-dim-30 has-background-dim\"><\/span><div class=\"wp-block-cover__inner-container is-layout-flow wp-block-cover-is-layout-flow\">\n<h2 class=\"wp-block-heading has-text-align-left has-white-color has-text-color has-large-font-size\"><a href=\"https:\/\/www.cinc.com\/fr\/particuliers-et-famille\/\" data-type=\"link\" data-id=\"https:\/\/www.cinc.com\/particulars-i-familia\/\">Particuliers et famille<\/a><\/h2>\n<\/div><\/div>\n<\/div>\n\n\n\n<div class=\"wp-block-uagb-container uagb-block-eeda9232\">\n<div class=\"wp-block-cover is-light has-custom-content-position is-position-bottom-left rounded-big--bottom-right\"><img loading=\"lazy\" decoding=\"async\" width=\"1200\" height=\"800\" class=\"wp-block-cover__image-background wp-image-18343\" alt=\"\" src=\"http:\/\/www.cinc.com\/wp-content\/uploads\/2023\/10\/noresident.jpg\" data-object-fit=\"cover\" srcset=\"https:\/\/www.cinc.com\/wp-content\/uploads\/2023\/10\/noresident.jpg 1200w, https:\/\/www.cinc.com\/wp-content\/uploads\/2023\/10\/noresident-300x200.jpg 300w, https:\/\/www.cinc.com\/wp-content\/uploads\/2023\/10\/noresident-1024x683.jpg 1024w, https:\/\/www.cinc.com\/wp-content\/uploads\/2023\/10\/noresident-768x512.jpg 768w\" sizes=\"auto, (max-width: 1200px) 100vw, 1200px\" \/><span aria-hidden=\"true\" class=\"wp-block-cover__background has-background-dim-30 has-background-dim\"><\/span><div class=\"wp-block-cover__inner-container is-layout-flow wp-block-cover-is-layout-flow\">\n<h2 class=\"wp-block-heading has-text-align-left has-white-color has-text-color has-large-font-size\"><a href=\"https:\/\/www.cinc.com\/fr\/non-residents\/\">No r\u00e9sidents<\/a><\/h2>\n<\/div><\/div>\n<\/div>\n<\/div><\/div>\n\n\n\n<div class=\"wp-block-uagb-container uagb-block-258b5cec alignfull uagb-is-root-container\"><div class=\"uagb-container-inner-blocks-wrap\">\n<div class=\"wp-block-uagb-container uagb-block-7aeb13f8\">\n<div class=\"wp-block-cover has-custom-content-position is-position-bottom-left rounded-big--top-left\"><img loading=\"lazy\" decoding=\"async\" width=\"1200\" height=\"800\" class=\"wp-block-cover__image-background wp-image-18349\" alt=\"\" src=\"http:\/\/www.cinc.com\/wp-content\/uploads\/2023\/10\/emprenedors.jpg\" data-object-fit=\"cover\" srcset=\"https:\/\/www.cinc.com\/wp-content\/uploads\/2023\/10\/emprenedors.jpg 1200w, https:\/\/www.cinc.com\/wp-content\/uploads\/2023\/10\/emprenedors-300x200.jpg 300w, https:\/\/www.cinc.com\/wp-content\/uploads\/2023\/10\/emprenedors-1024x683.jpg 1024w, https:\/\/www.cinc.com\/wp-content\/uploads\/2023\/10\/emprenedors-768x512.jpg 768w\" sizes=\"auto, (max-width: 1200px) 100vw, 1200px\" \/><span aria-hidden=\"true\" class=\"wp-block-cover__background has-background-dim-40 has-background-dim\"><\/span><div class=\"wp-block-cover__inner-container is-layout-flow wp-block-cover-is-layout-flow\">\n<h2 class=\"wp-block-heading has-text-align-left has-white-color has-text-color has-large-font-size\"><a href=\"https:\/\/www.cinc.com\/fr\/entreprendre-2\/\">Entrepreneurs<\/a><\/h2>\n<\/div><\/div>\n<\/div>\n\n\n\n<div class=\"wp-block-uagb-container uagb-block-7513e782\">\n<div class=\"wp-block-cover is-light has-custom-content-position is-position-bottom-left rounded-big--bottom-right\"><img loading=\"lazy\" decoding=\"async\" width=\"1200\" height=\"800\" class=\"wp-block-cover__image-background wp-image-18356\" alt=\"\" src=\"http:\/\/www.cinc.com\/wp-content\/uploads\/2023\/10\/tercersector.jpg\" data-object-fit=\"cover\" srcset=\"https:\/\/www.cinc.com\/wp-content\/uploads\/2023\/10\/tercersector.jpg 1200w, https:\/\/www.cinc.com\/wp-content\/uploads\/2023\/10\/tercersector-300x200.jpg 300w, https:\/\/www.cinc.com\/wp-content\/uploads\/2023\/10\/tercersector-1024x683.jpg 1024w, https:\/\/www.cinc.com\/wp-content\/uploads\/2023\/10\/tercersector-768x512.jpg 768w\" sizes=\"auto, (max-width: 1200px) 100vw, 1200px\" \/><span aria-hidden=\"true\" class=\"wp-block-cover__background has-background-dim-30 has-background-dim\"><\/span><div class=\"wp-block-cover__inner-container is-layout-flow wp-block-cover-is-layout-flow\">\n<h2 class=\"wp-block-heading has-text-align-left has-white-color has-text-color has-large-font-size\"><a href=\"https:\/\/www.cinc.com\/fr\/tercer-secteur\/\">Troisi\u00e8me secteur<\/a><\/h2>\n<\/div><\/div>\n<\/div>\n\n\n\n<div class=\"wp-block-uagb-container uagb-block-d23b6526\"><\/div>\n<\/div><\/div>\n\n\n\n<div class=\"wp-block-uagb-container uagb-block-cedb4611 alignfull uagb-is-root-container\"><div class=\"uagb-container-inner-blocks-wrap\">\n<h2 class=\"wp-block-heading has-text-align-center\">Nos si\u00e8ges<\/h2>\n<\/div><\/div>\n\n<div class=\"wp-block-uagb-container uagb-block-4984a167 alignfull uagb-is-root-container\"><div class=\"uagb-container-inner-blocks-wrap\">\n<div class=\"wp-block-uagb-container uagb-block-3cdfd36b\">\n<div class=\"wp-block-group is-layout-constrained wp-block-group-is-layout-constrained\">\n<figure class=\"wp-block-image size-full is-resized\"><img loading=\"lazy\" decoding=\"async\" width=\"1200\" height=\"851\" src=\"https:\/\/www.cinc.com\/wp-content\/uploads\/2024\/01\/edifici-cinc-1.webp\" alt=\"\" class=\"wp-image-20395\" style=\"aspect-ratio:3\/2;object-fit:cover;width:500px;height:undefinedpx\" srcset=\"https:\/\/www.cinc.com\/wp-content\/uploads\/2024\/01\/edifici-cinc-1.webp 1200w, https:\/\/www.cinc.com\/wp-content\/uploads\/2024\/01\/edifici-cinc-1-300x213.webp 300w, https:\/\/www.cinc.com\/wp-content\/uploads\/2024\/01\/edifici-cinc-1-1024x726.webp 1024w, https:\/\/www.cinc.com\/wp-content\/uploads\/2024\/01\/edifici-cinc-1-768x545.webp 768w\" sizes=\"auto, (max-width: 1200px) 100vw, 1200px\" \/><\/figure>\n\n\n\n<div class=\"wp-block-group is-layout-constrained wp-block-group-is-layout-constrained\" style=\"margin-top:0;margin-bottom:0;padding-top:var(--wp--preset--spacing--20);padding-bottom:var(--wp--preset--spacing--20)\">\n<p class=\"has-text-align-center\" style=\"margin-top:0;margin-bottom:0;padding-top:0;padding-bottom:0\"><strong><a href=\"https:\/\/www.cinc.com\/fr\/cinc-barcelona-2\/\" data-type=\"link\" data-id=\"https:\/\/www.cinc.com\/cinc-barcelona\/\">CINC BARCELONA<\/a><\/strong><\/p>\n\n\n\n<p class=\"has-text-align-center\" style=\"margin-top:0;margin-bottom:0;padding-top:0;padding-bottom:0\">C\/Llull, 321<\/p>\n<\/div>\n<\/div>\n<\/div>\n\n\n\n<div class=\"wp-block-uagb-container uagb-block-3cdfd36b\">\n<div class=\"wp-block-group is-layout-constrained wp-block-group-is-layout-constrained\">\n<figure class=\"wp-block-image size-full is-resized\"><img loading=\"lazy\" decoding=\"async\" width=\"1200\" height=\"831\" src=\"https:\/\/www.cinc.com\/wp-content\/uploads\/2024\/01\/edifici-cinc-2.webp\" alt=\"\" class=\"wp-image-20399\" style=\"aspect-ratio:3\/2;object-fit:cover;width:500px;height:undefinedpx\" srcset=\"https:\/\/www.cinc.com\/wp-content\/uploads\/2024\/01\/edifici-cinc-2.webp 1200w, https:\/\/www.cinc.com\/wp-content\/uploads\/2024\/01\/edifici-cinc-2-300x208.webp 300w, https:\/\/www.cinc.com\/wp-content\/uploads\/2024\/01\/edifici-cinc-2-1024x709.webp 1024w, https:\/\/www.cinc.com\/wp-content\/uploads\/2024\/01\/edifici-cinc-2-768x532.webp 768w\" sizes=\"auto, (max-width: 1200px) 100vw, 1200px\" \/><\/figure>\n\n\n\n<div class=\"wp-block-group is-layout-constrained wp-block-group-is-layout-constrained\" style=\"padding-top:var(--wp--preset--spacing--20);padding-bottom:var(--wp--preset--spacing--20)\">\n<p class=\"has-text-align-center\" style=\"margin-top:0;margin-bottom:0\"><strong><a href=\"https:\/\/www.cinc.com\/fr\/cinc-girona-2\/\" data-type=\"link\" data-id=\"https:\/\/www.cinc.com\/cinc-girona\/\">CINC GIRONA<\/a><\/strong><\/p>\n\n\n\n<p class=\"has-text-align-center\" style=\"margin-top:0;margin-bottom:0;padding-top:0;padding-bottom:0\">C\/Riu G\u00fcell, 58<\/p>\n<\/div>\n<\/div>\n<\/div>\n\n\n\n<div class=\"wp-block-uagb-container uagb-block-3cdfd36b\">\n<div class=\"wp-block-group is-layout-constrained wp-block-group-is-layout-constrained\">\n<figure class=\"wp-block-image size-full is-resized\"><img loading=\"lazy\" decoding=\"async\" width=\"1200\" height=\"1014\" src=\"https:\/\/www.cinc.com\/wp-content\/uploads\/2024\/01\/edifici-cinc-3.webp\" alt=\"\" class=\"wp-image-20404\" style=\"aspect-ratio:3\/2;object-fit:cover;width:500px;height:undefinedpx\" srcset=\"https:\/\/www.cinc.com\/wp-content\/uploads\/2024\/01\/edifici-cinc-3.webp 1200w, https:\/\/www.cinc.com\/wp-content\/uploads\/2024\/01\/edifici-cinc-3-300x254.webp 300w, https:\/\/www.cinc.com\/wp-content\/uploads\/2024\/01\/edifici-cinc-3-1024x865.webp 1024w, https:\/\/www.cinc.com\/wp-content\/uploads\/2024\/01\/edifici-cinc-3-768x649.webp 768w\" sizes=\"auto, (max-width: 1200px) 100vw, 1200px\" \/><\/figure>\n\n\n\n<div class=\"wp-block-group is-layout-constrained wp-block-group-is-layout-constrained\" style=\"padding-top:var(--wp--preset--spacing--20);padding-bottom:var(--wp--preset--spacing--20)\">\n<p class=\"has-text-align-center\" style=\"margin-top:0;margin-bottom:0;padding-top:0;padding-bottom:0\"><strong>CINC FIGUERES<\/strong><\/p>\n\n\n\n<p class=\"has-text-align-center\" style=\"margin-top:0;margin-bottom:0;padding-top:0;padding-bottom:0\">C\/Blanc, 8<\/p>\n<\/div>\n<\/div>\n<\/div>\n<\/div><\/div>\n\n\n\n<div class=\"wp-block-uagb-container uagb-block-66a52195 default uagb-is-root-container\">\n<div class=\"wp-block-uagb-advanced-heading uagb-block-d47e4286\"><h2 class=\"uagb-heading-text\">Actualit\u00e9<\/h2><\/div>\n\n\n\n\t\t\t<div class=\"wp-block-uagb-post-grid uagb-post-grid  uagb-post__image-position-top uagb-post__image-enabled uagb-block-ad528a11     uagb-post__items uagb-post__columns-3 is-grid uagb-post__columns-tablet-2 uagb-post__columns-mobile-1 uagb-post__equal-height\" data-total=\"37\" style=\"\">\n\n\t\t\t\t\t\t\t\t\t\t\t\t<article class=\"uagb-post__inner-wrap\">\t\t\t\t\t\t\t\t<div class='uagb-post__image'>\n\t\t\t\t\t\t\t\t\t<a href=\"https:\/\/www.cinc.com\/fr\/le-nouveau-reglement-sur-limmigration-entre-en-vigueur-nous-vous-expliquons-les-changements-et-nouveautes-les-plus-importants\/\" target=\"_self\" rel=\"bookmark noopener noreferrer\" class='uagb-image-ratio-9-16'><img loading=\"lazy\" decoding=\"async\" width=\"300\" height=\"169\" src=\"https:\/\/www.cinc.com\/wp-content\/uploads\/nuevo-reglamento-extranjeria-1-300x169.webp\" class=\"attachment-medium size-medium\" alt=\"Entr\u00e9e en vigueur du r\u00e8glement sur l\u2019immigration\" srcset=\"https:\/\/www.cinc.com\/wp-content\/uploads\/nuevo-reglamento-extranjeria-1-300x169.webp 300w, https:\/\/www.cinc.com\/wp-content\/uploads\/nuevo-reglamento-extranjeria-1-1024x576.webp 1024w, https:\/\/www.cinc.com\/wp-content\/uploads\/nuevo-reglamento-extranjeria-1-768x432.webp 768w, https:\/\/www.cinc.com\/wp-content\/uploads\/nuevo-reglamento-extranjeria-1-1536x864.webp 1536w, https:\/\/www.cinc.com\/wp-content\/uploads\/nuevo-reglamento-extranjeria-1.webp 1920w\" sizes=\"auto, (max-width: 300px) 100vw, 300px\" \/>\t\t\t\t\t<\/a>\n\t\t\t\t\t\t\t<\/div>\n\t\t\t\t\t\t<h4 class=\"uagb-post__title uagb-post__text\">\n\t\t\t\t<a href=\"https:\/\/www.cinc.com\/fr\/le-nouveau-reglement-sur-limmigration-entre-en-vigueur-nous-vous-expliquons-les-changements-et-nouveautes-les-plus-importants\/\" target=\"_self\" rel=\"bookmark noopener noreferrer\">Le nouveau R\u00e8glement sur l\u2019immigration entre en vigueur: nous vous expliquons les changements et nouveaut\u00e9s les plus importants.<\/a>\n\t\t\t<\/h4>\n\t\t\t\t\t\t<div class='uagb-post__text uagb-post-grid-byline'>\n\t\t\t\t\t\t\t<\/div>\n\t\t\t\t\t\t\t<div class='uagb-post__text uagb-post__excerpt'>\n\t\t\t\t\tLe RELOEX est d\u00e9sormais officiel : changements et formation pour une application plus efficace du&#8230;\t\t\t\t<\/div>\n\t\t\t\t\t\t<div class=\"uagb-post__text uagb-post__cta wp-block-button\">\n\t\t\t\t<a class=\"wp-block-button__link uagb-text-link\" style=\"\" href=\"https:\/\/www.cinc.com\/fr\/le-nouveau-reglement-sur-limmigration-entre-en-vigueur-nous-vous-expliquons-les-changements-et-nouveautes-les-plus-importants\/\" target=\"_self\" rel=\"bookmark noopener noreferrer\">Lire la suite<\/a>\n\t\t\t<\/div>\n\t\t\t\n\t\t\t\t\t\t\t\t\t<\/article>\n\t\t\t\t\t\t\t\t\t\t\t\t\t\t\t\t<article class=\"uagb-post__inner-wrap\">\t\t\t\t\t\t\t\t<div class='uagb-post__image'>\n\t\t\t\t\t\t\t\t\t<a href=\"https:\/\/www.cinc.com\/fr\/nouveau-smi-en-2025-a-quoi-ressembleront-les-tranches-de-lirpf\/\" target=\"_self\" rel=\"bookmark noopener noreferrer\" class='uagb-image-ratio-9-16'><img loading=\"lazy\" decoding=\"async\" width=\"300\" height=\"169\" src=\"https:\/\/www.cinc.com\/wp-content\/uploads\/SMI-2025-y-tramos-IRPF-300x169.webp\" class=\"attachment-medium size-medium\" alt=\"\u00e0 quoi ressembleront les tranches de l&#039;IRPF\" srcset=\"https:\/\/www.cinc.com\/wp-content\/uploads\/SMI-2025-y-tramos-IRPF-300x169.webp 300w, https:\/\/www.cinc.com\/wp-content\/uploads\/SMI-2025-y-tramos-IRPF-1024x576.webp 1024w, https:\/\/www.cinc.com\/wp-content\/uploads\/SMI-2025-y-tramos-IRPF-768x432.webp 768w, https:\/\/www.cinc.com\/wp-content\/uploads\/SMI-2025-y-tramos-IRPF-1536x864.webp 1536w, https:\/\/www.cinc.com\/wp-content\/uploads\/SMI-2025-y-tramos-IRPF.webp 1920w\" sizes=\"auto, (max-width: 300px) 100vw, 300px\" \/>\t\t\t\t\t<\/a>\n\t\t\t\t\t\t\t<\/div>\n\t\t\t\t\t\t<h4 class=\"uagb-post__title uagb-post__text\">\n\t\t\t\t<a href=\"https:\/\/www.cinc.com\/fr\/nouveau-smi-en-2025-a-quoi-ressembleront-les-tranches-de-lirpf\/\" target=\"_self\" rel=\"bookmark noopener noreferrer\">Nouveau SMI en 2025: \u00e0 quoi ressembleront les tranches de l&rsquo;IRPF<\/a>\n\t\t\t<\/h4>\n\t\t\t\t\t\t<div class='uagb-post__text uagb-post-grid-byline'>\n\t\t\t\t\t\t\t<\/div>\n\t\t\t\t\t\t\t<div class='uagb-post__text uagb-post__excerpt'>\n\t\t\t\t\t<p>La r\u00e9cente augmentation du salaire minimum interprofessionnel (SMI) en Espagne \u00e0 1 184 euros par&#8230;\t\t\t\t<\/div>\n\t\t\t\t\t\t<div class=\"uagb-post__text uagb-post__cta wp-block-button\">\n\t\t\t\t<a class=\"wp-block-button__link uagb-text-link\" style=\"\" href=\"https:\/\/www.cinc.com\/fr\/nouveau-smi-en-2025-a-quoi-ressembleront-les-tranches-de-lirpf\/\" target=\"_self\" rel=\"bookmark noopener noreferrer\">Lire la suite<\/a>\n\t\t\t<\/div>\n\t\t\t\n\t\t\t\t\t\t\t\t\t<\/article>\n\t\t\t\t\t\t\t\t\t\t\t\t\t\t\t\t<article class=\"uagb-post__inner-wrap\">\t\t\t\t\t\t\t\t<div class='uagb-post__image'>\n\t\t\t\t\t\t\t\t\t<a href=\"https:\/\/www.cinc.com\/fr\/demandez-le-remboursement-de-limpot-sur-la-fortune\/\" target=\"_self\" rel=\"bookmark noopener noreferrer\" class='uagb-image-ratio-9-16'><img loading=\"lazy\" decoding=\"async\" width=\"300\" height=\"169\" src=\"https:\/\/www.cinc.com\/wp-content\/uploads\/2024\/02\/Fotos-Blog-CINC-WordPress-14-300x169.webp\" class=\"attachment-medium size-medium\" alt=\"Imp\u00f4t sur la fortune\" srcset=\"https:\/\/www.cinc.com\/wp-content\/uploads\/2024\/02\/Fotos-Blog-CINC-WordPress-14-300x169.webp 300w, https:\/\/www.cinc.com\/wp-content\/uploads\/2024\/02\/Fotos-Blog-CINC-WordPress-14-1024x576.webp 1024w, https:\/\/www.cinc.com\/wp-content\/uploads\/2024\/02\/Fotos-Blog-CINC-WordPress-14-768x432.webp 768w, https:\/\/www.cinc.com\/wp-content\/uploads\/2024\/02\/Fotos-Blog-CINC-WordPress-14-1536x864.webp 1536w, https:\/\/www.cinc.com\/wp-content\/uploads\/2024\/02\/Fotos-Blog-CINC-WordPress-14.webp 1920w\" sizes=\"auto, (max-width: 300px) 100vw, 300px\" \/>\t\t\t\t\t<\/a>\n\t\t\t\t\t\t\t<\/div>\n\t\t\t\t\t\t<h4 class=\"uagb-post__title uagb-post__text\">\n\t\t\t\t<a href=\"https:\/\/www.cinc.com\/fr\/demandez-le-remboursement-de-limpot-sur-la-fortune\/\" target=\"_self\" rel=\"bookmark noopener noreferrer\">Demandez le remboursement de l&rsquo;imp\u00f4t sur la fortune<\/a>\n\t\t\t<\/h4>\n\t\t\t\t\t\t<div class='uagb-post__text uagb-post-grid-byline'>\n\t\t\t\t\t\t\t<\/div>\n\t\t\t\t\t\t\t<div class='uagb-post__text uagb-post__excerpt'>\n\t\t\t\t\tNous vous expliquons la possibilit\u00e9 que votre imp\u00f4t soit d\u00e9clar\u00e9 inconstitutionnel afin que vous puissiez&#8230;\t\t\t\t<\/div>\n\t\t\t\t\t\t<div class=\"uagb-post__text uagb-post__cta wp-block-button\">\n\t\t\t\t<a class=\"wp-block-button__link uagb-text-link\" style=\"\" href=\"https:\/\/www.cinc.com\/fr\/demandez-le-remboursement-de-limpot-sur-la-fortune\/\" target=\"_self\" rel=\"bookmark noopener noreferrer\">Lire la suite<\/a>\n\t\t\t<\/div>\n\t\t\t\n\t\t\t\t\t\t\t\t\t<\/article>\n\t\t\t\t\t\t\t\t\t\t\t<\/div>\n\t\t\t<\/div>\n\n\n\n<div class=\"wp-block-uagb-container uagb-block-490cca05 alignfull uagb-is-root-container\"><div class=\"uagb-container-inner-blocks-wrap\">\n<h2 class=\"wp-block-heading has-mask-fill no-margins\">Ev\u00e9nements et conf\u00e9rences<\/h2>\n\n\n\n<p>D\u00e9couvrez et inscrivez-vous \u00e0 tous les \u00e9v\u00e9nements et conf\u00e9rences organis\u00e9s!<\/p>\n\n\n\n<div class=\"wp-block-buttons is-layout-flex wp-block-buttons-is-layout-flex\">\n<div class=\"wp-block-button\"><a class=\"wp-block-button__link wp-element-button\" href=\"https:\/\/www.cinc.com\/fr\/evenements\/\">Voir les ev\u00e9nements<\/a><\/div>\n<\/div>\n<\/div><\/div>\n\n\n\n<div class=\"wp-block-uagb-container uagb-block-520c94a1 alignfull uagb-is-root-container\"><div class=\"uagb-container-inner-blocks-wrap\">\n<div class=\"marquee-text-wrapper \"><p class=\"marquee-text big-title fw\">Inscrivez-vous \u00e0 notre newsletter<\/p><\/div>\n\n\n<div class=\"wp-block-cinc-blocks-newsletter-form\">\n    <form id=\"newsletter-form\" method=\"POST\" class=\"wp-block-cinc-blocks-newsletter-form__form\">\n        <input class=\"wp-block-cinc-blocks-newsletter-form__field\" type=\"text\" placeholder=\"Your name\" name=\"name\" required \/>\n        <select class=\"wp-block-cinc-blocks-newsletter-form__select\" name=\"town\" required>\n            <option value=\"\" readonly>Town<\/option>\n            <option value=\"barcelona\">Barcelona<\/option>\n            <option value=\"girona\">Girona<\/option>\n        <\/select>\n        <input class=\"wp-block-cinc-blocks-newsletter-form__field\" type=\"email\" placeholder=\"Your email\" name=\"email\" required \/>\n        <button class=\"wp-block-cinc-blocks-newsletter-form__button\">Subscribe<\/button>\n    <\/form>\n    <div id=\"newsletter-form-response\"><\/div>\n<\/div><\/div><\/div>\n","protected":false},"excerpt":{"rendered":"<p>Actualit\u00e9<\/p>\n","protected":false},"author":1,"featured_media":0,"parent":0,"menu_order":0,"comment_status":"closed","ping_status":"closed","template":"","meta":{"_acf_changed":false,"_uag_custom_page_level_css":"","footnotes":""},"class_list":["post-23831","page","type-page","status-publish","hentry"],"acf":[],"uagb_featured_image_src":{"full":false,"thumbnail":false,"medium":false,"medium_large":false,"large":false,"1536x1536":false,"2048x2048":false,"gform-image-choice-sm":false,"gform-image-choice-md":false,"gform-image-choice-lg":false},"uagb_author_info":{"display_name":"Pol","author_link":"https:\/\/www.cinc.com\/fr\/author\/pol\/"},"uagb_comment_info":0,"uagb_excerpt":"Actualit\u00e9","jetpack_sharing_enabled":true,"_links":{"self":[{"href":"https:\/\/www.cinc.com\/fr\/wp-json\/wp\/v2\/pages\/23831","targetHints":{"allow":["GET"]}}],"collection":[{"href":"https:\/\/www.cinc.com\/fr\/wp-json\/wp\/v2\/pages"}],"about":[{"href":"https:\/\/www.cinc.com\/fr\/wp-json\/wp\/v2\/types\/page"}],"author":[{"embeddable":true,"href":"https:\/\/www.cinc.com\/fr\/wp-json\/wp\/v2\/users\/1"}],"replies":[{"embeddable":true,"href":"https:\/\/www.cinc.com\/fr\/wp-json\/wp\/v2\/comments?post=23831"}],"version-history":[{"count":7,"href":"https:\/\/www.cinc.com\/fr\/wp-json\/wp\/v2\/pages\/23831\/revisions"}],"predecessor-version":[{"id":32644,"href":"https:\/\/www.cinc.com\/fr\/wp-json\/wp\/v2\/pages\/23831\/revisions\/32644"}],"wp:attachment":[{"href":"https:\/\/www.cinc.com\/fr\/wp-json\/wp\/v2\/media?parent=23831"}],"curies":[{"name":"wp","href":"https:\/\/api.w.org\/{rel}","templated":true}]}}