{"id":23823,"date":"2023-03-13T08:01:14","date_gmt":"2023-03-13T07:01:14","guid":{"rendered":"https:\/\/www.cinc.com\/domiciliation-dentreprises\/"},"modified":"2024-03-06T10:53:11","modified_gmt":"2024-03-06T09:53:11","slug":"domiciliation-dentreprises","status":"publish","type":"page","link":"https:\/\/www.cinc.com\/fr\/domiciliation-dentreprises\/","title":{"rendered":"Domiciliation d&rsquo;entreprises"},"content":{"rendered":"\n<div class=\"wp-block-uagb-container uagb-block-65a57c93 alignfull uagb-is-root-container\"><div class=\"uagb-container-inner-blocks-wrap\">\n<div class=\"wp-block-uagb-container uagb-block-0a89733a\">\n<div class=\"wp-block-group is-layout-constrained wp-block-group-is-layout-constrained\" style=\"margin-bottom:var(--wp--preset--spacing--50)\">\n<h4 class=\"wp-block-heading has-text-align-center has-black-color has-text-color\">Domiciliation<br\/>basique<\/h4>\n\n\n\n<p class=\"has-text-align-center has-black-color has-text-color\">Adresse fiscale et si\u00e8ge social du<br\/>soci\u00e9t\u00e9 chez CINC<\/p>\n<\/div>\n\n\n\n<ul class=\"checks-list flex-grow has-black-color has-text-color wp-block-list\">\n<li>Utilisation de la direction du CINC<\/li>\n\n\n\n<li>Bo\u00eete aux lettres priv\u00e9e<\/li>\n\n\n\n<li>R\u00e9ception de courrier et colis<\/li>\n\n\n\n<li>R\u00e9exp\u00e9dition du courrier postal<\/li>\n<\/ul>\n\n\n\n<div class=\"wp-block-buttons is-content-justification-center is-layout-flex wp-container-core-buttons-is-layout-a89b3969 wp-block-buttons-is-layout-flex\">\n<div class=\"wp-block-button\"><a class=\"wp-block-button__link has-text-align-center wp-element-button\" href=\"https:\/\/www.cinc.com\/fr\/contact\/\">Plus d&rsquo;informations<\/a><\/div>\n<\/div>\n<\/div>\n\n\n\n<div class=\"wp-block-uagb-container uagb-block-4f928fb5\">\n<div class=\"wp-block-group is-layout-constrained wp-block-group-is-layout-constrained\" style=\"margin-bottom:var(--wp--preset--spacing--50)\">\n<h4 class=\"wp-block-heading has-text-align-center has-black-color has-text-color\">Domiciliation<br\/>personnalis\u00e9e<\/h4>\n\n\n\n<p class=\"has-text-align-center has-black-color has-text-color\">Si\u00e8ge fiscal et d&rsquo;entreprise chez CINC + R\u00e9ception d&rsquo;appels Bo\u00eete aux lettres priv\u00e9e<\/p>\n<\/div>\n\n\n\n<ul class=\"checks-list flex-grow has-black-color has-text-color wp-block-list\">\n<li>Bo\u00eete aux lettres priv\u00e9e<\/li>\n\n\n\n<li>R\u00e9ception de courrier et colis<\/li>\n\n\n\n<li>R\u00e9exp\u00e9dition du courrier postal<\/li>\n\n\n\n<li>Num\u00e9ro de t\u00e9l\u00e9phone exclusif<\/li>\n\n\n\n<li>Gestion de l&rsquo;agenda personnelle<\/li>\n\n\n\n<li>Logo dans le hall du b\u00e2timent<\/li>\n\n\n\n<li>R\u00e9ception des visiteurs<\/li>\n\n\n\n<li>Tarifs pr\u00e9f\u00e9rentiels sur les autres services<\/li>\n\n\n\n<li>Service t\u00e9l\u00e9phonique personnalis\u00e9 au nom de l&rsquo;entreprise<\/li>\n\n\n\n<li>Utilisation de la direction du CINC<\/li>\n<\/ul>\n\n\n\n<div class=\"wp-block-buttons is-content-justification-center is-layout-flex wp-container-core-buttons-is-layout-a89b3969 wp-block-buttons-is-layout-flex\">\n<div class=\"wp-block-button\"><a class=\"wp-block-button__link has-text-align-center wp-element-button\" href=\"https:\/\/www.cinc.com\/fr\/contact\/\">Plus d&rsquo;informations<\/a><\/div>\n<\/div>\n<\/div>\n\n\n\n<div class=\"wp-block-uagb-container uagb-block-cda58790\">\n<div class=\"wp-block-group is-layout-constrained wp-block-group-is-layout-constrained\" style=\"margin-bottom:var(--wp--preset--spacing--50)\">\n<h4 class=\"wp-block-heading has-text-align-center has-black-color has-text-color\">Accueil<br\/>t\u00e9l\u00e9phonique<\/h4>\n\n\n\n<p class=\"has-text-align-center has-black-color has-text-color\">Service t\u00e9l\u00e9phonique exclusif<\/p>\n<\/div>\n\n\n\n<ul class=\"checks-list flex-grow wp-block-list\">\n<li>R\u00e9ception personnalis\u00e9e des appels avec un num\u00e9ro de t\u00e9l\u00e9phone exclusif g\u00e9r\u00e9 pour le compte de l&rsquo;entreprise<\/li>\n\n\n\n<li>Les appels sont transf\u00e9r\u00e9s vers un t\u00e9l\u00e9phone portable ou fixe, ou une note est transmise par courrier \u00e9lectronique en cas d&rsquo;impossibilit\u00e9 de r\u00e9pondre.<\/li>\n<\/ul>\n\n\n\n<div class=\"wp-block-buttons is-content-justification-center is-layout-flex wp-container-core-buttons-is-layout-a89b3969 wp-block-buttons-is-layout-flex\">\n<div class=\"wp-block-button\"><a class=\"wp-block-button__link has-text-align-center wp-element-button\" href=\"https:\/\/www.cinc.com\/fr\/contact\/\">Plus d&rsquo;informations<\/a><\/div>\n<\/div>\n<\/div>\n<\/div><\/div>\n\n<div class=\"wp-block-uagb-container uagb-block-520c94a1 alignfull uagb-is-root-container\"><div class=\"uagb-container-inner-blocks-wrap\">\n<div class=\"marquee-text-wrapper \"><p class=\"marquee-text big-title fw\">Inscrivez-vous \u00e0 notre newsletter<\/p><\/div>\n\n\n<div class=\"wp-block-cinc-blocks-newsletter-form\">\n    <form id=\"newsletter-form\" method=\"POST\" class=\"wp-block-cinc-blocks-newsletter-form__form\">\n        <input class=\"wp-block-cinc-blocks-newsletter-form__field\" type=\"text\" placeholder=\"Your name\" name=\"name\" required \/>\n        <select class=\"wp-block-cinc-blocks-newsletter-form__select\" name=\"town\" required>\n            <option value=\"\" readonly>Town<\/option>\n            <option value=\"barcelona\">Barcelona<\/option>\n            <option value=\"girona\">Girona<\/option>\n        <\/select>\n        <input class=\"wp-block-cinc-blocks-newsletter-form__field\" type=\"email\" placeholder=\"Your email\" name=\"email\" required \/>\n        <button class=\"wp-block-cinc-blocks-newsletter-form__button\">Subscribe<\/button>\n    <\/form>\n    <div id=\"newsletter-form-response\"><\/div>\n<\/div><\/div><\/div>\n","protected":false},"excerpt":{"rendered":"<p>Domiciliationbasique Adresse fiscale et si\u00e8ge social dusoci\u00e9t\u00e9 chez CINC Domiciliationpersonnalis\u00e9e Si\u00e8ge fiscal et d&rsquo;entreprise chez CINC + R\u00e9ception d&rsquo;appels Bo\u00eete aux lettres priv\u00e9e Accueilt\u00e9l\u00e9phonique Service t\u00e9l\u00e9phonique exclusif<\/p>\n","protected":false},"author":3,"featured_media":0,"parent":0,"menu_order":0,"comment_status":"closed","ping_status":"closed","template":"","meta":{"_acf_changed":false,"_uag_custom_page_level_css":"","footnotes":""},"class_list":["post-23823","page","type-page","status-publish","hentry"],"acf":[],"uagb_featured_image_src":{"full":false,"thumbnail":false,"medium":false,"medium_large":false,"large":false,"1536x1536":false,"2048x2048":false,"gform-image-choice-sm":false,"gform-image-choice-md":false,"gform-image-choice-lg":false},"uagb_author_info":{"display_name":"Anna","author_link":"https:\/\/www.cinc.com\/fr\/author\/anna\/"},"uagb_comment_info":0,"uagb_excerpt":"Domiciliationbasique Adresse fiscale et si\u00e8ge social dusoci\u00e9t\u00e9 chez CINC Domiciliationpersonnalis\u00e9e Si\u00e8ge fiscal et d&rsquo;entreprise chez CINC + R\u00e9ception d&rsquo;appels Bo\u00eete aux lettres priv\u00e9e Accueilt\u00e9l\u00e9phonique Service t\u00e9l\u00e9phonique exclusif","jetpack_sharing_enabled":true,"_links":{"self":[{"href":"https:\/\/www.cinc.com\/fr\/wp-json\/wp\/v2\/pages\/23823","targetHints":{"allow":["GET"]}}],"collection":[{"href":"https:\/\/www.cinc.com\/fr\/wp-json\/wp\/v2\/pages"}],"about":[{"href":"https:\/\/www.cinc.com\/fr\/wp-json\/wp\/v2\/types\/page"}],"author":[{"embeddable":true,"href":"https:\/\/www.cinc.com\/fr\/wp-json\/wp\/v2\/users\/3"}],"replies":[{"embeddable":true,"href":"https:\/\/www.cinc.com\/fr\/wp-json\/wp\/v2\/comments?post=23823"}],"version-history":[{"count":7,"href":"https:\/\/www.cinc.com\/fr\/wp-json\/wp\/v2\/pages\/23823\/revisions"}],"predecessor-version":[{"id":24215,"href":"https:\/\/www.cinc.com\/fr\/wp-json\/wp\/v2\/pages\/23823\/revisions\/24215"}],"wp:attachment":[{"href":"https:\/\/www.cinc.com\/fr\/wp-json\/wp\/v2\/media?parent=23823"}],"curies":[{"name":"wp","href":"https:\/\/api.w.org\/{rel}","templated":true}]}}