{"id":23821,"date":"2023-03-16T10:19:02","date_gmt":"2023-03-16T09:19:02","guid":{"rendered":"https:\/\/www.cinc.com\/bureau-virtuel\/"},"modified":"2024-04-03T08:38:49","modified_gmt":"2024-04-03T07:38:49","slug":"bureau-virtuel","status":"publish","type":"page","link":"https:\/\/www.cinc.com\/fr\/bureau-virtuel\/","title":{"rendered":"Bureau virtuel"},"content":{"rendered":"\n<div class=\"wp-block-uagb-container uagb-block-cf2883be alignfull uagb-is-root-container\"><div class=\"uagb-container-inner-blocks-wrap\">\n<div class=\"wp-block-uagb-container uagb-block-e18c6f40\">\n<h3 class=\"wp-block-heading has-large-font-size\" style=\"font-style:normal;font-weight:300\">Si vous travaillez \u00e0 domicile, si vous voyagez beaucoup ou si vous avez besoin d&rsquo;un espace pour rencontrer vos clients, le bureau virtuel est fait pour vous.<\/h3>\n\n\n\n<p>O\u00f9 que vous soyez, nous projetterons la meilleure image de votre entreprise avec une flexibilit\u00e9 totale et un co\u00fbt minimal.<\/p>\n<\/div>\n\n\n\n<div class=\"wp-block-uagb-container uagb-block-c1550b87\">\n<h4 class=\"wp-block-heading has-cinc-orange-color has-text-color\" style=\"font-style:normal;font-weight:300\">Qu&rsquo;est-ce qui est inclus dans le bureau virtuel?<\/h4>\n\n\n\n<ul class=\"checks-list wp-block-list\">\n<li>Domiciliation dans des adresses prestigieuses \u00e0 Barcelone, G\u00e9rone ou Figueres<\/li>\n\n\n\n<li>Bo\u00eete aux lettres priv\u00e9e<\/li>\n\n\n\n<li>R\u00e9ception de courrier et colis<\/li>\n\n\n\n<li>Renvoi du courrier postal <\/li>\n\n\n\n<li>Num\u00e9ro de t\u00e9l\u00e9phone exclusif<\/li>\n\n\n\n<li>Gestion de l&rsquo;agenda personnel<\/li>\n\n\n\n<li>Logo dans le hall du b\u00e2timent<\/li>\n\n\n\n<li>R\u00e9ception des visiteurs<\/li>\n\n\n\n<li>Utilisation des salles de r\u00e9union dans l&rsquo;un de nos centres<\/li>\n\n\n\n<li>Tarifs pr\u00e9f\u00e9rentiels sur les autres services<\/li>\n\n\n\n<li>Service t\u00e9l\u00e9phonique personnalis\u00e9 au nom de l&rsquo;entreprise<\/li>\n<\/ul>\n<\/div>\n<\/div><\/div>\n\n<div class=\"wp-block-uagb-container uagb-block-520c94a1 alignfull uagb-is-root-container\"><div class=\"uagb-container-inner-blocks-wrap\">\n<div class=\"marquee-text-wrapper \"><p class=\"marquee-text big-title fw\">Inscrivez-vous \u00e0 notre newsletter<\/p><\/div>\n\n\n<div class=\"wp-block-cinc-blocks-newsletter-form\">\n    <form id=\"newsletter-form\" method=\"POST\" class=\"wp-block-cinc-blocks-newsletter-form__form\">\n        <input class=\"wp-block-cinc-blocks-newsletter-form__field\" type=\"text\" placeholder=\"Your name\" name=\"name\" required \/>\n        <select class=\"wp-block-cinc-blocks-newsletter-form__select\" name=\"town\" required>\n            <option value=\"\" readonly>Town<\/option>\n            <option value=\"barcelona\">Barcelona<\/option>\n            <option value=\"girona\">Girona<\/option>\n        <\/select>\n        <input class=\"wp-block-cinc-blocks-newsletter-form__field\" type=\"email\" placeholder=\"Your email\" name=\"email\" required \/>\n        <button class=\"wp-block-cinc-blocks-newsletter-form__button\">Subscribe<\/button>\n    <\/form>\n    <div id=\"newsletter-form-response\"><\/div>\n<\/div><\/div><\/div>\n","protected":false},"excerpt":{"rendered":"<p>Si vous travaillez \u00e0 domicile, si vous voyagez beaucoup ou si vous avez besoin d&rsquo;un espace pour rencontrer vos clients, le bureau virtuel est fait pour vous. O\u00f9 que vous soyez, nous projetterons la meilleure image de votre entreprise avec une flexibilit\u00e9 totale et un co\u00fbt minimal. Qu&rsquo;est-ce qui est inclus dans le bureau virtuel?<\/p>\n","protected":false},"author":3,"featured_media":0,"parent":0,"menu_order":0,"comment_status":"closed","ping_status":"closed","template":"","meta":{"_acf_changed":false,"_uag_custom_page_level_css":"","footnotes":""},"class_list":["post-23821","page","type-page","status-publish","hentry"],"acf":[],"uagb_featured_image_src":{"full":false,"thumbnail":false,"medium":false,"medium_large":false,"large":false,"1536x1536":false,"2048x2048":false,"gform-image-choice-sm":false,"gform-image-choice-md":false,"gform-image-choice-lg":false},"uagb_author_info":{"display_name":"Anna","author_link":"https:\/\/www.cinc.com\/fr\/author\/anna\/"},"uagb_comment_info":0,"uagb_excerpt":"Si vous travaillez \u00e0 domicile, si vous voyagez beaucoup ou si vous avez besoin d&rsquo;un espace pour rencontrer vos clients, le bureau virtuel est fait pour vous. O\u00f9 que vous soyez, nous projetterons la meilleure image de votre entreprise avec une flexibilit\u00e9 totale et un co\u00fbt minimal. Qu&rsquo;est-ce qui est inclus dans le bureau virtuel?","jetpack_sharing_enabled":true,"_links":{"self":[{"href":"https:\/\/www.cinc.com\/fr\/wp-json\/wp\/v2\/pages\/23821","targetHints":{"allow":["GET"]}}],"collection":[{"href":"https:\/\/www.cinc.com\/fr\/wp-json\/wp\/v2\/pages"}],"about":[{"href":"https:\/\/www.cinc.com\/fr\/wp-json\/wp\/v2\/types\/page"}],"author":[{"embeddable":true,"href":"https:\/\/www.cinc.com\/fr\/wp-json\/wp\/v2\/users\/3"}],"replies":[{"embeddable":true,"href":"https:\/\/www.cinc.com\/fr\/wp-json\/wp\/v2\/comments?post=23821"}],"version-history":[{"count":1,"href":"https:\/\/www.cinc.com\/fr\/wp-json\/wp\/v2\/pages\/23821\/revisions"}],"predecessor-version":[{"id":23822,"href":"https:\/\/www.cinc.com\/fr\/wp-json\/wp\/v2\/pages\/23821\/revisions\/23822"}],"wp:attachment":[{"href":"https:\/\/www.cinc.com\/fr\/wp-json\/wp\/v2\/media?parent=23821"}],"curies":[{"name":"wp","href":"https:\/\/api.w.org\/{rel}","templated":true}]}}