{"id":23816,"date":"2023-03-09T16:05:32","date_gmt":"2023-03-09T15:05:32","guid":{"rendered":"https:\/\/www.cinc.com\/location-de-salles-a-gerone\/"},"modified":"2025-09-30T12:15:41","modified_gmt":"2025-09-30T11:15:41","slug":"location-de-salles-a-gerone","status":"publish","type":"page","link":"https:\/\/www.cinc.com\/fr\/location-de-salles-a-gerone\/","title":{"rendered":"Location de salles \u00e0 G\u00e9rone"},"content":{"rendered":"\n<div class=\"wp-block-uagb-container uagb-block-3d42bc05 alignfull uagb-is-root-container\"><div class=\"uagb-container-inner-blocks-wrap\">\n<h3 class=\"wp-block-heading has-text-align-center\">O\u00f9 souhaitez-vous louer les salles ?<\/h3>\n\n\n\n<div class=\"wp-block-buttons is-content-justification-center is-layout-flex wp-container-core-buttons-is-layout-a89b3969 wp-block-buttons-is-layout-flex\">\n<div class=\"wp-block-button\"><a class=\"wp-block-button__link has-black-color has-gray-100-background-color has-text-color has-background has-link-color wp-element-button\" href=\"https:\/\/www.cinc.com\/reunions-events-barcelona\/\">CINC Barcelona<\/a><\/div>\n\n\n\n<div class=\"wp-block-button\"><a class=\"wp-block-button__link wp-element-button\">CINC Girona<\/a><\/div>\n<\/div>\n<\/div><\/div>\n\n\n\n<div class=\"wp-block-uagb-container uagb-block-5f3ae7f8 alignfull uagb-is-root-container\"><div class=\"uagb-container-inner-blocks-wrap\">\n<div class=\"wp-block-columns is-layout-flex wp-container-core-columns-is-layout-28f84493 wp-block-columns-is-layout-flex\">\n<div class=\"wp-block-column is-layout-flow wp-block-column-is-layout-flow\" style=\"flex-basis:15%\"><\/div>\n\n\n\n<div class=\"wp-block-column is-layout-flow wp-block-column-is-layout-flow\" style=\"flex-basis:70%\">\n<p class=\"has-text-align-center\">\u00c0 CINC G\u00e9rone, vous pouvez acc\u00e9der \u00e0 diff\u00e9rentes salles pour des r\u00e9unions, des \u00e9v\u00e9nements, des visioconf\u00e9rences et des formations avec \u00e9quipement technologique.<\/p>\n\n\n\n<p class=\"has-text-align-center\">Des espaces polyvalents, avec un confort maximal et la possibilit\u00e9 de souscrire \u00e0 d&rsquo;autres services, tels que la restauration, la traduction ou le streaming.<\/p>\n\n\n\n<p class=\"has-text-align-center\">Pour des utilisations ponctuelles ou permanentes, location \u00e0 la journ\u00e9e compl\u00e8te ou \u00e0 la demi-journ\u00e9e, avec possibilit\u00e9 de r\u00e9duction pour des packs de salles.<\/p>\n<\/div>\n\n\n\n<div class=\"wp-block-column is-layout-flow wp-block-column-is-layout-flow\" style=\"flex-basis:15%\"><\/div>\n<\/div>\n<\/div><\/div>\n\n\n\n<div class=\"wp-block-uagb-container uagb-block-1272e90b alignfull uagb-is-root-container\">\n<div class=\"wp-block-uagb-container uagb-block-4420bda5\">\n<h2 class=\"wp-block-heading has-text-align-right has-large-font-size\" style=\"font-style:normal;font-weight:300\">Terrasse 360 Cinc<\/h2>\n\n\n\n<p class=\"has-text-align-right text-with-people-icon\">100<\/p>\n\n\n\n<p class=\"has-text-align-right\">Grande terrasse avec vue sur la ville, id\u00e9ale pour organiser toutes sortes d&rsquo;\u00e9v\u00e9nements, rencontres, r\u00e9unions, networking, etc.<\/p>\n\n\n\n<p class=\"has-text-align-right\">La location de la terrasse comprend :<\/p>\n\n\n\n<ul class=\"wp-block-list checks-list list--2-cols\">\n<li>R\u00e9ception<\/li>\n\n\n\n<li>Eau pour chaque participant<\/li>\n\n\n\n<li>Mat\u00e9riel de bureau<\/li>\n\n\n\n<li>Wi-fi<\/li>\n\n\n\n<li>Tableau<\/li>\n\n\n\n<li>Signalisation du hall<\/li>\n<\/ul>\n\n\n\n<div class=\"wp-block-buttons is-content-justification-right is-layout-flex wp-container-core-buttons-is-layout-d445cf74 wp-block-buttons-is-layout-flex\">\n<div class=\"wp-block-button\"><a class=\"wp-block-button__link wp-element-button\" href=\"https:\/\/www.cinc.com\/fr\/devis\/\">Je veux plus d&rsquo;informations<\/a><\/div>\n<\/div>\n<\/div>\n\n\n\n<div class=\"wp-block-uagb-container uagb-block-c88cb399\">\n<div class=\"wp-block-humpton-gutenberg-slider swiper-container content-slider light-cursor autocenter\" data-delay=\"0\"><div class=\"swiper-wrapper\">\n<div class=\"swiper-slide\"><div class=\"slide-img\"><img decoding=\"async\" class=\"skip-lazy\" src=\"https:\/\/www.cinc.com\/wp-content\/uploads\/terraza-girona-1.webp\" alt=\"\" \/><\/div><\/div>\n\n\n\n<div class=\"swiper-slide\"><div class=\"slide-img\"><img decoding=\"async\" class=\"skip-lazy\" src=\"https:\/\/www.cinc.com\/wp-content\/uploads\/terraza-girona-2.webp\" alt=\"\" \/><\/div><\/div>\n\n\n\n<div class=\"swiper-slide\"><div class=\"slide-img\"><img decoding=\"async\" class=\"skip-lazy\" src=\"https:\/\/www.cinc.com\/wp-content\/uploads\/terraza-girona-3.webp\" alt=\"\" \/><\/div><\/div>\n\n\n\n<div class=\"swiper-slide\"><div class=\"slide-img\"><img decoding=\"async\" class=\"skip-lazy\" src=\"https:\/\/www.cinc.com\/wp-content\/uploads\/terraza-girona-4.webp\" alt=\"\" \/><\/div><\/div>\n\n\n\n<div class=\"swiper-slide\"><div class=\"slide-img\"><img decoding=\"async\" class=\"skip-lazy\" src=\"https:\/\/www.cinc.com\/wp-content\/uploads\/terraza-girona5.webp\" alt=\"\" \/><\/div><\/div>\n<\/div><div class=\"slider-button-next\"><\/div><div class=\"slider-button-prev\"><\/div><div class=\"swiper-pagination\"><\/div><\/div>\n<\/div>\n<\/div>\n\n\n\n<div class=\"wp-block-uagb-container uagb-block-0f5aa89b alignfull uagb-is-root-container\">\n<div class=\"wp-block-uagb-container uagb-block-362de92b\">\n<div class=\"wp-block-humpton-gutenberg-slider swiper-container content-slider light-cursor autocenter\" data-delay=\"0\"><div class=\"swiper-wrapper\">\n<div class=\"swiper-slide\"><div class=\"slide-img\"><img decoding=\"async\" class=\"skip-lazy\" src=\"https:\/\/www.cinc.com\/wp-content\/uploads\/sala-reunions-juntes.webp\" alt=\"\" \/><\/div><\/div>\n\n\n\n<div class=\"swiper-slide\"><div class=\"slide-img\"><img decoding=\"async\" class=\"skip-lazy\" src=\"https:\/\/www.cinc.com\/wp-content\/uploads\/sala-reunions2.webp\" alt=\"\" \/><\/div><\/div>\n\n\n\n\n<\/div><div class=\"slider-button-next\"><\/div><div class=\"slider-button-prev\"><\/div><div class=\"swiper-pagination\"><\/div><\/div>\n<\/div>\n\n\n\n<div class=\"wp-block-uagb-container uagb-block-64c404be\">\n<h3 class=\"wp-block-heading has-large-font-size\" style=\"font-style:normal;font-weight:300\">Salles de r\u00e9union<\/h3>\n\n\n\n<p class=\"has-text-align-left text-with-people-icon\">4 &#8211; 14<\/p>\n\n\n\n<p>Con\u00e7ues pour \u00eatre aussi confortables et fonctionnelles que possible, elles rendent vos heures de travail utiles et agr\u00e9ables. Les salles de r\u00e9union comprennent :<\/p>\n\n\n\n<ul class=\"wp-block-list checks-list list--2-cols\">\n<li>Eau pour chaque participant<\/li>\n\n\n\n<li>Tableau<\/li>\n\n\n\n<li>T\u00e9l\u00e9vision<\/li>\n\n\n\n<li>Signalisation du hall<\/li>\n\n\n\n<li>Mat\u00e9riel de bureau<\/li>\n\n\n\n<li>\u00c9cran de projection<\/li>\n\n\n\n<li>Wi-fi<\/li>\n\n\n\n<li>R\u00e9ception<\/li>\n<\/ul>\n\n\n\n<div class=\"wp-block-buttons is-layout-flex wp-block-buttons-is-layout-flex\">\n<div class=\"wp-block-button\"><a class=\"wp-block-button__link wp-element-button\" href=\"https:\/\/www.cinc.com\/fr\/devis\/\">Je veux plus d&rsquo;informations<\/a><\/div>\n<\/div>\n<\/div>\n<\/div>\n\n\n\n<div class=\"wp-block-uagb-container uagb-block-ca5ca237 alignfull uagb-is-root-container\">\n<div class=\"wp-block-uagb-container uagb-block-0863ccd7\">\n<h3 class=\"wp-block-heading has-text-align-right has-large-font-size\" style=\"font-style:normal;font-weight:300\">Salle de conf\u00e9rences et d&rsquo;\u00e9v\u00e9nements<\/h3>\n\n\n\n<p class=\"has-text-align-right text-with-people-icon\">45 &#8211; 95<\/p>\n\n\n\n<p class=\"has-text-align-right\">Avec des dimensions diff\u00e9rentes et une excellente acoustique, ces salles sont id\u00e9ales pour les grandes r\u00e9unions ou les pr\u00e9sentations de produits ou de services. Les salles de conf\u00e9rences et d&rsquo;\u00e9v\u00e9nements incluent :<\/p>\n\n\n\n<ul class=\"wp-block-list checks-list list--2-cols\">\n<li>Eau pour chaque participant<\/li>\n\n\n\n<li>Mat\u00e9riel de bureau<\/li>\n\n\n\n<li>Tableau<\/li>\n\n\n\n<li>Microphones<\/li>\n\n\n\n<li>Wi-fi<\/li>\n\n\n\n<li>Signalisation du hall<\/li>\n\n\n\n<li>R\u00e9ception<\/li>\n<\/ul>\n\n\n\n<div class=\"wp-block-buttons is-content-justification-right is-layout-flex wp-container-core-buttons-is-layout-d445cf74 wp-block-buttons-is-layout-flex\">\n<div class=\"wp-block-button\"><a class=\"wp-block-button__link wp-element-button\" href=\"https:\/\/www.cinc.com\/fr\/devis\/\">Je veux plus d&rsquo;informations<\/a><\/div>\n<\/div>\n<\/div>\n\n\n\n<div class=\"wp-block-uagb-container uagb-block-9251cfb7\">\n<figure class=\"wp-block-image size-full rounded-big--bottom-left--large\"><img loading=\"lazy\" decoding=\"async\" width=\"2560\" height=\"1707\" src=\"https:\/\/www.cinc.com\/wp-content\/uploads\/2024\/01\/CINC_GIRONA_MB_JL_141-2-min-scaled.jpg\" alt=\"\" class=\"wp-image-20310\" srcset=\"https:\/\/www.cinc.com\/wp-content\/uploads\/2024\/01\/CINC_GIRONA_MB_JL_141-2-min-scaled.jpg 2560w, https:\/\/www.cinc.com\/wp-content\/uploads\/2024\/01\/CINC_GIRONA_MB_JL_141-2-min-300x200.jpg 300w, https:\/\/www.cinc.com\/wp-content\/uploads\/2024\/01\/CINC_GIRONA_MB_JL_141-2-min-1024x683.jpg 1024w, https:\/\/www.cinc.com\/wp-content\/uploads\/2024\/01\/CINC_GIRONA_MB_JL_141-2-min-768x512.jpg 768w, https:\/\/www.cinc.com\/wp-content\/uploads\/2024\/01\/CINC_GIRONA_MB_JL_141-2-min-1536x1024.jpg 1536w, https:\/\/www.cinc.com\/wp-content\/uploads\/2024\/01\/CINC_GIRONA_MB_JL_141-2-min-2048x1366.jpg 2048w\" sizes=\"auto, (max-width: 2560px) 100vw, 2560px\" \/><\/figure>\n<\/div>\n<\/div>\n\n\n\n<div class=\"wp-block-uagb-container uagb-block-e26919ca alignfull uagb-is-root-container\">\n<div class=\"wp-block-uagb-container uagb-block-e1d29ec9\">\n<div class=\"wp-block-humpton-gutenberg-slider swiper-container content-slider light-cursor autocenter\" data-delay=\"0\"><div class=\"swiper-wrapper\">\n<div class=\"swiper-slide\"><div class=\"slide-img\"><img decoding=\"async\" class=\"skip-lazy\" src=\"https:\/\/www.cinc.com\/wp-content\/uploads\/sala-formacio.jpg\" alt=\"\" \/><\/div><\/div>\n\n\n\n<div class=\"swiper-slide\"><div class=\"slide-img\"><img decoding=\"async\" class=\"skip-lazy\" src=\"https:\/\/www.cinc.com\/wp-content\/uploads\/sala-formacio2.jpg\" alt=\"\" \/><\/div><\/div>\n\n\n\n<div class=\"swiper-slide\"><div class=\"slide-img\"><img decoding=\"async\" class=\"skip-lazy\" src=\"https:\/\/www.cinc.com\/wp-content\/uploads\/sala-formacio3.jpg\" alt=\"\" \/><\/div><\/div>\n\n\n\n<div class=\"swiper-slide\"><div class=\"slide-img\"><img decoding=\"async\" class=\"skip-lazy\" src=\"https:\/\/www.cinc.com\/wp-content\/uploads\/sala-formacio-4.jpg\" alt=\"\" \/><\/div><\/div>\n<\/div><div class=\"slider-button-next\"><\/div><div class=\"slider-button-prev\"><\/div><div class=\"swiper-pagination\"><\/div><\/div>\n<\/div>\n\n\n\n<div class=\"wp-block-uagb-container uagb-block-3484843f\">\n<h3 class=\"wp-block-heading has-large-font-size\" style=\"font-style:normal;font-weight:300\">Salle de formation<\/h3>\n\n\n\n<p class=\"text-with-people-icon\">10 &#8211; 50<\/p>\n\n\n\n<p>Pour les cours ou les r\u00e9unions, toutes les salles de formation sont \u00e9quip\u00e9es d&rsquo;un projecteur audiovisuel, de tables ou de fauteuils. Les salles de formation comprennent<\/p>\n\n\n\n<ul class=\"wp-block-list checks-list list--2-cols\">\n<li>Eau pour chaque participant<\/li>\n\n\n\n<li>Mat\u00e9riel de bureau<\/li>\n\n\n\n<li>Tableau<\/li>\n\n\n\n<li>Microphones<\/li>\n\n\n\n<li>Wi-fi<\/li>\n\n\n\n<li>Signalisation du hall<\/li>\n\n\n\n<li>R\u00e9ception<\/li>\n<\/ul>\n\n\n\n<div class=\"wp-block-buttons is-layout-flex wp-block-buttons-is-layout-flex\">\n<div class=\"wp-block-button\"><a class=\"wp-block-button__link wp-element-button\" href=\"https:\/\/www.cinc.com\/fr\/devis\/\">Je veux plus d&rsquo;informations<\/a><\/div>\n<\/div>\n<\/div>\n<\/div>\n\n\n\n<div class=\"wp-block-uagb-container uagb-block-deeb1483 alignfull uagb-is-root-container\">\n<div class=\"wp-block-uagb-container uagb-block-c9811294\">\n<h3 class=\"wp-block-heading has-text-align-right has-large-font-size\" style=\"font-style:normal;font-weight:300\">Salle de vid\u00e9oconf\u00e9rence<\/h3>\n\n\n\n<p class=\"has-text-align-right text-with-people-icon\">2 &#8211; 8<\/p>\n\n\n\n<p class=\"has-text-align-right\">Salles \u00e9quip\u00e9es avec la derni\u00e8re technologie, permettant la transmission d&rsquo;images et de son de mani\u00e8re professionnelle. Les salles de conf\u00e9rences et d&rsquo;\u00e9v\u00e9nements incluent :<\/p>\n\n\n\n<ul class=\"wp-block-list checks-list list--2-cols\">\n<li>Eau pour chaque participant<\/li>\n\n\n\n<li>Mat\u00e9riel de bureau<\/li>\n\n\n\n<li>Tableau<\/li>\n\n\n\n<li>Wi-fi<\/li>\n\n\n\n<li>Signalisation du hall<\/li>\n\n\n\n<li>R\u00e9ception<\/li>\n<\/ul>\n\n\n\n<div class=\"wp-block-buttons is-content-justification-right is-layout-flex wp-container-core-buttons-is-layout-d445cf74 wp-block-buttons-is-layout-flex\">\n<div class=\"wp-block-button\"><a class=\"wp-block-button__link wp-element-button\" href=\"https:\/\/www.cinc.com\/fr\/devis\/\">Je veux plus d&rsquo;informations<\/a><\/div>\n<\/div>\n<\/div>\n\n\n\n<div class=\"wp-block-uagb-container uagb-block-aa27abc4\">\n<div class=\"wp-block-humpton-gutenberg-slider swiper-container content-slider light-cursor autocenter\" data-delay=\"0\"><div class=\"swiper-wrapper\">\n<div class=\"swiper-slide\"><div class=\"slide-img\"><img decoding=\"async\" class=\"skip-lazy\" src=\"https:\/\/www.cinc.com\/wp-content\/uploads\/sala-videoconferencia.webp\" alt=\"\" \/><\/div><\/div>\n\n\n\n<div class=\"swiper-slide\"><div class=\"slide-img\"><img decoding=\"async\" class=\"skip-lazy\" src=\"https:\/\/www.cinc.com\/wp-content\/uploads\/sala-videoconferencia2.webp\" alt=\"\" \/><\/div><\/div>\n<\/div><div class=\"slider-button-next\"><\/div><div class=\"slider-button-prev\"><\/div><div class=\"swiper-pagination\"><\/div><\/div>\n<\/div>\n<\/div>\n\n\n\n<div class=\"wp-block-uagb-container uagb-block-1d8c4c64 alignfull uagb-is-root-container\"><div class=\"uagb-container-inner-blocks-wrap\">\n<div class=\"marquee-text-wrapper \"><p class=\"marquee-text big-title fw\">Contractez des services additionnels<\/p><\/div>\n\n\n\n<div class=\"wp-block-columns is-layout-flex wp-container-core-columns-is-layout-28f84493 wp-block-columns-is-layout-flex\">\n<div class=\"wp-block-column is-layout-flow wp-block-column-is-layout-flow\" style=\"flex-basis:20%\"><\/div>\n\n\n\n<div class=\"wp-block-column is-vertically-aligned-center is-layout-flow wp-block-column-is-layout-flow\" style=\"flex-basis:60%\">\n<h2 class=\"wp-block-heading has-text-align-center has-medium-font-size\" style=\"margin-bottom:var(--wp--preset--spacing--70);font-style:normal;font-weight:400\">Nous vous offrons la possibilit\u00e9 de souscrire \u00e0 des services suppl\u00e9mentaires: nous nous occupons de tout pour que vous n&rsquo;ayez \u00e0 vous soucier de rien.<\/h2>\n\n\n\n<ul class=\"wp-block-list checks-list list--2-cols\">\n<li>Service de restauration<\/li>\n\n\n\n<li>Service de photocopie<\/li>\n\n\n\n<li>Audiovisuel<\/li>\n\n\n\n<li>Traduction<\/li>\n\n\n\n<li>Place de parking<\/li>\n\n\n\n<li>Graphisme<\/li>\n\n\n\n<li>Salle technique CPD<\/li>\n\n\n\n<li>Espace VIP<\/li>\n<\/ul>\n<\/div>\n\n\n\n<div class=\"wp-block-column is-layout-flow wp-block-column-is-layout-flow\" style=\"flex-basis:20%\"><\/div>\n<\/div>\n<\/div><\/div>\n\n\n\n<div class=\"wp-block-uagb-container uagb-block-8eae1e4e alignfull uagb-is-root-container\"><div class=\"uagb-container-inner-blocks-wrap\">\n<h2 class=\"wp-block-heading has-text-align-center\">Veux-tu r\u00e9server en ligne?<\/h2>\n\n\n\n<div class=\"wp-block-buttons is-content-justification-center is-layout-flex wp-container-core-buttons-is-layout-a89b3969 wp-block-buttons-is-layout-flex\">\n<div class=\"wp-block-button\"><a class=\"wp-block-button__link has-text-align-center wp-element-button\" href=\"https:\/\/www.cinc.com\/fr\/location-de-chambres\/\">R\u00e9servation en ligne<\/a><\/div>\n<\/div>\n<\/div><\/div>\n\n\n\n<div class=\"wp-block-uagb-container uagb-block-520c94a1 alignfull uagb-is-root-container\"><div class=\"uagb-container-inner-blocks-wrap\">\n<div class=\"marquee-text-wrapper \"><p class=\"marquee-text big-title fw\">Inscrivez-vous \u00e0 notre newsletter<\/p><\/div>\n\n\n<div class=\"wp-block-cinc-blocks-newsletter-form\">\n    <form id=\"newsletter-form\" method=\"POST\" class=\"wp-block-cinc-blocks-newsletter-form__form\">\n        <input class=\"wp-block-cinc-blocks-newsletter-form__field\" type=\"text\" placeholder=\"Your name\" name=\"name\" required \/>\n        <select class=\"wp-block-cinc-blocks-newsletter-form__select\" name=\"town\" required>\n            <option value=\"\" readonly>Town<\/option>\n            <option value=\"barcelona\">Barcelona<\/option>\n            <option value=\"girona\">Girona<\/option>\n        <\/select>\n        <input class=\"wp-block-cinc-blocks-newsletter-form__field\" type=\"email\" placeholder=\"Your email\" name=\"email\" required \/>\n        <button class=\"wp-block-cinc-blocks-newsletter-form__button\">Subscribe<\/button>\n    <\/form>\n    <div id=\"newsletter-form-response\"><\/div>\n<\/div><\/div><\/div>\n","protected":false},"excerpt":{"rendered":"<p>O\u00f9 souhaitez-vous louer les salles ? \u00c0 CINC G\u00e9rone, vous pouvez acc\u00e9der \u00e0 diff\u00e9rentes salles pour des r\u00e9unions, des \u00e9v\u00e9nements, des visioconf\u00e9rences et des formations avec \u00e9quipement technologique. Des espaces polyvalents, avec un confort maximal et la possibilit\u00e9 de souscrire \u00e0 d&rsquo;autres services, tels que la restauration, la traduction ou le streaming. Pour des utilisations [&hellip;]<\/p>\n","protected":false},"author":4,"featured_media":31691,"parent":0,"menu_order":0,"comment_status":"closed","ping_status":"closed","template":"","meta":{"_acf_changed":false,"_uag_custom_page_level_css":"","footnotes":""},"class_list":["post-23816","page","type-page","status-publish","has-post-thumbnail","hentry"],"acf":[],"uagb_featured_image_src":{"full":["https:\/\/www.cinc.com\/wp-content\/uploads\/Lloguer-sala-girona.webp",1200,800,false],"thumbnail":["https:\/\/www.cinc.com\/wp-content\/uploads\/Lloguer-sala-girona-150x150.webp",150,150,true],"medium":["https:\/\/www.cinc.com\/wp-content\/uploads\/Lloguer-sala-girona-300x200.webp",300,200,true],"medium_large":["https:\/\/www.cinc.com\/wp-content\/uploads\/Lloguer-sala-girona-768x512.webp",768,512,true],"large":["https:\/\/www.cinc.com\/wp-content\/uploads\/Lloguer-sala-girona-1024x683.webp",960,640,true],"1536x1536":["https:\/\/www.cinc.com\/wp-content\/uploads\/Lloguer-sala-girona.webp",1200,800,false],"2048x2048":["https:\/\/www.cinc.com\/wp-content\/uploads\/Lloguer-sala-girona.webp",1200,800,false],"gform-image-choice-sm":["https:\/\/www.cinc.com\/wp-content\/uploads\/Lloguer-sala-girona.webp",300,200,false],"gform-image-choice-md":["https:\/\/www.cinc.com\/wp-content\/uploads\/Lloguer-sala-girona.webp",400,267,false],"gform-image-choice-lg":["https:\/\/www.cinc.com\/wp-content\/uploads\/Lloguer-sala-girona.webp",600,400,false]},"uagb_author_info":{"display_name":"Paula","author_link":"https:\/\/www.cinc.com\/fr\/author\/paula\/"},"uagb_comment_info":0,"uagb_excerpt":"O\u00f9 souhaitez-vous louer les salles ? \u00c0 CINC G\u00e9rone, vous pouvez acc\u00e9der \u00e0 diff\u00e9rentes salles pour des r\u00e9unions, des \u00e9v\u00e9nements, des visioconf\u00e9rences et des formations avec \u00e9quipement technologique. Des espaces polyvalents, avec un confort maximal et la possibilit\u00e9 de souscrire \u00e0 d&rsquo;autres services, tels que la restauration, la traduction ou le streaming. Pour des utilisations\u2026","jetpack_sharing_enabled":true,"_links":{"self":[{"href":"https:\/\/www.cinc.com\/fr\/wp-json\/wp\/v2\/pages\/23816","targetHints":{"allow":["GET"]}}],"collection":[{"href":"https:\/\/www.cinc.com\/fr\/wp-json\/wp\/v2\/pages"}],"about":[{"href":"https:\/\/www.cinc.com\/fr\/wp-json\/wp\/v2\/types\/page"}],"author":[{"embeddable":true,"href":"https:\/\/www.cinc.com\/fr\/wp-json\/wp\/v2\/users\/4"}],"replies":[{"embeddable":true,"href":"https:\/\/www.cinc.com\/fr\/wp-json\/wp\/v2\/comments?post=23816"}],"version-history":[{"count":27,"href":"https:\/\/www.cinc.com\/fr\/wp-json\/wp\/v2\/pages\/23816\/revisions"}],"predecessor-version":[{"id":31985,"href":"https:\/\/www.cinc.com\/fr\/wp-json\/wp\/v2\/pages\/23816\/revisions\/31985"}],"wp:featuredmedia":[{"embeddable":true,"href":"https:\/\/www.cinc.com\/fr\/wp-json\/wp\/v2\/media\/31691"}],"wp:attachment":[{"href":"https:\/\/www.cinc.com\/fr\/wp-json\/wp\/v2\/media?parent=23816"}],"curies":[{"name":"wp","href":"https:\/\/api.w.org\/{rel}","templated":true}]}}