{"id":23812,"date":"2023-03-07T09:09:33","date_gmt":"2023-03-07T08:09:33","guid":{"rendered":"https:\/\/www.cinc.com\/location-de-salles-et-terrasse\/"},"modified":"2025-09-30T12:26:22","modified_gmt":"2025-09-30T11:26:22","slug":"location-de-salles-et-terrasse","status":"publish","type":"page","link":"https:\/\/www.cinc.com\/fr\/location-de-salles-et-terrasse\/","title":{"rendered":"Location de salles \u00e0 Barcelone"},"content":{"rendered":"\n<div class=\"wp-block-uagb-container uagb-block-3d42bc05 alignfull uagb-is-root-container\"><div class=\"uagb-container-inner-blocks-wrap\">\n<h3 class=\"wp-block-heading has-text-align-center\">O\u00f9 souhaitez-vous louer les salles ?<\/h3>\n\n\n\n<div class=\"wp-block-buttons is-content-justification-center is-layout-flex wp-container-core-buttons-is-layout-a89b3969 wp-block-buttons-is-layout-flex\">\n<div class=\"wp-block-button\"><a class=\"wp-block-button__link wp-element-button\">CINC Barcelona<\/a><\/div>\n\n\n\n<div class=\"wp-block-button\"><a class=\"wp-block-button__link has-black-color has-gray-100-background-color has-text-color has-background has-link-color wp-element-button\" href=\"https:\/\/www.cinc.com\/fr\/location-de-salles-a-gerone\/\">CINC Girona<\/a><\/div>\n<\/div>\n<\/div><\/div>\n\n<div class=\"wp-block-uagb-container uagb-block-682ff6f5 alignfull uagb-is-root-container\"><div class=\"uagb-container-inner-blocks-wrap\">\n<div class=\"wp-block-columns is-layout-flex wp-container-core-columns-is-layout-28f84493 wp-block-columns-is-layout-flex\">\n<div class=\"wp-block-column is-layout-flow wp-block-column-is-layout-flow\" style=\"flex-basis:25%\"><\/div>\n\n\n\n<div class=\"wp-block-column is-layout-flow wp-block-column-is-layout-flow\" style=\"flex-basis:50%\">\n<p class=\"has-text-align-center\">CINC Barcelona propose des salles de r\u00e9union, des \u00e9v\u00e9nements, des vid\u00e9oconf\u00e9rences et des formations modernes et technologiquement \u00e9quip\u00e9es au c\u0153ur de 22@.<\/p>\n\n\n\n<p class=\"has-text-align-center\">Nos espaces sont confortables et polyvalents, avec diff\u00e9rentes capacit\u00e9s, beaucoup de lumi\u00e8re naturelle et la possibilit\u00e9 de louer des services suppl\u00e9mentaires tels que le service traiteur.<\/p>\n\n\n\n<p class=\"has-text-align-center\">Pour un usage occasionnel ou permanent, une location \u00e0 temps plein ou \u00e0 temps partiel et la possibilit\u00e9 de se b\u00e9n\u00e9ficier de r\u00e9ductions pour les packs de salles. <\/p>\n<\/div>\n\n\n\n<div class=\"wp-block-column is-layout-flow wp-block-column-is-layout-flow\" style=\"flex-basis:25%\"><\/div>\n<\/div>\n<\/div><\/div>\n\n<div class=\"wp-block-uagb-container uagb-block-1272e90b alignfull uagb-is-root-container\">\n<div class=\"wp-block-uagb-container uagb-block-4420bda5\">\n<h2 class=\"wp-block-heading has-text-align-right has-large-font-size\" style=\"font-style:normal;font-weight:300\">Terrasse<\/h2>\n\n\n\n<p class=\"has-text-align-right text-with-people-icon\">100<\/p>\n\n\n\n<p class=\"has-text-align-right\">Grande terrasse avec vue panoramique sur la c\u00f4te, id\u00e9ale pour vos moments de repos et de d\u00e9connexion ou pour des r\u00e9unions informelles. Elle est con\u00e7ue pour organiser tous types d&rsquo;\u00e9v\u00e9nements (conf\u00e9rences, formations, r\u00e9unions, tournages, s\u00e9ances photos, etc.).<\/p>\n\n\n\n<p class=\"has-text-align-right\">La location de la terrasse comprend :<\/p>\n\n\n\n<ul class=\"checks-list list--2-cols wp-block-list\">\n<li>R\u00e9ception<\/li>\n\n\n\n<li>Eau pour chaque participant<\/li>\n\n\n\n<li>Mat\u00e9riel de bureau<\/li>\n\n\n\n<li>Wi-fi<\/li>\n\n\n\n<li>Tableau<\/li>\n\n\n\n<li>Signalisation du hall<\/li>\n<\/ul>\n\n\n\n<div class=\"wp-block-buttons is-content-justification-right is-layout-flex wp-container-core-buttons-is-layout-d445cf74 wp-block-buttons-is-layout-flex\">\n<div class=\"wp-block-button\"><a class=\"wp-block-button__link wp-element-button\" href=\"https:\/\/www.cinc.com\/fr\/devis\/\">Je veux plus d&rsquo;informations<\/a><\/div>\n<\/div>\n<\/div>\n\n\n\n<div class=\"wp-block-uagb-container uagb-block-c88cb399\">\n<div class=\"wp-block-humpton-gutenberg-slider swiper-container content-slider light-cursor autocenter rounded-big--top-right--large\" data-delay=\"0\"><div class=\"swiper-wrapper\">\n<div class=\"swiper-slide\"><div class=\"slide-img\"><img decoding=\"async\" class=\"skip-lazy\" src=\"https:\/\/www.cinc.com\/wp-content\/uploads\/2024\/02\/terraza-cinc-barcelona-vistas-mar.jpg\" alt=\"\" \/><\/div><\/div>\n\n\n\n<div class=\"swiper-slide\"><div class=\"slide-img\"><img decoding=\"async\" class=\"skip-lazy\" src=\"https:\/\/www.cinc.com\/wp-content\/uploads\/2024\/03\/terraza-cinc-barcelona-vistas-scaled.webp\" alt=\"\" \/><\/div><\/div>\n\n\n\n<div class=\"swiper-slide\"><div class=\"slide-img\"><img decoding=\"async\" class=\"skip-lazy\" src=\"https:\/\/www.cinc.com\/wp-content\/uploads\/2024\/03\/CINC_BCN_MB_JL_076-scaled.webp\" alt=\"\" \/><\/div><\/div>\n\n\n\n<div class=\"swiper-slide\"><div class=\"slide-img\"><img decoding=\"async\" class=\"skip-lazy\" src=\"https:\/\/www.cinc.com\/wp-content\/uploads\/2024\/03\/CINC_BCN_MB_JL_095-scaled.webp\" alt=\"\" \/><\/div><\/div>\n<\/div><div class=\"slider-button-next\"><\/div><div class=\"slider-button-prev\"><\/div><div class=\"swiper-pagination\"><\/div><\/div>\n<\/div>\n<\/div>\n\n<div class=\"wp-block-uagb-container uagb-block-1b44a1b2 alignfull uagb-is-root-container\">\n<div class=\"wp-block-uagb-container uagb-block-81b279c2\">\n<figure class=\"wp-block-image size-full rounded-big--top-right--large\"><img loading=\"lazy\" decoding=\"async\" width=\"1000\" height=\"800\" src=\"https:\/\/www.cinc.com\/wp-content\/uploads\/2023\/03\/BCN_CINC_JL_061-1.jpg\" alt=\"\" class=\"wp-image-11474\"\/><\/figure>\n<\/div>\n\n\n\n<div class=\"wp-block-uagb-container uagb-block-fd53505e\">\n<h3 class=\"wp-block-heading has-text-align-left has-large-font-size\" style=\"font-style:normal;font-weight:300\">Salles de r\u00e9union<\/h3>\n\n\n\n<p class=\"has-text-align-left text-with-people-icon\">4 &#8211; 14<\/p>\n\n\n\n<p class=\"has-text-align-left\">Con\u00e7ues pour \u00eatre aussi confortables et fonctionnelles que possible, elles rendent vos heures de travail utiles et confortables. Les salles de r\u00e9union comprennent :<\/p>\n\n\n\n<ul class=\"checks-list list--2-cols wp-block-list\">\n<li>Eau pour chaque participant<\/li>\n\n\n\n<li>Tableau<\/li>\n\n\n\n<li>T\u00e9l\u00e9vision<\/li>\n\n\n\n<li>Signalisation du hall<\/li>\n\n\n\n<li>Mat\u00e9riel de bureau<\/li>\n\n\n\n<li>\u00c9cran de projection<\/li>\n\n\n\n<li>Wi-fi<\/li>\n\n\n\n<li>R\u00e9ception<\/li>\n<\/ul>\n\n\n\n<div class=\"wp-block-buttons is-layout-flex wp-block-buttons-is-layout-flex\">\n<div class=\"wp-block-button\"><a class=\"wp-block-button__link wp-element-button\" href=\"https:\/\/www.cinc.com\/fr\/devis\/\">Je veux plus d&rsquo;informations<\/a><\/div>\n<\/div>\n<\/div>\n<\/div>\n\n<div class=\"wp-block-uagb-container uagb-block-621a99de alignfull uagb-is-root-container\">\n<div class=\"wp-block-uagb-container uagb-block-e2925545\">\n<h3 class=\"wp-block-heading has-text-align-right has-large-font-size\" style=\"font-style:normal;font-weight:300\">Salle de conf\u00e9rences<\/h3>\n\n\n\n<p class=\"has-text-align-right text-with-people-icon\">45 &#8211; 95<\/p>\n\n\n\n<p class=\"has-text-align-right\">Avec des dimensions diff\u00e9rentes et une excellente acoustique, ces salles sont id\u00e9ales pour les grandes r\u00e9unions ou les pr\u00e9sentations de produits ou de services. Les salles de r\u00e9union et de conf\u00e9rences comprennent:<\/p>\n\n\n\n<ul class=\"checks-list list--2-cols wp-block-list\">\n<li>Eau pour chaque participant<\/li>\n\n\n\n<li>Mat\u00e9riel de bureau<\/li>\n\n\n\n<li>Tableau<\/li>\n\n\n\n<li>Microphones<\/li>\n\n\n\n<li>Wi-fi<\/li>\n\n\n\n<li>Signalisation du hall<\/li>\n\n\n\n<li>R\u00e9ception<\/li>\n<\/ul>\n\n\n\n<div class=\"wp-block-buttons is-content-justification-right is-layout-flex wp-container-core-buttons-is-layout-d445cf74 wp-block-buttons-is-layout-flex\">\n<div class=\"wp-block-button\"><a class=\"wp-block-button__link wp-element-button\" href=\"https:\/\/www.cinc.com\/fr\/devis\/\">Je veux plus d&rsquo;informations<\/a><\/div>\n<\/div>\n<\/div>\n\n\n\n<div class=\"wp-block-uagb-container uagb-block-844094df\">\n<div class=\"wp-block-uagb-image uagb-block-5945f81c wp-block-uagb-image--layout-default wp-block-uagb-image--effect-static wp-block-uagb-image--align-none rounded-big--top-right--large\"><figure class=\"wp-block-uagb-image__figure\"><img decoding=\"async\" srcset=\"https:\/\/www.cinc.com\/wp-content\/uploads\/2024\/03\/sala-eventos-barcelona.webp ,https:\/\/www.cinc.com\/wp-content\/uploads\/2024\/03\/sala-eventos-barcelona.webp 780w, https:\/\/www.cinc.com\/wp-content\/uploads\/2024\/03\/sala-eventos-barcelona.webp 360w\" sizes=\"auto, (max-width: 480px) 150px\" src=\"https:\/\/www.cinc.com\/wp-content\/uploads\/2024\/03\/sala-eventos-barcelona.webp\" alt=\"sala para eventos en barcelona\" class=\"uag-image-24638\" width=\"1000\" height=\"800\" title=\"\" loading=\"lazy\"\/><\/figure><\/div>\n<\/div>\n<\/div>\n\n<div class=\"wp-block-uagb-container uagb-block-7270ca77 alignfull uagb-is-root-container\">\n<div class=\"wp-block-uagb-container uagb-block-c9cb7fc8\">\n<div class=\"wp-block-humpton-gutenberg-slider swiper-container content-slider light-cursor autocenter rounded-big--top-right--large\" data-delay=\"0\"><div class=\"swiper-wrapper\">\n<div class=\"swiper-slide\"><div class=\"slide-img\"><img decoding=\"async\" class=\"skip-lazy\" src=\"https:\/\/www.cinc.com\/wp-content\/uploads\/2024\/03\/sala-formacio-barcelona-22arroba.webp\" alt=\"\" \/><\/div><\/div>\n\n\n\n<div class=\"swiper-slide\"><div class=\"slide-img\"><img decoding=\"async\" class=\"skip-lazy\" src=\"https:\/\/www.cinc.com\/wp-content\/uploads\/2024\/03\/sala-formacion-pantalla-tactil-barcelona.webp\" alt=\"\" \/><\/div><\/div>\n<\/div><div class=\"slider-button-next\"><\/div><div class=\"slider-button-prev\"><\/div><div class=\"swiper-pagination\"><\/div><\/div>\n<\/div>\n\n\n\n<div class=\"wp-block-uagb-container uagb-block-bb575ee1\">\n<h3 class=\"wp-block-heading has-text-align-left has-large-font-size\" style=\"font-style:normal;font-weight:300\">Salle de formation<\/h3>\n\n\n\n<p class=\"has-text-align-left text-with-people-icon\">10 &#8211; 50<\/p>\n\n\n\n<p class=\"has-text-align-left\">Pour les cours ou les r\u00e9unions, toutes les salles de formation sont \u00e9quip\u00e9es d&rsquo;un projecteur audiovisuel, de tables ou de fauteuils. Les salles de formation comprennent<\/p>\n\n\n\n<ul class=\"checks-list list--2-cols wp-block-list\">\n<li>Eau pour chaque participant<\/li>\n\n\n\n<li>Mat\u00e9riel de bureau<\/li>\n\n\n\n<li>Tableau<\/li>\n\n\n\n<li>Microphones<\/li>\n\n\n\n<li>Wi-fi<\/li>\n\n\n\n<li>Signalisation du hall<\/li>\n\n\n\n<li>R\u00e9ception<\/li>\n<\/ul>\n\n\n\n<div class=\"wp-block-buttons is-layout-flex wp-block-buttons-is-layout-flex\">\n<div class=\"wp-block-button\"><a class=\"wp-block-button__link wp-element-button\" href=\"https:\/\/www.cinc.com\/fr\/devis\/\">Je veux plus d&rsquo;informations<\/a><\/div>\n<\/div>\n<\/div>\n<\/div>\n\n<div class=\"wp-block-uagb-container uagb-block-6ef4dd1f alignfull uagb-is-root-container\">\n<div class=\"wp-block-uagb-container uagb-block-36b7a1f3\">\n<h3 class=\"wp-block-heading has-text-align-right has-large-font-size\" style=\"font-style:normal;font-weight:300\">Salle de vid\u00e9oconf\u00e9rence<\/h3>\n\n\n\n<p class=\"has-text-align-right text-with-people-icon\">2 &#8211; 8<\/p>\n\n\n\n<p class=\"has-text-align-right\">Salles \u00e9quip\u00e9es des derni\u00e8res technologies, permettant de transmettre efficacement l&rsquo;image et le son. Les salles de r\u00e9union et de conf\u00e9rences comprennent:<\/p>\n\n\n\n<ul class=\"checks-list list--2-cols wp-block-list\">\n<li>Eau pour chaque participant<\/li>\n\n\n\n<li>Mat\u00e9riel de bureau<\/li>\n\n\n\n<li>Tableau<\/li>\n\n\n\n<li>Signalisation du hall<\/li>\n\n\n\n<li>Wi-fi<\/li>\n\n\n\n<li>R\u00e9ception<\/li>\n<\/ul>\n\n\n\n<div class=\"wp-block-buttons is-content-justification-right is-layout-flex wp-container-core-buttons-is-layout-d445cf74 wp-block-buttons-is-layout-flex\">\n<div class=\"wp-block-button\"><a class=\"wp-block-button__link wp-element-button\" href=\"https:\/\/www.cinc.com\/fr\/devis\/\">Je veux plus d&rsquo;informations<\/a><\/div>\n<\/div>\n<\/div>\n\n\n\n<div class=\"wp-block-uagb-container uagb-block-fcdc7b7f\">\n<figure class=\"wp-block-image size-full rounded-big--bottom-left--large\"><img loading=\"lazy\" decoding=\"async\" width=\"1000\" height=\"667\" src=\"https:\/\/www.cinc.com\/wp-content\/uploads\/2023\/03\/BCN_CINC_JL_053.jpg\" alt=\"\" class=\"wp-image-11495\"\/><\/figure>\n<\/div>\n<\/div>\n\n<div class=\"wp-block-uagb-container uagb-block-1d8c4c64 alignfull uagb-is-root-container\"><div class=\"uagb-container-inner-blocks-wrap\">\n<div class=\"marquee-text-wrapper \"><p class=\"marquee-text big-title fw\">Contractez des services additionnels<\/p><\/div>\n\n\n\n<div class=\"wp-block-columns is-layout-flex wp-container-core-columns-is-layout-28f84493 wp-block-columns-is-layout-flex\">\n<div class=\"wp-block-column is-layout-flow wp-block-column-is-layout-flow\" style=\"flex-basis:20%\"><\/div>\n\n\n\n<div class=\"wp-block-column is-vertically-aligned-center is-layout-flow wp-block-column-is-layout-flow\" style=\"flex-basis:60%\">\n<h2 class=\"wp-block-heading has-text-align-center has-medium-font-size\" style=\"margin-bottom:var(--wp--preset--spacing--70);font-style:normal;font-weight:400\">Nous vous offrons la possibilit\u00e9 de souscrire \u00e0 des services suppl\u00e9mentaires: nous nous occupons de tout pour que vous n&rsquo;ayez \u00e0 vous soucier de rien.<\/h2>\n\n\n\n<ul class=\"checks-list list--2-cols wp-block-list\">\n<li>Service de restauration<\/li>\n\n\n\n<li>Service de photocopie<\/li>\n\n\n\n<li>Audiovisuel<\/li>\n\n\n\n<li>Traduction<\/li>\n\n\n\n<li>Place de parking<\/li>\n\n\n\n<li>Graphisme<\/li>\n\n\n\n<li>Salle technique CPD<\/li>\n\n\n\n<li>Espace VIP<\/li>\n<\/ul>\n<\/div>\n\n\n\n<div class=\"wp-block-column is-layout-flow wp-block-column-is-layout-flow\" style=\"flex-basis:20%\"><\/div>\n<\/div>\n<\/div><\/div>\n\n<div class=\"wp-block-uagb-container uagb-block-8eae1e4e alignfull uagb-is-root-container\"><div class=\"uagb-container-inner-blocks-wrap\">\n<h2 class=\"wp-block-heading has-text-align-center\">Veux-tu r\u00e9server en ligne?<\/h2>\n\n\n\n<div class=\"wp-block-buttons is-content-justification-center is-layout-flex wp-container-core-buttons-is-layout-a89b3969 wp-block-buttons-is-layout-flex\">\n<div class=\"wp-block-button\"><a class=\"wp-block-button__link has-text-align-center wp-element-button\" href=\"https:\/\/www.cinc.com\/fr\/location-de-chambres\/\">R\u00e9servation en ligne<\/a><\/div>\n<\/div>\n<\/div><\/div>\n\n<div class=\"wp-block-uagb-container uagb-block-520c94a1 alignfull uagb-is-root-container\"><div class=\"uagb-container-inner-blocks-wrap\">\n<div class=\"marquee-text-wrapper \"><p class=\"marquee-text big-title fw\">Inscrivez-vous \u00e0 notre newsletter<\/p><\/div>\n\n\n<div class=\"wp-block-cinc-blocks-newsletter-form\">\n    <form id=\"newsletter-form\" method=\"POST\" class=\"wp-block-cinc-blocks-newsletter-form__form\">\n        <input class=\"wp-block-cinc-blocks-newsletter-form__field\" type=\"text\" placeholder=\"Your name\" name=\"name\" required \/>\n        <select class=\"wp-block-cinc-blocks-newsletter-form__select\" name=\"town\" required>\n            <option value=\"\" readonly>Town<\/option>\n            <option value=\"barcelona\">Barcelona<\/option>\n            <option value=\"girona\">Girona<\/option>\n        <\/select>\n        <input class=\"wp-block-cinc-blocks-newsletter-form__field\" type=\"email\" placeholder=\"Your email\" name=\"email\" required \/>\n        <button class=\"wp-block-cinc-blocks-newsletter-form__button\">Subscribe<\/button>\n    <\/form>\n    <div id=\"newsletter-form-response\"><\/div>\n<\/div><\/div><\/div>\n","protected":false},"excerpt":{"rendered":"<p>O\u00f9 souhaitez-vous louer les salles ? CINC Barcelona propose des salles de r\u00e9union, des \u00e9v\u00e9nements, des vid\u00e9oconf\u00e9rences et des formations modernes et technologiquement \u00e9quip\u00e9es au c\u0153ur de 22@. Nos espaces sont confortables et polyvalents, avec diff\u00e9rentes capacit\u00e9s, beaucoup de lumi\u00e8re naturelle et la possibilit\u00e9 de louer des services suppl\u00e9mentaires tels que le service traiteur. Pour [&hellip;]<\/p>\n","protected":false},"author":1,"featured_media":0,"parent":0,"menu_order":0,"comment_status":"closed","ping_status":"closed","template":"","meta":{"_acf_changed":false,"_uag_custom_page_level_css":"","footnotes":""},"class_list":["post-23812","page","type-page","status-publish","hentry"],"acf":[],"uagb_featured_image_src":{"full":false,"thumbnail":false,"medium":false,"medium_large":false,"large":false,"1536x1536":false,"2048x2048":false,"gform-image-choice-sm":false,"gform-image-choice-md":false,"gform-image-choice-lg":false},"uagb_author_info":{"display_name":"Pol","author_link":"https:\/\/www.cinc.com\/fr\/author\/pol\/"},"uagb_comment_info":0,"uagb_excerpt":"O\u00f9 souhaitez-vous louer les salles ? CINC Barcelona propose des salles de r\u00e9union, des \u00e9v\u00e9nements, des vid\u00e9oconf\u00e9rences et des formations modernes et technologiquement \u00e9quip\u00e9es au c\u0153ur de 22@. Nos espaces sont confortables et polyvalents, avec diff\u00e9rentes capacit\u00e9s, beaucoup de lumi\u00e8re naturelle et la possibilit\u00e9 de louer des services suppl\u00e9mentaires tels que le service traiteur. Pour\u2026","jetpack_sharing_enabled":true,"_links":{"self":[{"href":"https:\/\/www.cinc.com\/fr\/wp-json\/wp\/v2\/pages\/23812","targetHints":{"allow":["GET"]}}],"collection":[{"href":"https:\/\/www.cinc.com\/fr\/wp-json\/wp\/v2\/pages"}],"about":[{"href":"https:\/\/www.cinc.com\/fr\/wp-json\/wp\/v2\/types\/page"}],"author":[{"embeddable":true,"href":"https:\/\/www.cinc.com\/fr\/wp-json\/wp\/v2\/users\/1"}],"replies":[{"embeddable":true,"href":"https:\/\/www.cinc.com\/fr\/wp-json\/wp\/v2\/comments?post=23812"}],"version-history":[{"count":31,"href":"https:\/\/www.cinc.com\/fr\/wp-json\/wp\/v2\/pages\/23812\/revisions"}],"predecessor-version":[{"id":31991,"href":"https:\/\/www.cinc.com\/fr\/wp-json\/wp\/v2\/pages\/23812\/revisions\/31991"}],"wp:attachment":[{"href":"https:\/\/www.cinc.com\/fr\/wp-json\/wp\/v2\/media?parent=23812"}],"curies":[{"name":"wp","href":"https:\/\/api.w.org\/{rel}","templated":true}]}}