{"id":23015,"date":"2024-01-09T09:25:54","date_gmt":"2024-01-09T08:25:54","guid":{"rendered":"https:\/\/www.cinc.com\/politica-de-privacidad\/"},"modified":"2024-02-09T11:28:13","modified_gmt":"2024-02-09T10:28:13","slug":"politica-de-privacidad","status":"publish","type":"page","link":"https:\/\/www.cinc.com\/es\/politica-de-privacidad\/","title":{"rendered":"Pol\u00edtica de privacidad"},"content":{"rendered":"\n<div class=\"wp-block-uagb-container uagb-block-e4bc1423 alignfull uagb-is-root-container\"><div class=\"uagb-container-inner-blocks-wrap\">\n<h4 class=\"wp-block-heading\">Cinc pol\u00edtica de privacidad<\/h4>\n\n\n\n<p>De acuerdo con la normativa vigente en materia de Protecci\u00f3n de Datos personales, Reglamento (UE) 2016\/679 del Parlamento Europeo y del Consejo, de 27 de abril de 2016 (en adelante RGPD), y la Ley Org\u00e1nica 3\/2018, de 5 de diciembre, de Protecci\u00f3n de Datos Personales y garant\u00eda de los derechos digitales (en adelante, LOPDGDD), a continuaci\u00f3n te informamos de los t\u00e9rminos de nuestra pol\u00edtica de privacidad en relaci\u00f3n con el tratamiento de sus datos en tu condici\u00f3n de usuario de nuestra web <a href=\"https:\/\/www.cinc.com\/es\/\" target=\"_blank\" rel=\"noreferrer noopener\">https:\/\/www.cinc.com\/<\/a> (en adelante la \u201cWeb\u201d).<\/p>\n\n\n\n<p><strong><u>1. IDENTIFICACI\u00d3N DEL RESPONSABLE DEL TRATAMIENTO<\/u><\/strong><\/p>\n\n\n\n<p style=\"margin-top:0;margin-bottom:0;padding-top:0;padding-bottom:0\">El responsable del tratamiento de sus datos es CINC.<\/p>\n\n\n\n<p style=\"margin-top:0;margin-bottom:0;padding-top:0;padding-bottom:0\">Datos de contacto<\/p>\n\n\n\n<p style=\"margin-top:0;margin-bottom:0;padding-top:0;padding-bottom:0\">C\/ Pau Casals, 3<\/p>\n\n\n\n<p style=\"margin-top:0;margin-bottom:0;padding-top:0;padding-bottom:0\">17001 GIRONA<\/p>\n\n\n\n<p style=\"margin-top:0;margin-bottom:0;padding-top:0;padding-bottom:0\">Tel\u00e9fono de contacto: 972 940 940<\/p>\n\n\n\n<p style=\"margin-top:0;margin-bottom:0;padding-top:0;padding-bottom:0\">E-mail: <a href=\"mailto:rgpd@cinc.es\">rgpd@cinc.es<\/a><\/p>\n\n\n\n<p><strong><u>2. CATEGOR\u00cdA DE DATOS QUE TRATAMOS<\/u><\/strong><\/p>\n\n\n\n<p>De conformidad con el principio de minimizaci\u00f3n de datos, CINC s\u00f3lo te solicitar\u00e1 los datos imprescindibles para el cumplimiento de las finalidades informadas, y que a continuaci\u00f3n detallamos:<\/p>\n\n\n\n<figure class=\"wp-block-table\"><table><tbody><tr><td><strong>Tratamiento<\/strong><\/td><td><strong>Tipo de Datos tratados<\/strong><\/td><\/tr><tr><td>Usuario web<\/td><td>Identificativas de la conexi\u00f3n: direcci\u00f3n IP<\/td><\/tr><tr><td>Contactar<\/td><td>Identificativas: nombre y apellidos, tel\u00e9fono y e-mail.<\/td><\/tr><tr><td>Solicita presupuesto<\/td><td>Identificativas: nombre y apellidos, tel\u00e9fono y e-mail.<\/td><\/tr><tr><td>Quiero saber m\u00e1s<\/td><td>Identificativas: nombre y apellidos, tel\u00e9fono y e-mail.<\/td><\/tr><tr><td>\u00danete a nuestro equipo<\/td><td>Identificativas: nombre y apellidos, tel\u00e9fono y e-mail. Curr\u00edculum.<\/td><\/tr><tr><td>Usuario Registrado<\/td><td>Identificativas: nombre y apellidos, direcci\u00f3n de correo electr\u00f3nico.<\/td><\/tr><tr><td>Newsletter<\/td><td>Identificativas: nombre y apellido, poblaci\u00f3n y direcci\u00f3n de correo electr\u00f3nico.<\/td><\/tr><\/tbody><\/table><\/figure>\n\n\n\n<p>Todos los campos marcados con un (*) de los distintos formularios colgados en nuestra Web son de obligado cumplimiento y su omisi\u00f3n no permitir\u00e1 el env\u00edo del formulario.<\/p>\n\n\n\n<p><strong><u>3. ORIGEN DE LOS DATOS<\/u><\/strong><\/p>\n\n\n\n<p>Los datos personales que tratamos proceden del propio interesado\/a, o de su legal representante, quien garantiza su veracidad y autenticidad. En aquellos casos en los que sea necesario que se nos proporcione datos de terceros, deber\u00e1 informar con car\u00e1cter previo a estos terceros, de los t\u00e9rminos de nuestra pol\u00edtica de privacidad. CINC no asumir\u00e1 ning\u00fan tipo de responsabilidad por la inexactitud o falta de veracidad de los datos recibidos, reserv\u00e1ndonos expresamente el ejercicio de cualquier acci\u00f3n que pudiera correspondernos para hacer valer nuestros derechos.<\/p>\n\n\n\n<p><strong><u>4. PLAZO DE CONSERVACI\u00d3N DE LOS DATOS<\/u><\/strong><\/p>\n\n\n\n<p>Tus datos personales s\u00f3lo se conservar\u00e1n el tiempo indispensable para la realizaci\u00f3n de las finalidades previamente informadas, salvo disposici\u00f3n legal que establezca un plazo de conservaci\u00f3n diferente, o te hayas opuesto a su tratamiento o hayas retirado tu consentimiento para el tratamiento. En estos casos, CINC adoptar\u00e1 todas aquellas medidas de seguridad disponibles para asegurar la confidencialidad y seguridad de tus datos. <\/p>\n\n\n\n<p> <strong><u>5. FINALIDADES Y BASES LEGITIMADORAS DEL TRATAMIENTO<\/u><\/strong><\/p>\n\n\n\n<p>De conformidad con los principios de minimizaci\u00f3n de datos y proporcionalidad, CINC. S\u00f3lo te pedir\u00e1 los datos imprescindibles para la realizaci\u00f3n de las finalidades informadas. A continuaci\u00f3n, te informamos de forma detallada de cu\u00e1les son estas finalidades y de la base legitimadora para su tratamiento:<\/p>\n\n\n\n<figure class=\"wp-block-table\"><table><tbody><tr><td><strong>TRATAMIENTO<\/strong><\/td><td><strong>FINALIDAD<\/strong><\/td><td><strong>BASE LEGITIMADORA<\/strong><\/td><\/tr><tr><td>Usuario Web<\/td><td>Gesti\u00f3n administrativa<\/td><td>&#8211; Consentimiento expreso del interesado\/a<sup>(*)<\/sup> Arte. 6.1. a) RGPD. <br\/>&#8211; Inter\u00e9s leg\u00edtimo de CINC para atender tu solicitud., art. 6.1.f) RGPD.<\/td><\/tr><tr><td>Contactar<\/td><td>Atenci\u00f3n y respuesta consultas efectuadas por el interesado\/a.<\/td><td>&#8211; Consentimiento expreso del interesado\/a<sup>(*).<\/sup> Art. 6.1. a) RGPD. <br\/>&#8211; Inter\u00e9s leg\u00edtimo de CINC para atender tu solicitud., art. 6.1.f) RGPD.<\/td><\/tr><tr><td>Solicita un presupuesto<\/td><td>Atenci\u00f3n y confecci\u00f3n presupuesto solicitado por el interesado\/a.<\/td><td>&#8211; Consentimiento expreso del interesado\/a<sup>(*).<\/sup> Art. 6.1. a) RGPD. <br\/>&#8211; Inter\u00e9s leg\u00edtimo de CINC para atender tu solicitud., art. 6.1.f) RGPD. <\/td><\/tr><tr><td>Quiero saber m\u00e1s<\/td><td>Atenci\u00f3n e informaci\u00f3n seg\u00fan solicitud efectuada por el interesado\/a.<\/td><td>&#8211; Consentimiento expreso del interesado\/a<sup>(*).<\/sup> Art. 6.1.a) RGPD. <br\/>&#8211; Inter\u00e9s leg\u00edtimo de CINC para atender tu solicitud., art. 6.1.f) RGPD. <\/td><\/tr><tr><td>\u00danete a nuestro equipo<\/td><td>Gesti\u00f3n administrativa de los procesos de selecci\u00f3n.<\/td><td>&#8211; Consentimiento expreso del interesado\/a<sup>(*)<\/sup> Arte. 6.1. a) RGPD. <br\/>&#8211; Ejecuci\u00f3n de medidas precontractuales, art. 6.1. b) RGPD. <\/td><\/tr><tr><td>Usuario registrado<\/td><td>Gestionar su condici\u00f3n de usuario registrado<\/td><td>&#8211; Consentimiento expreso <sup>(*)<\/sup>, art. 6.1.a) RGPD. <del><\/del>  <\/td><\/tr><tr><td>Newsletter<\/td><td>Gesti\u00f3n administrativa<\/td><td>&#8211; Consentimiento expreso <sup>(*)<\/sup> art. 6.1.a). <br\/>&#8211; Inter\u00e9s leg\u00edtimo del responsable, art. 6.1.b) RGPD. <\/td><\/tr><\/tbody><\/table><\/figure>\n\n\n\n<p><br\/><sup>(*) <\/sup>se entiende que realiza consentimiento expreso al formular libre y voluntariamente su solicitud a trav\u00e9s de nuestros formularios, previa lectura de la presente pol\u00edtica de privacidad.<\/p>\n\n\n\n<p><strong><u>6. CESI\u00d3N DE DATOS<\/u><\/strong><\/p>\n\n\n\n<p>Tus datos no ser\u00e1n comunicados a terceros, salvo a empresas del mismo grupo empresarial y para las mismas finalidades, o para que as\u00ed lo exija la Ley, y\/o nos lo requieran las autoridades competentes, en los t\u00e9rminos y condiciones legalmente establecidos, o sea necesario para cumplir con la finalidad del tratamiento; es lo que se conoce como encargados del tratamiento, en estos casos, velaremos por el cumplimiento de todas aquellas medidas de \u00edndole t\u00e9cnica y organizativa necesarias para garantizar su seguridad y evitar su alteraci\u00f3n, p\u00e9rdida, tratamiento o acceso no autorizado y el resto de obligaciones que exija la normativa vigente.<\/p>\n\n\n\n<p>No se realizar\u00e1n transferencias internacionales de datos, excepto en el caso de activaci\u00f3n de las cookies de Google Analytics, o la utilizaci\u00f3n del servicio de almacenamiento Drive, servicio prestado por Google INC., y el servicio de WhatsApp, empresas proveedoras con servidores en EEUU y que, por tanto, supone una transferencia internacional de datos. Puedes ampliar esta informaci\u00f3n <a href=\"https:\/\/www.aepd.es\/es\/preguntas-frecuentes\/6-transferencias-internacionales-bcr-codigos-de-conducta\/1-transferencias-internacionales\/FAQ-0605-que-paises-se-consideran-con-un-nivel-adecuado-a-efectos-del-articulo-45-del-rgpd\" target=\"_blank\" rel=\"noreferrer noopener\">aqu\u00ed<\/a>.<\/p>\n\n\n\n<p>En cualquier momento, puedes aceptar, denegar y configurar las cookies de nuestra Web <a href=\"https:\/\/www.cinc.com\/politica-de-cookies\/\" target=\"_blank\" rel=\"noreferrer noopener\">en este enlace.<\/a><\/p>\n\n\n\n<p><strong><u>6.1. Enlaces de terceros<\/u><\/strong><\/p>\n\n\n\n<p>Nuestra web puede contener enlaces a redes sociales como Facebook, Linkedin, \u201cX\u201d o Instagram; CINC. No almacena ning\u00fan tipo de informaci\u00f3n de car\u00e1cter personal en relaci\u00f3n con estas transmisiones. Recuerda que estos terceros tienen sus propias pol\u00edticas de privacidad, de cuyos t\u00e9rminos no asumimos ning\u00fan tipo de responsabilidad, ni dar\u00e1 derecho a ning\u00fan tipo de indemnizaci\u00f3n por nuestra parte. Lee detenidamente sus t\u00e9rminos, y en caso de disconformidad, no los utilice.<\/p>\n\n\n\n<p><strong><u>7. DERECHOS<\/u><\/strong><\/p>\n\n\n\n<p>En cualquier momento podr\u00e1s solicitar el acceso a tus datos, para saber si los tratamos, cu\u00e1les son y con qu\u00e9 fines; sin embargo, tambi\u00e9n tienes derecho a:<\/p>\n\n\n\n<ul class=\"wp-block-list\">\n<li>Solicitar la rectificaci\u00f3n de los datos que sean inexactos.<\/li>\n\n\n\n<li>Solicitar la supresi\u00f3n de tus datos personales en los t\u00e9rminos previstos en la normativa.<\/li>\n\n\n\n<li>Solicitar la limitaci\u00f3n del tratamiento de tus datos personales; en este caso s\u00f3lo las conservaremos para el ejercicio o defensa de posibles reclamaciones.<\/li>\n\n\n\n<li>Oponerte al tratamiento de tus datos. En este caso, dejaremos de tratarlas, pero podr\u00e1n ser conservadas oportunamente, bloqueadas para hacer frente a posibles reclamaciones, o ejercicio de acciones, o para que as\u00ed lo disponga la ley.<\/li>\n\n\n\n<li>Solicitar la portabilidad de tus datos.<\/li>\n<\/ul>\n\n\n\n<p><strong><u>7.1. \u00bfCu\u00e1l es el procedimiento para ejercitar sus derechos?<\/u><\/strong><\/p>\n\n\n\n<p>Para el ejercicio de sus derechos o cualquier consulta sobre nuestra Pol\u00edtica de Privacidad, puedes contactar con nosotros envi\u00e1ndonos un correo a <a href=\"mailto:rgpd@cinc.es\">rgpd@<\/a><a href=\"mailto:rgpd@cinc.es\" target=\"_blank\" rel=\"noreferrer noopener\">cinc.es<\/a> (Ref. RGPD). En cuanto nos llegue tu solicitud, la tramitaremos y contestaremos en el plazo m\u00e1ximo de un mes. <\/p>\n\n\n\n<p>Si finalmente consideras que no hemos atendido correctamente sus derechos, puedes <a href=\"https:\/\/sedeagpd.gob.es\/sede-electronica-web\/vistas\/infoSede\/tramitesCiudadano.jsf\" target=\"_blank\" rel=\"noreferrer noopener\">presentar una reclamaci\u00f3n<\/a> delante de la AEPD.<\/p>\n\n\n\n<p><strong><u>8. MEDIDAS DE SEGURIDAD IMPLEMENTADAS<\/u><\/strong><\/p>\n\n\n\n<p>CINC tratar\u00e1 tus datos de forma absolutamente confidencial y cumpliendo con el deber de secreto respecto a los mismos, de conformidad con lo previsto en la normativa de protecci\u00f3n de datos de aplicaci\u00f3n, en especial el art\u00edculo 32 del RGPD; adoptando al efecto las medidas de \u00edndole t\u00e9cnica y organizativa necesarias para garantizar la seguridad de sus datos y eviten su alteraci\u00f3n, p\u00e9rdida, tratamiento o acceso no autorizado, dado el estado de la tecnolog\u00eda, la naturaleza de las datos almacenados y los riesgos a los que est\u00e1n expuestas. En particular, hemos adoptado las pertinentes y obligatorias medidas establecidas en la normativa de protecci\u00f3n de datos de car\u00e1cter personal, relativas a: funciones y obligaciones de personal, registro de eventos, gesti\u00f3n de soportes y documentos, control de acceso, identificaci\u00f3n y autenticaci\u00f3n, copia de seguridad y recuperaci\u00f3n, as\u00ed como tambi\u00e9n, las medidas necesarias y obligatorias de acuerdo con las normativas locales. La documentaci\u00f3n estar\u00e1 disponible a petici\u00f3n del interesado\/da utilizando los canales habituales de contacto.<\/p>\n\n\n\n<p><strong><u>9. CAMBIOS EN LA POL\u00cdTICA DE PRIVACIDAD<\/u><\/strong><\/p>\n\n\n\n<p>CINC se reserva el derecho a modificar cuando lo considere oportuno la presente Pol\u00edtica de Privacidad con el fin de adaptarla a las novedades legislativas que fueran procedentes. Todos los cambios y modificaciones ser\u00e1n publicadas en nuestra Web de forma visible para su conocimiento.<\/p>\n\n\n\n<p>\u00daltima actualizaci\u00f3n 31\/01\/2024.<\/p>\n\n\n\n<p>\u00a9 2024 Grup CINC. Todos los derechos reservados.<\/p>\n<\/div><\/div>\n","protected":false},"excerpt":{"rendered":"<p>Cinc pol\u00edtica de privacidad De acuerdo con la normativa vigente en materia de Protecci\u00f3n de Datos personales, Reglamento (UE) 2016\/679 del Parlamento Europeo y del Consejo, de 27 de abril de 2016 (en adelante RGPD), y la Ley Org\u00e1nica 3\/2018, de 5 de diciembre, de Protecci\u00f3n de Datos Personales y garant\u00eda de los derechos digitales [&hellip;]<\/p>\n","protected":false},"author":3,"featured_media":0,"parent":0,"menu_order":0,"comment_status":"closed","ping_status":"closed","template":"","meta":{"_acf_changed":false,"_uag_custom_page_level_css":"","footnotes":""},"class_list":["post-23015","page","type-page","status-publish","hentry"],"acf":[],"uagb_featured_image_src":{"full":false,"thumbnail":false,"medium":false,"medium_large":false,"large":false,"1536x1536":false,"2048x2048":false,"gform-image-choice-sm":false,"gform-image-choice-md":false,"gform-image-choice-lg":false},"uagb_author_info":{"display_name":"Anna","author_link":"https:\/\/www.cinc.com\/es\/author\/anna\/"},"uagb_comment_info":0,"uagb_excerpt":"Cinc pol\u00edtica de privacidad De acuerdo con la normativa vigente en materia de Protecci\u00f3n de Datos personales, Reglamento (UE) 2016\/679 del Parlamento Europeo y del Consejo, de 27 de abril de 2016 (en adelante RGPD), y la Ley Org\u00e1nica 3\/2018, de 5 de diciembre, de Protecci\u00f3n de Datos Personales y garant\u00eda de los derechos digitales&hellip;","jetpack_sharing_enabled":true,"_links":{"self":[{"href":"https:\/\/www.cinc.com\/es\/wp-json\/wp\/v2\/pages\/23015","targetHints":{"allow":["GET"]}}],"collection":[{"href":"https:\/\/www.cinc.com\/es\/wp-json\/wp\/v2\/pages"}],"about":[{"href":"https:\/\/www.cinc.com\/es\/wp-json\/wp\/v2\/types\/page"}],"author":[{"embeddable":true,"href":"https:\/\/www.cinc.com\/es\/wp-json\/wp\/v2\/users\/3"}],"replies":[{"embeddable":true,"href":"https:\/\/www.cinc.com\/es\/wp-json\/wp\/v2\/comments?post=23015"}],"version-history":[{"count":3,"href":"https:\/\/www.cinc.com\/es\/wp-json\/wp\/v2\/pages\/23015\/revisions"}],"predecessor-version":[{"id":23020,"href":"https:\/\/www.cinc.com\/es\/wp-json\/wp\/v2\/pages\/23015\/revisions\/23020"}],"wp:attachment":[{"href":"https:\/\/www.cinc.com\/es\/wp-json\/wp\/v2\/media?parent=23015"}],"curies":[{"name":"wp","href":"https:\/\/api.w.org\/{rel}","templated":true}]}}