{"id":22999,"date":"2024-01-09T09:40:43","date_gmt":"2024-01-09T08:40:43","guid":{"rendered":"https:\/\/www.cinc.com\/aviso-legal\/"},"modified":"2024-02-13T14:31:54","modified_gmt":"2024-02-13T13:31:54","slug":"aviso-legal","status":"publish","type":"page","link":"https:\/\/www.cinc.com\/es\/aviso-legal\/","title":{"rendered":"Aviso legal"},"content":{"rendered":"\n<div class=\"wp-block-uagb-container uagb-block-5d3387b1 alignfull uagb-is-root-container\"><div class=\"uagb-container-inner-blocks-wrap\">\n<p>Bienvenidos a nuestra web <a href=\"https:\/\/nova.1dia1empresa.com\/ca\/index\"><\/a><a href=\"https:\/\/www.cinc.com\/es\/\" target=\"_blank\" rel=\"noreferrer noopener\">https:\/\/www.cinc.com<\/a> (en adelante, en este texto, la Web). A continuaci\u00f3n, te explicamos los t\u00e9rminos y condiciones de su uso. Recuerde que la utilizaci\u00f3n de esta web le confiere la condici\u00f3n de usuario\/a e implica la total aceptaci\u00f3n de su contenido, sin limitaciones ni exclusiones. Por favor, lee detenidamente este aviso legal, y en caso de duda, puedes contactar con nosotros.<\/p>\n\n\n\n<p><strong><u>1. DATOS IDENTIFICATIVOS DEL TITULAR DE LA WEB<\/u><\/strong><\/p>\n\n\n\n<p>En cumplimiento de lo que dispone el art\u00edculo 10 de la Ley 34\/2002 de Servicios de la Sociedad de la Informaci\u00f3n y Comercio electr\u00f3nico, te informamos que el titular de esta web es CINC, con NIF B17778556 y domiciliada en Girona, C\/G\u00fcell, 58 Edificio CINC, inscrita en el Registro Mercantil de Girona, Tomo 2043, Secci\u00f3n B, Folio 1, Hoja GI-33941.<\/p>\n\n\n\n<p>Tel\u00e9fono de contacto: 972 940 940. E-mail de contacto: <a href=\"mailto:rgpd@cinc.es\" target=\"_blank\" rel=\"noreferrer noopener\">rgpd@cinc.es<\/a>.<\/p>\n\n\n\n<p><strong><u>2. CONDICIONES DE ACCESO, UTILIZACI\u00d3N Y FUNCIONAMIENTO DE LA WEB<\/u><\/strong><\/p>\n\n\n\n<p>El acceso a nuestra web es libre, excepto cuando tenga alg\u00fan campo que requiera la introducci\u00f3n de contrase\u00f1a (usuario registrado). Como usuario\/a de la Web se comprometes a hacer siempre un uso correcto de la misma y de sus contenidos, respetando en todo momento la legalidad vigente y los derechos propiedad de su titular, que se reserva el derecho de excluir el acceso a su web de todos aquellos usuarios que act\u00faen de forma contraria a las presentes condiciones, la ley, los principios generales del derecho y las buenas costumbres. En t\u00e9rminos generales el usuario\/a deber\u00e1 abstenerse de reproducir, copiar, distribuir, poner a disposici\u00f3n, comunicar p\u00fablicamente o hacer un uso privado, as\u00ed como transformar o modificar contenidos de nuestra web, o alterarlos el software.<\/p>\n\n\n\n<p>CINC se reserva el derecho a suspender temporalmente, y sin necesidad de preaviso a los usuarios, el acceso a su web, con el fin de realizar tareas de mejora y\/o restauraci\u00f3n. No obstante, se intentar\u00e1n realizar estas acciones en horas de baja afluencia a la misma, excluy\u00e9ndose ning\u00fan tipo de responsabilidad por parte del Titular como consecuencia de los perjuicios que esta situaci\u00f3n pudiera ocasionar.<\/p>\n\n\n\n<p>No podemos garantizarte la ausencia de \u201cvirus\u201d y\/o \u201cmalware\u201d en nuestra web, recuerda que es tu obligaci\u00f3n disponer de las herramientas adecuadas para la detecci\u00f3n y neutralizaci\u00f3n de estos elementos y que en ning\u00fan caso podremos hacernos responsables de los da\u00f1os o perjuicios que esta situaci\u00f3n pudiera ocasionarte. Tambi\u00e9n quedan excluidos de nuestra responsabilidad los da\u00f1os y\/o perjuicios derivados de errores o desconexiones de las redes de telecomunicaciones.<\/p>\n\n\n\n<p><strong><u>3. POL\u00cdTICA DE ENLACES<\/u><\/strong><\/p>\n\n\n\n<p>Nuestra web dispone de enlaces a otros sitios o webs de Internet, incluidas redes sociales como Facebook, Linkedin, X o Instagram. CINC no asume ning\u00fan tipo de responsabilidad ni control sobre estos terceros, ni sobre sus contenidos. Tampoco puede garantizar su disponibilidad t\u00e9cnica, calidad y fiabilidad. Su presencia en nuestra web no significa que exista una relaci\u00f3n de colaboraci\u00f3n o asociaci\u00f3n de ning\u00fan tipo entre CINC y estos terceros.<\/p>\n\n\n\n<p>Las relaciones comerciales con los clientes se regir\u00e1n por las condiciones generales que, si procede, se establecer\u00e1n por el titular de la web en un documento espec\u00edfico con este efecto, o per los pactos concretos que se puedan acordar con los clientes.<\/p>\n\n\n\n<p><strong><u>4. PROPIEDAD INTELECTUAL E INDUSTRIAL <\/u><\/strong><\/p>\n\n\n\n<p>Los contenidos de nuestra web son titularidad de CINC, o bien le han sido cedidos por su leg\u00edtimo titular, para su uso, como por ejemplo y s\u00f3lo a t\u00edtulo enunciativo y no exhaustivo, se consideran contenido de la web las bases de datos, textos, marcas, nombres comerciales, audios, logotipos, signos distintivos, animaciones, im\u00e1genes, v\u00eddeos, dise\u00f1os, estructura de la p\u00e1gina web, etc. El uso de la web por los usuarios no les otorga ning\u00fan derecho de explotaci\u00f3n de ning\u00fan tipo, ni su titularidad, sobre los contenidos de la misma, as\u00ed como tampoco ning\u00fan derecho de propiedad industrial y\/o intelectual. Queda totalmente prohibida la transformaci\u00f3n, reproducci\u00f3n, explotaci\u00f3n, distribuci\u00f3n, comunicaci\u00f3n p\u00fablica y\/o cesi\u00f3n, ya sea a t\u00edtulo oneroso o gratuito de cualquiera de los contenidos de la web CINC hace expresa reserva ante los usuarios y terceros del ejercicio de cuantas acciones amparen sus leg\u00edtimos derechos de propiedad intelectual y\/o industrial.<\/p>\n\n\n\n<p><strong><u>5. LEGISLACI\u00d3N Y JURISDICCI\u00d3N APLICABLE<\/u><\/strong><\/p>\n\n\n\n<p>Los posibles conflictos relativos a esta web se regir\u00e1n exclusivamente por el derecho del Estado Espa\u00f1ol y de la Comunidad Aut\u00f3noma de Catalu\u00f1a, siendo los juzgados de Barcelona los \u00fanicos competentes para su conocimiento. Toda persona usuaria de la web, independientemente de la jurisdicci\u00f3n territorial desde la que se produzca su acceso, acepta el cumplimiento y respeta esta cl\u00e1usula con renuncia expresa a cualquier otro fuero que pudiera corresponderle.<\/p>\n\n\n\n<p>\u00daltima actualizaci\u00f3n 31\/01\/2024.<\/p>\n\n\n\n<p>\u00a9 31\/01\/2024. Grup CINC. Todos los derechos reservados.<\/p>\n<\/div><\/div>\n","protected":false},"excerpt":{"rendered":"<p>Bienvenidos a nuestra web https:\/\/www.cinc.com (en adelante, en este texto, la Web). A continuaci\u00f3n, te explicamos los t\u00e9rminos y condiciones de su uso. Recuerde que la utilizaci\u00f3n de esta web le confiere la condici\u00f3n de usuario\/a e implica la total aceptaci\u00f3n de su contenido, sin limitaciones ni exclusiones. Por favor, lee detenidamente este aviso legal, [&hellip;]<\/p>\n","protected":false},"author":3,"featured_media":0,"parent":0,"menu_order":0,"comment_status":"closed","ping_status":"closed","template":"","meta":{"_acf_changed":false,"_uag_custom_page_level_css":"","footnotes":""},"class_list":["post-22999","page","type-page","status-publish","hentry"],"acf":[],"uagb_featured_image_src":{"full":false,"thumbnail":false,"medium":false,"medium_large":false,"large":false,"1536x1536":false,"2048x2048":false,"gform-image-choice-sm":false,"gform-image-choice-md":false,"gform-image-choice-lg":false},"uagb_author_info":{"display_name":"Anna","author_link":"https:\/\/www.cinc.com\/es\/author\/anna\/"},"uagb_comment_info":0,"uagb_excerpt":"Bienvenidos a nuestra web https:\/\/www.cinc.com (en adelante, en este texto, la Web). A continuaci\u00f3n, te explicamos los t\u00e9rminos y condiciones de su uso. Recuerde que la utilizaci\u00f3n de esta web le confiere la condici\u00f3n de usuario\/a e implica la total aceptaci\u00f3n de su contenido, sin limitaciones ni exclusiones. Por favor, lee detenidamente este aviso legal,&hellip;","jetpack_sharing_enabled":true,"_links":{"self":[{"href":"https:\/\/www.cinc.com\/es\/wp-json\/wp\/v2\/pages\/22999","targetHints":{"allow":["GET"]}}],"collection":[{"href":"https:\/\/www.cinc.com\/es\/wp-json\/wp\/v2\/pages"}],"about":[{"href":"https:\/\/www.cinc.com\/es\/wp-json\/wp\/v2\/types\/page"}],"author":[{"embeddable":true,"href":"https:\/\/www.cinc.com\/es\/wp-json\/wp\/v2\/users\/3"}],"replies":[{"embeddable":true,"href":"https:\/\/www.cinc.com\/es\/wp-json\/wp\/v2\/comments?post=22999"}],"version-history":[{"count":6,"href":"https:\/\/www.cinc.com\/es\/wp-json\/wp\/v2\/pages\/22999\/revisions"}],"predecessor-version":[{"id":23357,"href":"https:\/\/www.cinc.com\/es\/wp-json\/wp\/v2\/pages\/22999\/revisions\/23357"}],"wp:attachment":[{"href":"https:\/\/www.cinc.com\/es\/wp-json\/wp\/v2\/media?parent=22999"}],"curies":[{"name":"wp","href":"https:\/\/api.w.org\/{rel}","templated":true}]}}