{"id":18969,"date":"2023-03-13T08:01:14","date_gmt":"2023-03-13T07:01:14","guid":{"rendered":"https:\/\/www.cinc.com\/domiciliacion-de-empresas\/"},"modified":"2024-06-03T11:19:09","modified_gmt":"2024-06-03T10:19:09","slug":"domiciliacion-de-empresas","status":"publish","type":"page","link":"https:\/\/www.cinc.com\/es\/domiciliacion-de-empresas\/","title":{"rendered":"Domiciliaci\u00f3n de empresas"},"content":{"rendered":"\n<div class=\"wp-block-uagb-container uagb-block-65a57c93 alignfull uagb-is-root-container\"><div class=\"uagb-container-inner-blocks-wrap\">\n<div class=\"wp-block-uagb-container uagb-block-0a89733a\">\n<div class=\"wp-block-group is-layout-constrained wp-block-group-is-layout-constrained\" style=\"margin-bottom:var(--wp--preset--spacing--50)\">\n<h4 class=\"wp-block-heading has-text-align-center has-black-color has-text-color\">Domiciliaci\u00f3n<br>b\u00e1sica<\/h4>\n\n\n\n<p class=\"has-text-align-center has-black-color has-text-color\">Domicilio fiscal y social de la<br>sociedad en CINC<\/p>\n<\/div>\n\n\n\n<ul class=\"checks-list flex-grow has-black-color has-text-color wp-block-list\">\n<li>Uso de la direcci\u00f3n de CINC<\/li>\n\n\n\n<li>Buz\u00f3n privado<\/li>\n\n\n\n<li>Recepci\u00f3n de mensajer\u00eda y paqueter\u00eda<\/li>\n\n\n\n<li>Reenv\u00edo correo postal<\/li>\n<\/ul>\n\n\n\n<div class=\"wp-block-buttons is-content-justification-center is-layout-flex wp-container-core-buttons-is-layout-a89b3969 wp-block-buttons-is-layout-flex\">\n<div class=\"wp-block-button\"><a class=\"wp-block-button__link has-text-align-center wp-element-button\" href=\"https:\/\/www.cinc.com\/es\/contacto\/\">M\u00e1s info<\/a><\/div>\n<\/div>\n<\/div>\n\n\n\n<div class=\"wp-block-uagb-container uagb-block-4f928fb5\">\n<div class=\"wp-block-group is-layout-constrained wp-block-group-is-layout-constrained\" style=\"margin-bottom:var(--wp--preset--spacing--50)\">\n<h4 class=\"wp-block-heading has-text-align-center has-black-color has-text-color\">Domiciliaci\u00f3n<br>personalizada<\/h4>\n\n\n\n<p class=\"has-text-align-center has-black-color has-text-color\">Domicilio fiscal y social de la sociedad en CINC + Recepci\u00f3n de llamadas<\/p>\n<\/div>\n\n\n\n<ul class=\"checks-list flex-grow has-black-color has-text-color wp-block-list\">\n<li>Buz\u00f3n privado<\/li>\n\n\n\n<li>Recepci\u00f3n de mensajer\u00eda y paqueter\u00eda<\/li>\n\n\n\n<li>Reenv\u00edo correo postal<\/li>\n\n\n\n<li>N\u00famero de tel\u00e9fono exclusivo<\/li>\n\n\n\n<li>Gesti\u00f3n de agenda personal<\/li>\n\n\n\n<li>Logotipo al Hall del edificio<\/li>\n\n\n\n<li>Recepci\u00f3n de visitas<\/li>\n\n\n\n<li>Tarifas preferentes en el resto de servicios<\/li>\n\n\n\n<li>Servicio de atenci\u00f3n telef\u00f3nica personalizada con el nombre de la empresa<\/li>\n\n\n\n<li>Uso de la direcci\u00f3n de CINC<\/li>\n<\/ul>\n\n\n\n<div class=\"wp-block-buttons is-content-justification-center is-layout-flex wp-container-core-buttons-is-layout-a89b3969 wp-block-buttons-is-layout-flex\">\n<div class=\"wp-block-button\"><a class=\"wp-block-button__link has-text-align-center wp-element-button\" href=\"https:\/\/www.cinc.com\/es\/contacto\/\">M\u00e1s info<\/a><\/div>\n<\/div>\n<\/div>\n\n\n\n<div class=\"wp-block-uagb-container uagb-block-cda58790\">\n<div class=\"wp-block-group is-layout-constrained wp-block-group-is-layout-constrained\" style=\"margin-bottom:var(--wp--preset--spacing--50)\">\n<h4 class=\"wp-block-heading has-text-align-center has-black-color has-text-color\">Atenci\u00f3n<br>telef\u00f3nica<\/h4>\n\n\n\n<p class=\"has-text-align-center has-black-color has-text-color\">Servicio exclusivo de atenci\u00f3n telef\u00f3nica<\/p>\n<\/div>\n\n\n\n<ul class=\"checks-list flex-grow wp-block-list\">\n<li>Recepci\u00f3n personalizada de llamadas con n\u00famero de tel\u00e9fono exclusivo atendidas a nombre de la empresa<\/li>\n\n\n\n<li>Las llamadas se desv\u00edan a un tel\u00e9fono m\u00f3vil o fijo o se pasa nota por email si no se puede contestar<\/li>\n<\/ul>\n\n\n\n<div class=\"wp-block-buttons is-content-justification-center is-layout-flex wp-container-core-buttons-is-layout-a89b3969 wp-block-buttons-is-layout-flex\">\n<div class=\"wp-block-button\"><a class=\"wp-block-button__link has-text-align-center wp-element-button\" href=\"https:\/\/www.cinc.com\/es\/contacto\/\">M\u00e1s info<\/a><\/div>\n<\/div>\n<\/div>\n<\/div><\/div>\n\n\n\n<div class=\"wp-block-uagb-container uagb-block-520c94a1 alignfull uagb-is-root-container\"><div class=\"uagb-container-inner-blocks-wrap\">\n<div class=\"marquee-text-wrapper \"><p class=\"marquee-text big-title fw\">Ap\u00fantate a nuestra newsletter<\/p><\/div>\n\n\n<div class=\"wp-block-cinc-blocks-newsletter-form\">\n    <form id=\"newsletter-form\" method=\"POST\" class=\"wp-block-cinc-blocks-newsletter-form__form\">\n        <input class=\"wp-block-cinc-blocks-newsletter-form__field\" type=\"text\" placeholder=\"Your name\" name=\"name\" required \/>\n        <select class=\"wp-block-cinc-blocks-newsletter-form__select\" name=\"town\" required>\n            <option value=\"\" readonly>Town<\/option>\n            <option value=\"barcelona\">Barcelona<\/option>\n            <option value=\"girona\">Girona<\/option>\n        <\/select>\n        <input class=\"wp-block-cinc-blocks-newsletter-form__field\" type=\"email\" placeholder=\"Your email\" name=\"email\" required \/>\n        <button class=\"wp-block-cinc-blocks-newsletter-form__button\">Subscribe<\/button>\n    <\/form>\n    <div id=\"newsletter-form-response\"><\/div>\n<\/div><\/div><\/div>\n","protected":false},"excerpt":{"rendered":"<p>Domiciliaci\u00f3nb\u00e1sica Domicilio fiscal y social de lasociedad en CINC Domiciliaci\u00f3npersonalizada Domicilio fiscal y social de la sociedad en CINC + Recepci\u00f3n de llamadas Atenci\u00f3ntelef\u00f3nica Servicio exclusivo de atenci\u00f3n telef\u00f3nica<\/p>\n","protected":false},"author":3,"featured_media":0,"parent":0,"menu_order":0,"comment_status":"closed","ping_status":"closed","template":"","meta":{"_acf_changed":false,"_uag_custom_page_level_css":"","footnotes":""},"class_list":["post-18969","page","type-page","status-publish","hentry"],"acf":[],"uagb_featured_image_src":{"full":false,"thumbnail":false,"medium":false,"medium_large":false,"large":false,"1536x1536":false,"2048x2048":false,"gform-image-choice-sm":false,"gform-image-choice-md":false,"gform-image-choice-lg":false},"uagb_author_info":{"display_name":"Anna","author_link":"https:\/\/www.cinc.com\/es\/author\/anna\/"},"uagb_comment_info":0,"uagb_excerpt":"Domiciliaci\u00f3nb\u00e1sica Domicilio fiscal y social de lasociedad en CINC Domiciliaci\u00f3npersonalizada Domicilio fiscal y social de la sociedad en CINC + Recepci\u00f3n de llamadas Atenci\u00f3ntelef\u00f3nica Servicio exclusivo de atenci\u00f3n telef\u00f3nica","jetpack_sharing_enabled":true,"_links":{"self":[{"href":"https:\/\/www.cinc.com\/es\/wp-json\/wp\/v2\/pages\/18969","targetHints":{"allow":["GET"]}}],"collection":[{"href":"https:\/\/www.cinc.com\/es\/wp-json\/wp\/v2\/pages"}],"about":[{"href":"https:\/\/www.cinc.com\/es\/wp-json\/wp\/v2\/types\/page"}],"author":[{"embeddable":true,"href":"https:\/\/www.cinc.com\/es\/wp-json\/wp\/v2\/users\/3"}],"replies":[{"embeddable":true,"href":"https:\/\/www.cinc.com\/es\/wp-json\/wp\/v2\/comments?post=18969"}],"version-history":[{"count":5,"href":"https:\/\/www.cinc.com\/es\/wp-json\/wp\/v2\/pages\/18969\/revisions"}],"predecessor-version":[{"id":31166,"href":"https:\/\/www.cinc.com\/es\/wp-json\/wp\/v2\/pages\/18969\/revisions\/31166"}],"wp:attachment":[{"href":"https:\/\/www.cinc.com\/es\/wp-json\/wp\/v2\/media?parent=18969"}],"curies":[{"name":"wp","href":"https:\/\/api.w.org\/{rel}","templated":true}]}}