{"id":18560,"date":"2023-03-16T13:08:42","date_gmt":"2023-03-16T12:08:42","guid":{"rendered":"https:\/\/www.cinc.com\/grupo-cinc\/nuestras-sedes\/"},"modified":"2025-11-28T14:07:43","modified_gmt":"2025-11-28T13:07:43","slug":"nuestras-sedes","status":"publish","type":"page","link":"https:\/\/www.cinc.com\/es\/grupo-cinc\/nuestras-sedes\/","title":{"rendered":"Nuestras sedes"},"content":{"rendered":"\n<div class=\"wp-block-humpton-gutenberg-container content-row light-section normal row_padding_top row_padding_bottom\" data-bgcolor=\"#ffffff\" style=\"text-align:left\">\n<ul class=\"ajax-switch\">\n<li class=\"ajax-switch__item ajax-switch__item--active\" data-open=\"cinc-barcelona\">CINC Barcelona<\/li>\n<li class=\"ajax-switch__item\" data-open=\"cinc-girona\">CINC Girona<\/li>\n<li class=\"ajax-switch__item\" data-open=\"cinc-figueres\">CINC Figueres<\/li>\n<\/ul>\n<\/div>\n\n\n\n<div class=\"wp-block-uagb-container ajax-switch__content cinc-barcelona uagb-block-0482e28a alignfull uagb-is-root-container\"><div class=\"uagb-container-inner-blocks-wrap\">\n<div class=\"wp-block-uagb-container uagb-block-c8cd5050\">\n<figure class=\"wp-block-gallery has-nested-images columns-default is-cropped wp-block-gallery-1 is-layout-flex wp-block-gallery-is-layout-flex\">\n<figure class=\"wp-block-image size-full is-resized\"><img loading=\"lazy\" decoding=\"async\" width=\"2560\" height=\"1706\" data-id=\"24996\" src=\"https:\/\/www.cinc.com\/wp-content\/uploads\/2024\/04\/BCN_CINC_JL_010-1-scaled.webp\" alt=\"Nuestras sedes CINC BCN\" class=\"wp-image-24996\" style=\"aspect-ratio:1.4983333333333333;object-fit:cover;width:700px\" srcset=\"https:\/\/www.cinc.com\/wp-content\/uploads\/2024\/04\/BCN_CINC_JL_010-1-scaled.webp 2560w, https:\/\/www.cinc.com\/wp-content\/uploads\/2024\/04\/BCN_CINC_JL_010-1-300x200.webp 300w, https:\/\/www.cinc.com\/wp-content\/uploads\/2024\/04\/BCN_CINC_JL_010-1-1024x683.webp 1024w, https:\/\/www.cinc.com\/wp-content\/uploads\/2024\/04\/BCN_CINC_JL_010-1-768x512.webp 768w, https:\/\/www.cinc.com\/wp-content\/uploads\/2024\/04\/BCN_CINC_JL_010-1-1536x1024.webp 1536w, https:\/\/www.cinc.com\/wp-content\/uploads\/2024\/04\/BCN_CINC_JL_010-1-2048x1365.webp 2048w\" sizes=\"auto, (max-width: 2560px) 100vw, 2560px\" \/><\/figure>\n<\/figure>\n\n\n\n<div class=\"wp-block-group is-nowrap is-layout-flex wp-container-core-group-is-layout-e24ca7d0 wp-block-group-is-layout-flex\" style=\"margin-top:0;margin-bottom:0;padding-right:0;padding-left:0\">\n<figure class=\"wp-block-image size-large is-resized\"><img loading=\"lazy\" decoding=\"async\" width=\"1024\" height=\"683\" src=\"http:\/\/www.cinc.com\/wp-content\/uploads\/2023\/09\/CINC_BCN_MB_JL_041-1024x683.jpg\" alt=\"\" class=\"wp-image-17580\" style=\"aspect-ratio:1.499267935578331;width:350px;height:auto\" srcset=\"https:\/\/www.cinc.com\/wp-content\/uploads\/2023\/09\/CINC_BCN_MB_JL_041-1024x683.jpg 1024w, https:\/\/www.cinc.com\/wp-content\/uploads\/2023\/09\/CINC_BCN_MB_JL_041-300x200.jpg 300w, https:\/\/www.cinc.com\/wp-content\/uploads\/2023\/09\/CINC_BCN_MB_JL_041-768x512.jpg 768w, https:\/\/www.cinc.com\/wp-content\/uploads\/2023\/09\/CINC_BCN_MB_JL_041.jpg 1200w\" sizes=\"auto, (max-width: 1024px) 100vw, 1024px\" \/><\/figure>\n\n\n\n<figure class=\"wp-block-image size-large is-resized\"><img loading=\"lazy\" decoding=\"async\" width=\"1024\" height=\"683\" src=\"http:\/\/www.cinc.com\/wp-content\/uploads\/2023\/09\/CINC_BCN_MB_JL_129-1024x683.jpg\" alt=\"\" class=\"wp-image-17576\" style=\"aspect-ratio:1.499267935578331;object-fit:cover;width:350px\" srcset=\"https:\/\/www.cinc.com\/wp-content\/uploads\/2023\/09\/CINC_BCN_MB_JL_129-1024x683.jpg 1024w, https:\/\/www.cinc.com\/wp-content\/uploads\/2023\/09\/CINC_BCN_MB_JL_129-300x200.jpg 300w, https:\/\/www.cinc.com\/wp-content\/uploads\/2023\/09\/CINC_BCN_MB_JL_129-768x512.jpg 768w, https:\/\/www.cinc.com\/wp-content\/uploads\/2023\/09\/CINC_BCN_MB_JL_129.jpg 1200w\" sizes=\"auto, (max-width: 1024px) 100vw, 1024px\" \/><\/figure>\n<\/div>\n<\/div>\n\n\n\n<div class=\"wp-block-uagb-container uagb-block-d81e971a\">\n<h3 class=\"wp-block-heading\">CINC Barcelona<\/h3>\n\n\n\n<p>El edificio corporativo de CINC Centro de Negocios en Barcelona est\u00e1 situado en el coraz\u00f3n de los negocios de la ciudad: el distrito 22@, la zona de mayor crecimiento cualitativo de la capital catalana.<\/p>\n\n\n\n<p>Con una imagen moderna y unas instalaciones tecnol\u00f3gicamente avanzadas de m\u00e1s de 7000 m2, CINC Barcelona re\u00fane despachos completamente equipados, oficinas a pie de calle, salas de juntas, salas de actos y de formaci\u00f3n, p\u00e1rquing propio, entre otros espacios.<\/p>\n<\/div>\n<\/div><\/div>\n\n\n\n<div class=\"wp-block-uagb-container ajax-switch__content cinc-girona uagb-block-2d69b19e alignfull uagb-is-root-container\"><div class=\"uagb-container-inner-blocks-wrap\">\n<div class=\"wp-block-uagb-container uagb-block-cc369b98\">\n<figure class=\"wp-block-image size-large is-resized\"><img loading=\"lazy\" decoding=\"async\" width=\"1024\" height=\"683\" src=\"http:\/\/www.cinc.com\/wp-content\/uploads\/2023\/09\/CINC_GIRONA_MB_JL_002-1024x683.jpg\" alt=\"\" class=\"wp-image-17586\" style=\"aspect-ratio:1.4983333333333333;object-fit:cover;width:700px\" srcset=\"https:\/\/www.cinc.com\/wp-content\/uploads\/2023\/09\/CINC_GIRONA_MB_JL_002-1024x683.jpg 1024w, https:\/\/www.cinc.com\/wp-content\/uploads\/2023\/09\/CINC_GIRONA_MB_JL_002-300x200.jpg 300w, https:\/\/www.cinc.com\/wp-content\/uploads\/2023\/09\/CINC_GIRONA_MB_JL_002-768x512.jpg 768w, https:\/\/www.cinc.com\/wp-content\/uploads\/2023\/09\/CINC_GIRONA_MB_JL_002.jpg 1200w\" sizes=\"auto, (max-width: 1024px) 100vw, 1024px\" \/><\/figure>\n\n\n\n<div class=\"wp-block-group is-nowrap is-layout-flex wp-container-core-group-is-layout-e24ca7d0 wp-block-group-is-layout-flex\" style=\"margin-top:0;margin-bottom:0;padding-right:0;padding-left:0\">\n<figure class=\"wp-block-image size-large is-resized\"><img loading=\"lazy\" decoding=\"async\" width=\"1024\" height=\"683\" src=\"http:\/\/www.cinc.com\/wp-content\/uploads\/2023\/10\/terrassa3-1024x683.jpg\" alt=\"\" class=\"wp-image-18406\" style=\"aspect-ratio:1.499267935578331;width:350px;height:auto\" srcset=\"https:\/\/www.cinc.com\/wp-content\/uploads\/2023\/10\/terrassa3-1024x683.jpg 1024w, https:\/\/www.cinc.com\/wp-content\/uploads\/2023\/10\/terrassa3-300x200.jpg 300w, https:\/\/www.cinc.com\/wp-content\/uploads\/2023\/10\/terrassa3-768x512.jpg 768w, https:\/\/www.cinc.com\/wp-content\/uploads\/2023\/10\/terrassa3.jpg 1200w\" sizes=\"auto, (max-width: 1024px) 100vw, 1024px\" \/><\/figure>\n\n\n\n<figure class=\"wp-block-image size-large is-resized\"><img loading=\"lazy\" decoding=\"async\" width=\"1024\" height=\"683\" src=\"http:\/\/www.cinc.com\/wp-content\/uploads\/2023\/09\/CINC_GIRONA_MB_JL_110-1024x683.jpg\" alt=\"\" class=\"wp-image-17594\" style=\"aspect-ratio:1.499267935578331;object-fit:cover;width:350px\" srcset=\"https:\/\/www.cinc.com\/wp-content\/uploads\/2023\/09\/CINC_GIRONA_MB_JL_110-1024x683.jpg 1024w, https:\/\/www.cinc.com\/wp-content\/uploads\/2023\/09\/CINC_GIRONA_MB_JL_110-300x200.jpg 300w, https:\/\/www.cinc.com\/wp-content\/uploads\/2023\/09\/CINC_GIRONA_MB_JL_110-768x512.jpg 768w, https:\/\/www.cinc.com\/wp-content\/uploads\/2023\/09\/CINC_GIRONA_MB_JL_110.jpg 1200w\" sizes=\"auto, (max-width: 1024px) 100vw, 1024px\" \/><\/figure>\n<\/div>\n<\/div>\n\n\n\n<div class=\"wp-block-uagb-container uagb-block-c32e5349\">\n<h3 class=\"wp-block-heading\">CINC Girona<\/h3>\n\n\n\n<p>El Centro de Negocios CINC Girona se encuentra situado estrat\u00e9gicamente en el centro de la ciudad y a pocos minutos de la estaci\u00f3n del AVE.<\/p>\n\n\n\n<p>Con un dise\u00f1o innovador y funcional, CINC Girona se encuentra excelentemente comunicado y ofrece m\u00e1s de 2000 m2 de espacios, entre los cuales destacamos despachos completamente equipados, oficinas a pie de calle, salas de juntas, salas de actos y de formaci\u00f3n, aparcamiento propio y cafeteria-restaurante.<\/p>\n\n\n\n<p>Adem\u00e1s, tambi\u00e9n ofrece servicios propios de Asesor\u00eda de Empresas.<\/p>\n<\/div>\n<\/div><\/div>\n\n\n\n<div class=\"wp-block-uagb-container ajax-switch__content cinc-figueres uagb-block-7eb3dabe alignfull uagb-is-root-container\"><div class=\"uagb-container-inner-blocks-wrap\">\n<div class=\"wp-block-uagb-container uagb-block-c7d5736d\">\n<figure class=\"wp-block-image size-full\"><img loading=\"lazy\" decoding=\"async\" width=\"850\" height=\"555\" src=\"https:\/\/www.cinc.com\/wp-content\/uploads\/2024\/01\/cinc-figueres-1-e1704967814345.jpg\" alt=\"\" class=\"wp-image-20279\" style=\"aspect-ratio:1.4983333333333333;object-fit:cover\" srcset=\"https:\/\/www.cinc.com\/wp-content\/uploads\/2024\/01\/cinc-figueres-1-e1704967814345.jpg 850w, https:\/\/www.cinc.com\/wp-content\/uploads\/2024\/01\/cinc-figueres-1-e1704967814345-300x196.jpg 300w, https:\/\/www.cinc.com\/wp-content\/uploads\/2024\/01\/cinc-figueres-1-e1704967814345-768x501.jpg 768w\" sizes=\"auto, (max-width: 850px) 100vw, 850px\" \/><\/figure>\n<\/div>\n\n\n\n<div class=\"wp-block-uagb-container uagb-block-13f8fbbf\">\n<h3 class=\"wp-block-heading\">CINC Figueres<\/h3>\n\n\n\n<p>El Centro de Negocios CINC Figueres est\u00e1 situado en pleno centro de la ciudad, dentro de la mejor zona comercial y empresarial. Dispone de unas instalaciones innovadoras y es uno de los centros de referencia de la provincia de Girona y de Catalu\u00f1a Norte.<\/p>\n\n\n\n<p>CINC Figueres ofrece unos servicios de primer nivel y asesoramiento profesional a todo el tejido empresarial.<\/p>\n<\/div>\n<\/div><\/div>\n\n\n\n<div class=\"wp-block-uagb-container uagb-block-66a52195 default uagb-is-root-container\">\n<div class=\"wp-block-uagb-advanced-heading uagb-block-d47e4286\"><h2 class=\"uagb-heading-text\">Noticias destacadas<\/h2><\/div>\n\n\n\n\t\t\t<div class=\"wp-block-uagb-post-grid uagb-post-grid  uagb-post__image-position-top uagb-post__image-enabled uagb-block-ad528a11     uagb-post__items uagb-post__columns-3 is-grid uagb-post__columns-tablet-2 uagb-post__columns-mobile-1 uagb-post__equal-height\" data-total=\"8\" style=\"\">\n\n\t\t\t\t\t\t\t\t\t\t\t\t<article class=\"uagb-post__inner-wrap\">\t\t\t\t\t\t\t\t<div class='uagb-post__image'>\n\t\t\t\t\t\t\t\t\t<a href=\"https:\/\/www.cinc.com\/es\/nuevo-ano-nueva-oficina-en-cinc-estrena-espacio-y-llevate-1-mes-gratis\/\" target=\"_self\" rel=\"bookmark noopener noreferrer\" class='uagb-image-ratio-9-16'><img loading=\"lazy\" decoding=\"async\" width=\"300\" height=\"182\" src=\"https:\/\/www.cinc.com\/wp-content\/uploads\/individual-1-2-300x182.webp\" class=\"attachment-medium size-medium\" alt=\"\" srcset=\"https:\/\/www.cinc.com\/wp-content\/uploads\/individual-1-2-300x182.webp 300w, https:\/\/www.cinc.com\/wp-content\/uploads\/individual-1-2.webp 760w\" sizes=\"auto, (max-width: 300px) 100vw, 300px\" \/>\t\t\t\t\t<\/a>\n\t\t\t\t\t\t\t<\/div>\n\t\t\t\t\t\t<h4 class=\"uagb-post__title uagb-post__text\">\n\t\t\t\t<a href=\"https:\/\/www.cinc.com\/es\/nuevo-ano-nueva-oficina-en-cinc-estrena-espacio-y-llevate-1-mes-gratis\/\" target=\"_self\" rel=\"bookmark noopener noreferrer\">Nuevo a\u00f1o, nueva oficina en CINC: estrena espacio y ll\u00e9vate 1 mes gratis<\/a>\n\t\t\t<\/h4>\n\t\t\t\t\t\t<div class='uagb-post__text uagb-post-grid-byline'>\n\t\t\t\t\t\t\t<\/div>\n\t\t\t\t\t\t\t<div class='uagb-post__text uagb-post__excerpt'>\n\t\t\t\t\tEmpieza el a\u00f1o trabajando en un espacio que impulse tu negocio. En CINC te ayudamos&#8230;\t\t\t\t<\/div>\n\t\t\t\t\t\t<div class=\"uagb-post__text uagb-post__cta wp-block-button\">\n\t\t\t\t<a class=\"wp-block-button__link uagb-text-link\" style=\"\" href=\"https:\/\/www.cinc.com\/es\/nuevo-ano-nueva-oficina-en-cinc-estrena-espacio-y-llevate-1-mes-gratis\/\" target=\"_self\" rel=\"bookmark noopener noreferrer\">Llegir m\u00e9s<\/a>\n\t\t\t<\/div>\n\t\t\t\n\t\t\t\t\t\t\t\t\t<\/article>\n\t\t\t\t\t\t\t\t\t\t\t\t\t\t\t\t<article class=\"uagb-post__inner-wrap\">\t\t\t\t\t\t\t\t<div class='uagb-post__image'>\n\t\t\t\t\t\t\t\t\t<a href=\"https:\/\/www.cinc.com\/es\/nueva-temporada-nuevas-metas-el-momento-de-apostar-por-una-oficina-flexible\/\" target=\"_self\" rel=\"bookmark noopener noreferrer\" class='uagb-image-ratio-9-16'><img loading=\"lazy\" decoding=\"async\" width=\"300\" height=\"169\" src=\"https:\/\/www.cinc.com\/wp-content\/uploads\/oficinas-flexibles-cinc-300x169.webp\" class=\"attachment-medium size-medium\" alt=\"\" srcset=\"https:\/\/www.cinc.com\/wp-content\/uploads\/oficinas-flexibles-cinc-300x169.webp 300w, https:\/\/www.cinc.com\/wp-content\/uploads\/oficinas-flexibles-cinc-1024x576.webp 1024w, https:\/\/www.cinc.com\/wp-content\/uploads\/oficinas-flexibles-cinc-768x432.webp 768w, https:\/\/www.cinc.com\/wp-content\/uploads\/oficinas-flexibles-cinc-1536x864.webp 1536w, https:\/\/www.cinc.com\/wp-content\/uploads\/oficinas-flexibles-cinc.webp 1920w\" sizes=\"auto, (max-width: 300px) 100vw, 300px\" \/>\t\t\t\t\t<\/a>\n\t\t\t\t\t\t\t<\/div>\n\t\t\t\t\t\t<h4 class=\"uagb-post__title uagb-post__text\">\n\t\t\t\t<a href=\"https:\/\/www.cinc.com\/es\/nueva-temporada-nuevas-metas-el-momento-de-apostar-por-una-oficina-flexible\/\" target=\"_self\" rel=\"bookmark noopener noreferrer\">Nueva temporada, nuevas metas: el momento de apostar por una oficina flexible<\/a>\n\t\t\t<\/h4>\n\t\t\t\t\t\t<div class='uagb-post__text uagb-post-grid-byline'>\n\t\t\t\t\t\t\t<\/div>\n\t\t\t\t\t\t\t<div class='uagb-post__text uagb-post__excerpt'>\n\t\t\t\t\tCada meta necesita un entorno que acompa\u00f1e. Transforma tu oficina en tu mejor aliada este&#8230;\t\t\t\t<\/div>\n\t\t\t\t\t\t<div class=\"uagb-post__text uagb-post__cta wp-block-button\">\n\t\t\t\t<a class=\"wp-block-button__link uagb-text-link\" style=\"\" href=\"https:\/\/www.cinc.com\/es\/nueva-temporada-nuevas-metas-el-momento-de-apostar-por-una-oficina-flexible\/\" target=\"_self\" rel=\"bookmark noopener noreferrer\">Llegir m\u00e9s<\/a>\n\t\t\t<\/div>\n\t\t\t\n\t\t\t\t\t\t\t\t\t<\/article>\n\t\t\t\t\t\t\t\t\t\t\t\t\t\t\t\t<article class=\"uagb-post__inner-wrap\">\t\t\t\t\t\t\t\t<div class='uagb-post__image'>\n\t\t\t\t\t\t\t\t\t<a href=\"https:\/\/www.cinc.com\/es\/desconectar-para-rendir-mejor-4-formas-reales-de-descansar-el-cerebro-despues-del-trabajo\/\" target=\"_self\" rel=\"bookmark noopener noreferrer\" class='uagb-image-ratio-9-16'><img loading=\"lazy\" decoding=\"async\" width=\"300\" height=\"169\" src=\"https:\/\/www.cinc.com\/wp-content\/uploads\/consejos-desconectar-despues-trabajo-300x169.webp\" class=\"attachment-medium size-medium\" alt=\"\" srcset=\"https:\/\/www.cinc.com\/wp-content\/uploads\/consejos-desconectar-despues-trabajo-300x169.webp 300w, https:\/\/www.cinc.com\/wp-content\/uploads\/consejos-desconectar-despues-trabajo-1024x576.webp 1024w, https:\/\/www.cinc.com\/wp-content\/uploads\/consejos-desconectar-despues-trabajo-768x432.webp 768w, https:\/\/www.cinc.com\/wp-content\/uploads\/consejos-desconectar-despues-trabajo-1536x864.webp 1536w, https:\/\/www.cinc.com\/wp-content\/uploads\/consejos-desconectar-despues-trabajo.webp 1920w\" sizes=\"auto, (max-width: 300px) 100vw, 300px\" \/>\t\t\t\t\t<\/a>\n\t\t\t\t\t\t\t<\/div>\n\t\t\t\t\t\t<h4 class=\"uagb-post__title uagb-post__text\">\n\t\t\t\t<a href=\"https:\/\/www.cinc.com\/es\/desconectar-para-rendir-mejor-4-formas-reales-de-descansar-el-cerebro-despues-del-trabajo\/\" target=\"_self\" rel=\"bookmark noopener noreferrer\">Desconectar para rendir mejor: 4 formas reales de descansar el cerebro despu\u00e9s del trabajo<\/a>\n\t\t\t<\/h4>\n\t\t\t\t\t\t<div class='uagb-post__text uagb-post-grid-byline'>\n\t\t\t\t\t\t\t<\/div>\n\t\t\t\t\t\t\t<div class='uagb-post__text uagb-post__excerpt'>\n\t\t\t\t\tTu cerebro no descansa solo por dejar de trabajar. Aprende c\u00f3mo desconectar de verdad y&#8230;\t\t\t\t<\/div>\n\t\t\t\t\t\t<div class=\"uagb-post__text uagb-post__cta wp-block-button\">\n\t\t\t\t<a class=\"wp-block-button__link uagb-text-link\" style=\"\" href=\"https:\/\/www.cinc.com\/es\/desconectar-para-rendir-mejor-4-formas-reales-de-descansar-el-cerebro-despues-del-trabajo\/\" target=\"_self\" rel=\"bookmark noopener noreferrer\">Llegir m\u00e9s<\/a>\n\t\t\t<\/div>\n\t\t\t\n\t\t\t\t\t\t\t\t\t<\/article>\n\t\t\t\t\t\t\t\t\t\t\t<\/div>\n\t\t\t<\/div>\n\n\n\n<div class=\"wp-block-uagb-container uagb-block-490cca05 alignfull uagb-is-root-container\"><div class=\"uagb-container-inner-blocks-wrap\">\n<h2 class=\"wp-block-heading has-mask-fill no-margins\">Eventos y conferencias<\/h2>\n\n\n\n<p>\u00a1Descubre y ap\u00fantate a todos los eventos y conferencias organizadas!<\/p>\n\n\n\n<div class=\"wp-block-buttons is-layout-flex wp-block-buttons-is-layout-flex\">\n<div class=\"wp-block-button\"><a class=\"wp-block-button__link wp-element-button\" href=\"https:\/\/www.cinc.com\/es\/actos\/\">Ver eventos<\/a><\/div>\n<\/div>\n<\/div><\/div>\n\n\n\n<div class=\"wp-block-uagb-container uagb-block-520c94a1 alignfull uagb-is-root-container\"><div class=\"uagb-container-inner-blocks-wrap\">\n<div class=\"marquee-text-wrapper \"><p class=\"marquee-text big-title fw\">Ap\u00fantate a nuestra newsletter<\/p><\/div>\n\n\n<div class=\"wp-block-cinc-blocks-newsletter-form\">\n    <form id=\"newsletter-form\" method=\"POST\" class=\"wp-block-cinc-blocks-newsletter-form__form\">\n        <input class=\"wp-block-cinc-blocks-newsletter-form__field\" type=\"text\" placeholder=\"Your name\" name=\"name\" required \/>\n        <select class=\"wp-block-cinc-blocks-newsletter-form__select\" name=\"town\" required>\n            <option value=\"\" readonly>Town<\/option>\n            <option value=\"barcelona\">Barcelona<\/option>\n            <option value=\"girona\">Girona<\/option>\n        <\/select>\n        <input class=\"wp-block-cinc-blocks-newsletter-form__field\" type=\"email\" placeholder=\"Your email\" name=\"email\" required \/>\n        <button class=\"wp-block-cinc-blocks-newsletter-form__button\">Subscribe<\/button>\n    <\/form>\n    <div id=\"newsletter-form-response\"><\/div>\n<\/div><\/div><\/div>\n","protected":false},"excerpt":{"rendered":"<p>CINC Barcelona El edificio corporativo de CINC Centro de Negocios en Barcelona est\u00e1 situado en el coraz\u00f3n de los negocios de la ciudad: el distrito 22@, la zona de mayor crecimiento cualitativo de la capital catalana. Con una imagen moderna y unas instalaciones tecnol\u00f3gicamente avanzadas de m\u00e1s de 7000 m2, CINC Barcelona re\u00fane despachos completamente [&hellip;]<\/p>\n","protected":false},"author":3,"featured_media":0,"parent":18556,"menu_order":1,"comment_status":"closed","ping_status":"closed","template":"","meta":{"_acf_changed":false,"_uag_custom_page_level_css":"","footnotes":""},"class_list":["post-18560","page","type-page","status-publish","hentry"],"acf":[],"uagb_featured_image_src":{"full":false,"thumbnail":false,"medium":false,"medium_large":false,"large":false,"1536x1536":false,"2048x2048":false,"gform-image-choice-sm":false,"gform-image-choice-md":false,"gform-image-choice-lg":false},"uagb_author_info":{"display_name":"Anna","author_link":"https:\/\/www.cinc.com\/es\/author\/anna\/"},"uagb_comment_info":0,"uagb_excerpt":"CINC Barcelona El edificio corporativo de CINC Centro de Negocios en Barcelona est\u00e1 situado en el coraz\u00f3n de los negocios de la ciudad: el distrito 22@, la zona de mayor crecimiento cualitativo de la capital catalana. Con una imagen moderna y unas instalaciones tecnol\u00f3gicamente avanzadas de m\u00e1s de 7000 m2, CINC Barcelona re\u00fane despachos completamente&hellip;","jetpack_sharing_enabled":true,"_links":{"self":[{"href":"https:\/\/www.cinc.com\/es\/wp-json\/wp\/v2\/pages\/18560","targetHints":{"allow":["GET"]}}],"collection":[{"href":"https:\/\/www.cinc.com\/es\/wp-json\/wp\/v2\/pages"}],"about":[{"href":"https:\/\/www.cinc.com\/es\/wp-json\/wp\/v2\/types\/page"}],"author":[{"embeddable":true,"href":"https:\/\/www.cinc.com\/es\/wp-json\/wp\/v2\/users\/3"}],"replies":[{"embeddable":true,"href":"https:\/\/www.cinc.com\/es\/wp-json\/wp\/v2\/comments?post=18560"}],"version-history":[{"count":11,"href":"https:\/\/www.cinc.com\/es\/wp-json\/wp\/v2\/pages\/18560\/revisions"}],"predecessor-version":[{"id":32711,"href":"https:\/\/www.cinc.com\/es\/wp-json\/wp\/v2\/pages\/18560\/revisions\/32711"}],"up":[{"embeddable":true,"href":"https:\/\/www.cinc.com\/es\/wp-json\/wp\/v2\/pages\/18556"}],"wp:attachment":[{"href":"https:\/\/www.cinc.com\/es\/wp-json\/wp\/v2\/media?parent=18560"}],"curies":[{"name":"wp","href":"https:\/\/api.w.org\/{rel}","templated":true}]}}