{"id":18559,"date":"2023-03-14T10:53:51","date_gmt":"2023-03-14T09:53:51","guid":{"rendered":"https:\/\/www.cinc.com\/grupo-cinc\/unete-a-nuestro-equipo\/"},"modified":"2025-09-30T11:11:33","modified_gmt":"2025-09-30T10:11:33","slug":"unete-a-nuestro-equipo","status":"publish","type":"page","link":"https:\/\/www.cinc.com\/es\/grupo-cinc\/unete-a-nuestro-equipo\/","title":{"rendered":"\u00danete a nuestro equipo"},"content":{"rendered":"\n<div class=\"wp-block-uagb-container uagb-block-dc88c693 alignfull uagb-is-root-container\"><div class=\"uagb-container-inner-blocks-wrap\">\n<div class=\"wp-block-uagb-container uagb-block-8fa658a7\">\n<h4 class=\"wp-block-heading has-mask-fill\">Env\u00edanos tu CV<\/h4>\n\n\n\n<p>Adjunta t\u00fa Curriculum vitae y nos pondremos en contacto contigo.<\/p>\n\n\n\n<div class=\"wp-block-buttons is-layout-flex wp-block-buttons-is-layout-flex\">\n<div class=\"wp-block-button\"><a class=\"wp-block-button__link wp-element-button\" href=\"https:\/\/www.cinc.com\/es\/envia-tu-cv\/\">Enviar curr\u00edculum<\/a><\/div>\n<\/div>\n<\/div>\n\n\n\n<div class=\"wp-block-uagb-container uagb-block-c2727672\">\n<h4 class=\"wp-block-heading has-mask-fill\">Ver ofertas<\/h4>\n\n\n\n<p>Aqu\u00ed podr\u00e1s ver las ofertas de trabajo que tenemos disponibles en cualquiera de nuestras ubicaciones.<\/p>\n\n\n\n<div class=\"wp-block-buttons is-layout-flex wp-block-buttons-is-layout-flex\">\n<div class=\"wp-block-button\"><a class=\"wp-block-button__link wp-element-button\" href=\"https:\/\/www.cinc.com\/es\/nuestras-ofertas\/\" target=\"_blank\" rel=\"noreferrer noopener\">Ofertas<\/a><\/div>\n<\/div>\n<\/div>\n<\/div><\/div>\n\n\n\n<div class=\"wp-block-uagb-container uagb-block-520c94a1 alignfull uagb-is-root-container\"><div class=\"uagb-container-inner-blocks-wrap\">\n<div class=\"marquee-text-wrapper \"><p class=\"marquee-text big-title fw\">Ap\u00fantate a nuestra newsletter<\/p><\/div>\n\n\n<div class=\"wp-block-cinc-blocks-newsletter-form\">\n    <form id=\"newsletter-form\" method=\"POST\" class=\"wp-block-cinc-blocks-newsletter-form__form\">\n        <input class=\"wp-block-cinc-blocks-newsletter-form__field\" type=\"text\" placeholder=\"Your name\" name=\"name\" required \/>\n        <select class=\"wp-block-cinc-blocks-newsletter-form__select\" name=\"town\" required>\n            <option value=\"\" readonly>Town<\/option>\n            <option value=\"barcelona\">Barcelona<\/option>\n            <option value=\"girona\">Girona<\/option>\n        <\/select>\n        <input class=\"wp-block-cinc-blocks-newsletter-form__field\" type=\"email\" placeholder=\"Your email\" name=\"email\" required \/>\n        <button class=\"wp-block-cinc-blocks-newsletter-form__button\">Subscribe<\/button>\n    <\/form>\n    <div id=\"newsletter-form-response\"><\/div>\n<\/div><\/div><\/div>\n","protected":false},"excerpt":{"rendered":"<p>Env\u00edanos tu CV Adjunta t\u00fa Curriculum vitae y nos pondremos en contacto contigo. Ver ofertas Aqu\u00ed podr\u00e1s ver las ofertas de trabajo que tenemos disponibles en cualquiera de nuestras ubicaciones.<\/p>\n","protected":false},"author":3,"featured_media":0,"parent":18556,"menu_order":1,"comment_status":"closed","ping_status":"closed","template":"","meta":{"_acf_changed":false,"_uag_custom_page_level_css":"","footnotes":""},"class_list":["post-18559","page","type-page","status-publish","hentry"],"acf":[],"uagb_featured_image_src":{"full":false,"thumbnail":false,"medium":false,"medium_large":false,"large":false,"1536x1536":false,"2048x2048":false,"gform-image-choice-sm":false,"gform-image-choice-md":false,"gform-image-choice-lg":false},"uagb_author_info":{"display_name":"Anna","author_link":"https:\/\/www.cinc.com\/es\/author\/anna\/"},"uagb_comment_info":0,"uagb_excerpt":"Env\u00edanos tu CV Adjunta t\u00fa Curriculum vitae y nos pondremos en contacto contigo. Ver ofertas Aqu\u00ed podr\u00e1s ver las ofertas de trabajo que tenemos disponibles en cualquiera de nuestras ubicaciones.","jetpack_sharing_enabled":true,"_links":{"self":[{"href":"https:\/\/www.cinc.com\/es\/wp-json\/wp\/v2\/pages\/18559","targetHints":{"allow":["GET"]}}],"collection":[{"href":"https:\/\/www.cinc.com\/es\/wp-json\/wp\/v2\/pages"}],"about":[{"href":"https:\/\/www.cinc.com\/es\/wp-json\/wp\/v2\/types\/page"}],"author":[{"embeddable":true,"href":"https:\/\/www.cinc.com\/es\/wp-json\/wp\/v2\/users\/3"}],"replies":[{"embeddable":true,"href":"https:\/\/www.cinc.com\/es\/wp-json\/wp\/v2\/comments?post=18559"}],"version-history":[{"count":7,"href":"https:\/\/www.cinc.com\/es\/wp-json\/wp\/v2\/pages\/18559\/revisions"}],"predecessor-version":[{"id":25629,"href":"https:\/\/www.cinc.com\/es\/wp-json\/wp\/v2\/pages\/18559\/revisions\/25629"}],"up":[{"embeddable":true,"href":"https:\/\/www.cinc.com\/es\/wp-json\/wp\/v2\/pages\/18556"}],"wp:attachment":[{"href":"https:\/\/www.cinc.com\/es\/wp-json\/wp\/v2\/media?parent=18559"}],"curies":[{"name":"wp","href":"https:\/\/api.w.org\/{rel}","templated":true}]}}