{"id":18557,"date":"2023-03-13T12:00:56","date_gmt":"2023-03-13T11:00:56","guid":{"rendered":"https:\/\/www.cinc.com\/emprende\/"},"modified":"2025-11-28T14:05:39","modified_gmt":"2025-11-28T13:05:39","slug":"emprende","status":"publish","type":"page","link":"https:\/\/www.cinc.com\/es\/emprende\/","title":{"rendered":"Emprende"},"content":{"rendered":"\n<div class=\"wp-block-humpton-gutenberg-container content-row light-section normal row_padding_top change-header-color\" data-bgcolor=\"#ffffff\" style=\"text-align:left\">\n<div class=\"wp-block-columns is-layout-flex wp-container-core-columns-is-layout-65744f90 wp-block-columns-is-layout-flex\" style=\"padding-top:0;padding-right:0;padding-bottom:0;padding-left:0\">\n<div class=\"wp-block-column is-layout-flow wp-block-column-is-layout-flow\">\n<figure class=\"wp-block-image alignright size-full is-resized\"><img loading=\"lazy\" decoding=\"async\" width=\"1080\" height=\"1800\" src=\"https:\/\/www.cinc.com\/wp-content\/uploads\/2024\/01\/cinc-1-dia-1-empresa.webp\" alt=\"\" class=\"wp-image-22120\" style=\"aspect-ratio:0.5363636363636364;object-fit:cover;width:363px;height:auto\" srcset=\"https:\/\/www.cinc.com\/wp-content\/uploads\/2024\/01\/cinc-1-dia-1-empresa.webp 1080w, https:\/\/www.cinc.com\/wp-content\/uploads\/2024\/01\/cinc-1-dia-1-empresa-180x300.webp 180w, https:\/\/www.cinc.com\/wp-content\/uploads\/2024\/01\/cinc-1-dia-1-empresa-614x1024.webp 614w, https:\/\/www.cinc.com\/wp-content\/uploads\/2024\/01\/cinc-1-dia-1-empresa-768x1280.webp 768w, https:\/\/www.cinc.com\/wp-content\/uploads\/2024\/01\/cinc-1-dia-1-empresa-922x1536.webp 922w\" sizes=\"auto, (max-width: 1080px) 100vw, 1080px\" \/><\/figure>\n<\/div>\n\n\n\n<div class=\"wp-block-column is-layout-flow wp-block-column-is-layout-flow\">\n<h2 class=\"wp-block-heading has-text-align-left has-mask-fill has-large-font-size\" style=\"font-style:normal;font-weight:300\">Programa de emprendimiento 1 Dia 1 Empresa<\/h2>\n\n\n\n<p class=\"has-text-align-left p-small\">1Dia1Empresa es un programa dirigido a los emprendedores que tienen un business plan y necesitan construir una sociedad limitada.<\/p>\n\n\n\n<p class=\"has-text-align-left p-small\">El programa fomenta el emprendimiento con ventajas como la constituci\u00f3n de la sociedad sin coste, entre otros.<\/p>\n<\/div>\n<\/div>\n\n\n\n<div class=\"wp-block-columns is-layout-flex wp-container-core-columns-is-layout-501b5033 wp-block-columns-is-layout-flex\" style=\"padding-top:var(--wp--preset--spacing--60);padding-right:0;padding-bottom:0;padding-left:0\">\n<div class=\"wp-block-column p-small-right is-layout-flow wp-block-column-is-layout-flow\">\n<h2 class=\"wp-block-heading has-text-align-right has-mask-fill has-large-font-size\" style=\"font-style:normal;font-weight:300\">Summer Startup School:<br>escuela de verano para los emprendedores<\/h2>\n\n\n\n<p class=\"has-text-align-right p-small\">El Summer Startup School es un curso de verano para emprendedores donde se imparte una formaci\u00f3n multidisciplinar te\u00f3rico-pr\u00e1ctica que les permitir\u00e1 poner en marcha con \u00e9xito su proyecto.<\/p>\n<\/div>\n\n\n\n<div class=\"wp-block-column is-layout-flow wp-block-column-is-layout-flow\">\n<figure class=\"wp-block-image size-full is-resized image-offset-top\"><img loading=\"lazy\" decoding=\"async\" width=\"1080\" height=\"1800\" src=\"https:\/\/www.cinc.com\/wp-content\/uploads\/2024\/01\/cinc-summer-startup-school.webp\" alt=\"\" class=\"wp-image-22124\" style=\"width:391px;height:auto\" srcset=\"https:\/\/www.cinc.com\/wp-content\/uploads\/2024\/01\/cinc-summer-startup-school.webp 1080w, https:\/\/www.cinc.com\/wp-content\/uploads\/2024\/01\/cinc-summer-startup-school-180x300.webp 180w, https:\/\/www.cinc.com\/wp-content\/uploads\/2024\/01\/cinc-summer-startup-school-614x1024.webp 614w, https:\/\/www.cinc.com\/wp-content\/uploads\/2024\/01\/cinc-summer-startup-school-768x1280.webp 768w, https:\/\/www.cinc.com\/wp-content\/uploads\/2024\/01\/cinc-summer-startup-school-922x1536.webp 922w\" sizes=\"auto, (max-width: 1080px) 100vw, 1080px\" \/><\/figure>\n<\/div>\n<\/div>\n<\/div>\n\n\n\n<div class=\"wp-block-uagb-container uagb-block-66a52195 default uagb-is-root-container\">\n<div class=\"wp-block-uagb-advanced-heading uagb-block-d47e4286\"><h2 class=\"uagb-heading-text\">Noticias destacadas<\/h2><\/div>\n\n\n\n\t\t\t<div class=\"wp-block-uagb-post-grid uagb-post-grid  uagb-post__image-position-top uagb-post__image-enabled uagb-block-ad528a11     uagb-post__items uagb-post__columns-3 is-grid uagb-post__columns-tablet-2 uagb-post__columns-mobile-1 uagb-post__equal-height\" data-total=\"12\" style=\"\">\n\n\t\t\t\t\t\t\t\t\t\t\t\t<article class=\"uagb-post__inner-wrap\">\t\t\t\t\t\t\t\t<div class='uagb-post__image'>\n\t\t\t\t\t\t\t\t\t<a href=\"https:\/\/www.cinc.com\/es\/57-000-autonomos-buscan-constituir-sociedades-para-reducir-la-carga-fiscal\/\" target=\"_self\" rel=\"bookmark noopener noreferrer\" class='uagb-image-ratio-9-16'><img loading=\"lazy\" decoding=\"async\" width=\"240\" height=\"300\" src=\"https:\/\/www.cinc.com\/wp-content\/uploads\/cyberco-entrepreneur-10160019_1920-240x300.png\" class=\"attachment-medium size-medium\" alt=\"\" srcset=\"https:\/\/www.cinc.com\/wp-content\/uploads\/cyberco-entrepreneur-10160019_1920-240x300.png 240w, https:\/\/www.cinc.com\/wp-content\/uploads\/cyberco-entrepreneur-10160019_1920-864x1080.png 864w, https:\/\/www.cinc.com\/wp-content\/uploads\/cyberco-entrepreneur-10160019_1920-768x960.png 768w, https:\/\/www.cinc.com\/wp-content\/uploads\/cyberco-entrepreneur-10160019_1920-1229x1536.png 1229w, https:\/\/www.cinc.com\/wp-content\/uploads\/cyberco-entrepreneur-10160019_1920.png 1536w\" sizes=\"auto, (max-width: 240px) 100vw, 240px\" \/>\t\t\t\t\t<\/a>\n\t\t\t\t\t\t\t<\/div>\n\t\t\t\t\t\t<h4 class=\"uagb-post__title uagb-post__text\">\n\t\t\t\t<a href=\"https:\/\/www.cinc.com\/es\/57-000-autonomos-buscan-constituir-sociedades-para-reducir-la-carga-fiscal\/\" target=\"_self\" rel=\"bookmark noopener noreferrer\">57.000 aut\u00f3nomos buscan constituir sociedades para reducir la carga fiscal<\/a>\n\t\t\t<\/h4>\n\t\t\t\t\t\t<div class='uagb-post__text uagb-post-grid-byline'>\n\t\t\t\t\t\t\t<\/div>\n\t\t\t\t\t\t\t<div class='uagb-post__text uagb-post__excerpt'>\n\t\t\t\t\tEl diferencial fiscal entre aut\u00f3nomos y pymes dispara el inter\u00e9s por constituir sociedades para optimizar&#8230;\t\t\t\t<\/div>\n\t\t\t\t\t\t<div class=\"uagb-post__text uagb-post__cta wp-block-button\">\n\t\t\t\t<a class=\"wp-block-button__link uagb-text-link\" style=\"\" href=\"https:\/\/www.cinc.com\/es\/57-000-autonomos-buscan-constituir-sociedades-para-reducir-la-carga-fiscal\/\" target=\"_self\" rel=\"bookmark noopener noreferrer\">Llegir m\u00e9s<\/a>\n\t\t\t<\/div>\n\t\t\t\n\t\t\t\t\t\t\t\t\t<\/article>\n\t\t\t\t\t\t\t\t\t\t\t\t\t\t\t\t<article class=\"uagb-post__inner-wrap\">\t\t\t\t\t\t\t\t<div class='uagb-post__image'>\n\t\t\t\t\t\t\t\t\t<a href=\"https:\/\/www.cinc.com\/es\/cinc-te-lleva-al-bizbarcelona-2025-descubre-todo-lo-que-te-ofreceremos-y-consigue-tu-entrada-gratuita\/\" target=\"_self\" rel=\"bookmark noopener noreferrer\" class='uagb-image-ratio-9-16'><img loading=\"lazy\" decoding=\"async\" width=\"300\" height=\"169\" src=\"https:\/\/www.cinc.com\/wp-content\/uploads\/biz-bcn-300x169.webp\" class=\"attachment-medium size-medium\" alt=\"\" srcset=\"https:\/\/www.cinc.com\/wp-content\/uploads\/biz-bcn-300x169.webp 300w, https:\/\/www.cinc.com\/wp-content\/uploads\/biz-bcn-1024x576.webp 1024w, https:\/\/www.cinc.com\/wp-content\/uploads\/biz-bcn-768x432.webp 768w, https:\/\/www.cinc.com\/wp-content\/uploads\/biz-bcn-1536x864.webp 1536w, https:\/\/www.cinc.com\/wp-content\/uploads\/biz-bcn-2048x1152.webp 2048w\" sizes=\"auto, (max-width: 300px) 100vw, 300px\" \/>\t\t\t\t\t<\/a>\n\t\t\t\t\t\t\t<\/div>\n\t\t\t\t\t\t<h4 class=\"uagb-post__title uagb-post__text\">\n\t\t\t\t<a href=\"https:\/\/www.cinc.com\/es\/cinc-te-lleva-al-bizbarcelona-2025-descubre-todo-lo-que-te-ofreceremos-y-consigue-tu-entrada-gratuita\/\" target=\"_self\" rel=\"bookmark noopener noreferrer\">CINC te lleva al Bizbarcelona 2025: descubre todo lo que te ofreceremos y consigue tu entrada gratuita<\/a>\n\t\t\t<\/h4>\n\t\t\t\t\t\t<div class='uagb-post__text uagb-post-grid-byline'>\n\t\t\t\t\t\t\t<\/div>\n\t\t\t\t\t\t\t<div class='uagb-post__text uagb-post__excerpt'>\n\t\t\t\t\t<p>Los pr\u00f3ximos 15 y 16 de octubre de 2025 vuelve una nueva edici\u00f3n de Bizbarcelona,&#8230;\t\t\t\t<\/div>\n\t\t\t\t\t\t<div class=\"uagb-post__text uagb-post__cta wp-block-button\">\n\t\t\t\t<a class=\"wp-block-button__link uagb-text-link\" style=\"\" href=\"https:\/\/www.cinc.com\/es\/cinc-te-lleva-al-bizbarcelona-2025-descubre-todo-lo-que-te-ofreceremos-y-consigue-tu-entrada-gratuita\/\" target=\"_self\" rel=\"bookmark noopener noreferrer\">Llegir m\u00e9s<\/a>\n\t\t\t<\/div>\n\t\t\t\n\t\t\t\t\t\t\t\t\t<\/article>\n\t\t\t\t\t\t\t\t\t\t\t\t\t\t\t\t<article class=\"uagb-post__inner-wrap\">\t\t\t\t\t\t\t\t<div class='uagb-post__image'>\n\t\t\t\t\t\t\t\t\t<a href=\"https:\/\/www.cinc.com\/es\/cinc-punto-de-atencion-al-emprendedor-pae-en-barcelona-girona-y-figueres\/\" target=\"_self\" rel=\"bookmark noopener noreferrer\" class='uagb-image-ratio-9-16'><img loading=\"lazy\" decoding=\"async\" width=\"300\" height=\"169\" src=\"https:\/\/www.cinc.com\/wp-content\/uploads\/Fotos-Blog-CINC-WordPress-37-300x169.webp\" class=\"attachment-medium size-medium\" alt=\"\" srcset=\"https:\/\/www.cinc.com\/wp-content\/uploads\/Fotos-Blog-CINC-WordPress-37-300x169.webp 300w, https:\/\/www.cinc.com\/wp-content\/uploads\/Fotos-Blog-CINC-WordPress-37-1024x576.webp 1024w, https:\/\/www.cinc.com\/wp-content\/uploads\/Fotos-Blog-CINC-WordPress-37-768x432.webp 768w, https:\/\/www.cinc.com\/wp-content\/uploads\/Fotos-Blog-CINC-WordPress-37-1536x864.webp 1536w, https:\/\/www.cinc.com\/wp-content\/uploads\/Fotos-Blog-CINC-WordPress-37.webp 1920w\" sizes=\"auto, (max-width: 300px) 100vw, 300px\" \/>\t\t\t\t\t<\/a>\n\t\t\t\t\t\t\t<\/div>\n\t\t\t\t\t\t<h4 class=\"uagb-post__title uagb-post__text\">\n\t\t\t\t<a href=\"https:\/\/www.cinc.com\/es\/cinc-punto-de-atencion-al-emprendedor-pae-en-barcelona-girona-y-figueres\/\" target=\"_self\" rel=\"bookmark noopener noreferrer\">CINC: Punto de Atenci\u00f3n al Emprendedor (PAE) en Barcelona, Girona y Figueres<\/a>\n\t\t\t<\/h4>\n\t\t\t\t\t\t<div class='uagb-post__text uagb-post-grid-byline'>\n\t\t\t\t\t\t\t<\/div>\n\t\t\t\t\t\t\t<div class='uagb-post__text uagb-post__excerpt'>\n\t\t\t\t\t\nDescubre c\u00f3mo CINC, como Punto de Atenci\u00f3n al Emprendimiento (PAE), facilita a los emprendedores la&#8230;\t\t\t\t<\/div>\n\t\t\t\t\t\t<div class=\"uagb-post__text uagb-post__cta wp-block-button\">\n\t\t\t\t<a class=\"wp-block-button__link uagb-text-link\" style=\"\" href=\"https:\/\/www.cinc.com\/es\/cinc-punto-de-atencion-al-emprendedor-pae-en-barcelona-girona-y-figueres\/\" target=\"_self\" rel=\"bookmark noopener noreferrer\">Llegir m\u00e9s<\/a>\n\t\t\t<\/div>\n\t\t\t\n\t\t\t\t\t\t\t\t\t<\/article>\n\t\t\t\t\t\t\t\t\t\t\t<\/div>\n\t\t\t<\/div>\n\n\n\n<div class=\"wp-block-uagb-container uagb-block-490cca05 alignfull uagb-is-root-container\"><div class=\"uagb-container-inner-blocks-wrap\">\n<h2 class=\"wp-block-heading has-mask-fill no-margins\">Eventos y conferencias<\/h2>\n\n\n\n<p>\u00a1Descubre y ap\u00fantate a todos los eventos y conferencias organizadas!<\/p>\n\n\n\n<div class=\"wp-block-buttons is-layout-flex wp-block-buttons-is-layout-flex\">\n<div class=\"wp-block-button\"><a class=\"wp-block-button__link wp-element-button\" href=\"https:\/\/www.cinc.com\/es\/actos\/\">Ver eventos<\/a><\/div>\n<\/div>\n<\/div><\/div>\n\n\n\n<div class=\"wp-block-uagb-container uagb-block-520c94a1 alignfull uagb-is-root-container\"><div class=\"uagb-container-inner-blocks-wrap\">\n<div class=\"marquee-text-wrapper \"><p class=\"marquee-text big-title fw\">Ap\u00fantate a nuestra newsletter<\/p><\/div>\n\n\n<div class=\"wp-block-cinc-blocks-newsletter-form\">\n    <form id=\"newsletter-form\" method=\"POST\" class=\"wp-block-cinc-blocks-newsletter-form__form\">\n        <input class=\"wp-block-cinc-blocks-newsletter-form__field\" type=\"text\" placeholder=\"Your name\" name=\"name\" required \/>\n        <select class=\"wp-block-cinc-blocks-newsletter-form__select\" name=\"town\" required>\n            <option value=\"\" readonly>Town<\/option>\n            <option value=\"barcelona\">Barcelona<\/option>\n            <option value=\"girona\">Girona<\/option>\n        <\/select>\n        <input class=\"wp-block-cinc-blocks-newsletter-form__field\" type=\"email\" placeholder=\"Your email\" name=\"email\" required \/>\n        <button class=\"wp-block-cinc-blocks-newsletter-form__button\">Subscribe<\/button>\n    <\/form>\n    <div id=\"newsletter-form-response\"><\/div>\n<\/div><\/div><\/div>\n","protected":false},"excerpt":{"rendered":"<p>Noticias destacadas<\/p>\n","protected":false},"author":4,"featured_media":0,"parent":0,"menu_order":0,"comment_status":"closed","ping_status":"closed","template":"","meta":{"_acf_changed":false,"_uag_custom_page_level_css":"","footnotes":""},"class_list":["post-18557","page","type-page","status-publish","hentry"],"acf":[],"uagb_featured_image_src":{"full":false,"thumbnail":false,"medium":false,"medium_large":false,"large":false,"1536x1536":false,"2048x2048":false,"gform-image-choice-sm":false,"gform-image-choice-md":false,"gform-image-choice-lg":false},"uagb_author_info":{"display_name":"Paula","author_link":"https:\/\/www.cinc.com\/es\/author\/paula\/"},"uagb_comment_info":0,"uagb_excerpt":"Noticias destacadas","jetpack_sharing_enabled":true,"_links":{"self":[{"href":"https:\/\/www.cinc.com\/es\/wp-json\/wp\/v2\/pages\/18557","targetHints":{"allow":["GET"]}}],"collection":[{"href":"https:\/\/www.cinc.com\/es\/wp-json\/wp\/v2\/pages"}],"about":[{"href":"https:\/\/www.cinc.com\/es\/wp-json\/wp\/v2\/types\/page"}],"author":[{"embeddable":true,"href":"https:\/\/www.cinc.com\/es\/wp-json\/wp\/v2\/users\/4"}],"replies":[{"embeddable":true,"href":"https:\/\/www.cinc.com\/es\/wp-json\/wp\/v2\/comments?post=18557"}],"version-history":[{"count":7,"href":"https:\/\/www.cinc.com\/es\/wp-json\/wp\/v2\/pages\/18557\/revisions"}],"predecessor-version":[{"id":32709,"href":"https:\/\/www.cinc.com\/es\/wp-json\/wp\/v2\/pages\/18557\/revisions\/32709"}],"wp:attachment":[{"href":"https:\/\/www.cinc.com\/es\/wp-json\/wp\/v2\/media?parent=18557"}],"curies":[{"name":"wp","href":"https:\/\/api.w.org\/{rel}","templated":true}]}}