{"id":18554,"date":"2023-03-08T09:53:12","date_gmt":"2023-03-08T08:53:12","guid":{"rendered":"https:\/\/www.cinc.com\/asesoria-de-empresas-y-gestoria\/proteccion-de-datos\/"},"modified":"2025-11-28T14:00:42","modified_gmt":"2025-11-28T13:00:42","slug":"proteccion-de-datos","status":"publish","type":"page","link":"https:\/\/www.cinc.com\/es\/asesoria-de-empresas-y-gestoria\/proteccion-de-datos\/","title":{"rendered":"Protecci\u00f3n de datos"},"content":{"rendered":"\n<div class=\"wp-block-uagb-container uagb-block-2087dc32 alignfull uagb-is-root-container\"><div class=\"uagb-container-inner-blocks-wrap\">\n<div class=\"wp-block-uagb-container uagb-block-a30dd3ea\">\n<h2 class=\"wp-block-heading has-mask-fill has-large-font-size\" style=\"font-style:normal;font-weight:300\">Adapta tu empresa al RPGD y la nueva LOPD de forma f\u00e1cil y segura<\/h2>\n\n\n\n<p>Todas las empresas, profesionales y entidades que traten con datos de car\u00e1cter personal tienen que cumplir con el actual reglamento Europeo de Protecci\u00f3n de Datos (RGPD).<\/p>\n\n\n\n<p>Tambi\u00e9n est\u00e1n obligadas a adecuarse a la nueva Ley Org\u00e1nica de Protecci\u00f3n de Datos y Garant\u00eda de los Derechos Digitales (LOPDGDD, ley 3\/2018), que concreta una serie de cuestiones que no est\u00e1n recogidas en la normativa europea.<\/p>\n\n\n\n<p>Por eso, te ofrecemos un servicio de adaptaci\u00f3n y mantenimiento a medida del RGPD y la LOPDGDD:<\/p>\n\n\n\n<ul class=\"wp-block-list\">\n<li>Te ayudamos en la implementaci\u00f3n inicial de las normativas<\/li>\n\n\n\n<li>Realizamos auditor\u00edas para comprobar el grado de adecuaci\u00f3n<\/li>\n\n\n\n<li>Te facilitamos la contrataci\u00f3n de un Delegado de Protecci\u00f3n de Datos (DPO)<\/li>\n<\/ul>\n<\/div>\n\n\n\n<div class=\"wp-block-uagb-container uagb-block-22b17c70\">\n<h2 class=\"wp-block-heading has-mask-fill has-large-font-size\" style=\"font-style:normal;font-weight:300\">Servicios de protecci\u00f3n de datos<\/h2>\n\n\n\n<ol class=\"wp-block-list decimal-list\">\n<li>Realizaci\u00f3n de auditor\u00edas internas como externas de RGPD y LOPDGDD<\/li>\n\n\n\n<li>Servicio de Delegado de Protecci\u00f3n de Datos (DPO)<\/li>\n\n\n\n<li>Servicio de Canal de Denuncias para empresas<\/li>\n\n\n\n<li>Elaboraci\u00f3n de contratos de confidencialidad<\/li>\n\n\n\n<li>Formaci\u00f3n y consultor\u00eda en Protecci\u00f3n de Datos<\/li>\n\n\n\n<li>Seguimiento de las inspecciones realizadas por la Agencia de Protecci\u00f3n de Datos<\/li>\n\n\n\n<li>An\u00e1lisis de riesgos en el tratamiento de datos<\/li>\n\n\n\n<li>Adecuaci\u00f3n a la Ley de Servicios de Sociedad de la Informaci\u00f3n y Comercio Electr\u00f3nico (LSSICE)<\/li>\n\n\n\n<li>Redacci\u00f3n de textos legales para web (aviso legal, pol\u00edtica de privacidad, pol\u00edtica de cookies, etc.)<\/li>\n<\/ol>\n<\/div>\n<\/div><\/div>\n\n\n\n<div class=\"wp-block-uagb-container uagb-block-520a46e6 alignfull uagb-is-root-container\"><div class=\"uagb-container-inner-blocks-wrap\">\n<h2 class=\"wp-block-heading has-text-align-center has-cinc-orange-color has-text-color has-large-font-size\" style=\"font-style:normal;font-weight:300\">Si quieres m\u00e1s informaci\u00f3n sobre los servicios que<br>ofrecemos, consulta nuestro cat\u00e1logo<\/h2>\n<\/div><\/div>\n\n\n\n<div class=\"wp-block-uagb-container uagb-block-cedb4611 alignfull uagb-is-root-container\"><div class=\"uagb-container-inner-blocks-wrap\">\n<h2 class=\"wp-block-heading has-text-align-center\">Nuestras sedes<\/h2>\n<\/div><\/div>\n\n<div class=\"wp-block-uagb-container uagb-block-4984a167 alignfull uagb-is-root-container\"><div class=\"uagb-container-inner-blocks-wrap\">\n<div class=\"wp-block-uagb-container uagb-block-3cdfd36b\">\n<div class=\"wp-block-group is-layout-constrained wp-block-group-is-layout-constrained\">\n<figure class=\"wp-block-image size-full is-resized\"><img loading=\"lazy\" decoding=\"async\" width=\"1200\" height=\"851\" src=\"https:\/\/www.cinc.com\/wp-content\/uploads\/2024\/01\/edifici-cinc-1.webp\" alt=\"\" class=\"wp-image-20395\" style=\"aspect-ratio:3\/2;object-fit:cover;width:500px;height:undefinedpx\" srcset=\"https:\/\/www.cinc.com\/wp-content\/uploads\/2024\/01\/edifici-cinc-1.webp 1200w, https:\/\/www.cinc.com\/wp-content\/uploads\/2024\/01\/edifici-cinc-1-300x213.webp 300w, https:\/\/www.cinc.com\/wp-content\/uploads\/2024\/01\/edifici-cinc-1-1024x726.webp 1024w, https:\/\/www.cinc.com\/wp-content\/uploads\/2024\/01\/edifici-cinc-1-768x545.webp 768w\" sizes=\"auto, (max-width: 1200px) 100vw, 1200px\" \/><\/figure>\n\n\n\n<div class=\"wp-block-group is-layout-constrained wp-block-group-is-layout-constrained\" style=\"margin-top:0;margin-bottom:0;padding-top:var(--wp--preset--spacing--20);padding-bottom:var(--wp--preset--spacing--20)\">\n<p class=\"has-text-align-center\" style=\"margin-top:0;margin-bottom:0;padding-top:0;padding-bottom:0\"><strong><a href=\"https:\/\/www.cinc.com\/es\/cinc-barcelona\/\" data-type=\"link\" data-id=\"https:\/\/www.cinc.com\/cinc-barcelona\/\">CINC BARCELONA<\/a><\/strong><\/p>\n\n\n\n<p class=\"has-text-align-center\" style=\"margin-top:0;margin-bottom:0;padding-top:0;padding-bottom:0\">C\/Llull, 321<\/p>\n<\/div>\n<\/div>\n<\/div>\n\n\n\n<div class=\"wp-block-uagb-container uagb-block-3cdfd36b\">\n<div class=\"wp-block-group is-layout-constrained wp-block-group-is-layout-constrained\">\n<figure class=\"wp-block-image size-full is-resized\"><img loading=\"lazy\" decoding=\"async\" width=\"1200\" height=\"831\" src=\"https:\/\/www.cinc.com\/wp-content\/uploads\/2024\/01\/edifici-cinc-2.webp\" alt=\"\" class=\"wp-image-20399\" style=\"aspect-ratio:3\/2;object-fit:cover;width:500px;height:undefinedpx\" srcset=\"https:\/\/www.cinc.com\/wp-content\/uploads\/2024\/01\/edifici-cinc-2.webp 1200w, https:\/\/www.cinc.com\/wp-content\/uploads\/2024\/01\/edifici-cinc-2-300x208.webp 300w, https:\/\/www.cinc.com\/wp-content\/uploads\/2024\/01\/edifici-cinc-2-1024x709.webp 1024w, https:\/\/www.cinc.com\/wp-content\/uploads\/2024\/01\/edifici-cinc-2-768x532.webp 768w\" sizes=\"auto, (max-width: 1200px) 100vw, 1200px\" \/><\/figure>\n\n\n\n<div class=\"wp-block-group is-layout-constrained wp-block-group-is-layout-constrained\" style=\"padding-top:var(--wp--preset--spacing--20);padding-bottom:var(--wp--preset--spacing--20)\">\n<p class=\"has-text-align-center\" style=\"margin-top:0;margin-bottom:0\"><strong><a href=\"https:\/\/www.cinc.com\/es\/cinc-girona\/\" data-type=\"link\" data-id=\"https:\/\/www.cinc.com\/cinc-girona\/\">CINC GIRONA<\/a><\/strong><\/p>\n\n\n\n<p class=\"has-text-align-center\" style=\"margin-top:0;margin-bottom:0;padding-top:0;padding-bottom:0\">C\/Riu G\u00fcell, 58<\/p>\n<\/div>\n<\/div>\n<\/div>\n\n\n\n<div class=\"wp-block-uagb-container uagb-block-3cdfd36b\">\n<div class=\"wp-block-group is-layout-constrained wp-block-group-is-layout-constrained\">\n<figure class=\"wp-block-image size-full is-resized\"><img loading=\"lazy\" decoding=\"async\" width=\"1200\" height=\"1014\" src=\"https:\/\/www.cinc.com\/wp-content\/uploads\/2024\/01\/edifici-cinc-3.webp\" alt=\"\" class=\"wp-image-20404\" style=\"aspect-ratio:3\/2;object-fit:cover;width:500px;height:undefinedpx\" srcset=\"https:\/\/www.cinc.com\/wp-content\/uploads\/2024\/01\/edifici-cinc-3.webp 1200w, https:\/\/www.cinc.com\/wp-content\/uploads\/2024\/01\/edifici-cinc-3-300x254.webp 300w, https:\/\/www.cinc.com\/wp-content\/uploads\/2024\/01\/edifici-cinc-3-1024x865.webp 1024w, https:\/\/www.cinc.com\/wp-content\/uploads\/2024\/01\/edifici-cinc-3-768x649.webp 768w\" sizes=\"auto, (max-width: 1200px) 100vw, 1200px\" \/><\/figure>\n\n\n\n<div class=\"wp-block-group is-layout-constrained wp-block-group-is-layout-constrained\" style=\"padding-top:var(--wp--preset--spacing--20);padding-bottom:var(--wp--preset--spacing--20)\">\n<p class=\"has-text-align-center\" style=\"margin-top:0;margin-bottom:0;padding-top:0;padding-bottom:0\"><strong>CINC FIGUERES<\/strong><\/p>\n\n\n\n<p class=\"has-text-align-center\" style=\"margin-top:0;margin-bottom:0;padding-top:0;padding-bottom:0\">C\/Blanc, 8<\/p>\n<\/div>\n<\/div>\n<\/div>\n<\/div><\/div>\n\n\n\n<div class=\"wp-block-uagb-container uagb-block-66a52195 default uagb-is-root-container\">\n<div class=\"wp-block-uagb-advanced-heading uagb-block-d47e4286\"><h2 class=\"uagb-heading-text\">Noticias destacadas<\/h2><\/div>\n\n\n\n\t\t\t<div class=\"wp-block-uagb-post-grid uagb-post-grid  uagb-post__image-position-top uagb-post__image-enabled uagb-block-ad528a11     uagb-post__items uagb-post__columns-3 is-grid uagb-post__columns-tablet-2 uagb-post__columns-mobile-1 uagb-post__equal-height\" data-total=\"9\" style=\"\">\n\n\t\t\t\t\t\t\t\t\t\t\t\t<article class=\"uagb-post__inner-wrap\">\t\t\t\t\t\t\t\t<div class='uagb-post__image'>\n\t\t\t\t\t\t\t\t\t<a href=\"https:\/\/www.cinc.com\/es\/las-autoridades-de-proteccion-de-datos-refuerzan-la-colaboracion-ante-los-retos-digitales\/\" target=\"_self\" rel=\"bookmark noopener noreferrer\" class='uagb-image-ratio-9-16'><img loading=\"lazy\" decoding=\"async\" width=\"300\" height=\"196\" src=\"https:\/\/www.cinc.com\/wp-content\/uploads\/thedigitalway-computer-1591018_1920-300x196.jpg\" class=\"attachment-medium size-medium\" alt=\"\" srcset=\"https:\/\/www.cinc.com\/wp-content\/uploads\/thedigitalway-computer-1591018_1920-300x196.jpg 300w, https:\/\/www.cinc.com\/wp-content\/uploads\/thedigitalway-computer-1591018_1920-1651x1080.jpg 1651w, https:\/\/www.cinc.com\/wp-content\/uploads\/thedigitalway-computer-1591018_1920-768x502.jpg 768w, https:\/\/www.cinc.com\/wp-content\/uploads\/thedigitalway-computer-1591018_1920-1536x1005.jpg 1536w, https:\/\/www.cinc.com\/wp-content\/uploads\/thedigitalway-computer-1591018_1920.jpg 1920w\" sizes=\"auto, (max-width: 300px) 100vw, 300px\" \/>\t\t\t\t\t<\/a>\n\t\t\t\t\t\t\t<\/div>\n\t\t\t\t\t\t<h4 class=\"uagb-post__title uagb-post__text\">\n\t\t\t\t<a href=\"https:\/\/www.cinc.com\/es\/las-autoridades-de-proteccion-de-datos-refuerzan-la-colaboracion-ante-los-retos-digitales\/\" target=\"_self\" rel=\"bookmark noopener noreferrer\">Las autoridades de protecci\u00f3n de datos refuerzan la colaboraci\u00f3n ante los retos digitales<\/a>\n\t\t\t<\/h4>\n\t\t\t\t\t\t<div class='uagb-post__text uagb-post-grid-byline'>\n\t\t\t\t\t\t\t<\/div>\n\t\t\t\t\t\t\t<div class='uagb-post__text uagb-post__excerpt'>\n\t\t\t\t\tOrganismos p\u00fablicos han acordado trabajar de forma conjunta para reforzar la seguridad de la informaci\u00f3n&#8230;\t\t\t\t<\/div>\n\t\t\t\t\t\t<div class=\"uagb-post__text uagb-post__cta wp-block-button\">\n\t\t\t\t<a class=\"wp-block-button__link uagb-text-link\" style=\"\" href=\"https:\/\/www.cinc.com\/es\/las-autoridades-de-proteccion-de-datos-refuerzan-la-colaboracion-ante-los-retos-digitales\/\" target=\"_self\" rel=\"bookmark noopener noreferrer\">Llegir m\u00e9s<\/a>\n\t\t\t<\/div>\n\t\t\t\n\t\t\t\t\t\t\t\t\t<\/article>\n\t\t\t\t\t\t\t\t\t\t\t\t\t\t\t\t<article class=\"uagb-post__inner-wrap\">\t\t\t\t\t\t\t\t<div class='uagb-post__image'>\n\t\t\t\t\t\t\t\t\t<a href=\"https:\/\/www.cinc.com\/es\/la-aepd-impulsa-una-red-estatal-de-investigacion-en-privacidad-y-tecnologias-emergentes\/\" target=\"_self\" rel=\"bookmark noopener noreferrer\" class='uagb-image-ratio-9-16'><img loading=\"lazy\" decoding=\"async\" width=\"300\" height=\"200\" src=\"https:\/\/www.cinc.com\/wp-content\/uploads\/geralt-network-4109223_1920-300x200.jpg\" class=\"attachment-medium size-medium\" alt=\"\" srcset=\"https:\/\/www.cinc.com\/wp-content\/uploads\/geralt-network-4109223_1920-300x200.jpg 300w, https:\/\/www.cinc.com\/wp-content\/uploads\/geralt-network-4109223_1920-1620x1080.jpg 1620w, https:\/\/www.cinc.com\/wp-content\/uploads\/geralt-network-4109223_1920-768x512.jpg 768w, https:\/\/www.cinc.com\/wp-content\/uploads\/geralt-network-4109223_1920-1536x1024.jpg 1536w, https:\/\/www.cinc.com\/wp-content\/uploads\/geralt-network-4109223_1920.jpg 1920w\" sizes=\"auto, (max-width: 300px) 100vw, 300px\" \/>\t\t\t\t\t<\/a>\n\t\t\t\t\t\t\t<\/div>\n\t\t\t\t\t\t<h4 class=\"uagb-post__title uagb-post__text\">\n\t\t\t\t<a href=\"https:\/\/www.cinc.com\/es\/la-aepd-impulsa-una-red-estatal-de-investigacion-en-privacidad-y-tecnologias-emergentes\/\" target=\"_self\" rel=\"bookmark noopener noreferrer\">La AEPD impulsa una red estatal de investigaci\u00f3n en privacidad y tecnolog\u00edas emergentes<\/a>\n\t\t\t<\/h4>\n\t\t\t\t\t\t<div class='uagb-post__text uagb-post-grid-byline'>\n\t\t\t\t\t\t\t<\/div>\n\t\t\t\t\t\t\t<div class='uagb-post__text uagb-post__excerpt'>\n\t\t\t\t\tUn nuevo espacio de colaboraci\u00f3n re\u00fane a equipos de investigaci\u00f3n de todo el Estado para&#8230;\t\t\t\t<\/div>\n\t\t\t\t\t\t<div class=\"uagb-post__text uagb-post__cta wp-block-button\">\n\t\t\t\t<a class=\"wp-block-button__link uagb-text-link\" style=\"\" href=\"https:\/\/www.cinc.com\/es\/la-aepd-impulsa-una-red-estatal-de-investigacion-en-privacidad-y-tecnologias-emergentes\/\" target=\"_self\" rel=\"bookmark noopener noreferrer\">Llegir m\u00e9s<\/a>\n\t\t\t<\/div>\n\t\t\t\n\t\t\t\t\t\t\t\t\t<\/article>\n\t\t\t\t\t\t\t\t\t\t\t\t\t\t\t\t<article class=\"uagb-post__inner-wrap\">\t\t\t\t\t\t\t\t<div class='uagb-post__image'>\n\t\t\t\t\t\t\t\t\t<a href=\"https:\/\/www.cinc.com\/es\/el-gobierno-aprobara-una-ley-que-prohibira-el-acceso-a-redes-sociales-a-los-menores-de-16-anos\/\" target=\"_self\" rel=\"bookmark noopener noreferrer\" class='uagb-image-ratio-9-16'><img loading=\"lazy\" decoding=\"async\" width=\"300\" height=\"169\" src=\"https:\/\/www.cinc.com\/wp-content\/uploads\/xarxes-socials-menors-300x169.webp\" class=\"attachment-medium size-medium\" alt=\"\" srcset=\"https:\/\/www.cinc.com\/wp-content\/uploads\/xarxes-socials-menors-300x169.webp 300w, https:\/\/www.cinc.com\/wp-content\/uploads\/xarxes-socials-menors-768x432.webp 768w, https:\/\/www.cinc.com\/wp-content\/uploads\/xarxes-socials-menors-1536x864.webp 1536w, https:\/\/www.cinc.com\/wp-content\/uploads\/xarxes-socials-menors.webp 1920w\" sizes=\"auto, (max-width: 300px) 100vw, 300px\" \/>\t\t\t\t\t<\/a>\n\t\t\t\t\t\t\t<\/div>\n\t\t\t\t\t\t<h4 class=\"uagb-post__title uagb-post__text\">\n\t\t\t\t<a href=\"https:\/\/www.cinc.com\/es\/el-gobierno-aprobara-una-ley-que-prohibira-el-acceso-a-redes-sociales-a-los-menores-de-16-anos\/\" target=\"_self\" rel=\"bookmark noopener noreferrer\">El Gobierno aprobar\u00e1 una ley que prohibir\u00e1 el acceso a redes sociales a los menores de 16 a\u00f1os<\/a>\n\t\t\t<\/h4>\n\t\t\t\t\t\t<div class='uagb-post__text uagb-post-grid-byline'>\n\t\t\t\t\t\t\t<\/div>\n\t\t\t\t\t\t\t<div class='uagb-post__text uagb-post__excerpt'>\n\t\t\t\t\tEl Gobierno prev\u00e9 aprobar el pr\u00f3ximo mes de mayo el proyecto de ley que prohibir\u00e1&#8230;\t\t\t\t<\/div>\n\t\t\t\t\t\t<div class=\"uagb-post__text uagb-post__cta wp-block-button\">\n\t\t\t\t<a class=\"wp-block-button__link uagb-text-link\" style=\"\" href=\"https:\/\/www.cinc.com\/es\/el-gobierno-aprobara-una-ley-que-prohibira-el-acceso-a-redes-sociales-a-los-menores-de-16-anos\/\" target=\"_self\" rel=\"bookmark noopener noreferrer\">Llegir m\u00e9s<\/a>\n\t\t\t<\/div>\n\t\t\t\n\t\t\t\t\t\t\t\t\t<\/article>\n\t\t\t\t\t\t\t\t\t\t\t<\/div>\n\t\t\t<\/div>\n\n\n\n<div class=\"wp-block-uagb-container uagb-block-490cca05 alignfull uagb-is-root-container\"><div class=\"uagb-container-inner-blocks-wrap\">\n<h2 class=\"wp-block-heading has-mask-fill no-margins\">Eventos y conferencias<\/h2>\n\n\n\n<p>\u00a1Descubre y ap\u00fantate a todos los eventos y conferencias organizadas!<\/p>\n\n\n\n<div class=\"wp-block-buttons is-layout-flex wp-block-buttons-is-layout-flex\">\n<div class=\"wp-block-button\"><a class=\"wp-block-button__link wp-element-button\" href=\"https:\/\/www.cinc.com\/es\/actos\/\">Ver eventos<\/a><\/div>\n<\/div>\n<\/div><\/div>\n\n\n\n<div class=\"wp-block-uagb-container uagb-block-520c94a1 alignfull uagb-is-root-container\"><div class=\"uagb-container-inner-blocks-wrap\">\n<div class=\"marquee-text-wrapper \"><p class=\"marquee-text big-title fw\">Ap\u00fantate a nuestra newsletter<\/p><\/div>\n\n\n<div class=\"wp-block-cinc-blocks-newsletter-form\">\n    <form id=\"newsletter-form\" method=\"POST\" class=\"wp-block-cinc-blocks-newsletter-form__form\">\n        <input class=\"wp-block-cinc-blocks-newsletter-form__field\" type=\"text\" placeholder=\"Your name\" name=\"name\" required \/>\n        <select class=\"wp-block-cinc-blocks-newsletter-form__select\" name=\"town\" required>\n            <option value=\"\" readonly>Town<\/option>\n            <option value=\"barcelona\">Barcelona<\/option>\n            <option value=\"girona\">Girona<\/option>\n        <\/select>\n        <input class=\"wp-block-cinc-blocks-newsletter-form__field\" type=\"email\" placeholder=\"Your email\" name=\"email\" required \/>\n        <button class=\"wp-block-cinc-blocks-newsletter-form__button\">Subscribe<\/button>\n    <\/form>\n    <div id=\"newsletter-form-response\"><\/div>\n<\/div><\/div><\/div>\n","protected":false},"excerpt":{"rendered":"<p>Adapta tu empresa al RPGD y la nueva LOPD de forma f\u00e1cil y segura Todas las empresas, profesionales y entidades que traten con datos de car\u00e1cter personal tienen que cumplir con el actual reglamento Europeo de Protecci\u00f3n de Datos (RGPD). Tambi\u00e9n est\u00e1n obligadas a adecuarse a la nueva Ley Org\u00e1nica de Protecci\u00f3n de Datos y [&hellip;]<\/p>\n","protected":false},"author":3,"featured_media":0,"parent":18545,"menu_order":8,"comment_status":"closed","ping_status":"closed","template":"","meta":{"_acf_changed":false,"_uag_custom_page_level_css":"","footnotes":""},"class_list":["post-18554","page","type-page","status-publish","hentry"],"acf":[],"uagb_featured_image_src":{"full":false,"thumbnail":false,"medium":false,"medium_large":false,"large":false,"1536x1536":false,"2048x2048":false,"gform-image-choice-sm":false,"gform-image-choice-md":false,"gform-image-choice-lg":false},"uagb_author_info":{"display_name":"Anna","author_link":"https:\/\/www.cinc.com\/es\/author\/anna\/"},"uagb_comment_info":0,"uagb_excerpt":"Adapta tu empresa al RPGD y la nueva LOPD de forma f\u00e1cil y segura Todas las empresas, profesionales y entidades que traten con datos de car\u00e1cter personal tienen que cumplir con el actual reglamento Europeo de Protecci\u00f3n de Datos (RGPD). Tambi\u00e9n est\u00e1n obligadas a adecuarse a la nueva Ley Org\u00e1nica de Protecci\u00f3n de Datos y&hellip;","jetpack_sharing_enabled":true,"_links":{"self":[{"href":"https:\/\/www.cinc.com\/es\/wp-json\/wp\/v2\/pages\/18554","targetHints":{"allow":["GET"]}}],"collection":[{"href":"https:\/\/www.cinc.com\/es\/wp-json\/wp\/v2\/pages"}],"about":[{"href":"https:\/\/www.cinc.com\/es\/wp-json\/wp\/v2\/types\/page"}],"author":[{"embeddable":true,"href":"https:\/\/www.cinc.com\/es\/wp-json\/wp\/v2\/users\/3"}],"replies":[{"embeddable":true,"href":"https:\/\/www.cinc.com\/es\/wp-json\/wp\/v2\/comments?post=18554"}],"version-history":[{"count":8,"href":"https:\/\/www.cinc.com\/es\/wp-json\/wp\/v2\/pages\/18554\/revisions"}],"predecessor-version":[{"id":32699,"href":"https:\/\/www.cinc.com\/es\/wp-json\/wp\/v2\/pages\/18554\/revisions\/32699"}],"up":[{"embeddable":true,"href":"https:\/\/www.cinc.com\/es\/wp-json\/wp\/v2\/pages\/18545"}],"wp:attachment":[{"href":"https:\/\/www.cinc.com\/es\/wp-json\/wp\/v2\/media?parent=18554"}],"curies":[{"name":"wp","href":"https:\/\/api.w.org\/{rel}","templated":true}]}}