{"id":18553,"date":"2023-03-08T14:34:57","date_gmt":"2023-03-08T13:34:57","guid":{"rendered":"https:\/\/www.cinc.com\/asesoria-de-empresas-y-gestoria\/extranjeria\/"},"modified":"2025-11-28T13:58:02","modified_gmt":"2025-11-28T12:58:02","slug":"extranjeria","status":"publish","type":"page","link":"https:\/\/www.cinc.com\/es\/asesoria-de-empresas-y-gestoria\/extranjeria\/","title":{"rendered":"Extranjer\u00eda"},"content":{"rendered":"\n<div class=\"wp-block-humpton-gutenberg-container content-row light-section normal row_padding_top change-header-color\" data-bgcolor=\"#ffffff\" style=\"text-align:left\">\n<h2 class=\"wp-block-heading has-mask-fill has-large-font-size\" style=\"font-style:normal;font-weight:300\">Servicios de Extranjer\u00eda<\/h2>\n\n\n\n<ul class=\"wp-block-list decimal-list list--2-cols\">\n<li>Solicitudes de N\u00famero de Identificaci\u00f3n de Extranjeros (NIE)<\/li>\n\n\n\n<li>Certificados de registro de residentes comunitarios<\/li>\n\n\n\n<li>Tarjetas de residencia de familiares de ciudadanos de la UE<\/li>\n\n\n\n<li>Arraigo social, laboral, de formaci\u00f3n, y familiar<\/li>\n\n\n\n<li>Autorizaciones iniciales de residencia \/ trabajo<\/li>\n\n\n\n<li>Autorizaci\u00f3n de estancia por estudios<\/li>\n\n\n\n<li>Autorizaciones de residencia para inversores<\/li>\n\n\n\n<li>Autorizaciones de tarjetas larga duraci\u00f3n de la UE<\/li>\n\n\n\n<li>Profesionales para la regata de la Copa Am\u00e9rica<\/li>\n\n\n\n<li>Visado para trabajador internacional\/n\u00f3mada digital<\/li>\n\n\n\n<li>Reagrupaciones familiares<\/li>\n\n\n\n<li>Renovaciones de autorizaciones<\/li>\n\n\n\n<li>Modificaciones de residencia legal<\/li>\n\n\n\n<li>Autorizaciones de retorno<\/li>\n\n\n\n<li>Recursos de archivo, de reposici\u00f3n y de levantada<\/li>\n\n\n\n<li>Cartas de invitaci\u00f3n<\/li>\n\n\n\n<li>Inscripciones en el Registro Civil Central<\/li>\n\n\n\n<li>Solicitud de citas para presentaciones y para las huellas<\/li>\n\n\n\n<li>Inscripci\u00f3n de parejas de hecho en el Registro de parejas estable de Catalu\u00f1a<\/li>\n\n\n\n<li>Imprimidos de tasas<\/li>\n\n\n\n<li>P\u00f3lizas de seguros<\/li>\n\n\n\n<li>Nacionalidad espa\u00f1ola<\/li>\n<\/ul>\n<\/div>\n\n\n\n<div class=\"wp-block-uagb-container uagb-block-cedb4611 alignfull uagb-is-root-container\"><div class=\"uagb-container-inner-blocks-wrap\">\n<h2 class=\"wp-block-heading has-text-align-center\">Nuestras sedes<\/h2>\n<\/div><\/div>\n\n<div class=\"wp-block-uagb-container uagb-block-4984a167 alignfull uagb-is-root-container\"><div class=\"uagb-container-inner-blocks-wrap\">\n<div class=\"wp-block-uagb-container uagb-block-3cdfd36b\">\n<div class=\"wp-block-group is-layout-constrained wp-block-group-is-layout-constrained\">\n<figure class=\"wp-block-image size-full is-resized\"><img loading=\"lazy\" decoding=\"async\" width=\"1200\" height=\"851\" src=\"https:\/\/www.cinc.com\/wp-content\/uploads\/2024\/01\/edifici-cinc-1.webp\" alt=\"\" class=\"wp-image-20395\" style=\"aspect-ratio:3\/2;object-fit:cover;width:500px;height:undefinedpx\" srcset=\"https:\/\/www.cinc.com\/wp-content\/uploads\/2024\/01\/edifici-cinc-1.webp 1200w, https:\/\/www.cinc.com\/wp-content\/uploads\/2024\/01\/edifici-cinc-1-300x213.webp 300w, https:\/\/www.cinc.com\/wp-content\/uploads\/2024\/01\/edifici-cinc-1-1024x726.webp 1024w, https:\/\/www.cinc.com\/wp-content\/uploads\/2024\/01\/edifici-cinc-1-768x545.webp 768w\" sizes=\"auto, (max-width: 1200px) 100vw, 1200px\" \/><\/figure>\n\n\n\n<div class=\"wp-block-group is-layout-constrained wp-block-group-is-layout-constrained\" style=\"margin-top:0;margin-bottom:0;padding-top:var(--wp--preset--spacing--20);padding-bottom:var(--wp--preset--spacing--20)\">\n<p class=\"has-text-align-center\" style=\"margin-top:0;margin-bottom:0;padding-top:0;padding-bottom:0\"><strong><a href=\"https:\/\/www.cinc.com\/es\/cinc-barcelona\/\" data-type=\"link\" data-id=\"https:\/\/www.cinc.com\/cinc-barcelona\/\">CINC BARCELONA<\/a><\/strong><\/p>\n\n\n\n<p class=\"has-text-align-center\" style=\"margin-top:0;margin-bottom:0;padding-top:0;padding-bottom:0\">C\/Llull, 321<\/p>\n<\/div>\n<\/div>\n<\/div>\n\n\n\n<div class=\"wp-block-uagb-container uagb-block-3cdfd36b\">\n<div class=\"wp-block-group is-layout-constrained wp-block-group-is-layout-constrained\">\n<figure class=\"wp-block-image size-full is-resized\"><img loading=\"lazy\" decoding=\"async\" width=\"1200\" height=\"831\" src=\"https:\/\/www.cinc.com\/wp-content\/uploads\/2024\/01\/edifici-cinc-2.webp\" alt=\"\" class=\"wp-image-20399\" style=\"aspect-ratio:3\/2;object-fit:cover;width:500px;height:undefinedpx\" srcset=\"https:\/\/www.cinc.com\/wp-content\/uploads\/2024\/01\/edifici-cinc-2.webp 1200w, https:\/\/www.cinc.com\/wp-content\/uploads\/2024\/01\/edifici-cinc-2-300x208.webp 300w, https:\/\/www.cinc.com\/wp-content\/uploads\/2024\/01\/edifici-cinc-2-1024x709.webp 1024w, https:\/\/www.cinc.com\/wp-content\/uploads\/2024\/01\/edifici-cinc-2-768x532.webp 768w\" sizes=\"auto, (max-width: 1200px) 100vw, 1200px\" \/><\/figure>\n\n\n\n<div class=\"wp-block-group is-layout-constrained wp-block-group-is-layout-constrained\" style=\"padding-top:var(--wp--preset--spacing--20);padding-bottom:var(--wp--preset--spacing--20)\">\n<p class=\"has-text-align-center\" style=\"margin-top:0;margin-bottom:0\"><strong><a href=\"https:\/\/www.cinc.com\/es\/cinc-girona\/\" data-type=\"link\" data-id=\"https:\/\/www.cinc.com\/cinc-girona\/\">CINC GIRONA<\/a><\/strong><\/p>\n\n\n\n<p class=\"has-text-align-center\" style=\"margin-top:0;margin-bottom:0;padding-top:0;padding-bottom:0\">C\/Riu G\u00fcell, 58<\/p>\n<\/div>\n<\/div>\n<\/div>\n\n\n\n<div class=\"wp-block-uagb-container uagb-block-3cdfd36b\">\n<div class=\"wp-block-group is-layout-constrained wp-block-group-is-layout-constrained\">\n<figure class=\"wp-block-image size-full is-resized\"><img loading=\"lazy\" decoding=\"async\" width=\"1200\" height=\"1014\" src=\"https:\/\/www.cinc.com\/wp-content\/uploads\/2024\/01\/edifici-cinc-3.webp\" alt=\"\" class=\"wp-image-20404\" style=\"aspect-ratio:3\/2;object-fit:cover;width:500px;height:undefinedpx\" srcset=\"https:\/\/www.cinc.com\/wp-content\/uploads\/2024\/01\/edifici-cinc-3.webp 1200w, https:\/\/www.cinc.com\/wp-content\/uploads\/2024\/01\/edifici-cinc-3-300x254.webp 300w, https:\/\/www.cinc.com\/wp-content\/uploads\/2024\/01\/edifici-cinc-3-1024x865.webp 1024w, https:\/\/www.cinc.com\/wp-content\/uploads\/2024\/01\/edifici-cinc-3-768x649.webp 768w\" sizes=\"auto, (max-width: 1200px) 100vw, 1200px\" \/><\/figure>\n\n\n\n<div class=\"wp-block-group is-layout-constrained wp-block-group-is-layout-constrained\" style=\"padding-top:var(--wp--preset--spacing--20);padding-bottom:var(--wp--preset--spacing--20)\">\n<p class=\"has-text-align-center\" style=\"margin-top:0;margin-bottom:0;padding-top:0;padding-bottom:0\"><strong>CINC FIGUERES<\/strong><\/p>\n\n\n\n<p class=\"has-text-align-center\" style=\"margin-top:0;margin-bottom:0;padding-top:0;padding-bottom:0\">C\/Blanc, 8<\/p>\n<\/div>\n<\/div>\n<\/div>\n<\/div><\/div>\n\n\n\n<div class=\"wp-block-uagb-container uagb-block-66a52195 default uagb-is-root-container\">\n<div class=\"wp-block-uagb-advanced-heading uagb-block-d47e4286\"><h2 class=\"uagb-heading-text\">Noticias destacadas<\/h2><\/div>\n\n\n\n\t\t\t<div class=\"wp-block-uagb-post-grid uagb-post-grid  uagb-post__image-position-top uagb-post__image-enabled uagb-block-ad528a11     uagb-post__items uagb-post__columns-3 is-grid uagb-post__columns-tablet-2 uagb-post__columns-mobile-1 uagb-post__equal-height\" data-total=\"5\" style=\"\">\n\n\t\t\t\t\t\t\t\t\t\t\t\t<article class=\"uagb-post__inner-wrap\">\t\t\t\t\t\t\t\t<div class='uagb-post__image'>\n\t\t\t\t\t\t\t\t\t<a href=\"https:\/\/www.cinc.com\/es\/guia-completa-del-nuevo-reglamento-de-extranjeria-y-la-regularizacion-extraordinaria-en-espana\/\" target=\"_self\" rel=\"bookmark noopener noreferrer\" class='uagb-image-ratio-9-16'><img loading=\"lazy\" decoding=\"async\" width=\"300\" height=\"169\" src=\"https:\/\/www.cinc.com\/wp-content\/uploads\/regularizacion-300x169.webp\" class=\"attachment-medium size-medium\" alt=\"\" srcset=\"https:\/\/www.cinc.com\/wp-content\/uploads\/regularizacion-300x169.webp 300w, https:\/\/www.cinc.com\/wp-content\/uploads\/regularizacion-768x432.webp 768w, https:\/\/www.cinc.com\/wp-content\/uploads\/regularizacion-1536x864.webp 1536w, https:\/\/www.cinc.com\/wp-content\/uploads\/regularizacion.webp 1920w\" sizes=\"auto, (max-width: 300px) 100vw, 300px\" \/>\t\t\t\t\t<\/a>\n\t\t\t\t\t\t\t<\/div>\n\t\t\t\t\t\t<h4 class=\"uagb-post__title uagb-post__text\">\n\t\t\t\t<a href=\"https:\/\/www.cinc.com\/es\/guia-completa-del-nuevo-reglamento-de-extranjeria-y-la-regularizacion-extraordinaria-en-espana\/\" target=\"_self\" rel=\"bookmark noopener noreferrer\">Gu\u00eda completa del nuevo Reglamento de Extranjer\u00eda y la regularizaci\u00f3n extraordinaria en Espa\u00f1a<\/a>\n\t\t\t<\/h4>\n\t\t\t\t\t\t<div class='uagb-post__text uagb-post-grid-byline'>\n\t\t\t\t\t\t\t<\/div>\n\t\t\t\t\t\t\t<div class='uagb-post__text uagb-post__excerpt'>\n\t\t\t\t\tEl Gobierno de Espa\u00f1a ha aprobado una reforma del Reglamento de Extranjer\u00eda (Real Decreto 1155\/2024)&#8230;\t\t\t\t<\/div>\n\t\t\t\t\t\t<div class=\"uagb-post__text uagb-post__cta wp-block-button\">\n\t\t\t\t<a class=\"wp-block-button__link uagb-text-link\" style=\"\" href=\"https:\/\/www.cinc.com\/es\/guia-completa-del-nuevo-reglamento-de-extranjeria-y-la-regularizacion-extraordinaria-en-espana\/\" target=\"_self\" rel=\"bookmark noopener noreferrer\">Llegir m\u00e9s<\/a>\n\t\t\t<\/div>\n\t\t\t\n\t\t\t\t\t\t\t\t\t<\/article>\n\t\t\t\t\t\t\t\t\t\t\t\t\t\t\t\t<article class=\"uagb-post__inner-wrap\">\t\t\t\t\t\t\t\t<div class='uagb-post__image'>\n\t\t\t\t\t\t\t\t\t<a href=\"https:\/\/www.cinc.com\/es\/regularizacion-de-extranjeros-2026-en-espana-todo-lo-que-necesitas-saber\/\" target=\"_self\" rel=\"bookmark noopener noreferrer\" class='uagb-image-ratio-9-16'><img loading=\"lazy\" decoding=\"async\" width=\"300\" height=\"179\" src=\"https:\/\/www.cinc.com\/wp-content\/uploads\/jackmac34-buffer-1143485_1920-300x179.jpg\" class=\"attachment-medium size-medium\" alt=\"\" srcset=\"https:\/\/www.cinc.com\/wp-content\/uploads\/jackmac34-buffer-1143485_1920-300x179.jpg 300w, https:\/\/www.cinc.com\/wp-content\/uploads\/jackmac34-buffer-1143485_1920-1808x1080.jpg 1808w, https:\/\/www.cinc.com\/wp-content\/uploads\/jackmac34-buffer-1143485_1920-768x459.jpg 768w, https:\/\/www.cinc.com\/wp-content\/uploads\/jackmac34-buffer-1143485_1920-1536x918.jpg 1536w, https:\/\/www.cinc.com\/wp-content\/uploads\/jackmac34-buffer-1143485_1920.jpg 1920w\" sizes=\"auto, (max-width: 300px) 100vw, 300px\" \/>\t\t\t\t\t<\/a>\n\t\t\t\t\t\t\t<\/div>\n\t\t\t\t\t\t<h4 class=\"uagb-post__title uagb-post__text\">\n\t\t\t\t<a href=\"https:\/\/www.cinc.com\/es\/regularizacion-de-extranjeros-2026-en-espana-todo-lo-que-necesitas-saber\/\" target=\"_self\" rel=\"bookmark noopener noreferrer\">Regularizaci\u00f3n de Extranjeros 2026 en Espa\u00f1a: todo lo que necesitas saber<\/a>\n\t\t\t<\/h4>\n\t\t\t\t\t\t<div class='uagb-post__text uagb-post-grid-byline'>\n\t\t\t\t\t\t\t<\/div>\n\t\t\t\t\t\t\t<div class='uagb-post__text uagb-post__excerpt'>\n\t\t\t\t\tEspa\u00f1a prepara la regularizaci\u00f3n extraordinaria de extranjeros en 2026: descubre qui\u00e9nes podr\u00e1n beneficiarse, c\u00f3mo presentar&#8230;\t\t\t\t<\/div>\n\t\t\t\t\t\t<div class=\"uagb-post__text uagb-post__cta wp-block-button\">\n\t\t\t\t<a class=\"wp-block-button__link uagb-text-link\" style=\"\" href=\"https:\/\/www.cinc.com\/es\/regularizacion-de-extranjeros-2026-en-espana-todo-lo-que-necesitas-saber\/\" target=\"_self\" rel=\"bookmark noopener noreferrer\">Llegir m\u00e9s<\/a>\n\t\t\t<\/div>\n\t\t\t\n\t\t\t\t\t\t\t\t\t<\/article>\n\t\t\t\t\t\t\t\t\t\t\t\t\t\t\t\t<article class=\"uagb-post__inner-wrap\">\t\t\t\t\t\t\t\t<div class='uagb-post__image'>\n\t\t\t\t\t\t\t\t\t<a href=\"https:\/\/www.cinc.com\/es\/una-regularizacion-extraordinaria-en-2026-podria-beneficiar-unas-500-000-personas-extranjeras\/\" target=\"_self\" rel=\"bookmark noopener noreferrer\" class='uagb-image-ratio-9-16'><img loading=\"lazy\" decoding=\"async\" width=\"300\" height=\"169\" src=\"https:\/\/www.cinc.com\/wp-content\/uploads\/concentrated-people-reading-information-from-laptop-300x169.webp\" class=\"attachment-medium size-medium\" alt=\"\" srcset=\"https:\/\/www.cinc.com\/wp-content\/uploads\/concentrated-people-reading-information-from-laptop-300x169.webp 300w, https:\/\/www.cinc.com\/wp-content\/uploads\/concentrated-people-reading-information-from-laptop-1024x576.webp 1024w, https:\/\/www.cinc.com\/wp-content\/uploads\/concentrated-people-reading-information-from-laptop-768x432.webp 768w, https:\/\/www.cinc.com\/wp-content\/uploads\/concentrated-people-reading-information-from-laptop-1536x864.webp 1536w, https:\/\/www.cinc.com\/wp-content\/uploads\/concentrated-people-reading-information-from-laptop.webp 1920w\" sizes=\"auto, (max-width: 300px) 100vw, 300px\" \/>\t\t\t\t\t<\/a>\n\t\t\t\t\t\t\t<\/div>\n\t\t\t\t\t\t<h4 class=\"uagb-post__title uagb-post__text\">\n\t\t\t\t<a href=\"https:\/\/www.cinc.com\/es\/una-regularizacion-extraordinaria-en-2026-podria-beneficiar-unas-500-000-personas-extranjeras\/\" target=\"_self\" rel=\"bookmark noopener noreferrer\">Regularizaci\u00f3n extraordinaria de 2026, la v\u00eda para conseguir la residencia y acceder a un permiso de trabajo<\/a>\n\t\t\t<\/h4>\n\t\t\t\t\t\t<div class='uagb-post__text uagb-post-grid-byline'>\n\t\t\t\t\t\t\t<\/div>\n\t\t\t\t\t\t\t<div class='uagb-post__text uagb-post__excerpt'>\n\t\t\t\t\tLa medida podr\u00eda beneficiar a unas 500.000 personas, lo que anticipa un volumen alto de&#8230;\t\t\t\t<\/div>\n\t\t\t\t\t\t<div class=\"uagb-post__text uagb-post__cta wp-block-button\">\n\t\t\t\t<a class=\"wp-block-button__link uagb-text-link\" style=\"\" href=\"https:\/\/www.cinc.com\/es\/una-regularizacion-extraordinaria-en-2026-podria-beneficiar-unas-500-000-personas-extranjeras\/\" target=\"_self\" rel=\"bookmark noopener noreferrer\">Llegir m\u00e9s<\/a>\n\t\t\t<\/div>\n\t\t\t\n\t\t\t\t\t\t\t\t\t<\/article>\n\t\t\t\t\t\t\t\t\t\t\t<\/div>\n\t\t\t<\/div>\n\n\n\n<div class=\"wp-block-uagb-container uagb-block-490cca05 alignfull uagb-is-root-container\"><div class=\"uagb-container-inner-blocks-wrap\">\n<h2 class=\"wp-block-heading has-mask-fill no-margins\">Eventos y conferencias<\/h2>\n\n\n\n<p>\u00a1Descubre y ap\u00fantate a todos los eventos y conferencias organizadas!<\/p>\n\n\n\n<div class=\"wp-block-buttons is-layout-flex wp-block-buttons-is-layout-flex\">\n<div class=\"wp-block-button\"><a class=\"wp-block-button__link wp-element-button\" href=\"https:\/\/www.cinc.com\/es\/actos\/\">Ver eventos<\/a><\/div>\n<\/div>\n<\/div><\/div>\n\n\n\n<div class=\"wp-block-uagb-container uagb-block-520c94a1 alignfull uagb-is-root-container\"><div class=\"uagb-container-inner-blocks-wrap\">\n<div class=\"marquee-text-wrapper \"><p class=\"marquee-text big-title fw\">Ap\u00fantate a nuestra newsletter<\/p><\/div>\n\n\n<div class=\"wp-block-cinc-blocks-newsletter-form\">\n    <form id=\"newsletter-form\" method=\"POST\" class=\"wp-block-cinc-blocks-newsletter-form__form\">\n        <input class=\"wp-block-cinc-blocks-newsletter-form__field\" type=\"text\" placeholder=\"Your name\" name=\"name\" required \/>\n        <select class=\"wp-block-cinc-blocks-newsletter-form__select\" name=\"town\" required>\n            <option value=\"\" readonly>Town<\/option>\n            <option value=\"barcelona\">Barcelona<\/option>\n            <option value=\"girona\">Girona<\/option>\n        <\/select>\n        <input class=\"wp-block-cinc-blocks-newsletter-form__field\" type=\"email\" placeholder=\"Your email\" name=\"email\" required \/>\n        <button class=\"wp-block-cinc-blocks-newsletter-form__button\">Subscribe<\/button>\n    <\/form>\n    <div id=\"newsletter-form-response\"><\/div>\n<\/div><\/div><\/div>\n","protected":false},"excerpt":{"rendered":"<p>Noticias destacadas<\/p>\n","protected":false},"author":4,"featured_media":0,"parent":18545,"menu_order":7,"comment_status":"closed","ping_status":"closed","template":"","meta":{"_acf_changed":false,"_uag_custom_page_level_css":"","footnotes":""},"class_list":["post-18553","page","type-page","status-publish","hentry"],"acf":[],"uagb_featured_image_src":{"full":false,"thumbnail":false,"medium":false,"medium_large":false,"large":false,"1536x1536":false,"2048x2048":false,"gform-image-choice-sm":false,"gform-image-choice-md":false,"gform-image-choice-lg":false},"uagb_author_info":{"display_name":"Paula","author_link":"https:\/\/www.cinc.com\/es\/author\/paula\/"},"uagb_comment_info":0,"uagb_excerpt":"Noticias destacadas","jetpack_sharing_enabled":true,"_links":{"self":[{"href":"https:\/\/www.cinc.com\/es\/wp-json\/wp\/v2\/pages\/18553","targetHints":{"allow":["GET"]}}],"collection":[{"href":"https:\/\/www.cinc.com\/es\/wp-json\/wp\/v2\/pages"}],"about":[{"href":"https:\/\/www.cinc.com\/es\/wp-json\/wp\/v2\/types\/page"}],"author":[{"embeddable":true,"href":"https:\/\/www.cinc.com\/es\/wp-json\/wp\/v2\/users\/4"}],"replies":[{"embeddable":true,"href":"https:\/\/www.cinc.com\/es\/wp-json\/wp\/v2\/comments?post=18553"}],"version-history":[{"count":5,"href":"https:\/\/www.cinc.com\/es\/wp-json\/wp\/v2\/pages\/18553\/revisions"}],"predecessor-version":[{"id":32694,"href":"https:\/\/www.cinc.com\/es\/wp-json\/wp\/v2\/pages\/18553\/revisions\/32694"}],"up":[{"embeddable":true,"href":"https:\/\/www.cinc.com\/es\/wp-json\/wp\/v2\/pages\/18545"}],"wp:attachment":[{"href":"https:\/\/www.cinc.com\/es\/wp-json\/wp\/v2\/media?parent=18553"}],"curies":[{"name":"wp","href":"https:\/\/api.w.org\/{rel}","templated":true}]}}