{"id":18522,"date":"2023-03-14T08:11:58","date_gmt":"2023-03-14T07:11:58","guid":{"rendered":"https:\/\/www.cinc.com\/correduria\/seguros-para-empresas-y-colectivos\/"},"modified":"2025-11-28T14:03:37","modified_gmt":"2025-11-28T13:03:37","slug":"seguros-para-empresas-y-colectivos","status":"publish","type":"page","link":"https:\/\/www.cinc.com\/es\/correduria\/seguros-para-empresas-y-colectivos\/","title":{"rendered":"Seguros para empresas y colectivos"},"content":{"rendered":"\n<div class=\"wp-block-uagb-container uagb-block-d1c02ce8 alignfull uagb-is-root-container\"><div class=\"uagb-container-inner-blocks-wrap\">\n<div class=\"wp-block-uagb-container uagb-block-8993e415\">\n<figure class=\"wp-block-image size-full is-resized\"><img loading=\"lazy\" decoding=\"async\" width=\"168\" height=\"157\" src=\"http:\/\/www.cinc.com\/wp-content\/uploads\/2023\/10\/Mesa-de-trabajo-4-copia-3.png\" alt=\"\" class=\"wp-image-18247\" style=\"aspect-ratio:1.070063694267516;object-fit:cover;width:50px\"\/><\/figure>\n\n\n\n<h4 class=\"wp-block-heading has-mask-fill\">Multirriesgos de empresa<\/h4>\n\n\n\n<p>Protecci\u00f3n completa por el inmueble, las instalaciones y las mercanc\u00edas de tu empresa y todos los riesgos vinculados a la actividad econ\u00f3mica de la empresa.<\/p>\n\n\n\n<div class=\"wp-block-buttons is-layout-flex wp-block-buttons-is-layout-flex\">\n<div class=\"wp-block-button\"><a class=\"wp-block-button__link wp-element-button\" href=\"https:\/\/www.cinc.com\/es\/contacto\/\">Contratar<\/a><\/div>\n<\/div>\n<\/div>\n\n\n\n<div class=\"wp-block-uagb-container uagb-block-6578e6d0\">\n<figure class=\"wp-block-image size-full is-resized\"><img loading=\"lazy\" decoding=\"async\" width=\"168\" height=\"157\" src=\"https:\/\/www.cinc.com\/wp-content\/uploads\/2023\/10\/Mesa-de-trabajo-4-copia-4.png\" alt=\"\" class=\"wp-image-18285\" style=\"aspect-ratio:1.070063694267516;object-fit:cover;width:50px\"\/><\/figure>\n\n\n\n<h4 class=\"wp-block-heading has-mask-fill\">Responsabilidad civil<\/h4>\n\n\n\n<p>Estudiamos la cobertura de todo tipo de actividad, capitales o \u00e1mbito (nacional o internacional) para que est\u00e9s protegido contra posibles reclamaciones de terceros por da\u00f1os materiales y\/o personales.<\/p>\n\n\n\n<div class=\"wp-block-buttons is-layout-flex wp-block-buttons-is-layout-flex\">\n<div class=\"wp-block-button\"><a class=\"wp-block-button__link wp-element-button\" href=\"https:\/\/www.cinc.com\/es\/contacto\/\">Contratar<\/a><\/div>\n<\/div>\n<\/div>\n\n\n\n<div class=\"wp-block-uagb-container uagb-block-6a55cfd4\">\n<figure class=\"wp-block-image size-full is-resized\"><img loading=\"lazy\" decoding=\"async\" width=\"168\" height=\"157\" src=\"http:\/\/www.cinc.com\/wp-content\/uploads\/2023\/10\/Mesa-de-trabajo-4-copia-5.png\" alt=\"\" class=\"wp-image-18044\" style=\"aspect-ratio:1.070063694267516;object-fit:cover;width:50px\"\/><\/figure>\n\n\n\n<h4 class=\"wp-block-heading has-mask-fill\">Ciberriesgos<\/h4>\n\n\n\n<p>Garantiza la seguridad de tu empresa ante cualquier tipo de ciberriesgo.<\/p>\n\n\n\n<div class=\"wp-block-buttons is-layout-flex wp-block-buttons-is-layout-flex\">\n<div class=\"wp-block-button\"><a class=\"wp-block-button__link wp-element-button\" href=\"https:\/\/www.cinc.com\/es\/contacto\/\">Contratar<\/a><\/div>\n<\/div>\n<\/div>\n<\/div><\/div>\n\n\n\n<div class=\"wp-block-uagb-container uagb-block-5242c775 alignfull uagb-is-root-container\"><div class=\"uagb-container-inner-blocks-wrap\">\n<div class=\"wp-block-uagb-container uagb-block-82d801ed\">\n<figure class=\"wp-block-image size-full is-resized\"><img loading=\"lazy\" decoding=\"async\" width=\"168\" height=\"157\" src=\"http:\/\/www.cinc.com\/wp-content\/uploads\/2023\/10\/Mesa-de-trabajo-4-copia-8.png\" alt=\"\" class=\"wp-image-18052\" style=\"aspect-ratio:1.070063694267516;object-fit:cover;width:50px\"\/><\/figure>\n\n\n\n<h4 class=\"wp-block-heading has-mask-fill\">Responsabilidad Civil de Consejeros y Directivos<\/h4>\n\n\n\n<p>La mejor manera de proteger el consejo de direcci\u00f3n de la empresa y altos cargos ante reclamaciones de terceros.<\/p>\n\n\n\n<div class=\"wp-block-buttons is-layout-flex wp-block-buttons-is-layout-flex\">\n<div class=\"wp-block-button\"><a class=\"wp-block-button__link wp-element-button\" href=\"https:\/\/www.cinc.com\/es\/contacto\/\">Contratar<\/a><\/div>\n<\/div>\n<\/div>\n\n\n\n<div class=\"wp-block-uagb-container uagb-block-96f2a1c6\">\n<figure class=\"wp-block-image size-full is-resized\"><img loading=\"lazy\" decoding=\"async\" width=\"168\" height=\"157\" src=\"https:\/\/www.cinc.com\/wp-content\/uploads\/2023\/10\/Mesa-de-trabajo-4-copia-91.png\" alt=\"\" class=\"wp-image-18289\" style=\"aspect-ratio:1.070063694267516;object-fit:cover;width:50px\"\/><\/figure>\n\n\n\n<h4 class=\"wp-block-heading has-mask-fill\">Responsabilidad Civil de Protecci\u00f3n de Datos<\/h4>\n\n\n\n<p>Protege tu negocio de posibles reclamaciones de terceros en caso de incumplimiento de la normativa vigente de protecci\u00f3n de datos.<\/p>\n\n\n\n<div class=\"wp-block-buttons is-layout-flex wp-block-buttons-is-layout-flex\">\n<div class=\"wp-block-button\"><a class=\"wp-block-button__link wp-element-button\" href=\"https:\/\/www.cinc.com\/es\/contacto\/\">Contratar<\/a><\/div>\n<\/div>\n<\/div>\n\n\n\n<div class=\"wp-block-uagb-container uagb-block-9f54104b\">\n<figure class=\"wp-block-image size-full is-resized\"><img loading=\"lazy\" decoding=\"async\" width=\"168\" height=\"157\" src=\"https:\/\/www.cinc.com\/wp-content\/uploads\/2023\/10\/Mesa-de-trabajo-4-copia-10.png\" alt=\"\" class=\"wp-image-18293\" style=\"aspect-ratio:1.070063694267516;object-fit:cover;width:50px\"\/><\/figure>\n\n\n\n<h4 class=\"wp-block-heading has-mask-fill\">Responsabilidad Civil Profesional<\/h4>\n\n\n\n<p>Ofrecemos coberturas en Responsabilidad Civil para todo tipo de profesiones liberales: arquitectos, abogados, inform\u00e1ticos, m\u00e9dicos, etc.<\/p>\n\n\n\n<div class=\"wp-block-buttons is-layout-flex wp-block-buttons-is-layout-flex\">\n<div class=\"wp-block-button\"><a class=\"wp-block-button__link wp-element-button\" href=\"https:\/\/www.cinc.com\/es\/contacto\/\">Contratar<\/a><\/div>\n<\/div>\n<\/div>\n<\/div><\/div>\n\n\n\n<div class=\"wp-block-uagb-container uagb-block-11b16548 alignfull uagb-is-root-container\"><div class=\"uagb-container-inner-blocks-wrap\">\n<div class=\"wp-block-uagb-container uagb-block-3aa223b1\">\n<figure class=\"wp-block-image size-full is-resized\"><img loading=\"lazy\" decoding=\"async\" width=\"168\" height=\"157\" src=\"https:\/\/www.cinc.com\/wp-content\/uploads\/2023\/10\/Mesa-de-trabajo-4-copia-141.png\" alt=\"\" class=\"wp-image-18297\" style=\"aspect-ratio:1.070063694267516;object-fit:cover;width:50px\"\/><\/figure>\n\n\n\n<h4 class=\"wp-block-heading has-mask-fill\">Convenio colectivo<\/h4>\n\n\n\n<p>Te ofrecemos p\u00f3lizas que cubren los compromisos que marca cada convenio colectivo.<\/p>\n\n\n\n<div class=\"wp-block-buttons is-layout-flex wp-block-buttons-is-layout-flex\">\n<div class=\"wp-block-button\"><a class=\"wp-block-button__link wp-element-button\" href=\"https:\/\/www.cinc.com\/es\/contacto\/\">Contratar<\/a><\/div>\n<\/div>\n<\/div>\n\n\n\n<div class=\"wp-block-uagb-container uagb-block-4ea3b033\">\n<figure class=\"wp-block-image size-full is-resized\"><img loading=\"lazy\" decoding=\"async\" width=\"168\" height=\"157\" src=\"http:\/\/www.cinc.com\/wp-content\/uploads\/2023\/10\/Mesa-de-trabajo-4-copia-6.png\" alt=\"\" class=\"wp-image-18251\" style=\"aspect-ratio:1.070063694267516;object-fit:cover;width:50px\"\/><\/figure>\n\n\n\n<h4 class=\"wp-block-heading has-mask-fill\">Protecci\u00f3n Jur\u00eddica<\/h4>\n\n\n\n<p>Un completo equipo de abogados reclamar\u00e1 y\/o defender\u00e1 tus intereses en todo tipo de da\u00f1os o perjuicios.<\/p>\n\n\n\n<div class=\"wp-block-buttons is-layout-flex wp-block-buttons-is-layout-flex\">\n<div class=\"wp-block-button\"><a class=\"wp-block-button__link wp-element-button\" href=\"https:\/\/www.cinc.com\/es\/contacto\/\">Contratar<\/a><\/div>\n<\/div>\n<\/div>\n\n\n\n<div class=\"wp-block-uagb-container uagb-block-85fd07bc\">\n<figure class=\"wp-block-image size-full is-resized\"><img loading=\"lazy\" decoding=\"async\" width=\"168\" height=\"157\" src=\"https:\/\/www.cinc.com\/wp-content\/uploads\/2023\/10\/Mesa-de-trabajo-4-copia-15.png\" alt=\"\" class=\"wp-image-18301\" style=\"aspect-ratio:1.070063694267516;object-fit:cover;width:50px\"\/><\/figure>\n\n\n\n<h4 class=\"wp-block-heading has-mask-fill\">Comercios<\/h4>\n\n\n\n<p>Disponemos de seguros multirriesgo en las mejores condiciones para proteger tu comercio o cadena de establecimientos.<\/p>\n\n\n\n<div class=\"wp-block-buttons is-layout-flex wp-block-buttons-is-layout-flex\">\n<div class=\"wp-block-button\"><a class=\"wp-block-button__link wp-element-button\" href=\"https:\/\/www.cinc.com\/es\/contacto\/\">Contratar<\/a><\/div>\n<\/div>\n<\/div>\n<\/div><\/div>\n\n\n\n<div class=\"wp-block-uagb-container uagb-block-6fe5ed5a alignfull uagb-is-root-container\"><div class=\"uagb-container-inner-blocks-wrap\">\n<div class=\"wp-block-uagb-container uagb-block-0df83477\">\n<figure class=\"wp-block-image size-full is-resized\"><img loading=\"lazy\" decoding=\"async\" width=\"168\" height=\"157\" src=\"https:\/\/www.cinc.com\/wp-content\/uploads\/2023\/10\/Mesa-de-trabajo-4-copia-18.png\" alt=\"\" class=\"wp-image-18305\" style=\"aspect-ratio:1.070063694267516;object-fit:cover;width:50px\"\/><\/figure>\n\n\n\n<h4 class=\"wp-block-heading has-mask-fill\">Colectivas de salud, vida y accidentes<\/h4>\n\n\n\n<p>Gestionamos p\u00f3lizas de contrataci\u00f3n colectiva para la cobertura de riesgos personales, tanto de contrataci\u00f3n voluntaria como por compromisos de convenio colectivo.<\/p>\n\n\n\n<div class=\"wp-block-buttons is-layout-flex wp-block-buttons-is-layout-flex\">\n<div class=\"wp-block-button\"><a class=\"wp-block-button__link wp-element-button\" href=\"https:\/\/www.cinc.com\/es\/contacto\/\">Contratar<\/a><\/div>\n<\/div>\n<\/div>\n\n\n\n<div class=\"wp-block-uagb-container uagb-block-e4773a80\">\n<figure class=\"wp-block-image size-full is-resized\"><img loading=\"lazy\" decoding=\"async\" width=\"168\" height=\"157\" src=\"http:\/\/www.cinc.com\/wp-content\/uploads\/2023\/10\/Mesa-de-trabajo-4-copia-19.png\" alt=\"\" class=\"wp-image-18056\" style=\"aspect-ratio:1.070063694267516;object-fit:cover;width:50px\"\/><\/figure>\n\n\n\n<h4 class=\"wp-block-heading has-mask-fill\">Aver\u00eda de maquinaria y equipos electr\u00f3nicos<\/h4>\n\n\n\n<p>Disponemos de p\u00f3lizas de aver\u00eda de maquinaria o equipos electr\u00f3nicos para proteger equipos industriales<\/p>\n\n\n\n<div class=\"wp-block-buttons is-layout-flex wp-block-buttons-is-layout-flex\">\n<div class=\"wp-block-button\"><a class=\"wp-block-button__link wp-element-button\" href=\"https:\/\/www.cinc.com\/es\/contacto\/\">Contratar<\/a><\/div>\n<\/div>\n<\/div>\n\n\n\n<div class=\"wp-block-uagb-container uagb-block-19d3f3e6\">\n<figure class=\"wp-block-image size-full is-resized\"><img loading=\"lazy\" decoding=\"async\" width=\"168\" height=\"157\" src=\"http:\/\/www.cinc.com\/wp-content\/uploads\/2023\/10\/Mesa-de-trabajo-4-copia-20.png\" alt=\"\" class=\"wp-image-18309\" style=\"aspect-ratio:1.070063694267516;object-fit:cover;width:50px\"\/><\/figure>\n\n\n\n<h4 class=\"wp-block-heading has-mask-fill\">Transporte de mercanc\u00edas<\/h4>\n\n\n\n<p>Estudiamos el mejor seguro para proteger las mercanc\u00edas durante su transporte.<\/p>\n\n\n\n<div class=\"wp-block-buttons is-layout-flex wp-block-buttons-is-layout-flex\">\n<div class=\"wp-block-button\"><a class=\"wp-block-button__link wp-element-button\" href=\"https:\/\/www.cinc.com\/es\/contacto\/\">Contratar<\/a><\/div>\n<\/div>\n<\/div>\n<\/div><\/div>\n\n\n\n<div class=\"wp-block-uagb-container uagb-block-6b8c435f alignfull uagb-is-root-container\"><div class=\"uagb-container-inner-blocks-wrap\">\n<div class=\"wp-block-uagb-container uagb-block-b40ef764\">\n<figure class=\"wp-block-image size-full is-resized\"><img loading=\"lazy\" decoding=\"async\" width=\"168\" height=\"157\" src=\"https:\/\/www.cinc.com\/wp-content\/uploads\/2023\/10\/Mesa-de-trabajo-4-copia-21.png\" alt=\"\" class=\"wp-image-18313\" style=\"aspect-ratio:1.070063694267516;object-fit:cover;width:50px\"\/><\/figure>\n\n\n\n<h4 class=\"wp-block-heading has-mask-fill\">Riesgos industriales<\/h4>\n\n\n\n<p>Ofrecemos dos modalidades para cubrir tus instalaciones, todo riesgo de da\u00f1os materiales o multirriesgo, adecuando las garant\u00edas a tus necesidades de protecci\u00f3n de patrimonio.<\/p>\n\n\n\n<div class=\"wp-block-buttons is-layout-flex wp-block-buttons-is-layout-flex\">\n<div class=\"wp-block-button\"><a class=\"wp-block-button__link wp-element-button\" href=\"https:\/\/www.cinc.com\/es\/contacto\/\">Contratar<\/a><\/div>\n<\/div>\n<\/div>\n\n\n\n<div class=\"wp-block-uagb-container uagb-block-3da031ff\">\n<figure class=\"wp-block-image size-full is-resized\"><img loading=\"lazy\" decoding=\"async\" width=\"168\" height=\"157\" src=\"https:\/\/www.cinc.com\/wp-content\/uploads\/2023\/10\/Mesa-de-trabajo-4-copia-22.png\" alt=\"\" class=\"wp-image-18317\" style=\"aspect-ratio:1.070063694267516;object-fit:cover;width:50px\"\/><\/figure>\n\n\n\n<h4 class=\"wp-block-heading has-mask-fill\">Cr\u00e9dito o cauci\u00f3n<\/h4>\n\n\n\n<p>Podr\u00e1s garantizar el cobro de tus facturas o seg\u00fan legislaci\u00f3n las cantidades recibidas por anticipado de tus clientes, o bien si tienes compromisos de garant\u00edas econ\u00f3micas ante la Administraci\u00f3n por concursos p\u00fablicos.<\/p>\n\n\n\n<div class=\"wp-block-buttons is-layout-flex wp-block-buttons-is-layout-flex\">\n<div class=\"wp-block-button\"><a class=\"wp-block-button__link wp-element-button\" href=\"https:\/\/www.cinc.com\/es\/contacto\/\">Contratar<\/a><\/div>\n<\/div>\n<\/div>\n\n\n\n<div class=\"wp-block-uagb-container uagb-block-c40772d6\">\n<figure class=\"wp-block-image size-full is-resized\"><img loading=\"lazy\" decoding=\"async\" width=\"168\" height=\"157\" src=\"https:\/\/www.cinc.com\/wp-content\/uploads\/2023\/10\/Mesa-de-trabajo-4-copia-23.png\" alt=\"\" class=\"wp-image-18321\" style=\"aspect-ratio:1.070063694267516;object-fit:cover;width:50px\"\/><\/figure>\n\n\n\n<h4 class=\"wp-block-heading has-mask-fill\">Flotas de veh\u00edculos<\/h4>\n\n\n\n<p>Incluimos en una \u00fanica p\u00f3liza todos los veh\u00edculos de tu empresa para economizar y optimizar tr\u00e1mites.<\/p>\n\n\n\n<div class=\"wp-block-buttons is-layout-flex wp-block-buttons-is-layout-flex\">\n<div class=\"wp-block-button\"><a class=\"wp-block-button__link wp-element-button\" href=\"https:\/\/www.cinc.com\/es\/contacto\/\">Contratar<\/a><\/div>\n<\/div>\n<\/div>\n<\/div><\/div>\n\n\n\n<div class=\"wp-block-uagb-container uagb-block-66a52195 default uagb-is-root-container\">\n<div class=\"wp-block-uagb-advanced-heading uagb-block-d47e4286\"><h2 class=\"uagb-heading-text\">Noticias destacadas<\/h2><\/div>\n\n\n\n\t\t\t<div class=\"wp-block-uagb-post-grid uagb-post-grid  uagb-post__image-position-top uagb-post__image-enabled uagb-block-ad528a11     uagb-post__items uagb-post__columns-3 is-grid uagb-post__columns-tablet-2 uagb-post__columns-mobile-1 uagb-post__equal-height\" data-total=\"25\" style=\"\">\n\n\t\t\t\t\t\t\t\t\t\t\t\t<article class=\"uagb-post__inner-wrap\">\t\t\t\t\t\t\t\t<div class='uagb-post__image'>\n\t\t\t\t\t\t\t\t\t<a href=\"https:\/\/www.cinc.com\/es\/responsabilidad-patrimonial-del-estado-por-el-apagon-electrico-del-28-de-abril-de-2025\/\" target=\"_self\" rel=\"bookmark noopener noreferrer\" class='uagb-image-ratio-9-16'><img loading=\"lazy\" decoding=\"async\" width=\"300\" height=\"200\" src=\"https:\/\/www.cinc.com\/wp-content\/uploads\/analogicus-energy-crisis-7493668_1920-300x200.jpg\" class=\"attachment-medium size-medium\" alt=\"\" srcset=\"https:\/\/www.cinc.com\/wp-content\/uploads\/analogicus-energy-crisis-7493668_1920-300x200.jpg 300w, https:\/\/www.cinc.com\/wp-content\/uploads\/analogicus-energy-crisis-7493668_1920-1620x1080.jpg 1620w, https:\/\/www.cinc.com\/wp-content\/uploads\/analogicus-energy-crisis-7493668_1920-768x512.jpg 768w, https:\/\/www.cinc.com\/wp-content\/uploads\/analogicus-energy-crisis-7493668_1920-1536x1024.jpg 1536w, https:\/\/www.cinc.com\/wp-content\/uploads\/analogicus-energy-crisis-7493668_1920.jpg 1920w\" sizes=\"auto, (max-width: 300px) 100vw, 300px\" \/>\t\t\t\t\t<\/a>\n\t\t\t\t\t\t\t<\/div>\n\t\t\t\t\t\t<h4 class=\"uagb-post__title uagb-post__text\">\n\t\t\t\t<a href=\"https:\/\/www.cinc.com\/es\/responsabilidad-patrimonial-del-estado-por-el-apagon-electrico-del-28-de-abril-de-2025\/\" target=\"_self\" rel=\"bookmark noopener noreferrer\">Responsabilidad patrimonial del Estado por el apag\u00f3n el\u00e9ctrico del 28 de abril de 2025<\/a>\n\t\t\t<\/h4>\n\t\t\t\t\t\t<div class='uagb-post__text uagb-post-grid-byline'>\n\t\t\t\t\t\t\t<\/div>\n\t\t\t\t\t\t\t<div class='uagb-post__text uagb-post__excerpt'>\n\t\t\t\t\tSe abre el debate jur\u00eddico sobre si los perjuicios derivados de un gran incidente en&#8230;\t\t\t\t<\/div>\n\t\t\t\t\t\t<div class=\"uagb-post__text uagb-post__cta wp-block-button\">\n\t\t\t\t<a class=\"wp-block-button__link uagb-text-link\" style=\"\" href=\"https:\/\/www.cinc.com\/es\/responsabilidad-patrimonial-del-estado-por-el-apagon-electrico-del-28-de-abril-de-2025\/\" target=\"_self\" rel=\"bookmark noopener noreferrer\">Llegir m\u00e9s<\/a>\n\t\t\t<\/div>\n\t\t\t\n\t\t\t\t\t\t\t\t\t<\/article>\n\t\t\t\t\t\t\t\t\t\t\t\t\t\t\t\t<article class=\"uagb-post__inner-wrap\">\t\t\t\t\t\t\t\t<div class='uagb-post__image'>\n\t\t\t\t\t\t\t\t\t<a href=\"https:\/\/www.cinc.com\/es\/seguros-a-medida-para-fundaciones-y-asociaciones-una-proteccion-clave-para-el-tercer-sector\/\" target=\"_self\" rel=\"bookmark noopener noreferrer\" class='uagb-image-ratio-9-16'><img loading=\"lazy\" decoding=\"async\" width=\"300\" height=\"169\" src=\"https:\/\/www.cinc.com\/wp-content\/uploads\/assegurances-tercer-sector-300x169.webp\" class=\"attachment-medium size-medium\" alt=\"\" srcset=\"https:\/\/www.cinc.com\/wp-content\/uploads\/assegurances-tercer-sector-300x169.webp 300w, https:\/\/www.cinc.com\/wp-content\/uploads\/assegurances-tercer-sector-1920x1080.webp 1920w, https:\/\/www.cinc.com\/wp-content\/uploads\/assegurances-tercer-sector-768x432.webp 768w, https:\/\/www.cinc.com\/wp-content\/uploads\/assegurances-tercer-sector-1536x864.webp 1536w, https:\/\/www.cinc.com\/wp-content\/uploads\/assegurances-tercer-sector.webp 2000w\" sizes=\"auto, (max-width: 300px) 100vw, 300px\" \/>\t\t\t\t\t<\/a>\n\t\t\t\t\t\t\t<\/div>\n\t\t\t\t\t\t<h4 class=\"uagb-post__title uagb-post__text\">\n\t\t\t\t<a href=\"https:\/\/www.cinc.com\/es\/seguros-a-medida-para-fundaciones-y-asociaciones-una-proteccion-clave-para-el-tercer-sector\/\" target=\"_self\" rel=\"bookmark noopener noreferrer\">Seguros a medida para fundaciones y asociaciones: una protecci\u00f3n clave para el tercer sector<\/a>\n\t\t\t<\/h4>\n\t\t\t\t\t\t<div class='uagb-post__text uagb-post-grid-byline'>\n\t\t\t\t\t\t\t<\/div>\n\t\t\t\t\t\t\t<div class='uagb-post__text uagb-post__excerpt'>\n\t\t\t\t\tEl tercer sector desempe\u00f1a un papel clave en el bienestar social, pero muchas entidades operan&#8230;\t\t\t\t<\/div>\n\t\t\t\t\t\t<div class=\"uagb-post__text uagb-post__cta wp-block-button\">\n\t\t\t\t<a class=\"wp-block-button__link uagb-text-link\" style=\"\" href=\"https:\/\/www.cinc.com\/es\/seguros-a-medida-para-fundaciones-y-asociaciones-una-proteccion-clave-para-el-tercer-sector\/\" target=\"_self\" rel=\"bookmark noopener noreferrer\">Llegir m\u00e9s<\/a>\n\t\t\t<\/div>\n\t\t\t\n\t\t\t\t\t\t\t\t\t<\/article>\n\t\t\t\t\t\t\t\t\t\t\t\t\t\t\t\t<article class=\"uagb-post__inner-wrap\">\t\t\t\t\t\t\t\t<div class='uagb-post__image'>\n\t\t\t\t\t\t\t\t\t<a href=\"https:\/\/www.cinc.com\/es\/patinetes-electricos-aumentan-los-accidentes-y-llegan-nuevos-requisitos-legales\/\" target=\"_self\" rel=\"bookmark noopener noreferrer\" class='uagb-image-ratio-9-16'><img loading=\"lazy\" decoding=\"async\" width=\"300\" height=\"200\" src=\"https:\/\/www.cinc.com\/wp-content\/uploads\/moovi_escooter-e-scooter-4921573_1920-300x200.jpg\" class=\"attachment-medium size-medium\" alt=\"\" srcset=\"https:\/\/www.cinc.com\/wp-content\/uploads\/moovi_escooter-e-scooter-4921573_1920-300x200.jpg 300w, https:\/\/www.cinc.com\/wp-content\/uploads\/moovi_escooter-e-scooter-4921573_1920-1620x1080.jpg 1620w, https:\/\/www.cinc.com\/wp-content\/uploads\/moovi_escooter-e-scooter-4921573_1920-768x512.jpg 768w, https:\/\/www.cinc.com\/wp-content\/uploads\/moovi_escooter-e-scooter-4921573_1920-1536x1024.jpg 1536w, https:\/\/www.cinc.com\/wp-content\/uploads\/moovi_escooter-e-scooter-4921573_1920.jpg 1920w\" sizes=\"auto, (max-width: 300px) 100vw, 300px\" \/>\t\t\t\t\t<\/a>\n\t\t\t\t\t\t\t<\/div>\n\t\t\t\t\t\t<h4 class=\"uagb-post__title uagb-post__text\">\n\t\t\t\t<a href=\"https:\/\/www.cinc.com\/es\/patinetes-electricos-aumentan-los-accidentes-y-llegan-nuevos-requisitos-legales\/\" target=\"_self\" rel=\"bookmark noopener noreferrer\">Patinetes el\u00e9ctricos: aumentan los accidentes y llegan nuevos requisitos legales<\/a>\n\t\t\t<\/h4>\n\t\t\t\t\t\t<div class='uagb-post__text uagb-post-grid-byline'>\n\t\t\t\t\t\t\t<\/div>\n\t\t\t\t\t\t\t<div class='uagb-post__text uagb-post__excerpt'>\n\t\t\t\t\tLa siniestralidad con patinetes el\u00e9ctricos sigue aumentando. Descubre c\u00f3mo las nuevas normas de registro y&#8230;\t\t\t\t<\/div>\n\t\t\t\t\t\t<div class=\"uagb-post__text uagb-post__cta wp-block-button\">\n\t\t\t\t<a class=\"wp-block-button__link uagb-text-link\" style=\"\" href=\"https:\/\/www.cinc.com\/es\/patinetes-electricos-aumentan-los-accidentes-y-llegan-nuevos-requisitos-legales\/\" target=\"_self\" rel=\"bookmark noopener noreferrer\">Llegir m\u00e9s<\/a>\n\t\t\t<\/div>\n\t\t\t\n\t\t\t\t\t\t\t\t\t<\/article>\n\t\t\t\t\t\t\t\t\t\t\t<\/div>\n\t\t\t<\/div>\n\n\n\n<div class=\"wp-block-uagb-container uagb-block-490cca05 alignfull uagb-is-root-container\"><div class=\"uagb-container-inner-blocks-wrap\">\n<h2 class=\"wp-block-heading has-mask-fill no-margins\">Eventos y conferencias<\/h2>\n\n\n\n<p>\u00a1Descubre y ap\u00fantate a todos los eventos y conferencias organizadas!<\/p>\n\n\n\n<div class=\"wp-block-buttons is-layout-flex wp-block-buttons-is-layout-flex\">\n<div class=\"wp-block-button\"><a class=\"wp-block-button__link wp-element-button\" href=\"https:\/\/www.cinc.com\/es\/actos\/\">Ver eventos<\/a><\/div>\n<\/div>\n<\/div><\/div>\n\n\n\n<div class=\"wp-block-uagb-container uagb-block-520c94a1 alignfull uagb-is-root-container\"><div class=\"uagb-container-inner-blocks-wrap\">\n<div class=\"marquee-text-wrapper \"><p class=\"marquee-text big-title fw\">Ap\u00fantate a nuestra newsletter<\/p><\/div>\n\n\n<div class=\"wp-block-cinc-blocks-newsletter-form\">\n    <form id=\"newsletter-form\" method=\"POST\" class=\"wp-block-cinc-blocks-newsletter-form__form\">\n        <input class=\"wp-block-cinc-blocks-newsletter-form__field\" type=\"text\" placeholder=\"Your name\" name=\"name\" required \/>\n        <select class=\"wp-block-cinc-blocks-newsletter-form__select\" name=\"town\" required>\n            <option value=\"\" readonly>Town<\/option>\n            <option value=\"barcelona\">Barcelona<\/option>\n            <option value=\"girona\">Girona<\/option>\n        <\/select>\n        <input class=\"wp-block-cinc-blocks-newsletter-form__field\" type=\"email\" placeholder=\"Your email\" name=\"email\" required \/>\n        <button class=\"wp-block-cinc-blocks-newsletter-form__button\">Subscribe<\/button>\n    <\/form>\n    <div id=\"newsletter-form-response\"><\/div>\n<\/div><\/div><\/div>\n","protected":false},"excerpt":{"rendered":"<p>Multirriesgos de empresa Protecci\u00f3n completa por el inmueble, las instalaciones y las mercanc\u00edas de tu empresa y todos los riesgos vinculados a la actividad econ\u00f3mica de la empresa. Responsabilidad civil Estudiamos la cobertura de todo tipo de actividad, capitales o \u00e1mbito (nacional o internacional) para que est\u00e9s protegido contra posibles reclamaciones de terceros por da\u00f1os [&hellip;]<\/p>\n","protected":false},"author":3,"featured_media":0,"parent":18521,"menu_order":1,"comment_status":"closed","ping_status":"closed","template":"","meta":{"_acf_changed":false,"_uag_custom_page_level_css":"","footnotes":""},"class_list":["post-18522","page","type-page","status-publish","hentry"],"acf":[],"uagb_featured_image_src":{"full":false,"thumbnail":false,"medium":false,"medium_large":false,"large":false,"1536x1536":false,"2048x2048":false,"gform-image-choice-sm":false,"gform-image-choice-md":false,"gform-image-choice-lg":false},"uagb_author_info":{"display_name":"Anna","author_link":"https:\/\/www.cinc.com\/es\/author\/anna\/"},"uagb_comment_info":0,"uagb_excerpt":"Multirriesgos de empresa Protecci\u00f3n completa por el inmueble, las instalaciones y las mercanc\u00edas de tu empresa y todos los riesgos vinculados a la actividad econ\u00f3mica de la empresa. Responsabilidad civil Estudiamos la cobertura de todo tipo de actividad, capitales o \u00e1mbito (nacional o internacional) para que est\u00e9s protegido contra posibles reclamaciones de terceros por da\u00f1os&hellip;","jetpack_sharing_enabled":true,"_links":{"self":[{"href":"https:\/\/www.cinc.com\/es\/wp-json\/wp\/v2\/pages\/18522","targetHints":{"allow":["GET"]}}],"collection":[{"href":"https:\/\/www.cinc.com\/es\/wp-json\/wp\/v2\/pages"}],"about":[{"href":"https:\/\/www.cinc.com\/es\/wp-json\/wp\/v2\/types\/page"}],"author":[{"embeddable":true,"href":"https:\/\/www.cinc.com\/es\/wp-json\/wp\/v2\/users\/3"}],"replies":[{"embeddable":true,"href":"https:\/\/www.cinc.com\/es\/wp-json\/wp\/v2\/comments?post=18522"}],"version-history":[{"count":8,"href":"https:\/\/www.cinc.com\/es\/wp-json\/wp\/v2\/pages\/18522\/revisions"}],"predecessor-version":[{"id":32703,"href":"https:\/\/www.cinc.com\/es\/wp-json\/wp\/v2\/pages\/18522\/revisions\/32703"}],"up":[{"embeddable":true,"href":"https:\/\/www.cinc.com\/es\/wp-json\/wp\/v2\/pages\/18521"}],"wp:attachment":[{"href":"https:\/\/www.cinc.com\/es\/wp-json\/wp\/v2\/media?parent=18522"}],"curies":[{"name":"wp","href":"https:\/\/api.w.org\/{rel}","templated":true}]}}