{"id":18118,"date":"2023-03-16T10:19:02","date_gmt":"2023-03-16T09:19:02","guid":{"rendered":"https:\/\/www.cinc.com\/oficina-virtual\/"},"modified":"2025-09-23T13:57:43","modified_gmt":"2025-09-23T12:57:43","slug":"oficina-virtual","status":"publish","type":"page","link":"https:\/\/www.cinc.com\/es\/oficina-virtual\/","title":{"rendered":"Oficina Virtual"},"content":{"rendered":"\n<div class=\"wp-block-uagb-container uagb-block-cf2883be alignfull uagb-is-root-container\"><div class=\"uagb-container-inner-blocks-wrap\">\n<div class=\"wp-block-uagb-container uagb-block-e18c6f40\">\n<h3 class=\"wp-block-heading has-large-font-size\" style=\"font-style:normal;font-weight:300\">Si trabajas desde casa, viajas mucho o necesitas un espacio para reunirte con tus clientes, la oficina virtual es para ti.<\/h3>\n\n\n\n<p>Est\u00e9s donde est\u00e9s, proyectar\u00e1s la mejor imagen de tu negocio con total flexibilidad y con el m\u00ednimo coste.<\/p>\n<\/div>\n\n\n\n<div class=\"wp-block-uagb-container uagb-block-c1550b87\">\n<h4 class=\"wp-block-heading has-cinc-orange-color has-text-color\" style=\"font-style:normal;font-weight:300\">\u00bfQu\u00e9 incluye la contrataci\u00f3n de oficina virtual?<\/h4>\n\n\n\n<ul class=\"wp-block-list checks-list\">\n<li>Direcci\u00f3n en los principales domicilios de Barcelona, Girona o Figueres<\/li>\n\n\n\n<li>Buz\u00f3n privado<\/li>\n\n\n\n<li>Recepci\u00f3n de mensajer\u00eda y paqueter\u00eda<\/li>\n\n\n\n<li>Reenv\u00edo de correo postal <\/li>\n\n\n\n<li>N\u00famero de tel\u00e9fono exclusivo<\/li>\n\n\n\n<li>Gesti\u00f3n de la agenda personal<\/li>\n\n\n\n<li>Logotipo al Hall del edificio<\/li>\n\n\n\n<li>Recepci\u00f3n de visitas<\/li>\n\n\n\n<li>Uso de salas de reuni\u00f3n en cualquier de nuestros centros<\/li>\n\n\n\n<li>Tarifas preferentes en el resto de servicios<\/li>\n\n\n\n<li>Servicio de atenci\u00f3n telef\u00f3nica personalizada con el nombre de la empresa<\/li>\n<\/ul>\n<\/div>\n<\/div><\/div>\n\n\n\n<div class=\"wp-block-uagb-container uagb-block-520c94a1 alignfull uagb-is-root-container\"><div class=\"uagb-container-inner-blocks-wrap\">\n<div class=\"marquee-text-wrapper \"><p class=\"marquee-text big-title fw\">Ap\u00fantate a nuestra newsletter<\/p><\/div>\n\n\n<div class=\"wp-block-cinc-blocks-newsletter-form\">\n    <form id=\"newsletter-form\" method=\"POST\" class=\"wp-block-cinc-blocks-newsletter-form__form\">\n        <input class=\"wp-block-cinc-blocks-newsletter-form__field\" type=\"text\" placeholder=\"Your name\" name=\"name\" required \/>\n        <select class=\"wp-block-cinc-blocks-newsletter-form__select\" name=\"town\" required>\n            <option value=\"\" readonly>Town<\/option>\n            <option value=\"barcelona\">Barcelona<\/option>\n            <option value=\"girona\">Girona<\/option>\n        <\/select>\n        <input class=\"wp-block-cinc-blocks-newsletter-form__field\" type=\"email\" placeholder=\"Your email\" name=\"email\" required \/>\n        <button class=\"wp-block-cinc-blocks-newsletter-form__button\">Subscribe<\/button>\n    <\/form>\n    <div id=\"newsletter-form-response\"><\/div>\n<\/div><\/div><\/div>\n","protected":false},"excerpt":{"rendered":"<p>Si trabajas desde casa, viajas mucho o necesitas un espacio para reunirte con tus clientes, la oficina virtual es para ti. Est\u00e9s donde est\u00e9s, proyectar\u00e1s la mejor imagen de tu negocio con total flexibilidad y con el m\u00ednimo coste. \u00bfQu\u00e9 incluye la contrataci\u00f3n de oficina virtual?<\/p>\n","protected":false},"author":3,"featured_media":0,"parent":0,"menu_order":0,"comment_status":"closed","ping_status":"closed","template":"","meta":{"_acf_changed":false,"_uag_custom_page_level_css":"","footnotes":""},"class_list":["post-18118","page","type-page","status-publish","hentry"],"acf":[],"uagb_featured_image_src":{"full":false,"thumbnail":false,"medium":false,"medium_large":false,"large":false,"1536x1536":false,"2048x2048":false,"gform-image-choice-sm":false,"gform-image-choice-md":false,"gform-image-choice-lg":false},"uagb_author_info":{"display_name":"Anna","author_link":"https:\/\/www.cinc.com\/es\/author\/anna\/"},"uagb_comment_info":0,"uagb_excerpt":"Si trabajas desde casa, viajas mucho o necesitas un espacio para reunirte con tus clientes, la oficina virtual es para ti. Est\u00e9s donde est\u00e9s, proyectar\u00e1s la mejor imagen de tu negocio con total flexibilidad y con el m\u00ednimo coste. \u00bfQu\u00e9 incluye la contrataci\u00f3n de oficina virtual?","jetpack_sharing_enabled":true,"_links":{"self":[{"href":"https:\/\/www.cinc.com\/es\/wp-json\/wp\/v2\/pages\/18118","targetHints":{"allow":["GET"]}}],"collection":[{"href":"https:\/\/www.cinc.com\/es\/wp-json\/wp\/v2\/pages"}],"about":[{"href":"https:\/\/www.cinc.com\/es\/wp-json\/wp\/v2\/types\/page"}],"author":[{"embeddable":true,"href":"https:\/\/www.cinc.com\/es\/wp-json\/wp\/v2\/users\/3"}],"replies":[{"embeddable":true,"href":"https:\/\/www.cinc.com\/es\/wp-json\/wp\/v2\/comments?post=18118"}],"version-history":[{"count":11,"href":"https:\/\/www.cinc.com\/es\/wp-json\/wp\/v2\/pages\/18118\/revisions"}],"predecessor-version":[{"id":31766,"href":"https:\/\/www.cinc.com\/es\/wp-json\/wp\/v2\/pages\/18118\/revisions\/31766"}],"wp:attachment":[{"href":"https:\/\/www.cinc.com\/es\/wp-json\/wp\/v2\/media?parent=18118"}],"curies":[{"name":"wp","href":"https:\/\/api.w.org\/{rel}","templated":true}]}}