{"id":18115,"date":"2023-03-09T16:05:32","date_gmt":"2023-03-09T15:05:32","guid":{"rendered":"https:\/\/www.cinc.com\/alquiler-de-salas\/"},"modified":"2025-09-30T12:09:59","modified_gmt":"2025-09-30T11:09:59","slug":"alquiler-de-salas-girona","status":"publish","type":"page","link":"https:\/\/www.cinc.com\/es\/alquiler-de-salas-girona\/","title":{"rendered":"Alquiler de salas Girona"},"content":{"rendered":"\n<div class=\"wp-block-uagb-container uagb-block-3d42bc05 alignfull uagb-is-root-container\"><div class=\"uagb-container-inner-blocks-wrap\">\n<h3 class=\"wp-block-heading has-text-align-center\">\u00bfD\u00f3nde quieres alquilar las salas?<\/h3>\n\n\n\n<div class=\"wp-block-buttons is-content-justification-center is-layout-flex wp-container-core-buttons-is-layout-a89b3969 wp-block-buttons-is-layout-flex\">\n<div class=\"wp-block-button\"><a class=\"wp-block-button__link has-black-color has-gray-100-background-color has-text-color has-background has-link-color wp-element-button\" href=\"https:\/\/www.cinc.com\/es\/alquiler-de-salas-barcelona\/\">CINC Barcelona<\/a><\/div>\n\n\n\n<div class=\"wp-block-button\"><a class=\"wp-block-button__link wp-element-button\">CINC Girona<\/a><\/div>\n<\/div>\n<\/div><\/div>\n\n\n\n<div class=\"wp-block-uagb-container uagb-block-5f3ae7f8 alignfull uagb-is-root-container\"><div class=\"uagb-container-inner-blocks-wrap\">\n<div class=\"wp-block-columns is-layout-flex wp-container-core-columns-is-layout-28f84493 wp-block-columns-is-layout-flex\">\n<div class=\"wp-block-column is-layout-flow wp-block-column-is-layout-flow\" style=\"flex-basis:15%\"><\/div>\n\n\n\n<div class=\"wp-block-column is-layout-flow wp-block-column-is-layout-flow\" style=\"flex-basis:70%\">\n<p class=\"has-text-align-center\">En CINC ponemos a tu alcance nuestro servicio integral de <strong>alquiler de salas en Girona<\/strong> dise\u00f1adas para brindar a tus clientes e invitados una atenci\u00f3n personalizada.<\/p>\n\n\n\n<p class=\"has-text-align-center\">Nuestras salas para reuniones y eventos est\u00e1n equipadas con la \u00faltima tecnolog\u00eda y todo el material necesario para que puedas llevar a cabo cualquier tipo de actividad empresarial, ya sean reuniones con clientes, entrevistas de trabajo, presentaciones de productos y mucho m\u00e1s.<\/p>\n\n\n\n<p class=\"has-text-align-center\">Disfruta de un espacio exclusivo en el coraz\u00f3n de la ciudad de Girona con nuestro  servicio de alquiler de salas de reuni\u00f3n, eventos y formaci\u00f3n.<\/p>\n<\/div>\n\n\n\n<div class=\"wp-block-column is-layout-flow wp-block-column-is-layout-flow\" style=\"flex-basis:15%\"><\/div>\n<\/div>\n<\/div><\/div>\n\n\n\n<div class=\"wp-block-uagb-container uagb-block-1272e90b alignfull uagb-is-root-container\">\n<div class=\"wp-block-uagb-container uagb-block-4420bda5\">\n<h2 class=\"wp-block-heading has-text-align-right has-large-font-size\" style=\"font-style:normal;font-weight:300\">Terraza 360Cinc<\/h2>\n\n\n\n<p class=\"has-text-align-right text-with-people-icon\">100<\/p>\n\n\n\n<p class=\"has-text-align-right\">Gran terraza con vistas a la ciudad, ideal para llevar a cabo todo tipo de acontecimientos, encuentros, reuniones, networkings, etc.<\/p>\n\n\n\n<p class=\"has-text-align-right\">El alquiler de este espacio incluye:<\/p>\n\n\n\n<ul class=\"wp-block-list checks-list list--2-cols\">\n<li>Recepci\u00f3n de los asistentes<\/li>\n\n\n\n<li>Aguas para cada asistente<\/li>\n\n\n\n<li>Material de oficina<\/li>\n\n\n\n<li>Wi-fi<\/li>\n\n\n\n<li>Pizarra<\/li>\n\n\n\n<li>Se\u00f1alizaci\u00f3n al Hall<\/li>\n<\/ul>\n\n\n\n<div class=\"wp-block-buttons is-content-justification-right is-layout-flex wp-container-core-buttons-is-layout-d445cf74 wp-block-buttons-is-layout-flex\">\n<div class=\"wp-block-button\"><a class=\"wp-block-button__link wp-element-button\" href=\"https:\/\/www.cinc.com\/es\/presupuesto\/\">Quiero m\u00e1s informaci\u00f3n<\/a><\/div>\n<\/div>\n<\/div>\n\n\n\n<div class=\"wp-block-uagb-container uagb-block-c88cb399\">\n<div class=\"wp-block-humpton-gutenberg-slider swiper-container content-slider light-cursor autocenter\" data-delay=\"0\"><div class=\"swiper-wrapper\">\n<div class=\"swiper-slide\"><div class=\"slide-img\"><img decoding=\"async\" class=\"skip-lazy\" src=\"https:\/\/www.cinc.com\/wp-content\/uploads\/terraza-girona-1.webp\" alt=\"\" \/><\/div><\/div>\n\n\n\n<div class=\"swiper-slide\"><div class=\"slide-img\"><img decoding=\"async\" class=\"skip-lazy\" src=\"https:\/\/www.cinc.com\/wp-content\/uploads\/terraza-girona-2.webp\" alt=\"\" \/><\/div><\/div>\n\n\n\n<div class=\"swiper-slide\"><div class=\"slide-img\"><img decoding=\"async\" class=\"skip-lazy\" src=\"https:\/\/www.cinc.com\/wp-content\/uploads\/terraza-girona-3-1.webp\" alt=\"\" \/><\/div><\/div>\n\n\n\n<div class=\"swiper-slide\"><div class=\"slide-img\"><img decoding=\"async\" class=\"skip-lazy\" src=\"https:\/\/www.cinc.com\/wp-content\/uploads\/terraza-girona-4.webp\" alt=\"\" \/><\/div><\/div>\n\n\n\n<div class=\"swiper-slide\"><div class=\"slide-img\"><img decoding=\"async\" class=\"skip-lazy\" src=\"https:\/\/www.cinc.com\/wp-content\/uploads\/terraza-girona5.webp\" alt=\"\" \/><\/div><\/div>\n<\/div><div class=\"slider-button-next\"><\/div><div class=\"slider-button-prev\"><\/div><div class=\"swiper-pagination\"><\/div><\/div>\n<\/div>\n<\/div>\n\n\n\n<div class=\"wp-block-uagb-container uagb-block-0f5aa89b alignfull uagb-is-root-container\">\n<div class=\"wp-block-uagb-container uagb-block-362de92b\">\n<div class=\"wp-block-humpton-gutenberg-slider swiper-container content-slider light-cursor autocenter\" data-delay=\"0\"><div class=\"swiper-wrapper\">\n<div class=\"swiper-slide\"><div class=\"slide-img\"><img decoding=\"async\" class=\"skip-lazy\" src=\"https:\/\/www.cinc.com\/wp-content\/uploads\/sala-reunions-juntes.webp\" alt=\"\" \/><\/div><\/div>\n\n\n\n<div class=\"swiper-slide\"><div class=\"slide-img\"><img decoding=\"async\" class=\"skip-lazy\" src=\"https:\/\/www.cinc.com\/wp-content\/uploads\/sala-reunions2.webp\" alt=\"\" \/><\/div><\/div>\n<\/div><div class=\"slider-button-next\"><\/div><div class=\"slider-button-prev\"><\/div><div class=\"swiper-pagination\"><\/div><\/div>\n<\/div>\n\n\n\n<div class=\"wp-block-uagb-container uagb-block-64c404be\">\n<h3 class=\"wp-block-heading has-large-font-size\" style=\"font-style:normal;font-weight:300\">Sala de reuniones y juntas<\/h3>\n\n\n\n<p class=\"has-text-align-left text-with-people-icon\">4 &#8211; 14<\/p>\n\n\n\n<p>Dise\u00f1adas para ser lo m\u00e1s c\u00f3modas y funcionales posibles, hacen \u00fatiles y confortables tus horas de trabajo. Las salas de reuniones y juntas incluyen:<\/p>\n\n\n\n<ul class=\"wp-block-list checks-list list--2-cols\">\n<li>Aguas para cada asistente<\/li>\n\n\n\n<li>Pizarra<\/li>\n\n\n\n<li>Televisi\u00f3n para proyectar<\/li>\n\n\n\n<li>Se\u00f1alizaci\u00f3n al Hall<\/li>\n\n\n\n<li>Material de oficina<\/li>\n\n\n\n<li>Pantalla de proyecci\u00f3n<\/li>\n\n\n\n<li>Wi-fi<\/li>\n\n\n\n<li>Recepci\u00f3n de los asistentes<\/li>\n<\/ul>\n\n\n\n<div class=\"wp-block-buttons is-layout-flex wp-block-buttons-is-layout-flex\">\n<div class=\"wp-block-button\"><a class=\"wp-block-button__link wp-element-button\" href=\"https:\/\/www.cinc.com\/es\/presupuesto\/\">Quiero m\u00e1s informaci\u00f3n<\/a><\/div>\n<\/div>\n<\/div>\n<\/div>\n\n\n\n<div class=\"wp-block-uagb-container uagb-block-ca5ca237 alignfull uagb-is-root-container\">\n<div class=\"wp-block-uagb-container uagb-block-0863ccd7\">\n<h3 class=\"wp-block-heading has-text-align-right has-large-font-size\" style=\"font-style:normal;font-weight:300\">Sal\u00f3n de actos y conferencias<\/h3>\n\n\n\n<p class=\"has-text-align-right text-with-people-icon\">45 &#8211; 95<\/p>\n\n\n\n<p class=\"has-text-align-right\">De diferentes dimensiones y excelente ac\u00fastica, estas salas son ideales para llevar a cabo grandes encuentros o realizar presentaciones de productos o servicios. Los salones de actos y conferencias incluyen:<\/p>\n\n\n\n<ul class=\"wp-block-list checks-list list--2-cols\">\n<li>Aguas para cada asistente<\/li>\n\n\n\n<li>Material de oficina<\/li>\n\n\n\n<li>Pizarra<\/li>\n\n\n\n<li>Micr\u00f3fonos<\/li>\n\n\n\n<li>Wi-fi<\/li>\n\n\n\n<li>Se\u00f1alizaci\u00f3n al Hall<\/li>\n\n\n\n<li>Recepci\u00f3n de los asistentes<\/li>\n<\/ul>\n\n\n\n<div class=\"wp-block-buttons is-content-justification-right is-layout-flex wp-container-core-buttons-is-layout-d445cf74 wp-block-buttons-is-layout-flex\">\n<div class=\"wp-block-button\"><a class=\"wp-block-button__link wp-element-button\" href=\"https:\/\/www.cinc.com\/es\/presupuesto\/\">Quiero m\u00e1s informaci\u00f3n<\/a><\/div>\n<\/div>\n<\/div>\n\n\n\n<div class=\"wp-block-uagb-container uagb-block-9251cfb7\">\n<figure class=\"wp-block-image size-full rounded-big--bottom-left--large\"><img loading=\"lazy\" decoding=\"async\" width=\"760\" height=\"460\" src=\"https:\/\/www.cinc.com\/wp-content\/uploads\/sala-dactes-alta.webp\" alt=\"\" class=\"wp-image-31096\" srcset=\"https:\/\/www.cinc.com\/wp-content\/uploads\/sala-dactes-alta.webp 760w, https:\/\/www.cinc.com\/wp-content\/uploads\/sala-dactes-alta-300x182.webp 300w\" sizes=\"auto, (max-width: 760px) 100vw, 760px\" \/><\/figure>\n<\/div>\n<\/div>\n\n\n\n<div class=\"wp-block-uagb-container uagb-block-e26919ca alignfull uagb-is-root-container\">\n<div class=\"wp-block-uagb-container uagb-block-e1d29ec9\">\n<div class=\"wp-block-humpton-gutenberg-slider swiper-container content-slider light-cursor autocenter\" data-delay=\"0\"><div class=\"swiper-wrapper\">\n<div class=\"swiper-slide\"><div class=\"slide-img\"><img decoding=\"async\" class=\"skip-lazy\" src=\"https:\/\/www.cinc.com\/wp-content\/uploads\/sala-formacio.jpg\" alt=\"\" \/><\/div><\/div>\n\n\n\n<div class=\"swiper-slide\"><div class=\"slide-img\"><img decoding=\"async\" class=\"skip-lazy\" src=\"https:\/\/www.cinc.com\/wp-content\/uploads\/sala-formacio2.jpg\" alt=\"\" \/><\/div><\/div>\n\n\n\n<div class=\"swiper-slide\"><div class=\"slide-img\"><img decoding=\"async\" class=\"skip-lazy\" src=\"https:\/\/www.cinc.com\/wp-content\/uploads\/sala-formacio3.jpg\" alt=\"\" \/><\/div><\/div>\n\n\n\n<div class=\"swiper-slide\"><div class=\"slide-img\"><img decoding=\"async\" class=\"skip-lazy\" src=\"https:\/\/www.cinc.com\/wp-content\/uploads\/sala-formacio-4.jpg\" alt=\"\" \/><\/div><\/div>\n<\/div><div class=\"slider-button-next\"><\/div><div class=\"slider-button-prev\"><\/div><div class=\"swiper-pagination\"><\/div><\/div>\n<\/div>\n\n\n\n<div class=\"wp-block-uagb-container uagb-block-3484843f\">\n<h3 class=\"wp-block-heading has-large-font-size\" style=\"font-style:normal;font-weight:300\">Sala de formaci\u00f3n<\/h3>\n\n\n\n<p class=\"text-with-people-icon\">10 &#8211; 50<\/p>\n\n\n\n<p>Para impartir cursos o encuentros, todas las salas de formaci\u00f3n est\u00e1n equipadas con proyector audiovisual, mesas o sillas de brazo. Las salas de formaci\u00f3n incluyen:<\/p>\n\n\n\n<ul class=\"wp-block-list checks-list list--2-cols\">\n<li>Aguas para cada asistente<\/li>\n\n\n\n<li>Material de oficina<\/li>\n\n\n\n<li>Pizarra<\/li>\n\n\n\n<li>Micr\u00f3fonos<\/li>\n\n\n\n<li>Wi-fi<\/li>\n\n\n\n<li>Se\u00f1alizaci\u00f3n al Hall<\/li>\n\n\n\n<li>Recepci\u00f3n de los asistentes<\/li>\n<\/ul>\n\n\n\n<div class=\"wp-block-buttons is-layout-flex wp-block-buttons-is-layout-flex\">\n<div class=\"wp-block-button\"><a class=\"wp-block-button__link wp-element-button\" href=\"https:\/\/www.cinc.com\/es\/presupuesto\/\">Quiero m\u00e1s informaci\u00f3n<\/a><\/div>\n<\/div>\n<\/div>\n<\/div>\n\n\n\n<div class=\"wp-block-uagb-container uagb-block-deeb1483 alignfull uagb-is-root-container\">\n<div class=\"wp-block-uagb-container uagb-block-c9811294\">\n<h3 class=\"wp-block-heading has-text-align-right has-large-font-size\" style=\"font-style:normal;font-weight:300\">Sala de videoconferencia<\/h3>\n\n\n\n<p class=\"has-text-align-right text-with-people-icon\">2 &#8211; 8<\/p>\n\n\n\n<p class=\"has-text-align-right\">Sala equipada con la \u00faltima tecnolog\u00eda, permite transmitir imagen y audio de forma profesional. Nuestra sala de videoconferencia incluye:<\/p>\n\n\n\n<ul class=\"wp-block-list checks-list list--2-cols\">\n<li>Aguas para cada asistente<\/li>\n\n\n\n<li>Material de oficina<\/li>\n\n\n\n<li>Pizarra<\/li>\n\n\n\n<li>Wi-fi<\/li>\n\n\n\n<li>Se\u00f1alizaci\u00f3n al Hall<\/li>\n\n\n\n<li>Recepci\u00f3n de los asistentes<\/li>\n<\/ul>\n\n\n\n<div class=\"wp-block-buttons is-content-justification-right is-layout-flex wp-container-core-buttons-is-layout-d445cf74 wp-block-buttons-is-layout-flex\">\n<div class=\"wp-block-button\"><a class=\"wp-block-button__link wp-element-button\" href=\"https:\/\/www.cinc.com\/es\/presupuesto\/\">Quiero m\u00e1s informaci\u00f3n<\/a><\/div>\n<\/div>\n<\/div>\n\n\n\n<div class=\"wp-block-uagb-container uagb-block-aa27abc4\">\n<div class=\"wp-block-humpton-gutenberg-slider swiper-container content-slider light-cursor autocenter\" data-delay=\"0\"><div class=\"swiper-wrapper\">\n<div class=\"swiper-slide\"><div class=\"slide-img\"><img decoding=\"async\" class=\"skip-lazy\" src=\"https:\/\/www.cinc.com\/wp-content\/uploads\/sala-videoconferencia.webp\" alt=\"\" \/><\/div><\/div>\n\n\n\n<div class=\"swiper-slide\"><div class=\"slide-img\"><img decoding=\"async\" class=\"skip-lazy\" src=\"https:\/\/www.cinc.com\/wp-content\/uploads\/sala-videoconferencia2.webp\" alt=\"\" \/><\/div><\/div>\n<\/div><div class=\"slider-button-next\"><\/div><div class=\"slider-button-prev\"><\/div><div class=\"swiper-pagination\"><\/div><\/div>\n<\/div>\n<\/div>\n\n\n\n<div class=\"wp-block-uagb-container uagb-block-1d8c4c64 alignfull uagb-is-root-container\"><div class=\"uagb-container-inner-blocks-wrap\">\n<div class=\"marquee-text-wrapper \"><p class=\"marquee-text big-title fw\">Contrata servicios adicionales<\/p><\/div>\n\n\n\n<div class=\"wp-block-columns is-layout-flex wp-container-core-columns-is-layout-28f84493 wp-block-columns-is-layout-flex\">\n<div class=\"wp-block-column is-layout-flow wp-block-column-is-layout-flow\" style=\"flex-basis:20%\"><\/div>\n\n\n\n<div class=\"wp-block-column is-vertically-aligned-center is-layout-flow wp-block-column-is-layout-flow\" style=\"flex-basis:60%\">\n<h2 class=\"wp-block-heading has-text-align-center has-medium-font-size\" style=\"margin-bottom:var(--wp--preset--spacing--70);font-style:normal;font-weight:400\">Te damos la opci\u00f3n de contratar servicios adicionales: lo organizamos todo porque no te tengas que preocupar de nada.<\/h2>\n\n\n\n<ul class=\"wp-block-list checks-list list--2-cols\">\n<li>C\u00e1tering<\/li>\n\n\n\n<li>Copister\u00eda<\/li>\n\n\n\n<li>Audiovisuales<\/li>\n\n\n\n<li>Traducci\u00f3n<\/li>\n\n\n\n<li>Plaza de parking<\/li>\n\n\n\n<li>Grafismo<\/li>\n\n\n\n<li>Sala t\u00e9cnica CPD<\/li>\n\n\n\n<li>Zona VIP<\/li>\n<\/ul>\n<\/div>\n\n\n\n<div class=\"wp-block-column is-layout-flow wp-block-column-is-layout-flow\" style=\"flex-basis:20%\"><\/div>\n<\/div>\n<\/div><\/div>\n\n\n\n<div class=\"wp-block-uagb-container uagb-block-8eae1e4e alignfull uagb-is-root-container\"><div class=\"uagb-container-inner-blocks-wrap\">\n<h2 class=\"wp-block-heading has-text-align-center\">\u00bfQuieres reservar en l\u00ednea?<\/h2>\n\n\n\n<div class=\"wp-block-buttons is-content-justification-center is-layout-flex wp-container-core-buttons-is-layout-a89b3969 wp-block-buttons-is-layout-flex\">\n<div class=\"wp-block-button\"><a class=\"wp-block-button__link has-text-align-center wp-element-button\" href=\"https:\/\/www.cinc.com\/es\/alquiler-de-salas-online\/\">Reserva en l\u00ednea<\/a><\/div>\n<\/div>\n<\/div><\/div>\n\n\n\n<div class=\"wp-block-uagb-container uagb-block-520c94a1 alignfull uagb-is-root-container\"><div class=\"uagb-container-inner-blocks-wrap\">\n<div class=\"marquee-text-wrapper \"><p class=\"marquee-text big-title fw\">Ap\u00fantate a nuestra newsletter<\/p><\/div>\n\n\n<div class=\"wp-block-cinc-blocks-newsletter-form\">\n    <form id=\"newsletter-form\" method=\"POST\" class=\"wp-block-cinc-blocks-newsletter-form__form\">\n        <input class=\"wp-block-cinc-blocks-newsletter-form__field\" type=\"text\" placeholder=\"Your name\" name=\"name\" required \/>\n        <select class=\"wp-block-cinc-blocks-newsletter-form__select\" name=\"town\" required>\n            <option value=\"\" readonly>Town<\/option>\n            <option value=\"barcelona\">Barcelona<\/option>\n            <option value=\"girona\">Girona<\/option>\n        <\/select>\n        <input class=\"wp-block-cinc-blocks-newsletter-form__field\" type=\"email\" placeholder=\"Your email\" name=\"email\" required \/>\n        <button class=\"wp-block-cinc-blocks-newsletter-form__button\">Subscribe<\/button>\n    <\/form>\n    <div id=\"newsletter-form-response\"><\/div>\n<\/div><\/div><\/div>\n","protected":false},"excerpt":{"rendered":"<p>\u00bfD\u00f3nde quieres alquilar las salas? En CINC ponemos a tu alcance nuestro servicio integral de alquiler de salas en Girona dise\u00f1adas para brindar a tus clientes e invitados una atenci\u00f3n personalizada. Nuestras salas para reuniones y eventos est\u00e1n equipadas con la \u00faltima tecnolog\u00eda y todo el material necesario para que puedas llevar a cabo cualquier [&hellip;]<\/p>\n","protected":false},"author":4,"featured_media":31692,"parent":0,"menu_order":0,"comment_status":"closed","ping_status":"closed","template":"","meta":{"_acf_changed":false,"_uag_custom_page_level_css":"","footnotes":""},"class_list":["post-18115","page","type-page","status-publish","has-post-thumbnail","hentry"],"acf":[],"uagb_featured_image_src":{"full":["https:\/\/www.cinc.com\/wp-content\/uploads\/Lloguer-sala-girona.webp",1200,800,false],"thumbnail":["https:\/\/www.cinc.com\/wp-content\/uploads\/Lloguer-sala-girona-150x150.webp",150,150,true],"medium":["https:\/\/www.cinc.com\/wp-content\/uploads\/Lloguer-sala-girona-300x200.webp",300,200,true],"medium_large":["https:\/\/www.cinc.com\/wp-content\/uploads\/Lloguer-sala-girona-768x512.webp",768,512,true],"large":["https:\/\/www.cinc.com\/wp-content\/uploads\/Lloguer-sala-girona-1024x683.webp",960,640,true],"1536x1536":["https:\/\/www.cinc.com\/wp-content\/uploads\/Lloguer-sala-girona.webp",1200,800,false],"2048x2048":["https:\/\/www.cinc.com\/wp-content\/uploads\/Lloguer-sala-girona.webp",1200,800,false],"gform-image-choice-sm":["https:\/\/www.cinc.com\/wp-content\/uploads\/Lloguer-sala-girona.webp",300,200,false],"gform-image-choice-md":["https:\/\/www.cinc.com\/wp-content\/uploads\/Lloguer-sala-girona.webp",400,267,false],"gform-image-choice-lg":["https:\/\/www.cinc.com\/wp-content\/uploads\/Lloguer-sala-girona.webp",600,400,false]},"uagb_author_info":{"display_name":"Paula","author_link":"https:\/\/www.cinc.com\/es\/author\/paula\/"},"uagb_comment_info":0,"uagb_excerpt":"\u00bfD\u00f3nde quieres alquilar las salas? En CINC ponemos a tu alcance nuestro servicio integral de alquiler de salas en Girona dise\u00f1adas para brindar a tus clientes e invitados una atenci\u00f3n personalizada. Nuestras salas para reuniones y eventos est\u00e1n equipadas con la \u00faltima tecnolog\u00eda y todo el material necesario para que puedas llevar a cabo cualquier&hellip;","jetpack_sharing_enabled":true,"_links":{"self":[{"href":"https:\/\/www.cinc.com\/es\/wp-json\/wp\/v2\/pages\/18115","targetHints":{"allow":["GET"]}}],"collection":[{"href":"https:\/\/www.cinc.com\/es\/wp-json\/wp\/v2\/pages"}],"about":[{"href":"https:\/\/www.cinc.com\/es\/wp-json\/wp\/v2\/types\/page"}],"author":[{"embeddable":true,"href":"https:\/\/www.cinc.com\/es\/wp-json\/wp\/v2\/users\/4"}],"replies":[{"embeddable":true,"href":"https:\/\/www.cinc.com\/es\/wp-json\/wp\/v2\/comments?post=18115"}],"version-history":[{"count":30,"href":"https:\/\/www.cinc.com\/es\/wp-json\/wp\/v2\/pages\/18115\/revisions"}],"predecessor-version":[{"id":31983,"href":"https:\/\/www.cinc.com\/es\/wp-json\/wp\/v2\/pages\/18115\/revisions\/31983"}],"wp:featuredmedia":[{"embeddable":true,"href":"https:\/\/www.cinc.com\/es\/wp-json\/wp\/v2\/media\/31692"}],"wp:attachment":[{"href":"https:\/\/www.cinc.com\/es\/wp-json\/wp\/v2\/media?parent=18115"}],"curies":[{"name":"wp","href":"https:\/\/api.w.org\/{rel}","templated":true}]}}