{"id":20209,"date":"2024-01-09T11:06:50","date_gmt":"2024-01-09T11:06:50","guid":{"rendered":"https:\/\/www.cinc.com\/?page_id=20209"},"modified":"2024-01-09T11:07:32","modified_gmt":"2024-01-09T11:07:32","slug":"politica-de-cookies","status":"publish","type":"page","link":"https:\/\/www.cinc.com\/ca\/politica-de-cookies\/","title":{"rendered":"Pol\u00edtica de Cookies"},"content":{"rendered":"\n<div class=\"wp-block-humpton-gutenberg-container content-row light-section normal row_padding_top row_padding_bottom\" data-bgcolor=\"#ffffff\" style=\"text-align:left\">\n<p>CINC t&#8217;informa sobre l&#8217;\u00fas de cookies en la seva p\u00e0gina web, i sobre la seva pol\u00edtica general de cookies.<\/p>\n\n\n\n<h4 class=\"wp-block-heading\">Qu\u00e8 \u00e9s una cookie?<\/h4>\n\n\n\n<p>Les cookies s\u00f3n arxius que es poden descarregar en el teu equip a trav\u00e9s de p\u00e0gines web. S\u00f3n eines que tenen un paper fonamental per a la prestaci\u00f3 de molts serveis de la societat de la informaci\u00f3. Per exemple, permeten a una p\u00e0gina web emmagatzemar i recuperar informaci\u00f3 de navegacions anteriors teves, per fer que en el futur la teva navegaci\u00f3 sigui m\u00e9s r\u00e0pida, f\u00e0cil, accessible i intu\u00eftiva; aix\u00ed, es pot millorar el servei que se&#8217;t pot oferir.<\/p>\n\n\n\n<h4 class=\"wp-block-heading\">Tipus de cookies<\/h4>\n\n\n\n<p>Segons l&#8217;entitat que gestioni el domini del lloc web, es poden distingir diferents tipus de cookies, i es poden establir diferents classificacions. La primera classificaci\u00f3 distingiria entre cookies pr\u00f2pies i cookies de tercers:<\/p>\n\n\n\n<p><strong>Cookies pr\u00f2pies<\/strong>: s\u00f3n les que s&#8217;envien al teu equip des del domini o equip del prestador de serveis a qui sol\u00b7licites el servei.<\/p>\n\n\n\n<p><strong>Cookies de tercers<\/strong>: s\u00f3n les que s&#8217;envien al teu equip des d&#8217;un domini o equip no gestionat pel prestador de serveis a qui sol\u00b7licites el servei.<\/p>\n\n\n\n<p>La segona classificaci\u00f3 distingiria entre cookies de sessi\u00f3, i cookies permanents:<\/p>\n\n\n\n<p><strong>Cookies de sessi\u00f3<\/strong>: s\u00f3n les que s&#8217;utilitzen nom\u00e9s mentre est\u00e0s accedint a una p\u00e0gina web, i solen utilitzar informaci\u00f3 que nom\u00e9s es conserva mentre s&#8217;est\u00e0 prestant el servei que sol\u00b7licites.<\/p>\n\n\n\n<p><strong>Cookies permanents<\/strong>: s\u00f3n les que, un cop finalitzada la prestaci\u00f3 de serveis que sol\u00b7licitaves en una p\u00e0gina web, o un cop rebuda la informaci\u00f3 que buscaves, segueixen emmagatzemant les dades en el terminal, i poden utilitzar-se en altres ocasions.<\/p>\n\n\n\n<p>Finalment, la tercera classificaci\u00f3 distingiria entre cookies t\u00e8cniques, de personalitzaci\u00f3, d&#8217;an\u00e0lisi, de publicitat o de publicitat comportamental:<\/p>\n\n\n\n<p><strong>Cookies t\u00e8cniques<\/strong>: s\u00f3n les que et permeten la navegaci\u00f3 a trav\u00e9s d\u00b4una p\u00e0gina web; per exemple, permeten identificar un inici de sessi\u00f3 o realitzar una sol\u00b7licitud d\u00b4inscripci\u00f3.<\/p>\n\n\n\n<p><strong>Cookies de personalitzaci\u00f3<\/strong>: permeten accedir al servei amb caracter\u00edstiques predefinides en funci\u00f3 d&#8217;una s\u00e8rie de criteris que tens en el teu terminal, com per exemple, l\u00b4idioma de navegaci\u00f3.<\/p>\n\n\n\n<p><strong>Cookies d&#8217;an\u00e0lisi<\/strong>: permeten al seu responsable efectuar un seguiment i una an\u00e0lisi del comportament dels usuaris en les webs que tenen vinculades. Tamb\u00e9 poden servir per elaborar perfils.<\/p>\n\n\n\n<p><strong>Cookies de publicitat<\/strong>: permeten la gesti\u00f3 efica\u00e7 dels espais publicitaris.<\/p>\n\n\n\n<p><strong>Cookies de publicitat comportamental<\/strong>: emmagatzemen informaci\u00f3 del comportament dels usuaris, a trav\u00e9s d&#8217;una observaci\u00f3 continuada dels seus h\u00e0bits de navegaci\u00f3, i aix\u00f2 permet mostrar-los-hi una publicitat personalitzada.<\/p>\n\n\n\n<h4 class=\"wp-block-heading\">Desactivaci\u00f3 i eliminaci\u00f3 de cookies<\/h4>\n\n\n\n<p>Tens l&#8217;opci\u00f3 de permetre, bloquejar o eliminar les cookies instal\u00b7lades en el teu equip mitjan\u00e7ant la configuraci\u00f3 de les opcions del navegador que tens instal\u00b7lat. Si desactives algunes cookies, alguns serveis disponibles podrien deixar d&#8217;estar operatius.<\/p>\n\n\n\n<p>Si vols deshabilitar alguna cookie, generalment ho podr\u00e0s fer a trav\u00e9s del men\u00fa Eines, o Opcions. Tamb\u00e9 pots consultar el men\u00fa d&#8217;Ajuda del navegador que utilitzes.<\/p>\n\n\n\n<h4 class=\"wp-block-heading\">Cookies utilitzades en aquesta p\u00e0gina web<\/h4>\n\n\n\n<p>En aquesta web, les cookies que utilitzem s\u00f3n:<\/p>\n\n\n\n<h4 class=\"wp-block-heading\">Cookies t\u00e8cniques<\/h4>\n\n\n\n<p><strong>PHPSESSID<\/strong>. Aquesta cookie \u00e9s indispensable per al funcionament del web. \u00c9s la que, entre altres coses, ens permet identificar si t&#8217;has identificat o no, i si ja has acceptat la resta de cookies del lloc o no.<\/p>\n\n\n\n<h4 class=\"wp-block-heading\">Cookies de tercers d&#8217;an\u00e0lisi i publicitat<\/h4>\n\n\n\n<p><strong>Cookies de Google Analytics:<\/strong> que pots identificar al teu navegador amb els noms _ga, _gid, __utmz, _gat _AMP_TOKEN, _utm, _gac_, __utma, __utmt, __utmb, __utmb, __utmc, __utmz, __utmv i altres. Per a m\u00e9s informaci\u00f3 sobre les cookies de Google Analytics, pots consultar el seg\u00fcent enlla\u00e7: <a href=\"https:\/\/developers.google.com\/analytics\/devguides\/collection\/analyticsjs\/cookie-usage?hl=es-419\" target=\"_blank\" rel=\"noreferrer noopener\">https:\/\/developers.google.com\/analytics\/devguides\/collection\/analyticsjs\/cookie-usage?hl=es-419<\/a><\/p>\n\n\n\n<p><strong>Cookies de Facebook:<\/strong> que pots identificar al teu navegador amb el nom _fbp. Per a m\u00e9s informaci\u00f3 sobre aquestes cookies pots visitar el seg\u00fcent <a href=\"https:\/\/www.facebook.com\/help\/568137493302217\" target=\"_blank\" rel=\"noreferrer noopener\">enlla\u00e7<\/a><\/p>\n\n\n\n<p>Si no les desactives, acceptes que les utilitzem amb l&#8217;objectiu de facilitar-te la navegaci\u00f3 i mostrar-te publicitat personalitzada.<\/p>\n<\/div>\n","protected":false},"excerpt":{"rendered":"","protected":false},"author":3,"featured_media":0,"parent":0,"menu_order":0,"comment_status":"closed","ping_status":"closed","template":"","meta":{"_acf_changed":false,"_uag_custom_page_level_css":"","footnotes":""},"class_list":["post-20209","page","type-page","status-publish","hentry"],"acf":[],"uagb_featured_image_src":{"full":false,"thumbnail":false,"medium":false,"medium_large":false,"large":false,"1536x1536":false,"2048x2048":false,"gform-image-choice-sm":false,"gform-image-choice-md":false,"gform-image-choice-lg":false},"uagb_author_info":{"display_name":"Anna","author_link":"https:\/\/www.cinc.com\/ca\/author\/anna\/"},"uagb_comment_info":0,"uagb_excerpt":null,"jetpack_sharing_enabled":true,"_links":{"self":[{"href":"https:\/\/www.cinc.com\/ca\/wp-json\/wp\/v2\/pages\/20209","targetHints":{"allow":["GET"]}}],"collection":[{"href":"https:\/\/www.cinc.com\/ca\/wp-json\/wp\/v2\/pages"}],"about":[{"href":"https:\/\/www.cinc.com\/ca\/wp-json\/wp\/v2\/types\/page"}],"author":[{"embeddable":true,"href":"https:\/\/www.cinc.com\/ca\/wp-json\/wp\/v2\/users\/3"}],"replies":[{"embeddable":true,"href":"https:\/\/www.cinc.com\/ca\/wp-json\/wp\/v2\/comments?post=20209"}],"version-history":[{"count":2,"href":"https:\/\/www.cinc.com\/ca\/wp-json\/wp\/v2\/pages\/20209\/revisions"}],"predecessor-version":[{"id":20228,"href":"https:\/\/www.cinc.com\/ca\/wp-json\/wp\/v2\/pages\/20209\/revisions\/20228"}],"wp:attachment":[{"href":"https:\/\/www.cinc.com\/ca\/wp-json\/wp\/v2\/media?parent=20209"}],"curies":[{"name":"wp","href":"https:\/\/api.w.org\/{rel}","templated":true}]}}