{"id":20189,"date":"2024-01-09T09:25:54","date_gmt":"2024-01-09T09:25:54","guid":{"rendered":"https:\/\/www.cinc.com\/?page_id=20189"},"modified":"2024-02-09T11:24:50","modified_gmt":"2024-02-09T10:24:50","slug":"politica-de-privacitat","status":"publish","type":"page","link":"https:\/\/www.cinc.com\/ca\/politica-de-privacitat\/","title":{"rendered":"Pol\u00edtica de privacitat"},"content":{"rendered":"\n<div class=\"wp-block-uagb-container uagb-block-e4bc1423 alignfull uagb-is-root-container\"><div class=\"uagb-container-inner-blocks-wrap\">\n<h4 class=\"wp-block-heading\">Cinc pol\u00edtica de privacitat<\/h4>\n\n\n\n<p>D&#8217;acord amb la normativa vigent en mat\u00e8ria de Protecci\u00f3 de Dades personals, Reglament (UE) 2016\/679 del Parlament Europeu i del Consell, de 27 d\u2019abril de 2016 (en endavant RGPD), i la Llei Org\u00e0nica 3\/2018, de 5 de desembre, de Protecci\u00f3 de Dades Personals i garantia dels drets digitals (en endavant, LOPDGDD), a continuaci\u00f3 t\u2019informem dels termes de la nostra pol\u00edtica de privacitat en relaci\u00f3 al tractament de les seves dades en la teva condici\u00f3 d\u2019usuari de la nostra web <a href=\"https:\/\/www.cinc.com\/\" target=\"_blank\" rel=\"noreferrer noopener\">https:\/\/www.cinc.com\/<\/a> (en endavant la \u201cWeb\u201d).<\/p>\n\n\n\n<p><strong><u>1. IDENTIFICACI\u00d3 DEL RESPONSABLE DEL TRACTAMENT<\/u><\/strong><\/p>\n\n\n\n<p style=\"margin-top:0;margin-bottom:0;padding-top:0;padding-bottom:0\">El responsable del tractament de les seves dades \u00e9s CINC.<\/p>\n\n\n\n<p style=\"margin-top:0;margin-bottom:0;padding-top:0;padding-bottom:0\">Dades de contacte<\/p>\n\n\n\n<p style=\"margin-top:0;margin-bottom:0;padding-top:0;padding-bottom:0\">C\/ Pau Casals, 3<\/p>\n\n\n\n<p style=\"margin-top:0;margin-bottom:0;padding-top:0;padding-bottom:0\">17001&nbsp; GIRONA<\/p>\n\n\n\n<p style=\"margin-top:0;margin-bottom:0;padding-top:0;padding-bottom:0\">Tel\u00e8fon de contacte:&nbsp; 972 940 940<\/p>\n\n\n\n<p style=\"margin-top:0;margin-bottom:0;padding-top:0;padding-bottom:0\">Adre\u00e7a electr\u00f2nica: <a href=\"mailto:rgpd@cinc.es\">rgpd@cinc.es<\/a><\/p>\n\n\n\n<p><strong><u>2. CATEGORIA DE DADES QUE TRACTEM<\/u><\/strong><\/p>\n\n\n\n<p>De conformitat amb el principi de minimitzaci\u00f3 de dades, CINC nom\u00e9s et sol\u00b7licitar\u00e0 les dades imprescindibles per al compliment de les finalitats informades, i que a continuaci\u00f3 detallem:<\/p>\n\n\n\n<figure class=\"wp-block-table\"><table><tbody><tr><td><strong>Tractament<\/strong><\/td><td><strong>Tipus de Dades tractades<\/strong><\/td><\/tr><tr><td>Usuari web<\/td><td>Identificatives de la connexi\u00f3: adre\u00e7a IP<\/td><\/tr><tr><td>Contacta<\/td><td>Identificatives: nom i cognoms, tel\u00e8fon i adre\u00e7a electr\u00f2nica.<\/td><\/tr><tr><td>Sol\u00b7licita pressupost<\/td><td>Identificatives: nom i cognoms, tel\u00e8fon i adre\u00e7a electr\u00f2nica.<\/td><\/tr><tr><td>Vull saber-ne m\u00e9s<\/td><td>Identificatives: nom i cognoms, tel\u00e8fon i adre\u00e7a electr\u00f2nica.<\/td><\/tr><tr><td>Uneix-te al nostre equip<\/td><td>Identificatives: nom i cognoms i adre\u00e7a electr\u00f2nica. Curr\u00edculum.<\/td><\/tr><tr><td>Usuari Registrat<\/td><td>Identificatives: nom i cognoms, adre\u00e7a electr\u00f2nica.<\/td><\/tr><tr><td>Newsletter<\/td><td>Identificatives: nom i cognom, poblaci\u00f3 i adre\u00e7a electr\u00f2nica.<\/td><\/tr><\/tbody><\/table><\/figure>\n\n\n\n<p>Tots els camps marcats amb un (*) dels diferents formularis penjats a la nostra Web s\u00f3n d\u2019obligat compliment i la seva omissi\u00f3 no permetr\u00e0 l\u2019enviament del formulari.<\/p>\n\n\n\n<p><strong><u>3. ORIGEN DE LES DADES<\/u><\/strong><\/p>\n\n\n\n<p>Les dades personals que tractem procedeixen del propi interessat\/da, o del seu legal representant, qui garanteix la seva veracitat i autenticitat. En aquells casos en els que sigui necessari que se\u2019ns proporcioni dades de tercers, haur\u00e0 d\u2019informar amb car\u00e0cter previ a aquests tercers, dels termes de la nostra pol\u00edtica de privacitat. CINC no assumir\u00e0 cap mena de responsabilitat per la inexactitud o manca de veracitat de les dades rebudes, reservant-nos expressament l\u2019exercici de qualsevol acci\u00f3 que ens pogu\u00e9s correspondre per fer valdre els nostres drets.<\/p>\n\n\n\n<p><strong><u>4. TERMINI DE CONSERVACI\u00d3 DE LES DADES<\/u><\/strong><\/p>\n\n\n\n<p>Les teves dades personals nom\u00e9s es conservaran el temps indispensable per a la realitzaci\u00f3 de les finalitats informades pr\u00e8viament, excepte disposici\u00f3 legal que estableixi un termini de conservaci\u00f3 diferent, o t\u2019hagis oposat al seu tractament o b\u00e9 hagis retirat el teu consentiment per al tractament. En aquests casos, CINC adoptar\u00e0 totes aquelles mesures de seguretat disponibles per assegurar la confidencialitat i seguretat de les teves dades.\u00a0\u00a0<\/p>\n\n\n\n<p>\u00a0<strong><u>5.\u00a0 FINALITATS I BASES LEGITIMADORES DEL TRACTAMENT<\/u><\/strong><\/p>\n\n\n\n<p>De conformitat amb els principis de minimitzaci\u00f3 de dades i proporcionalitat, CINC. \u00a0Nom\u00e9s et demanar\u00e0 les dades imprescindibles per a la realitzaci\u00f3 de les finalitats informades. A continuaci\u00f3, t\u2019informem de manera detallada de quines s\u00f3n aquestes finalitats i de la base legitimadora per al seu tractament:<\/p>\n\n\n\n<figure class=\"wp-block-table\"><table><tbody><tr><td><strong>TRACTAMENT<\/strong><\/td><td><strong>FINALITAT<\/strong><\/td><td><strong>BASE LEGITIMADORA<\/strong><\/td><\/tr><tr><td>Usuari Web<\/td><td>Gesti\u00f3 administrativa<\/td><td>&#8211; Consentiment expr\u00e9s de l\u2019interessat\/da<sup>(*)<\/sup> Art.\u00a0 6.1. a) RGPD. <br>-Inter\u00e8s leg\u00edtim de CINC per a atendre la teva sol\u00b7licitud., art. 6.1.f) RGPD.<\/td><\/tr><tr><td>Contacta<\/td><td>Atenci\u00f3 i resposta consultes efectuades per l\u2019interessat\/da.<\/td><td>&#8211; Consentiment expr\u00e9s de l\u2019interessat\/da<sup>(*)<\/sup>. Art.\u00a0 6.1. a) RGPD. <br>&#8211; Inter\u00e8s leg\u00edtim de CINC per a atendre la seva sol\u00b7licitud., art. 6.1.f) RGPD.<\/td><\/tr><tr><td>Sol\u00b7licita un pressupost<\/td><td>Atenci\u00f3 i confecci\u00f3 pressupost sol\u00b7licitat per l\u2019interessat\/da.<\/td><td>&#8211; Consentiment expr\u00e9s de l\u2019interessat\/da<sup>(*)<\/sup>. Art.\u00a0 6.1. a) RGPD. <br>&#8211; Inter\u00e8s leg\u00edtim de CINC per a atendre la seva sol\u00b7licitud., art. 6.1.f) RGPD. \u00a0<\/td><\/tr><tr><td>Vull saber-ne m\u00e9s<\/td><td>Atenci\u00f3 i informaci\u00f3 segons sol\u00b7licitud efectuada per l\u2019interessat\/da.<\/td><td>&#8211; Consentiment expr\u00e9s de l\u2019interessat\/da<sup>(*)<\/sup>. Art.\u00a0 6.1.a) RGPD. <br>&#8211; Inter\u00e8s leg\u00edtim de CINC per a atendre la seva sol\u00b7licitud., art. 6.1.f) RGPD. \u00a0<\/td><\/tr><tr><td>Uneix-te al nostre equip<\/td><td>Gesti\u00f3 administrativa dels processos de selecci\u00f3.<\/td><td>&#8211; Consentiment expr\u00e9s de l\u2019interessat\/da<sup>(*)<\/sup> Art.\u00a0 6.1. a) RGPD. <br>&#8211; Execuci\u00f3 de mesures precontractuals, art.\u00a0 6.1. b) RGPD. \u00a0<\/td><\/tr><tr><td>Usuari registrat<\/td><td>Gestionar la seva condici\u00f3 d\u2019usuari registrat<\/td><td>&#8211; Consentiment expr\u00e9s <sup>(*)<\/sup>, art. 6.1.a) RGPD. <del><\/del> &nbsp;<\/td><\/tr><tr><td>Newsletter<\/td><td>Gesti\u00f3 administrativa<\/td><td>&#8211; Consentiment expr\u00e9s <sup>(*)<\/sup> art. 6.1.a). <br>&#8211; Inter\u00e8s leg\u00edtim del responsable, art. 6.1.b) RGPD. \u00a0<\/td><\/tr><\/tbody><\/table><\/figure>\n\n\n\n<p><br><sup>(*) <\/sup>s\u2019ent\u00e9n que realitza consentiment expr\u00e9s al formular lliure i volunt\u00e0riament la seva sol\u00b7licitud a trav\u00e9s dels nostres formularis, pr\u00e8via lectura de la present pol\u00edtica de privacitat.<\/p>\n\n\n\n<p><strong><u>6. CESSI\u00d3 DE DADES<\/u><\/strong><\/p>\n\n\n\n<p>Les teves dades no seran comunicades a tercers, llevat a empreses del mateix grup empresarial i per a les mateixes finalitats, o perqu\u00e8 aix\u00ed ho exigeixi la Llei, i\/o ens ho requereixin les autoritats competents, en els termes i condicions establerts legalment, o sigui necessari per a complir amb la finalitat del tractament; \u00e9s el que es coneix com a ENCARREGATS DEL TRACTAMENT, en aquests casos, vetllarem pel compliment de totes aquelles mesures d\u2019\u00edndole t\u00e8cnica i organitzativa necess\u00e0ries per garantir-ne la seguretat i evitar la seva alteraci\u00f3, p\u00e8rdua, tractament o acc\u00e9s no autoritzat i la resta d\u2019obligacions que exigeixi la normativa vigent.<\/p>\n\n\n\n<p>No es realitzaran transfer\u00e8ncies internacionals de dades, excepte en el cas d\u2019activaci\u00f3 de les cookies de Google Analytics, o la utilitzaci\u00f3 del servei d\u2019emmagatzematge Drive, servei prestat per Google INC., i el servei de WhatsApp, empreses prove\u00efdores amb servidors a EEUU i que per tant, suposa una transfer\u00e8ncia internacional de dades. Pots ampliar aquesta informaci\u00f3 a <a href=\"https:\/\/www.aepd.es\/es\/preguntas-frecuentes\/6-transferencias-internacionales-bcr-codigos-de-conducta\/1-transferencias-internacionales\/FAQ-0605-que-paises-se-consideran-con-un-nivel-adecuado-a-efectos-del-articulo-45-del-rgpd\" target=\"_blank\" rel=\"noreferrer noopener\">aqu\u00ed<\/a>.<\/p>\n\n\n\n<p>En qualsevol moment, pots acceptar, denegar i configurar les cookies de la nostra Web <a href=\"https:\/\/www.cinc.com\/politica-de-cookies\/\" target=\"_blank\" rel=\"noreferrer noopener\">en aquest enlla\u00e7.<\/a><\/p>\n\n\n\n<p><strong><u>6.1. Enlla\u00e7os de tercers<\/u><\/strong><\/p>\n\n\n\n<p>La nostra web\u00a0pot contenir enlla\u00e7os a xarxes socials, com Facebook, Linkedin, \u201cX\u201d o Instagram; CINC. \u00a0No emmagatzema cap tipus d\u2019informaci\u00f3 de car\u00e0cter personal en relaci\u00f3 a aquestes transmissions. Recordi que aquests tercers tenen les seves pr\u00f2pies pol\u00edtiques de privacitat, dels termes de les quals no assumim cap mena de responsabilitat, ni donar\u00e0 dret a cap mena d\u2019indemnitzaci\u00f3 per la nostra part. Llegeix detingudament els seus termes, i en cas de disconformitat, no els utilitzi.<\/p>\n\n\n\n<p><strong><u>7. DRETS<\/u><\/strong><\/p>\n\n\n\n<p>En qualsevol moment podr\u00e0 sol\u00b7licitar l\u2019acc\u00e9s a les seves dades, per saber si les tractem, quines s\u00f3n i amb quines finalitats; tanmateix tamb\u00e9 t\u00e9 dret a:<\/p>\n\n\n\n<ul class=\"wp-block-list\">\n<li>Sol\u00b7licitar la rectificaci\u00f3 de les dades que siguin inexactes.<\/li>\n\n\n\n<li>Sol\u00b7licitar la supressi\u00f3 de les teves dades personals en els termes previstos en la normativa.<\/li>\n\n\n\n<li>Sol\u00b7licitar la limitaci\u00f3 del tractament de les teves dades personals; en aquest cas nom\u00e9s les conservarem per a l\u2019exercici o la defensa de possibles reclamacions.<\/li>\n\n\n\n<li>Oposar-te al tractament de les teves dades. En aquest cas, deixarem de tractar-les, per\u00f2 podran ser conservades oportunament, bloquejades per a fer front a possibles reclamacions, o exercici d\u2019accions, o perqu\u00e8 aix\u00ed ho disposi la Llei.<\/li>\n\n\n\n<li>Sol\u00b7licitar la portabilitat de les teves dades.<\/li>\n<\/ul>\n\n\n\n<p><strong><u>7.1. Quin \u00e9s el procediment per exercir els seus drets?<\/u><\/strong><\/p>\n\n\n\n<p>Per a l\u2019exercici dels seus drets o per a qualsevol consulta sobre la nostra Pol\u00edtica de Privacitat, pots contactar amb nosaltres enviant-nos un correu a <a href=\"mailto:rgpd@cinc.es\">rgpd@<\/a><a href=\"mailto:rgpd@cinc.es\" target=\"_blank\" rel=\"noreferrer noopener\">cinc.es<\/a>\u00a0(Ref. RGPD). Tan aviat ens arribi la teva sol\u00b7licitud, la tramitarem i contestarem en el termini m\u00e0xim d\u2019un mes. \u00a0<\/p>\n\n\n\n<p>Si finalment consideres que no hem at\u00e8s correctament els seus drets, pots <a href=\"https:\/\/sedeagpd.gob.es\/sede-electronica-web\/vistas\/infoSede\/tramitesCiudadano.jsf\" target=\"_blank\" rel=\"noreferrer noopener\">presentar una reclamaci\u00f3<\/a> davant l\u2019AEPD.<\/p>\n\n\n\n<p><strong><u>8. MESURES DE SEGURETAT IMPLEMENTADES<\/u><\/strong><\/p>\n\n\n\n<p>CINC tractar\u00e0 les teves dades de forma absolutament confidencial i complint amb el deure de secret respecte les mateixes, de conformitat amb el que preveu la normativa de protecci\u00f3 de dades d&#8217;aplicaci\u00f3, en especial l\u2019article\u00a0 32 del RGPD; adoptant a l&#8217;efecte les mesures d&#8217;\u00edndole t\u00e8cnica i organitzativa necess\u00e0ries per garantir la seguretat de les seves dades i n\u2019evitin la seva alteraci\u00f3, p\u00e8rdua, tractament o acc\u00e9s no autoritzat, at\u00e8s l&#8217;estat de la tecnologia, la naturalesa de les dades emmagatzemades i els riscos als que estan exposades. En particular, hem adoptat les pertinents i obligat\u00f2ries mesures establertes a la normativa de protecci\u00f3 de dades de car\u00e0cter personal, relatives a: funcions i obligacions de personal, registre d&#8217;esdeveniments, gesti\u00f3 de suports i documents, control d&#8217;acc\u00e9s, identificaci\u00f3 i autenticaci\u00f3, c\u00f2pia de seguretat i recuperaci\u00f3, aix\u00ed com tamb\u00e9, les mesures necess\u00e0ries i obligat\u00f2ries d&#8217;acord amb les normatives locals. La documentaci\u00f3 estar\u00e0 disponible a petici\u00f3 de l\u2019interessat\/da emprant els canals habituals de contacte.<\/p>\n\n\n\n<p><strong><u>9. CANVIS EN LA POL\u00cdTICA DE PRIVACITAT<\/u><\/strong><\/p>\n\n\n\n<p>CINC es reserva el dret a modificar quan ho consideri oport\u00fa la present Pol\u00edtica de Privacitat per tal d&#8217;adaptar-la a les novetats legislatives que fossin procedents. Tots els canvis i modificacions seran publicades a la nostra Web de manera visible per al seu coneixement.<\/p>\n\n\n\n<p>\u00daltima actualitzaci\u00f3 31\/01\/2024.<\/p>\n\n\n\n<p>\u00a9 2024 Grup CINC. Tots els drets reservats.<\/p>\n<\/div><\/div>\n","protected":false},"excerpt":{"rendered":"<p>Cinc pol\u00edtica de privacitat D&#8217;acord amb la normativa vigent en mat\u00e8ria de Protecci\u00f3 de Dades personals, Reglament (UE) 2016\/679 del Parlament Europeu i del Consell, de 27 d\u2019abril de 2016 (en endavant RGPD), i la Llei Org\u00e0nica 3\/2018, de 5 de desembre, de Protecci\u00f3 de Dades Personals i garantia dels drets digitals (en endavant, LOPDGDD), [&hellip;]<\/p>\n","protected":false},"author":3,"featured_media":0,"parent":0,"menu_order":0,"comment_status":"closed","ping_status":"closed","template":"","meta":{"_acf_changed":false,"_uag_custom_page_level_css":"","footnotes":""},"class_list":["post-20189","page","type-page","status-publish","hentry"],"acf":[],"uagb_featured_image_src":{"full":false,"thumbnail":false,"medium":false,"medium_large":false,"large":false,"1536x1536":false,"2048x2048":false,"gform-image-choice-sm":false,"gform-image-choice-md":false,"gform-image-choice-lg":false},"uagb_author_info":{"display_name":"Anna","author_link":"https:\/\/www.cinc.com\/ca\/author\/anna\/"},"uagb_comment_info":0,"uagb_excerpt":"Cinc pol\u00edtica de privacitat D&#8217;acord amb la normativa vigent en mat\u00e8ria de Protecci\u00f3 de Dades personals, Reglament (UE) 2016\/679 del Parlament Europeu i del Consell, de 27 d\u2019abril de 2016 (en endavant RGPD), i la Llei Org\u00e0nica 3\/2018, de 5 de desembre, de Protecci\u00f3 de Dades Personals i garantia dels drets digitals (en endavant, LOPDGDD),&hellip;","jetpack_sharing_enabled":true,"_links":{"self":[{"href":"https:\/\/www.cinc.com\/ca\/wp-json\/wp\/v2\/pages\/20189","targetHints":{"allow":["GET"]}}],"collection":[{"href":"https:\/\/www.cinc.com\/ca\/wp-json\/wp\/v2\/pages"}],"about":[{"href":"https:\/\/www.cinc.com\/ca\/wp-json\/wp\/v2\/types\/page"}],"author":[{"embeddable":true,"href":"https:\/\/www.cinc.com\/ca\/wp-json\/wp\/v2\/users\/3"}],"replies":[{"embeddable":true,"href":"https:\/\/www.cinc.com\/ca\/wp-json\/wp\/v2\/comments?post=20189"}],"version-history":[{"count":22,"href":"https:\/\/www.cinc.com\/ca\/wp-json\/wp\/v2\/pages\/20189\/revisions"}],"predecessor-version":[{"id":23019,"href":"https:\/\/www.cinc.com\/ca\/wp-json\/wp\/v2\/pages\/20189\/revisions\/23019"}],"wp:attachment":[{"href":"https:\/\/www.cinc.com\/ca\/wp-json\/wp\/v2\/media?parent=20189"}],"curies":[{"name":"wp","href":"https:\/\/api.w.org\/{rel}","templated":true}]}}