{"id":11759,"date":"2023-03-13T12:00:56","date_gmt":"2023-03-13T12:00:56","guid":{"rendered":"https:\/\/www.cinc.com\/?page_id=11759"},"modified":"2025-11-28T13:42:21","modified_gmt":"2025-11-28T12:42:21","slug":"empren","status":"publish","type":"page","link":"https:\/\/www.cinc.com\/ca\/empren\/","title":{"rendered":"Empr\u00e8n"},"content":{"rendered":"\n<div class=\"wp-block-humpton-gutenberg-container content-row light-section normal row_padding_top change-header-color\" data-bgcolor=\"#ffffff\" style=\"text-align:left\">\n<div class=\"wp-block-columns is-layout-flex wp-container-core-columns-is-layout-65744f90 wp-block-columns-is-layout-flex\" style=\"padding-top:0;padding-right:0;padding-bottom:0;padding-left:0\">\n<div class=\"wp-block-column is-layout-flow wp-block-column-is-layout-flow\">\n<figure class=\"wp-block-image alignright size-full is-resized\"><img loading=\"lazy\" decoding=\"async\" width=\"1080\" height=\"1800\" src=\"https:\/\/www.cinc.com\/wp-content\/uploads\/2024\/01\/cinc-1-dia-1-empresa.webp\" alt=\"\" class=\"wp-image-22120\" style=\"aspect-ratio:0.5363636363636364;object-fit:cover;width:363px;height:auto\" srcset=\"https:\/\/www.cinc.com\/wp-content\/uploads\/2024\/01\/cinc-1-dia-1-empresa.webp 1080w, https:\/\/www.cinc.com\/wp-content\/uploads\/2024\/01\/cinc-1-dia-1-empresa-180x300.webp 180w, https:\/\/www.cinc.com\/wp-content\/uploads\/2024\/01\/cinc-1-dia-1-empresa-614x1024.webp 614w, https:\/\/www.cinc.com\/wp-content\/uploads\/2024\/01\/cinc-1-dia-1-empresa-768x1280.webp 768w, https:\/\/www.cinc.com\/wp-content\/uploads\/2024\/01\/cinc-1-dia-1-empresa-922x1536.webp 922w\" sizes=\"auto, (max-width: 1080px) 100vw, 1080px\" \/><\/figure>\n<\/div>\n\n\n\n<div class=\"wp-block-column is-layout-flow wp-block-column-is-layout-flow\">\n<h2 class=\"wp-block-heading has-text-align-left has-mask-fill has-large-font-size\" style=\"font-style:normal;font-weight:300\">Programa d&#8217;emprenedoria 1 Dia 1 Empresa<\/h2>\n\n\n\n<p class=\"has-text-align-left p-small\">1Dia1Empresa \u00e9s un programa dirigit als emprenedors que tenen un business plan i necessiten constituir la societat.<\/p>\n\n\n\n<p class=\"has-text-align-left p-small\">El programa fomenta l&#8217;emprenedoria amb avantatges com la constituci\u00f3 de la societat sense cost, entre altres.<\/p>\n<\/div>\n<\/div>\n\n\n\n<div class=\"wp-block-columns is-layout-flex wp-container-core-columns-is-layout-501b5033 wp-block-columns-is-layout-flex\" style=\"padding-top:var(--wp--preset--spacing--60);padding-right:0;padding-bottom:0;padding-left:0\">\n<div class=\"wp-block-column p-small-right is-layout-flow wp-block-column-is-layout-flow\">\n<h2 class=\"wp-block-heading has-text-align-right has-mask-fill has-large-font-size\" style=\"font-style:normal;font-weight:300\">Summer Startup School:<br>escola d&#8217;estiu per als emprenedors<\/h2>\n\n\n\n<p class=\"has-text-align-right p-small\">El Summer Startup School \u00e9s un curs d&#8217;estiu per a emprenedors on s&#8217;imparteix una formaci\u00f3 multidisciplinar te\u00f2rico-pr\u00e0ctica que els permetr\u00e0 posar en marxa amb \u00e8xit el seu projecte.<\/p>\n<\/div>\n\n\n\n<div class=\"wp-block-column is-layout-flow wp-block-column-is-layout-flow\">\n<figure class=\"wp-block-image size-full is-resized image-offset-top\"><img loading=\"lazy\" decoding=\"async\" width=\"1080\" height=\"1800\" src=\"https:\/\/www.cinc.com\/wp-content\/uploads\/2024\/01\/cinc-summer-startup-school.webp\" alt=\"\" class=\"wp-image-22124\" style=\"width:391px;height:auto\" srcset=\"https:\/\/www.cinc.com\/wp-content\/uploads\/2024\/01\/cinc-summer-startup-school.webp 1080w, https:\/\/www.cinc.com\/wp-content\/uploads\/2024\/01\/cinc-summer-startup-school-180x300.webp 180w, https:\/\/www.cinc.com\/wp-content\/uploads\/2024\/01\/cinc-summer-startup-school-614x1024.webp 614w, https:\/\/www.cinc.com\/wp-content\/uploads\/2024\/01\/cinc-summer-startup-school-768x1280.webp 768w, https:\/\/www.cinc.com\/wp-content\/uploads\/2024\/01\/cinc-summer-startup-school-922x1536.webp 922w\" sizes=\"auto, (max-width: 1080px) 100vw, 1080px\" \/><\/figure>\n<\/div>\n<\/div>\n<\/div>\n\n\n\n<div class=\"wp-block-uagb-container uagb-block-66a52195 default uagb-is-root-container\">\n<div class=\"wp-block-uagb-advanced-heading uagb-block-d47e4286\"><h2 class=\"uagb-heading-text\">Not\u00edcies destacades<\/h2><\/div>\n\n\n\n\t\t\t<div class=\"wp-block-uagb-post-grid uagb-post-grid  uagb-post__image-position-top uagb-post__image-enabled uagb-block-ad528a11     uagb-post__items uagb-post__columns-3 is-grid uagb-post__columns-tablet-2 uagb-post__columns-mobile-1 uagb-post__equal-height\" data-total=\"12\" style=\"\">\n\n\t\t\t\t\t\t\t\t\t\t\t\t<article class=\"uagb-post__inner-wrap\">\t\t\t\t\t\t\t\t<div class='uagb-post__image'>\n\t\t\t\t\t\t\t\t\t<a href=\"https:\/\/www.cinc.com\/ca\/57-000-autonoms-busquen-constituir-societats-per-reduir-la-carrega-fiscal\/\" target=\"_self\" rel=\"bookmark noopener noreferrer\" class='uagb-image-ratio-9-16'><img loading=\"lazy\" decoding=\"async\" width=\"240\" height=\"300\" src=\"https:\/\/www.cinc.com\/wp-content\/uploads\/cyberco-entrepreneur-10160019_1920-240x300.png\" class=\"attachment-medium size-medium\" alt=\"\" srcset=\"https:\/\/www.cinc.com\/wp-content\/uploads\/cyberco-entrepreneur-10160019_1920-240x300.png 240w, https:\/\/www.cinc.com\/wp-content\/uploads\/cyberco-entrepreneur-10160019_1920-864x1080.png 864w, https:\/\/www.cinc.com\/wp-content\/uploads\/cyberco-entrepreneur-10160019_1920-768x960.png 768w, https:\/\/www.cinc.com\/wp-content\/uploads\/cyberco-entrepreneur-10160019_1920-1229x1536.png 1229w, https:\/\/www.cinc.com\/wp-content\/uploads\/cyberco-entrepreneur-10160019_1920.png 1536w\" sizes=\"auto, (max-width: 240px) 100vw, 240px\" \/>\t\t\t\t\t<\/a>\n\t\t\t\t\t\t\t<\/div>\n\t\t\t\t\t\t<h4 class=\"uagb-post__title uagb-post__text\">\n\t\t\t\t<a href=\"https:\/\/www.cinc.com\/ca\/57-000-autonoms-busquen-constituir-societats-per-reduir-la-carrega-fiscal\/\" target=\"_self\" rel=\"bookmark noopener noreferrer\">57.000 aut\u00f2noms busquen constituir societats per reduir la c\u00e0rrega fiscal<\/a>\n\t\t\t<\/h4>\n\t\t\t\t\t\t<div class='uagb-post__text uagb-post-grid-byline'>\n\t\t\t\t\t\t\t<\/div>\n\t\t\t\t\t\t\t<div class='uagb-post__text uagb-post__excerpt'>\n\t\t\t\t\tEl diferencial fiscal entre aut\u00f2noms i pimes dispara l&#8217;inter\u00e8s per constituir societats per optimitzar impostos&#8230;\t\t\t\t<\/div>\n\t\t\t\t\t\t<div class=\"uagb-post__text uagb-post__cta wp-block-button\">\n\t\t\t\t<a class=\"wp-block-button__link uagb-text-link\" style=\"\" href=\"https:\/\/www.cinc.com\/ca\/57-000-autonoms-busquen-constituir-societats-per-reduir-la-carrega-fiscal\/\" target=\"_self\" rel=\"bookmark noopener noreferrer\">Llegir m\u00e9s<\/a>\n\t\t\t<\/div>\n\t\t\t\n\t\t\t\t\t\t\t\t\t<\/article>\n\t\t\t\t\t\t\t\t\t\t\t\t\t\t\t\t<article class=\"uagb-post__inner-wrap\">\t\t\t\t\t\t\t\t<div class='uagb-post__image'>\n\t\t\t\t\t\t\t\t\t<a href=\"https:\/\/www.cinc.com\/ca\/cinc-et-porta-al-bizbarcelona-2025-descobreix-tot-el-que-toferirem-i-aconsegueix-la-teva-entrada-gratuita\/\" target=\"_self\" rel=\"bookmark noopener noreferrer\" class='uagb-image-ratio-9-16'><img loading=\"lazy\" decoding=\"async\" width=\"300\" height=\"169\" src=\"https:\/\/www.cinc.com\/wp-content\/uploads\/biz-bcn-300x169.webp\" class=\"attachment-medium size-medium\" alt=\"\" srcset=\"https:\/\/www.cinc.com\/wp-content\/uploads\/biz-bcn-300x169.webp 300w, https:\/\/www.cinc.com\/wp-content\/uploads\/biz-bcn-1024x576.webp 1024w, https:\/\/www.cinc.com\/wp-content\/uploads\/biz-bcn-768x432.webp 768w, https:\/\/www.cinc.com\/wp-content\/uploads\/biz-bcn-1536x864.webp 1536w, https:\/\/www.cinc.com\/wp-content\/uploads\/biz-bcn-2048x1152.webp 2048w\" sizes=\"auto, (max-width: 300px) 100vw, 300px\" \/>\t\t\t\t\t<\/a>\n\t\t\t\t\t\t\t<\/div>\n\t\t\t\t\t\t<h4 class=\"uagb-post__title uagb-post__text\">\n\t\t\t\t<a href=\"https:\/\/www.cinc.com\/ca\/cinc-et-porta-al-bizbarcelona-2025-descobreix-tot-el-que-toferirem-i-aconsegueix-la-teva-entrada-gratuita\/\" target=\"_self\" rel=\"bookmark noopener noreferrer\">CINC et porta al Bizbarcelona 2025: descobreix tot el que t\u2019oferirem i aconsegueix la teva entrada gratu\u00efta<\/a>\n\t\t\t<\/h4>\n\t\t\t\t\t\t<div class='uagb-post__text uagb-post-grid-byline'>\n\t\t\t\t\t\t\t<\/div>\n\t\t\t\t\t\t\t<div class='uagb-post__text uagb-post__excerpt'>\n\t\t\t\t\t<p>Els pr\u00f2xims 15 i 16 d\u2019octubre de 2025 torna una nova edici\u00f3 de Bizbarcelona, la&#8230;\t\t\t\t<\/div>\n\t\t\t\t\t\t<div class=\"uagb-post__text uagb-post__cta wp-block-button\">\n\t\t\t\t<a class=\"wp-block-button__link uagb-text-link\" style=\"\" href=\"https:\/\/www.cinc.com\/ca\/cinc-et-porta-al-bizbarcelona-2025-descobreix-tot-el-que-toferirem-i-aconsegueix-la-teva-entrada-gratuita\/\" target=\"_self\" rel=\"bookmark noopener noreferrer\">Llegir m\u00e9s<\/a>\n\t\t\t<\/div>\n\t\t\t\n\t\t\t\t\t\t\t\t\t<\/article>\n\t\t\t\t\t\t\t\t\t\t\t\t\t\t\t\t<article class=\"uagb-post__inner-wrap\">\t\t\t\t\t\t\t\t<div class='uagb-post__image'>\n\t\t\t\t\t\t\t\t\t<a href=\"https:\/\/www.cinc.com\/ca\/cinc-punt-datencio-a-lemprenedor-pae-a-barcelona-girona-i-figueres\/\" target=\"_self\" rel=\"bookmark noopener noreferrer\" class='uagb-image-ratio-9-16'><img loading=\"lazy\" decoding=\"async\" width=\"300\" height=\"169\" src=\"https:\/\/www.cinc.com\/wp-content\/uploads\/Fotos-Blog-CINC-WordPress-37-300x169.webp\" class=\"attachment-medium size-medium\" alt=\"\" srcset=\"https:\/\/www.cinc.com\/wp-content\/uploads\/Fotos-Blog-CINC-WordPress-37-300x169.webp 300w, https:\/\/www.cinc.com\/wp-content\/uploads\/Fotos-Blog-CINC-WordPress-37-1024x576.webp 1024w, https:\/\/www.cinc.com\/wp-content\/uploads\/Fotos-Blog-CINC-WordPress-37-768x432.webp 768w, https:\/\/www.cinc.com\/wp-content\/uploads\/Fotos-Blog-CINC-WordPress-37-1536x864.webp 1536w, https:\/\/www.cinc.com\/wp-content\/uploads\/Fotos-Blog-CINC-WordPress-37.webp 1920w\" sizes=\"auto, (max-width: 300px) 100vw, 300px\" \/>\t\t\t\t\t<\/a>\n\t\t\t\t\t\t\t<\/div>\n\t\t\t\t\t\t<h4 class=\"uagb-post__title uagb-post__text\">\n\t\t\t\t<a href=\"https:\/\/www.cinc.com\/ca\/cinc-punt-datencio-a-lemprenedor-pae-a-barcelona-girona-i-figueres\/\" target=\"_self\" rel=\"bookmark noopener noreferrer\">CINC: Punt d&#8217;Atenci\u00f3 a l&#8217;Emprenedor (PAE) a Barcelona, Girona i Figueres<\/a>\n\t\t\t<\/h4>\n\t\t\t\t\t\t<div class='uagb-post__text uagb-post-grid-byline'>\n\t\t\t\t\t\t\t<\/div>\n\t\t\t\t\t\t\t<div class='uagb-post__text uagb-post__excerpt'>\n\t\t\t\t\tDescobreix com CINC, com a Punt d&#8217;Atenci\u00f3 a l&#8217;Emprenedoria (PAE), facilita als emprenedors la creaci\u00f3&#8230;\t\t\t\t<\/div>\n\t\t\t\t\t\t<div class=\"uagb-post__text uagb-post__cta wp-block-button\">\n\t\t\t\t<a class=\"wp-block-button__link uagb-text-link\" style=\"\" href=\"https:\/\/www.cinc.com\/ca\/cinc-punt-datencio-a-lemprenedor-pae-a-barcelona-girona-i-figueres\/\" target=\"_self\" rel=\"bookmark noopener noreferrer\">Llegir m\u00e9s<\/a>\n\t\t\t<\/div>\n\t\t\t\n\t\t\t\t\t\t\t\t\t<\/article>\n\t\t\t\t\t\t\t\t\t\t\t<\/div>\n\t\t\t<\/div>\n\n\n\n<div class=\"wp-block-uagb-container uagb-block-490cca05 alignfull uagb-is-root-container\"><div class=\"uagb-container-inner-blocks-wrap\">\n<h2 class=\"wp-block-heading has-mask-fill no-margins\">Actes i confer\u00e8ncies<\/h2>\n\n\n\n<p>Descobreix i apunta\u2019t a tots els actes i confer\u00e8ncies organitzades!<\/p>\n\n\n\n<div class=\"wp-block-buttons is-layout-flex wp-block-buttons-is-layout-flex\">\n<div class=\"wp-block-button\"><a class=\"wp-block-button__link wp-element-button\" href=\"https:\/\/www.cinc.com\/actes\/\">Veure actes<\/a><\/div>\n<\/div>\n<\/div><\/div>\n\n\n\n<div class=\"wp-block-uagb-container uagb-block-520c94a1 alignfull uagb-is-root-container\"><div class=\"uagb-container-inner-blocks-wrap\">\n<div class=\"marquee-text-wrapper \"><p class=\"marquee-text big-title fw\">Apunta&#8217;t a la nostra newsletter<\/p><\/div>\n\n\n<div class=\"wp-block-cinc-blocks-newsletter-form\">\n    <form id=\"newsletter-form\" method=\"POST\" class=\"wp-block-cinc-blocks-newsletter-form__form\">\n        <input class=\"wp-block-cinc-blocks-newsletter-form__field\" type=\"text\" placeholder=\"Your name\" name=\"name\" required \/>\n        <select class=\"wp-block-cinc-blocks-newsletter-form__select\" name=\"town\" required>\n            <option value=\"\" readonly>Town<\/option>\n            <option value=\"barcelona\">Barcelona<\/option>\n            <option value=\"girona\">Girona<\/option>\n        <\/select>\n        <input class=\"wp-block-cinc-blocks-newsletter-form__field\" type=\"email\" placeholder=\"Your email\" name=\"email\" required \/>\n        <button class=\"wp-block-cinc-blocks-newsletter-form__button\">Subscribe<\/button>\n    <\/form>\n    <div id=\"newsletter-form-response\"><\/div>\n<\/div><\/div><\/div>\n","protected":false},"excerpt":{"rendered":"<p>Not\u00edcies destacades<\/p>\n","protected":false},"author":4,"featured_media":0,"parent":0,"menu_order":0,"comment_status":"closed","ping_status":"closed","template":"","meta":{"_acf_changed":false,"_uag_custom_page_level_css":"","footnotes":""},"class_list":["post-11759","page","type-page","status-publish","hentry"],"acf":[],"uagb_featured_image_src":{"full":false,"thumbnail":false,"medium":false,"medium_large":false,"large":false,"1536x1536":false,"2048x2048":false,"gform-image-choice-sm":false,"gform-image-choice-md":false,"gform-image-choice-lg":false},"uagb_author_info":{"display_name":"Paula","author_link":"https:\/\/www.cinc.com\/ca\/author\/paula\/"},"uagb_comment_info":0,"uagb_excerpt":"Not\u00edcies destacades","jetpack_sharing_enabled":true,"_links":{"self":[{"href":"https:\/\/www.cinc.com\/ca\/wp-json\/wp\/v2\/pages\/11759","targetHints":{"allow":["GET"]}}],"collection":[{"href":"https:\/\/www.cinc.com\/ca\/wp-json\/wp\/v2\/pages"}],"about":[{"href":"https:\/\/www.cinc.com\/ca\/wp-json\/wp\/v2\/types\/page"}],"author":[{"embeddable":true,"href":"https:\/\/www.cinc.com\/ca\/wp-json\/wp\/v2\/users\/4"}],"replies":[{"embeddable":true,"href":"https:\/\/www.cinc.com\/ca\/wp-json\/wp\/v2\/comments?post=11759"}],"version-history":[{"count":9,"href":"https:\/\/www.cinc.com\/ca\/wp-json\/wp\/v2\/pages\/11759\/revisions"}],"predecessor-version":[{"id":32676,"href":"https:\/\/www.cinc.com\/ca\/wp-json\/wp\/v2\/pages\/11759\/revisions\/32676"}],"wp:attachment":[{"href":"https:\/\/www.cinc.com\/ca\/wp-json\/wp\/v2\/media?parent=11759"}],"curies":[{"name":"wp","href":"https:\/\/api.w.org\/{rel}","templated":true}]}}