{"id":11735,"date":"2023-03-13T08:01:14","date_gmt":"2023-03-13T08:01:14","guid":{"rendered":"https:\/\/www.cinc.com\/?page_id=11735"},"modified":"2024-12-16T08:55:57","modified_gmt":"2024-12-16T07:55:57","slug":"domiciliacio-dempreses","status":"publish","type":"page","link":"https:\/\/www.cinc.com\/ca\/domiciliacio-dempreses\/","title":{"rendered":"Domiciliaci\u00f3 d\u2019empreses"},"content":{"rendered":"\n<div class=\"wp-block-uagb-container uagb-block-65a57c93 alignfull uagb-is-root-container\"><div class=\"uagb-container-inner-blocks-wrap\">\n<div class=\"wp-block-uagb-container uagb-block-0a89733a\">\n<div class=\"wp-block-group is-layout-constrained wp-block-group-is-layout-constrained\" style=\"margin-bottom:var(--wp--preset--spacing--50)\">\n<h4 class=\"wp-block-heading has-text-align-center has-black-color has-text-color\">Domiciliaci\u00f3<br>b\u00e0sica<\/h4>\n\n\n\n<p class=\"has-text-align-center has-black-color has-text-color\">Domicili fiscal i social de la<br>societat a CINC<\/p>\n<\/div>\n\n\n\n<ul class=\"checks-list flex-grow has-black-color has-text-color wp-block-list\">\n<li>\u00das de l&#8217;adre\u00e7a del CINC<\/li>\n\n\n\n<li>B\u00fastia privada<\/li>\n\n\n\n<li>Recepci\u00f3 de missatgeria i paqueteria<\/li>\n\n\n\n<li>Reenviament correu postal<\/li>\n<\/ul>\n\n\n\n<div class=\"wp-block-buttons is-content-justification-center is-layout-flex wp-container-core-buttons-is-layout-a89b3969 wp-block-buttons-is-layout-flex\">\n<div class=\"wp-block-button\"><a class=\"wp-block-button__link has-text-align-center wp-element-button\" href=\"https:\/\/www.cinc.com\/contacte\/\">M\u00e9s info<\/a><\/div>\n<\/div>\n<\/div>\n\n\n\n<div class=\"wp-block-uagb-container uagb-block-4f928fb5\">\n<div class=\"wp-block-group is-layout-constrained wp-block-group-is-layout-constrained\" style=\"margin-bottom:var(--wp--preset--spacing--50)\">\n<h4 class=\"wp-block-heading has-text-align-center has-black-color has-text-color\">Domiciliaci\u00f3<br>personalitzada<\/h4>\n\n\n\n<p class=\"has-text-align-center has-black-color has-text-color\">Domicili fiscal i social de la societat a CINC + Recepci\u00f3 de trucades<\/p>\n<\/div>\n\n\n\n<ul class=\"checks-list flex-grow has-black-color has-text-color wp-block-list\">\n<li>B\u00fastia privada<\/li>\n\n\n\n<li>Recepci\u00f3 de missatgeria i paqueteria<\/li>\n\n\n\n<li>Reenviament de correu postal<\/li>\n\n\n\n<li>N\u00famero de tel\u00e8fon exclusiu<\/li>\n\n\n\n<li>Gesti\u00f3 d&#8217;agenda personal<\/li>\n\n\n\n<li>Logotip al Hall de l&#8217;edifici<\/li>\n\n\n\n<li>Recepci\u00f3 de visites<\/li>\n\n\n\n<li>Tarifes preferents per a la resta de serveis<\/li>\n\n\n\n<li>Servei d&#8217;atenci\u00f3 telef\u00f2nica personalitzada amb el nom de l&#8217;empresa<\/li>\n\n\n\n<li>\u00das de l&#8217;adre\u00e7a del CINC<\/li>\n<\/ul>\n\n\n\n<div class=\"wp-block-buttons is-content-justification-center is-layout-flex wp-container-core-buttons-is-layout-a89b3969 wp-block-buttons-is-layout-flex\">\n<div class=\"wp-block-button\"><a class=\"wp-block-button__link has-text-align-center wp-element-button\" href=\"https:\/\/www.cinc.com\/contacte\/\">M\u00e9s info<\/a><\/div>\n<\/div>\n<\/div>\n\n\n\n<div class=\"wp-block-uagb-container uagb-block-cda58790\">\n<div class=\"wp-block-group is-layout-constrained wp-block-group-is-layout-constrained\" style=\"margin-bottom:var(--wp--preset--spacing--50)\">\n<h4 class=\"wp-block-heading has-text-align-center has-black-color has-text-color\">Atenci\u00f3<br>telef\u00f2nica<\/h4>\n\n\n\n<p class=\"has-text-align-center has-black-color has-text-color\">Servei exclusiu d&#8217;atenci\u00f3 telef\u00f2nica<\/p>\n<\/div>\n\n\n\n<ul class=\"checks-list flex-grow wp-block-list\">\n<li>Recepci\u00f3 personalitzada de trucades amb n\u00famero de tel\u00e8fon exclusiu ateses a nom de l&#8217;empresa<\/li>\n\n\n\n<li>Les trucades es desvien a un tel\u00e8fon m\u00f2bil o fix o es passa nota per email si no es pot contestar<\/li>\n<\/ul>\n\n\n\n<div class=\"wp-block-buttons is-content-justification-center is-layout-flex wp-container-core-buttons-is-layout-a89b3969 wp-block-buttons-is-layout-flex\">\n<div class=\"wp-block-button\"><a class=\"wp-block-button__link has-text-align-center wp-element-button\" href=\"https:\/\/www.cinc.com\/contacte\/\">M\u00e9s info<\/a><\/div>\n<\/div>\n<\/div>\n<\/div><\/div>\n\n\n\n<div class=\"wp-block-uagb-container uagb-block-520c94a1 alignfull uagb-is-root-container\"><div class=\"uagb-container-inner-blocks-wrap\">\n<div class=\"marquee-text-wrapper \"><p class=\"marquee-text big-title fw\">Apunta&#8217;t a la nostra newsletter<\/p><\/div>\n\n\n<div class=\"wp-block-cinc-blocks-newsletter-form\">\n    <form id=\"newsletter-form\" method=\"POST\" class=\"wp-block-cinc-blocks-newsletter-form__form\">\n        <input class=\"wp-block-cinc-blocks-newsletter-form__field\" type=\"text\" placeholder=\"Your name\" name=\"name\" required \/>\n        <select class=\"wp-block-cinc-blocks-newsletter-form__select\" name=\"town\" required>\n            <option value=\"\" readonly>Town<\/option>\n            <option value=\"barcelona\">Barcelona<\/option>\n            <option value=\"girona\">Girona<\/option>\n        <\/select>\n        <input class=\"wp-block-cinc-blocks-newsletter-form__field\" type=\"email\" placeholder=\"Your email\" name=\"email\" required \/>\n        <button class=\"wp-block-cinc-blocks-newsletter-form__button\">Subscribe<\/button>\n    <\/form>\n    <div id=\"newsletter-form-response\"><\/div>\n<\/div><\/div><\/div>\n","protected":false},"excerpt":{"rendered":"<p>Domiciliaci\u00f3b\u00e0sica Domicili fiscal i social de lasocietat a CINC Domiciliaci\u00f3personalitzada Domicili fiscal i social de la societat a CINC + Recepci\u00f3 de trucades Atenci\u00f3telef\u00f2nica Servei exclusiu d&#8217;atenci\u00f3 telef\u00f2nica<\/p>\n","protected":false},"author":3,"featured_media":0,"parent":0,"menu_order":0,"comment_status":"closed","ping_status":"closed","template":"","meta":{"_acf_changed":false,"_uag_custom_page_level_css":"","footnotes":""},"class_list":["post-11735","page","type-page","status-publish","hentry"],"acf":[],"uagb_featured_image_src":{"full":false,"thumbnail":false,"medium":false,"medium_large":false,"large":false,"1536x1536":false,"2048x2048":false,"gform-image-choice-sm":false,"gform-image-choice-md":false,"gform-image-choice-lg":false},"uagb_author_info":{"display_name":"Anna","author_link":"https:\/\/www.cinc.com\/ca\/author\/anna\/"},"uagb_comment_info":0,"uagb_excerpt":"Domiciliaci\u00f3b\u00e0sica Domicili fiscal i social de lasocietat a CINC Domiciliaci\u00f3personalitzada Domicili fiscal i social de la societat a CINC + Recepci\u00f3 de trucades Atenci\u00f3telef\u00f2nica Servei exclusiu d&#8217;atenci\u00f3 telef\u00f2nica","jetpack_sharing_enabled":true,"_links":{"self":[{"href":"https:\/\/www.cinc.com\/ca\/wp-json\/wp\/v2\/pages\/11735","targetHints":{"allow":["GET"]}}],"collection":[{"href":"https:\/\/www.cinc.com\/ca\/wp-json\/wp\/v2\/pages"}],"about":[{"href":"https:\/\/www.cinc.com\/ca\/wp-json\/wp\/v2\/types\/page"}],"author":[{"embeddable":true,"href":"https:\/\/www.cinc.com\/ca\/wp-json\/wp\/v2\/users\/3"}],"replies":[{"embeddable":true,"href":"https:\/\/www.cinc.com\/ca\/wp-json\/wp\/v2\/comments?post=11735"}],"version-history":[{"count":13,"href":"https:\/\/www.cinc.com\/ca\/wp-json\/wp\/v2\/pages\/11735\/revisions"}],"predecessor-version":[{"id":20724,"href":"https:\/\/www.cinc.com\/ca\/wp-json\/wp\/v2\/pages\/11735\/revisions\/20724"}],"wp:attachment":[{"href":"https:\/\/www.cinc.com\/ca\/wp-json\/wp\/v2\/media?parent=11735"}],"curies":[{"name":"wp","href":"https:\/\/api.w.org\/{rel}","templated":true}]}}