{"id":10945,"date":"2023-03-07T10:31:01","date_gmt":"2023-03-07T10:31:01","guid":{"rendered":"https:\/\/www.cinc.com\/?page_id=10945"},"modified":"2025-11-21T20:59:20","modified_gmt":"2025-11-21T19:59:20","slug":"assessoria-dempreses","status":"publish","type":"page","link":"https:\/\/www.cinc.com\/ca\/assessoria-dempreses\/","title":{"rendered":"Assessoria d&#8217;empreses i gestoria"},"content":{"rendered":"\n<div class=\"wp-block-humpton-gutenberg-container content-row light-section normal row_padding_top row_padding_bottom change-header-color\" data-bgcolor=\"#ffffff\" style=\"text-align:left\">\n<div class=\"wp-block-humpton-gutenberg-container content-row light-section normal row_padding_bottom\" data-bgcolor=\"#ffffff\" style=\"text-align:left\">\n<h2 class=\"wp-block-heading\" style=\"margin-bottom:var(--wp--preset--spacing--70)\"><strong><strong><strong><strong>Perqu\u00e8 ens escullen<\/strong><\/strong><\/strong><\/strong><\/h2>\n\n\n\n<div class=\"wp-block-columns is-layout-flex wp-container-core-columns-is-layout-f93a57d3 wp-block-columns-is-layout-flex\">\n<div class=\"wp-block-column is-layout-flow wp-block-column-is-layout-flow\">\n<div class=\"wp-block-group is-layout-constrained wp-block-group-is-layout-constrained\">\n<figure class=\"wp-block-image size-full is-resized\"><img loading=\"lazy\" decoding=\"async\" width=\"168\" height=\"157\" src=\"https:\/\/www.cinc.com\/wp-content\/uploads\/2023\/10\/Mesa-de-trabajo-4-copia-8-1.png\" alt=\"\" class=\"wp-image-18077\" style=\"aspect-ratio:1.070063694267516;width:54px;height:auto\"\/><\/figure>\n\n\n\n<p style=\"margin-top:0;margin-bottom:0\"><strong><strong>Experi\u00e8ncia<\/strong><\/strong><\/p>\n\n\n\n<p>Sabem el que fem: portem m\u00e9s de 30 anys al servei de grans empreses, pimes i aut\u00f2noms en diferents sectors.<\/p>\n<\/div>\n<\/div>\n\n\n\n<div class=\"wp-block-column is-layout-flow wp-block-column-is-layout-flow\">\n<div class=\"wp-block-group is-layout-constrained wp-block-group-is-layout-constrained\">\n<figure class=\"wp-block-image size-full is-resized\"><img loading=\"lazy\" decoding=\"async\" width=\"168\" height=\"157\" src=\"http:\/\/www.cinc.com\/wp-content\/uploads\/2023\/10\/Mesa-de-trabajo-4-copia-5.png\" alt=\"\" class=\"wp-image-18044\" style=\"aspect-ratio:1.070063694267516;width:52px;height:auto\"\/><\/figure>\n\n\n\n<p style=\"margin-top:0;margin-bottom:0\"><strong><strong><strong>Qualitat<\/strong><\/strong><\/strong><\/p>\n\n\n\n<p>Posem al teu abast un assessorament empresarial 360\u00ba amb un equip de professionals especialitzats que t\u2019ofereixen una atenci\u00f3 personalitzada.<\/p>\n<\/div>\n<\/div>\n\n\n\n<div class=\"wp-block-column is-layout-flow wp-block-column-is-layout-flow\">\n<div class=\"wp-block-group is-layout-constrained wp-block-group-is-layout-constrained\">\n<figure class=\"wp-block-image size-full is-resized\"><img loading=\"lazy\" decoding=\"async\" width=\"168\" height=\"157\" src=\"http:\/\/www.cinc.com\/wp-content\/uploads\/2023\/10\/Mesa-de-trabajo-4-copia-14.png\" alt=\"\" class=\"wp-image-18048\" style=\"aspect-ratio:1.070063694267516;width:54px;height:auto\"\/><\/figure>\n\n\n\n<p style=\"margin-top:0;margin-bottom:0\"><strong><strong>Proximitat<\/strong><\/strong><\/p>\n\n\n\n<p>Estem sempre al teu costat per resoldre tots els teus dubtes i garantir una comunicaci\u00f3 \u00e0gil i directa.<\/p>\n<\/div>\n<\/div>\n\n\n\n<div class=\"wp-block-column is-layout-flow wp-block-column-is-layout-flow\">\n<div class=\"wp-block-group is-layout-constrained wp-block-group-is-layout-constrained\">\n<figure class=\"wp-block-image size-full\"><img loading=\"lazy\" decoding=\"async\" width=\"50\" height=\"47\" src=\"http:\/\/www.cinc.com\/wp-content\/uploads\/2023\/03\/Icon18.png\" alt=\"\" class=\"wp-image-12251\"\/><\/figure>\n\n\n\n<p style=\"margin-top:0;margin-bottom:0\"><strong><strong><strong>Innovaci\u00f3<\/strong><\/strong><\/strong><\/p>\n\n\n\n<p>Comptem amb les millors eines i processos digitals per oferir-te un servei \u00e0gil i a l\u2019avantguarda de la tecnologia.<\/p>\n<\/div>\n<\/div>\n<\/div>\n<\/div>\n<\/div>\n\n\n\n<div class=\"wp-block-humpton-gutenberg-container content-row light-section normal row_padding_bottom change-header-color\" data-bgcolor=\"#ffffff\" style=\"text-align:left\">\n<div class=\"marquee-text-wrapper \"><p class=\"marquee-text big-title fw\">Serveis CINC assesoria<\/p><\/div>\n<\/div>\n\n\n\n<div class=\"wp-block-uagb-container uagb-block-c06a8757 alignfull uagb-is-root-container\"><div class=\"uagb-container-inner-blocks-wrap\">\n<div class=\"wp-block-uagb-container uagb-block-e0cb9f4e\">\n<div class=\"wp-block-cover has-custom-content-position is-position-bottom-left rounded-big--top-left\"><img loading=\"lazy\" decoding=\"async\" width=\"1200\" height=\"1800\" class=\"wp-block-cover__image-background wp-image-11293\" alt=\"\" src=\"https:\/\/www.cinc.com\/wp-content\/uploads\/2023\/03\/MicrosoftTeams-image-4-1.jpg\" data-object-fit=\"cover\"\/><span aria-hidden=\"true\" class=\"wp-block-cover__background has-background-dim-10 has-background-dim\"><\/span><div class=\"wp-block-cover__inner-container is-layout-flow wp-block-cover-is-layout-flow\">\n<h2 class=\"wp-block-heading has-text-align-left has-large-font-size\"><a href=\"https:\/\/www.cinc.com\/ca\/autonoms-i-empreses\/\">Aut\u00f2noms i empreses<\/a><\/h2>\n<\/div><\/div>\n<\/div>\n\n\n\n<div class=\"wp-block-uagb-container uagb-block-d2887f04\">\n<div class=\"wp-block-cover has-custom-content-position is-position-bottom-left\"><img loading=\"lazy\" decoding=\"async\" width=\"1200\" height=\"580\" class=\"wp-block-cover__image-background wp-image-18330\" alt=\"\" src=\"http:\/\/www.cinc.com\/wp-content\/uploads\/2023\/10\/particularsifamilia.jpg\" data-object-fit=\"cover\" srcset=\"https:\/\/www.cinc.com\/wp-content\/uploads\/2023\/10\/particularsifamilia.jpg 1200w, https:\/\/www.cinc.com\/wp-content\/uploads\/2023\/10\/particularsifamilia-300x145.jpg 300w, https:\/\/www.cinc.com\/wp-content\/uploads\/2023\/10\/particularsifamilia-1024x495.jpg 1024w, https:\/\/www.cinc.com\/wp-content\/uploads\/2023\/10\/particularsifamilia-768x371.jpg 768w\" sizes=\"auto, (max-width: 1200px) 100vw, 1200px\" \/><span aria-hidden=\"true\" class=\"wp-block-cover__background has-background-dim-30 has-background-dim\"><\/span><div class=\"wp-block-cover__inner-container is-layout-flow wp-block-cover-is-layout-flow\">\n<h2 class=\"wp-block-heading has-text-align-left has-white-color has-text-color has-large-font-size\"><a href=\"https:\/\/www.cinc.com\/ca\/particulars-i-familia\/\">Particulars i fam\u00edlia<\/a><\/h2>\n<\/div><\/div>\n<\/div>\n\n\n\n<div class=\"wp-block-uagb-container uagb-block-eeda9232\">\n<div class=\"wp-block-cover is-light has-custom-content-position is-position-bottom-left rounded-big--bottom-right\"><img loading=\"lazy\" decoding=\"async\" width=\"1200\" height=\"800\" class=\"wp-block-cover__image-background wp-image-18343\" alt=\"\" src=\"http:\/\/www.cinc.com\/wp-content\/uploads\/2023\/10\/noresident.jpg\" data-object-fit=\"cover\" srcset=\"https:\/\/www.cinc.com\/wp-content\/uploads\/2023\/10\/noresident.jpg 1200w, https:\/\/www.cinc.com\/wp-content\/uploads\/2023\/10\/noresident-300x200.jpg 300w, https:\/\/www.cinc.com\/wp-content\/uploads\/2023\/10\/noresident-1024x683.jpg 1024w, https:\/\/www.cinc.com\/wp-content\/uploads\/2023\/10\/noresident-768x512.jpg 768w\" sizes=\"auto, (max-width: 1200px) 100vw, 1200px\" \/><span aria-hidden=\"true\" class=\"wp-block-cover__background has-background-dim-30 has-background-dim\"><\/span><div class=\"wp-block-cover__inner-container is-layout-flow wp-block-cover-is-layout-flow\">\n<h2 class=\"wp-block-heading has-text-align-left has-white-color has-text-color has-large-font-size\"><a href=\"https:\/\/www.cinc.com\/ca\/no-residents\/\">No residents<\/a><\/h2>\n<\/div><\/div>\n<\/div>\n<\/div><\/div>\n\n\n\n<div class=\"wp-block-uagb-container uagb-block-258b5cec alignfull uagb-is-root-container\"><div class=\"uagb-container-inner-blocks-wrap\">\n<div class=\"wp-block-uagb-container uagb-block-7aeb13f8\">\n<div class=\"wp-block-cover has-custom-content-position is-position-bottom-left rounded-big--top-left\"><img loading=\"lazy\" decoding=\"async\" width=\"1200\" height=\"800\" class=\"wp-block-cover__image-background wp-image-18349\" alt=\"\" src=\"http:\/\/www.cinc.com\/wp-content\/uploads\/2023\/10\/emprenedors.jpg\" data-object-fit=\"cover\" srcset=\"https:\/\/www.cinc.com\/wp-content\/uploads\/2023\/10\/emprenedors.jpg 1200w, https:\/\/www.cinc.com\/wp-content\/uploads\/2023\/10\/emprenedors-300x200.jpg 300w, https:\/\/www.cinc.com\/wp-content\/uploads\/2023\/10\/emprenedors-1024x683.jpg 1024w, https:\/\/www.cinc.com\/wp-content\/uploads\/2023\/10\/emprenedors-768x512.jpg 768w\" sizes=\"auto, (max-width: 1200px) 100vw, 1200px\" \/><span aria-hidden=\"true\" class=\"wp-block-cover__background has-background-dim-40 has-background-dim\"><\/span><div class=\"wp-block-cover__inner-container is-layout-flow wp-block-cover-is-layout-flow\">\n<h2 class=\"wp-block-heading has-text-align-left has-white-color has-text-color has-large-font-size\"><a href=\"https:\/\/www.cinc.com\/ca\/emprenedors\/\">Emprenedors<\/a><\/h2>\n<\/div><\/div>\n<\/div>\n\n\n\n<div class=\"wp-block-uagb-container uagb-block-7513e782\">\n<div class=\"wp-block-cover is-light has-custom-content-position is-position-bottom-left rounded-big--bottom-right\"><img loading=\"lazy\" decoding=\"async\" width=\"1200\" height=\"800\" class=\"wp-block-cover__image-background wp-image-18356\" alt=\"\" src=\"http:\/\/www.cinc.com\/wp-content\/uploads\/2023\/10\/tercersector.jpg\" data-object-fit=\"cover\" srcset=\"https:\/\/www.cinc.com\/wp-content\/uploads\/2023\/10\/tercersector.jpg 1200w, https:\/\/www.cinc.com\/wp-content\/uploads\/2023\/10\/tercersector-300x200.jpg 300w, https:\/\/www.cinc.com\/wp-content\/uploads\/2023\/10\/tercersector-1024x683.jpg 1024w, https:\/\/www.cinc.com\/wp-content\/uploads\/2023\/10\/tercersector-768x512.jpg 768w\" sizes=\"auto, (max-width: 1200px) 100vw, 1200px\" \/><span aria-hidden=\"true\" class=\"wp-block-cover__background has-background-dim-30 has-background-dim\"><\/span><div class=\"wp-block-cover__inner-container is-layout-flow wp-block-cover-is-layout-flow\">\n<h2 class=\"wp-block-heading has-text-align-left has-white-color has-text-color has-large-font-size\"><a href=\"https:\/\/www.cinc.com\/ca\/tercer-sector\/\">Tercer sector<\/a><\/h2>\n<\/div><\/div>\n<\/div>\n\n\n\n<div class=\"wp-block-uagb-container uagb-block-d23b6526\"><\/div>\n<\/div><\/div>\n\n\n\n<div class=\"wp-block-uagb-container uagb-block-cedb4611 alignfull uagb-is-root-container\"><div class=\"uagb-container-inner-blocks-wrap\">\n<h2 class=\"wp-block-heading has-text-align-center\">Vine a con\u00e8ixer-nos<\/h2>\n<\/div><\/div>\n\n\n\n<div class=\"wp-block-uagb-container uagb-block-4984a167 alignfull uagb-is-root-container\"><div class=\"uagb-container-inner-blocks-wrap\">\n<div class=\"wp-block-uagb-container uagb-block-3cdfd36b\">\n<div class=\"wp-block-group is-layout-constrained wp-block-group-is-layout-constrained\">\n<figure class=\"wp-block-image size-full is-resized\"><img loading=\"lazy\" decoding=\"async\" width=\"1200\" height=\"851\" src=\"https:\/\/www.cinc.com\/wp-content\/uploads\/2024\/01\/edifici-cinc-1.webp\" alt=\"\" class=\"wp-image-20395\" style=\"aspect-ratio:3\/2;object-fit:cover;width:500px;height:undefinedpx\" srcset=\"https:\/\/www.cinc.com\/wp-content\/uploads\/2024\/01\/edifici-cinc-1.webp 1200w, https:\/\/www.cinc.com\/wp-content\/uploads\/2024\/01\/edifici-cinc-1-300x213.webp 300w, https:\/\/www.cinc.com\/wp-content\/uploads\/2024\/01\/edifici-cinc-1-1024x726.webp 1024w, https:\/\/www.cinc.com\/wp-content\/uploads\/2024\/01\/edifici-cinc-1-768x545.webp 768w\" sizes=\"auto, (max-width: 1200px) 100vw, 1200px\" \/><\/figure>\n\n\n\n<div class=\"wp-block-group is-layout-constrained wp-block-group-is-layout-constrained\" style=\"padding-top:var(--wp--preset--spacing--50);padding-bottom:0\">\n<p class=\"has-text-align-center\" style=\"margin-top:0;margin-bottom:0\"><strong><a href=\"https:\/\/www.cinc.com\/cinc-barcelona\/\" data-type=\"link\" data-id=\"https:\/\/www.cinc.com\/cinc-barcelona\/\">CINC BARCELONA<\/a><\/strong><\/p>\n\n\n\n<p class=\"has-text-align-center\" style=\"margin-top:0;margin-bottom:0;padding-top:0;padding-bottom:0\">C\/Llull, 321<\/p>\n<\/div>\n<\/div>\n<\/div>\n\n\n\n<div class=\"wp-block-uagb-container uagb-block-613cde8d\">\n<div class=\"wp-block-group is-layout-constrained wp-block-group-is-layout-constrained\">\n<figure class=\"wp-block-image size-full is-resized\"><img loading=\"lazy\" decoding=\"async\" width=\"1200\" height=\"831\" src=\"https:\/\/www.cinc.com\/wp-content\/uploads\/2024\/01\/edifici-cinc-2.webp\" alt=\"\" class=\"wp-image-20399\" style=\"aspect-ratio:3\/2;object-fit:cover;width:500px;height:undefinedpx\" srcset=\"https:\/\/www.cinc.com\/wp-content\/uploads\/2024\/01\/edifici-cinc-2.webp 1200w, https:\/\/www.cinc.com\/wp-content\/uploads\/2024\/01\/edifici-cinc-2-300x208.webp 300w, https:\/\/www.cinc.com\/wp-content\/uploads\/2024\/01\/edifici-cinc-2-1024x709.webp 1024w, https:\/\/www.cinc.com\/wp-content\/uploads\/2024\/01\/edifici-cinc-2-768x532.webp 768w\" sizes=\"auto, (max-width: 1200px) 100vw, 1200px\" \/><\/figure>\n\n\n\n<div class=\"wp-block-group is-layout-constrained wp-block-group-is-layout-constrained\" style=\"padding-top:var(--wp--preset--spacing--50);padding-bottom:0\">\n<p class=\"has-text-align-center\" style=\"margin-top:0;margin-bottom:0\"><strong><a href=\"https:\/\/www.cinc.com\/cinc-girona\/\" data-type=\"link\" data-id=\"https:\/\/www.cinc.com\/cinc-girona\/\">CINC GIRONA<\/a><\/strong><\/p>\n\n\n\n<p class=\"has-text-align-center\" style=\"margin-top:0;margin-bottom:0;padding-top:0;padding-bottom:0\">C\/Riu G\u00fcell, 58<\/p>\n<\/div>\n<\/div>\n<\/div>\n\n\n\n<div class=\"wp-block-uagb-container uagb-block-11cbbdcb\">\n<div class=\"wp-block-group is-layout-constrained wp-block-group-is-layout-constrained\">\n<figure class=\"wp-block-image size-full is-resized\"><img loading=\"lazy\" decoding=\"async\" width=\"1200\" height=\"1014\" src=\"https:\/\/www.cinc.com\/wp-content\/uploads\/2024\/01\/edifici-cinc-3.webp\" alt=\"\" class=\"wp-image-20404\" style=\"aspect-ratio:3\/2;object-fit:cover;width:500px;height:undefinedpx\" srcset=\"https:\/\/www.cinc.com\/wp-content\/uploads\/2024\/01\/edifici-cinc-3.webp 1200w, https:\/\/www.cinc.com\/wp-content\/uploads\/2024\/01\/edifici-cinc-3-300x254.webp 300w, https:\/\/www.cinc.com\/wp-content\/uploads\/2024\/01\/edifici-cinc-3-1024x865.webp 1024w, https:\/\/www.cinc.com\/wp-content\/uploads\/2024\/01\/edifici-cinc-3-768x649.webp 768w\" sizes=\"auto, (max-width: 1200px) 100vw, 1200px\" \/><\/figure>\n\n\n\n<div class=\"wp-block-group is-layout-constrained wp-block-group-is-layout-constrained\" style=\"padding-top:var(--wp--preset--spacing--50);padding-bottom:0\">\n<p class=\"has-text-align-center\" style=\"margin-top:0;margin-bottom:0;padding-top:0;padding-bottom:0\"><strong>CINC FIGUERES<\/strong><\/p>\n\n\n\n<p class=\"has-text-align-center\" style=\"margin-top:0;margin-bottom:0;padding-top:0;padding-bottom:0\">C\/Blanc, 8<\/p>\n<\/div>\n<\/div>\n<\/div>\n<\/div><\/div>\n\n\n\n<div class=\"wp-block-uagb-container uagb-block-66a52195 default uagb-is-root-container\">\n<div class=\"wp-block-uagb-advanced-heading uagb-block-d47e4286\"><h2 class=\"uagb-heading-text\">Not\u00edcies destacades<\/h2><\/div>\n\n\n\n\t\t\t<div class=\"wp-block-uagb-post-grid uagb-post-grid  uagb-post__image-position-top uagb-post__image-enabled uagb-block-ad528a11     uagb-post__items uagb-post__columns-3 is-grid uagb-post__columns-tablet-2 uagb-post__columns-mobile-1 uagb-post__equal-height\" data-total=\"170\" style=\"\">\n\n\t\t\t\t\t\t\t\t\t\t\t\t<article class=\"uagb-post__inner-wrap\">\t\t\t\t\t\t\t\t<div class='uagb-post__image'>\n\t\t\t\t\t\t\t\t\t<a href=\"https:\/\/www.cinc.com\/ca\/les-autoritats-de-proteccio-de-dades-reforcen-la-collaboracio-davant-els-reptes-digitals\/\" target=\"_self\" rel=\"bookmark noopener noreferrer\" class='uagb-image-ratio-9-16'><img loading=\"lazy\" decoding=\"async\" width=\"300\" height=\"196\" src=\"https:\/\/www.cinc.com\/wp-content\/uploads\/thedigitalway-computer-1591018_1920-300x196.jpg\" class=\"attachment-medium size-medium\" alt=\"\" srcset=\"https:\/\/www.cinc.com\/wp-content\/uploads\/thedigitalway-computer-1591018_1920-300x196.jpg 300w, https:\/\/www.cinc.com\/wp-content\/uploads\/thedigitalway-computer-1591018_1920-1651x1080.jpg 1651w, https:\/\/www.cinc.com\/wp-content\/uploads\/thedigitalway-computer-1591018_1920-768x502.jpg 768w, https:\/\/www.cinc.com\/wp-content\/uploads\/thedigitalway-computer-1591018_1920-1536x1005.jpg 1536w, https:\/\/www.cinc.com\/wp-content\/uploads\/thedigitalway-computer-1591018_1920.jpg 1920w\" sizes=\"auto, (max-width: 300px) 100vw, 300px\" \/>\t\t\t\t\t<\/a>\n\t\t\t\t\t\t\t<\/div>\n\t\t\t\t\t\t<h4 class=\"uagb-post__title uagb-post__text\">\n\t\t\t\t<a href=\"https:\/\/www.cinc.com\/ca\/les-autoritats-de-proteccio-de-dades-reforcen-la-collaboracio-davant-els-reptes-digitals\/\" target=\"_self\" rel=\"bookmark noopener noreferrer\">Les autoritats de protecci\u00f3 de dades reforcen la col\u00b7laboraci\u00f3 davant els reptes digitals<\/a>\n\t\t\t<\/h4>\n\t\t\t\t\t\t<div class='uagb-post__text uagb-post-grid-byline'>\n\t\t\t\t\t\t\t<\/div>\n\t\t\t\t\t\t\t<div class='uagb-post__text uagb-post__excerpt'>\n\t\t\t\t\tOrganismes p\u00fablics han acordat treballar de manera conjunta per refor\u00e7ar la seguretat de la informaci\u00f3&#8230;\t\t\t\t<\/div>\n\t\t\t\t\t\t<div class=\"uagb-post__text uagb-post__cta wp-block-button\">\n\t\t\t\t<a class=\"wp-block-button__link uagb-text-link\" style=\"\" href=\"https:\/\/www.cinc.com\/ca\/les-autoritats-de-proteccio-de-dades-reforcen-la-collaboracio-davant-els-reptes-digitals\/\" target=\"_self\" rel=\"bookmark noopener noreferrer\">Llegir m\u00e9s<\/a>\n\t\t\t<\/div>\n\t\t\t\n\t\t\t\t\t\t\t\t\t<\/article>\n\t\t\t\t\t\t\t\t\t\t\t\t\t\t\t\t<article class=\"uagb-post__inner-wrap\">\t\t\t\t\t\t\t\t<div class='uagb-post__image'>\n\t\t\t\t\t\t\t\t\t<a href=\"https:\/\/www.cinc.com\/ca\/la-aepd-impulsa-una-xarxa-estatal-de-recerca-en-privacitat-i-tecnologies-emergents\/\" target=\"_self\" rel=\"bookmark noopener noreferrer\" class='uagb-image-ratio-9-16'><img loading=\"lazy\" decoding=\"async\" width=\"300\" height=\"200\" src=\"https:\/\/www.cinc.com\/wp-content\/uploads\/geralt-network-4109223_1920-300x200.jpg\" class=\"attachment-medium size-medium\" alt=\"\" srcset=\"https:\/\/www.cinc.com\/wp-content\/uploads\/geralt-network-4109223_1920-300x200.jpg 300w, https:\/\/www.cinc.com\/wp-content\/uploads\/geralt-network-4109223_1920-1620x1080.jpg 1620w, https:\/\/www.cinc.com\/wp-content\/uploads\/geralt-network-4109223_1920-768x512.jpg 768w, https:\/\/www.cinc.com\/wp-content\/uploads\/geralt-network-4109223_1920-1536x1024.jpg 1536w, https:\/\/www.cinc.com\/wp-content\/uploads\/geralt-network-4109223_1920.jpg 1920w\" sizes=\"auto, (max-width: 300px) 100vw, 300px\" \/>\t\t\t\t\t<\/a>\n\t\t\t\t\t\t\t<\/div>\n\t\t\t\t\t\t<h4 class=\"uagb-post__title uagb-post__text\">\n\t\t\t\t<a href=\"https:\/\/www.cinc.com\/ca\/la-aepd-impulsa-una-xarxa-estatal-de-recerca-en-privacitat-i-tecnologies-emergents\/\" target=\"_self\" rel=\"bookmark noopener noreferrer\">La AEPD impulsa una xarxa estatal de recerca en privacitat i tecnologies emergents<\/a>\n\t\t\t<\/h4>\n\t\t\t\t\t\t<div class='uagb-post__text uagb-post-grid-byline'>\n\t\t\t\t\t\t\t<\/div>\n\t\t\t\t\t\t\t<div class='uagb-post__text uagb-post__excerpt'>\n\t\t\t\t\tUn nou espai de col\u00b7laboraci\u00f3 reuneix equips de recerca de tot l\u2019Estat per impulsar projectes&#8230;\t\t\t\t<\/div>\n\t\t\t\t\t\t<div class=\"uagb-post__text uagb-post__cta wp-block-button\">\n\t\t\t\t<a class=\"wp-block-button__link uagb-text-link\" style=\"\" href=\"https:\/\/www.cinc.com\/ca\/la-aepd-impulsa-una-xarxa-estatal-de-recerca-en-privacitat-i-tecnologies-emergents\/\" target=\"_self\" rel=\"bookmark noopener noreferrer\">Llegir m\u00e9s<\/a>\n\t\t\t<\/div>\n\t\t\t\n\t\t\t\t\t\t\t\t\t<\/article>\n\t\t\t\t\t\t\t\t\t\t\t\t\t\t\t\t<article class=\"uagb-post__inner-wrap\">\t\t\t\t\t\t\t\t<div class='uagb-post__image'>\n\t\t\t\t\t\t\t\t\t<a href=\"https:\/\/www.cinc.com\/ca\/responsabilitat-patrimonial-de-lestat-per-lapagada-electrica-del-28-dabril-de-2025\/\" target=\"_self\" rel=\"bookmark noopener noreferrer\" class='uagb-image-ratio-9-16'><img loading=\"lazy\" decoding=\"async\" width=\"300\" height=\"200\" src=\"https:\/\/www.cinc.com\/wp-content\/uploads\/analogicus-energy-crisis-7493668_1920-300x200.jpg\" class=\"attachment-medium size-medium\" alt=\"\" srcset=\"https:\/\/www.cinc.com\/wp-content\/uploads\/analogicus-energy-crisis-7493668_1920-300x200.jpg 300w, https:\/\/www.cinc.com\/wp-content\/uploads\/analogicus-energy-crisis-7493668_1920-1620x1080.jpg 1620w, https:\/\/www.cinc.com\/wp-content\/uploads\/analogicus-energy-crisis-7493668_1920-768x512.jpg 768w, https:\/\/www.cinc.com\/wp-content\/uploads\/analogicus-energy-crisis-7493668_1920-1536x1024.jpg 1536w, https:\/\/www.cinc.com\/wp-content\/uploads\/analogicus-energy-crisis-7493668_1920.jpg 1920w\" sizes=\"auto, (max-width: 300px) 100vw, 300px\" \/>\t\t\t\t\t<\/a>\n\t\t\t\t\t\t\t<\/div>\n\t\t\t\t\t\t<h4 class=\"uagb-post__title uagb-post__text\">\n\t\t\t\t<a href=\"https:\/\/www.cinc.com\/ca\/responsabilitat-patrimonial-de-lestat-per-lapagada-electrica-del-28-dabril-de-2025\/\" target=\"_self\" rel=\"bookmark noopener noreferrer\">Responsabilitat patrimonial de l\u2019Estat per l\u2019apagada el\u00e8ctrica del 28 d\u2019abril de 2025<\/a>\n\t\t\t<\/h4>\n\t\t\t\t\t\t<div class='uagb-post__text uagb-post-grid-byline'>\n\t\t\t\t\t\t\t<\/div>\n\t\t\t\t\t\t\t<div class='uagb-post__text uagb-post__excerpt'>\n\t\t\t\t\tS\u2019obre el debat jur\u00eddic sobre si els perjudicis derivats d\u2019un gran incident en el sistema&#8230;\t\t\t\t<\/div>\n\t\t\t\t\t\t<div class=\"uagb-post__text uagb-post__cta wp-block-button\">\n\t\t\t\t<a class=\"wp-block-button__link uagb-text-link\" style=\"\" href=\"https:\/\/www.cinc.com\/ca\/responsabilitat-patrimonial-de-lestat-per-lapagada-electrica-del-28-dabril-de-2025\/\" target=\"_self\" rel=\"bookmark noopener noreferrer\">Llegir m\u00e9s<\/a>\n\t\t\t<\/div>\n\t\t\t\n\t\t\t\t\t\t\t\t\t<\/article>\n\t\t\t\t\t\t\t\t\t\t\t<\/div>\n\t\t\t<\/div>\n\n\n\n<div class=\"wp-block-uagb-container uagb-block-490cca05 alignfull uagb-is-root-container\"><div class=\"uagb-container-inner-blocks-wrap\">\n<h2 class=\"wp-block-heading has-mask-fill no-margins\">Actes i confer\u00e8ncies<\/h2>\n\n\n\n<p>Descobreix i apunta\u2019t a tots els actes i confer\u00e8ncies organitzades!<\/p>\n\n\n\n<div class=\"wp-block-buttons is-layout-flex wp-block-buttons-is-layout-flex\">\n<div class=\"wp-block-button\"><a class=\"wp-block-button__link wp-element-button\" href=\"https:\/\/www.cinc.com\/actes\/\">Veure actes<\/a><\/div>\n<\/div>\n<\/div><\/div>\n\n\n\n<div class=\"wp-block-uagb-container uagb-block-520c94a1 alignfull uagb-is-root-container\"><div class=\"uagb-container-inner-blocks-wrap\">\n<div class=\"marquee-text-wrapper \"><p class=\"marquee-text big-title fw\">Apunta&#8217;t a la nostra newsletter<\/p><\/div>\n\n\n<div class=\"wp-block-cinc-blocks-newsletter-form\">\n    <form id=\"newsletter-form\" method=\"POST\" class=\"wp-block-cinc-blocks-newsletter-form__form\">\n        <input class=\"wp-block-cinc-blocks-newsletter-form__field\" type=\"text\" placeholder=\"Your name\" name=\"name\" required \/>\n        <select class=\"wp-block-cinc-blocks-newsletter-form__select\" name=\"town\" required>\n            <option value=\"\" readonly>Town<\/option>\n            <option value=\"barcelona\">Barcelona<\/option>\n            <option value=\"girona\">Girona<\/option>\n        <\/select>\n        <input class=\"wp-block-cinc-blocks-newsletter-form__field\" type=\"email\" placeholder=\"Your email\" name=\"email\" required \/>\n        <button class=\"wp-block-cinc-blocks-newsletter-form__button\">Subscribe<\/button>\n    <\/form>\n    <div id=\"newsletter-form-response\"><\/div>\n<\/div><\/div><\/div>\n","protected":false},"excerpt":{"rendered":"<p>Not\u00edcies destacades<\/p>\n","protected":false},"author":1,"featured_media":0,"parent":0,"menu_order":0,"comment_status":"closed","ping_status":"closed","template":"","meta":{"_acf_changed":false,"_uag_custom_page_level_css":"","footnotes":""},"class_list":["post-10945","page","type-page","status-publish","hentry"],"acf":[],"uagb_featured_image_src":{"full":false,"thumbnail":false,"medium":false,"medium_large":false,"large":false,"1536x1536":false,"2048x2048":false,"gform-image-choice-sm":false,"gform-image-choice-md":false,"gform-image-choice-lg":false},"uagb_author_info":{"display_name":"Pol","author_link":"https:\/\/www.cinc.com\/ca\/author\/pol\/"},"uagb_comment_info":0,"uagb_excerpt":"Not\u00edcies destacades","jetpack_sharing_enabled":true,"_links":{"self":[{"href":"https:\/\/www.cinc.com\/ca\/wp-json\/wp\/v2\/pages\/10945","targetHints":{"allow":["GET"]}}],"collection":[{"href":"https:\/\/www.cinc.com\/ca\/wp-json\/wp\/v2\/pages"}],"about":[{"href":"https:\/\/www.cinc.com\/ca\/wp-json\/wp\/v2\/types\/page"}],"author":[{"embeddable":true,"href":"https:\/\/www.cinc.com\/ca\/wp-json\/wp\/v2\/users\/1"}],"replies":[{"embeddable":true,"href":"https:\/\/www.cinc.com\/ca\/wp-json\/wp\/v2\/comments?post=10945"}],"version-history":[{"count":18,"href":"https:\/\/www.cinc.com\/ca\/wp-json\/wp\/v2\/pages\/10945\/revisions"}],"predecessor-version":[{"id":32642,"href":"https:\/\/www.cinc.com\/ca\/wp-json\/wp\/v2\/pages\/10945\/revisions\/32642"}],"wp:attachment":[{"href":"https:\/\/www.cinc.com\/ca\/wp-json\/wp\/v2\/media?parent=10945"}],"curies":[{"name":"wp","href":"https:\/\/api.w.org\/{rel}","templated":true}]}}