{"id":10932,"date":"2023-03-07T09:09:33","date_gmt":"2023-03-07T09:09:33","guid":{"rendered":"https:\/\/www.cinc.com\/?page_id=10932"},"modified":"2025-09-30T11:50:10","modified_gmt":"2025-09-30T10:50:10","slug":"lloguer-sales-barcelona","status":"publish","type":"page","link":"https:\/\/www.cinc.com\/ca\/lloguer-sales-barcelona\/","title":{"rendered":"Lloguer de sales a Barcelona"},"content":{"rendered":"\n<div class=\"wp-block-uagb-container uagb-block-3d42bc05 alignfull uagb-is-root-container\"><div class=\"uagb-container-inner-blocks-wrap\">\n<h3 class=\"wp-block-heading has-text-align-center\">On vols llogar les sales?<\/h3>\n\n\n\n<div class=\"wp-block-buttons is-content-justification-center is-layout-flex wp-container-core-buttons-is-layout-a89b3969 wp-block-buttons-is-layout-flex\">\n<div class=\"wp-block-button\"><a class=\"wp-block-button__link wp-element-button\">CINC Barcelona<\/a><\/div>\n\n\n\n<div class=\"wp-block-button\"><a class=\"wp-block-button__link has-black-color has-gray-100-background-color has-text-color has-background has-link-color wp-element-button\" href=\"https:\/\/www.cinc.com\/ca\/reunions-events-girona\/\">CINC Girona<\/a><\/div>\n<\/div>\n<\/div><\/div>\n\n\n\n<div class=\"wp-block-uagb-container uagb-block-682ff6f5 alignfull uagb-is-root-container\">\n<div class=\"wp-block-columns is-layout-flex wp-container-core-columns-is-layout-28f84493 wp-block-columns-is-layout-flex\">\n<div class=\"wp-block-column is-layout-flow wp-block-column-is-layout-flow\" style=\"flex-basis:25%\"><\/div>\n\n\n\n<div class=\"wp-block-column is-layout-flow wp-block-column-is-layout-flow\" style=\"flex-basis:65%\">\n<p class=\"has-text-align-center\">Els nostres espais s\u00f3n <strong>c\u00f2modes i vers\u00e0tils<\/strong>, de diferents capacitats, equipats amb l&#8217;\u00faltima tecnologia i amb opci\u00f3 de contractar serveis addicionals, com a servei de c\u00e0tering, traducci\u00f3 simult\u00e0nia o streaming.<\/p>\n\n\n\n<p class=\"has-text-align-center\">A m\u00e9s, tenim sales preparades per a organitzar <strong>pop-up stores, showrooms, filmacions i rodatges<\/strong>.<\/p>\n\n\n\n<p class=\"has-text-align-center\">Amb <strong>total flexibilitat<\/strong>: sales per a usos puntuals o permanents, lloguer durant jornada completa o mitja jornada i amb opci\u00f3 de descomptes per packs de sales.<\/p>\n\n\n\n<p>Amb tots els detalls perqu\u00e8 les teves reunions i esdeveniments professionals siguin un \u00e8xit:<\/p>\n\n\n\n<ul class=\"wp-block-list checks-list list--2-cols\">\n<li>Atenci\u00f3 i recepci\u00f3 dels teus assistents<\/li>\n\n\n\n<li>Logotip de la teva empresa al hall<\/li>\n\n\n\n<li>Servei professional de videoconfer\u00e8ncia<\/li>\n\n\n\n<li>Material d&#8217;oficina i flipchart<\/li>\n\n\n\n<li>Connexi\u00f3 Wi-fi d&#8217;alta velocitat<\/li>\n\n\n\n<li>Aig\u00fces<\/li>\n\n\n\n<li>Pissarra flipchart<\/li>\n<\/ul>\n<\/div>\n\n\n\n<div class=\"wp-block-column is-layout-flow wp-block-column-is-layout-flow\" style=\"flex-basis:25%\"><\/div>\n<\/div>\n<\/div>\n\n\n\n<div class=\"wp-block-uagb-container uagb-block-1272e90b alignfull uagb-is-root-container\">\n<div class=\"wp-block-uagb-container uagb-block-4420bda5\">\n<h2 class=\"wp-block-heading has-text-align-right has-large-font-size\" style=\"font-style:normal;font-weight:300\">Terrassa<\/h2>\n\n\n\n<p class=\"has-text-align-right text-with-people-icon\">100<\/p>\n\n\n\n<p class=\"has-text-align-right\">T&#8217;agradaria organitzar esdeveniments a l&#8217;exterior amb unes espectaculars vistes del mar? Gaudeix de la nostra terrassa a Barcelona, des de la qual podr\u00e0s realitzar nombroses activitats professionals gaudint d&#8217;una encantadora vista del litoral de la ciutat.<\/p>\n\n\n\n<p class=\"has-text-align-right\">\u00c9s perfecta per a treballar o atendre els teus convidats en un entorn exterior i informal. La nostra terrassa t\u00e9 una capacitat de fins a 100 persones.<\/p>\n\n\n\n<div class=\"wp-block-buttons is-content-justification-right is-layout-flex wp-container-core-buttons-is-layout-d445cf74 wp-block-buttons-is-layout-flex\">\n<div class=\"wp-block-button\"><a class=\"wp-block-button__link wp-element-button\" href=\"https:\/\/www.cinc.com\/pressupost\/\">Vull m\u00e9s informaci\u00f3<\/a><\/div>\n<\/div>\n<\/div>\n\n\n\n<div class=\"wp-block-uagb-container uagb-block-c88cb399\">\n<div class=\"wp-block-humpton-gutenberg-slider swiper-container content-slider light-cursor autocenter rounded-big--bottom-left--large\" data-delay=\"0\"><div class=\"swiper-wrapper\">\n<div class=\"swiper-slide\"><div class=\"slide-img\"><img decoding=\"async\" class=\"skip-lazy\" src=\"https:\/\/www.cinc.com\/wp-content\/uploads\/terrassa-1000-x-800-px-7.webp\" alt=\"\" \/><\/div><\/div>\n\n\n\n<div class=\"swiper-slide\"><div class=\"slide-img\"><img decoding=\"async\" class=\"skip-lazy\" src=\"https:\/\/www.cinc.com\/wp-content\/uploads\/terrassa.webp\" alt=\"\" \/><\/div><\/div>\n\n\n\n<div class=\"swiper-slide\"><div class=\"slide-img\"><img decoding=\"async\" class=\"skip-lazy\" src=\"https:\/\/www.cinc.com\/wp-content\/uploads\/terrassa-2.webp\" alt=\"\" \/><\/div><\/div>\n\n\n\n<div class=\"swiper-slide\"><div class=\"slide-img\"><img decoding=\"async\" class=\"skip-lazy\" src=\"https:\/\/www.cinc.com\/wp-content\/uploads\/terrassa-5.webp\" alt=\"\" \/><\/div><\/div>\n\n\n\n<div class=\"swiper-slide\"><div class=\"slide-img\"><img decoding=\"async\" class=\"skip-lazy\" src=\"https:\/\/www.cinc.com\/wp-content\/uploads\/terrassa-4.webp\" alt=\"\" \/><\/div><\/div>\n\n\n\n<div class=\"swiper-slide\"><div class=\"slide-img\"><img decoding=\"async\" class=\"skip-lazy\" src=\"https:\/\/www.cinc.com\/wp-content\/uploads\/terrassa-3.webp\" alt=\"\" \/><\/div><\/div>\n<\/div><div class=\"slider-button-next\"><\/div><div class=\"slider-button-prev\"><\/div><div class=\"swiper-pagination\"><\/div><\/div>\n<\/div>\n<\/div>\n\n\n\n<div class=\"wp-block-uagb-container uagb-block-1b44a1b2 alignfull uagb-is-root-container\">\n<div class=\"wp-block-humpton-gutenberg-slider swiper-container content-slider light-cursor autocenter rounded-big--bottom-left--large\" data-delay=\"0\"><div class=\"swiper-wrapper\">\n<div class=\"swiper-slide\"><div class=\"slide-img\"><img decoding=\"async\" class=\"skip-lazy\" src=\"https:\/\/www.cinc.com\/wp-content\/uploads\/reunions-1.webp\" alt=\"\" \/><\/div><\/div>\n\n\n\n<div class=\"swiper-slide\"><div class=\"slide-img\"><img decoding=\"async\" class=\"skip-lazy\" src=\"https:\/\/www.cinc.com\/wp-content\/uploads\/reunions-4.webp\" alt=\"\" \/><\/div><\/div>\n\n\n\n<div class=\"swiper-slide\"><div class=\"slide-img\"><img decoding=\"async\" class=\"skip-lazy\" src=\"https:\/\/www.cinc.com\/wp-content\/uploads\/reunions-3.webp\" alt=\"\" \/><\/div><\/div>\n\n\n\n<div class=\"swiper-slide\"><div class=\"slide-img\"><img decoding=\"async\" class=\"skip-lazy\" src=\"https:\/\/www.cinc.com\/wp-content\/uploads\/reunions-2.webp\" alt=\"\" \/><\/div><\/div>\n<\/div><div class=\"slider-button-next\"><\/div><div class=\"slider-button-prev\"><\/div><div class=\"swiper-pagination\"><\/div><\/div>\n\n\n\n<div class=\"wp-block-uagb-container uagb-block-fd53505e\">\n<h2 class=\"wp-block-heading has-text-align-left has-large-font-size\" style=\"font-style:normal;font-weight:300\">Sala de reunions <\/h2>\n\n\n\n<p class=\"has-text-align-left text-with-people-icon\">4 &#8211; 14<\/p>\n\n\n\n<p class=\"has-text-align-left\" style=\"margin-top:0;margin-bottom:0;padding-top:0;padding-bottom:0\">Posem a la teva disposici\u00f3 les nostres sales de reunions situades al 22@ de Barcelona, ideals per a atendre els teus clients i convidats de manera c\u00f2moda i professional.<\/p>\n\n\n\n<p style=\"margin-top:0;margin-bottom:0;padding-top:0;padding-bottom:0\">Les nostres sales modernes i equipades s\u00f3n l&#8217;espai ideal per a realitzar consultories, entrevistes, reunions corporatives, reunions internes, o establir relacions comercials.<\/p>\n\n\n\n<p style=\"margin-top:0;margin-bottom:0;padding-top:0;padding-bottom:0\">Amb capacitats d&#8217;entre 4-14 persones, proporcionen el m\u00e0xim confort i productivitat per a garantir-te la millor experi\u00e8ncia en les nostres instal\u00b7lacions.<\/p>\n\n\n\n<div class=\"wp-block-buttons is-layout-flex wp-block-buttons-is-layout-flex\">\n<div class=\"wp-block-button\"><a class=\"wp-block-button__link wp-element-button\" href=\"https:\/\/www.cinc.com\/pressupost\/\">Vull m\u00e9s informaci\u00f3<\/a><\/div>\n<\/div>\n<\/div>\n<\/div>\n\n\n\n<div class=\"wp-block-uagb-container uagb-block-621a99de alignfull uagb-is-root-container\">\n<div class=\"wp-block-uagb-container uagb-block-e2925545\">\n<h2 class=\"wp-block-heading has-text-align-right has-large-font-size\" style=\"font-style:normal;font-weight:300\">Sales per a esdeveniments corporatius i confer\u00e8ncies<\/h2>\n\n\n\n<p class=\"has-text-align-right text-with-people-icon\">45 &#8211; 95<\/p>\n\n\n\n<p class=\"has-text-align-right\" style=\"margin-top:0;margin-bottom:0;padding-top:0;padding-bottom:0\">Descobreix les millors sales per als teus esdeveniments corporatius a Barcelona: c\u00f2modes, vers\u00e0tils, amb excel\u00b7lent ac\u00fastica i tota la flexibilitat per a organitzar qualsevol reuni\u00f3, ja sigui per a celebrar un meeting, una jornada de confer\u00e8ncies o la presentaci\u00f3 de nous productes i serveis.<\/p>\n\n\n\n<p class=\"has-text-align-right\" style=\"margin-top:0;margin-bottom:0;padding-top:0;padding-bottom:0\">Els nostres espais per a esdeveniments tenen una capacitat de fins a 95 persones, amb il\u00b7luminaci\u00f3 natural i amb la possibilitat de contractar altres serveis addicionals per a atendre a tots els assistents al detall, i estan perfectament equipats amb tot el material necessari.<\/p>\n\n\n\n<div class=\"wp-block-buttons is-content-justification-right is-layout-flex wp-container-core-buttons-is-layout-d445cf74 wp-block-buttons-is-layout-flex\">\n<div class=\"wp-block-button\"><a class=\"wp-block-button__link wp-element-button\" href=\"https:\/\/www.cinc.com\/pressupost\/\">Vull m\u00e9s informaci\u00f3<\/a><\/div>\n<\/div>\n<\/div>\n\n\n\n<div class=\"wp-block-humpton-gutenberg-slider swiper-container content-slider light-cursor autocenter rounded-big--bottom-left--large\" data-delay=\"0\"><div class=\"swiper-wrapper\">\n<div class=\"swiper-slide\"><div class=\"slide-img\"><img decoding=\"async\" class=\"skip-lazy\" src=\"https:\/\/www.cinc.com\/wp-content\/uploads\/sales-esdeveniments-corporatiu-1.webp\" alt=\"\" \/><\/div><\/div>\n\n\n\n<div class=\"swiper-slide\"><div class=\"slide-img\"><img decoding=\"async\" class=\"skip-lazy\" src=\"https:\/\/www.cinc.com\/wp-content\/uploads\/sales-esdeveniments-corporatiu-2.webp\" alt=\"\" \/><\/div><\/div>\n\n\n\n<div class=\"swiper-slide\"><div class=\"slide-img\"><img decoding=\"async\" class=\"skip-lazy\" src=\"https:\/\/www.cinc.com\/wp-content\/uploads\/sales-esdeveniments-corporatiu-3.webp\" alt=\"\" \/><\/div><\/div>\n<\/div><div class=\"slider-button-next\"><\/div><div class=\"slider-button-prev\"><\/div><div class=\"swiper-pagination\"><\/div><\/div>\n<\/div>\n\n\n\n<div class=\"wp-block-uagb-container uagb-block-7270ca77 alignfull uagb-is-root-container\">\n<div class=\"wp-block-uagb-container uagb-block-c9cb7fc8\">\n<div class=\"wp-block-humpton-gutenberg-slider swiper-container content-slider light-cursor autocenter rounded-big--top-right--large\" data-delay=\"0\"><div class=\"swiper-wrapper\">\n<div class=\"swiper-slide\"><div class=\"slide-img\"><img decoding=\"async\" class=\"skip-lazy\" src=\"https:\/\/www.cinc.com\/wp-content\/uploads\/sala-formacio-3.webp\" alt=\"\" \/><\/div><\/div>\n\n\n\n<div class=\"swiper-slide\"><div class=\"slide-img\"><img decoding=\"async\" class=\"skip-lazy\" src=\"https:\/\/www.cinc.com\/wp-content\/uploads\/sala-formacio-2.webp\" alt=\"\" \/><\/div><\/div>\n\n\n\n<div class=\"swiper-slide\"><div class=\"slide-img\"><img decoding=\"async\" class=\"skip-lazy\" src=\"https:\/\/www.cinc.com\/wp-content\/uploads\/sala-formacio-1.webp\" alt=\"\" \/><\/div><\/div>\n<\/div><div class=\"slider-button-next\"><\/div><div class=\"slider-button-prev\"><\/div><div class=\"swiper-pagination\"><\/div><\/div>\n<\/div>\n\n\n\n<div class=\"wp-block-uagb-container uagb-block-bb575ee1\">\n<h2 class=\"wp-block-heading has-text-align-left has-large-font-size\" style=\"font-style:normal;font-weight:300\">Sales de formaci\u00f3<\/h2>\n\n\n\n<p class=\"has-text-align-left text-with-people-icon\">10 &#8211; 50<\/p>\n\n\n\n<p class=\"has-text-align-left\" style=\"margin-top:0;margin-bottom:0;padding-top:0;padding-bottom:0\">Posem a la teva disposici\u00f3 el nostre servei de lloguer de sales de formaci\u00f3 a Barcelona, equipades amb la tecnologia necess\u00e0ria per impartir cursos, tallers i trobades professionals.<\/p>\n\n\n\n<p>Comptem amb projectors audiovisuals, pantalles d\u2019alta qualitat, connexi\u00f3 a internet d\u2019alta velocitat i tot el material necessari per garantir una formaci\u00f3 din\u00e0mica i efectiva.<\/p>\n\n\n\n<p style=\"margin-top:0;margin-bottom:0;padding-top:0;padding-bottom:0\">Les sales inclouen taules i cadires ergon\u00f2miques i poden adaptar-se a diferents configuracions per ajustar-se a les necessitats espec\u00edfiques de cada activitat.<\/p>\n\n\n\n<div class=\"wp-block-buttons is-layout-flex wp-block-buttons-is-layout-flex\">\n<div class=\"wp-block-button\"><a class=\"wp-block-button__link wp-element-button\" href=\"https:\/\/www.cinc.com\/pressupost\/\">Vull m\u00e9s informaci\u00f3<\/a><\/div>\n<\/div>\n<\/div>\n<\/div>\n\n\n\n<div class=\"wp-block-uagb-container uagb-block-6ef4dd1f alignfull uagb-is-root-container\">\n<div class=\"wp-block-uagb-container uagb-block-36b7a1f3\">\n<h2 class=\"wp-block-heading has-text-align-right has-large-font-size\" style=\"font-style:normal;font-weight:300\">Sala de videoconfer\u00e8ncia<\/h2>\n\n\n\n<p class=\"has-text-align-right text-with-people-icon\">2 &#8211; 8<\/p>\n\n\n\n<p class=\"has-text-align-right\">Dins del nostre servei de lloguer de sales, tamb\u00e9 disposem de la possibilitat de llogar sales exclusives de videoconfer\u00e8ncia equipades amb sistemes professionals per a transmetre imatge i \u00e0udio de manera efica\u00e7, amb tot el necessari per a poder realitzar reunions i presentacions a dist\u00e0ncia en un entorn c\u00f2mode i professional.<\/p>\n\n\n\n<div class=\"wp-block-buttons is-content-justification-right is-layout-flex wp-container-core-buttons-is-layout-d445cf74 wp-block-buttons-is-layout-flex\">\n<div class=\"wp-block-button\"><a class=\"wp-block-button__link wp-element-button\" href=\"https:\/\/www.cinc.com\/pressupost\/\">     Vull m\u00e9s informaci\u00f3<\/a><\/div>\n<\/div>\n<\/div>\n\n\n\n<div class=\"wp-block-humpton-gutenberg-slider swiper-container content-slider light-cursor autocenter rounded-big--bottom-left--large\" data-delay=\"0\"><div class=\"swiper-wrapper\">\n<div class=\"swiper-slide\"><div class=\"slide-img\"><img decoding=\"async\" class=\"skip-lazy\" src=\"https:\/\/www.cinc.com\/wp-content\/uploads\/videoconferencia-2.webp\" alt=\"\" \/><\/div><\/div>\n\n\n\n<div class=\"swiper-slide\"><div class=\"slide-img\"><img decoding=\"async\" class=\"skip-lazy\" src=\"https:\/\/www.cinc.com\/wp-content\/uploads\/videoconferencia-1.webp\" alt=\"\" \/><\/div><\/div>\n<\/div><div class=\"slider-button-next\"><\/div><div class=\"slider-button-prev\"><\/div><div class=\"swiper-pagination\"><\/div><\/div>\n<\/div>\n\n\n\n<div class=\"wp-block-uagb-container uagb-block-1d8c4c64 alignfull uagb-is-root-container\"><div class=\"uagb-container-inner-blocks-wrap\">\n<div class=\"marquee-text-wrapper \"><p class=\"marquee-text big-title fw\">Contracta serveis addicionals<\/p><\/div>\n\n\n\n<div class=\"wp-block-columns is-layout-flex wp-container-core-columns-is-layout-28f84493 wp-block-columns-is-layout-flex\">\n<div class=\"wp-block-column is-layout-flow wp-block-column-is-layout-flow\" style=\"flex-basis:20%\"><\/div>\n\n\n\n<div class=\"wp-block-column is-vertically-aligned-center is-layout-flow wp-block-column-is-layout-flow\" style=\"flex-basis:60%\">\n<h2 class=\"wp-block-heading has-text-align-center has-medium-font-size\" style=\"margin-bottom:var(--wp--preset--spacing--70);font-style:normal;font-weight:400\">Descobreix els serveis addicionals<\/h2>\n\n\n\n<p>A m\u00e9s del<strong> lloguer de les nostres sales a Barcelona<\/strong>, tamb\u00e9 oferim la possibilitat de contractar altres serveis addicionals perqu\u00e8 la teva experi\u00e8ncia i la dels teus assistents sigui immillorable.<\/p>\n\n\n\n<p>Entre la nostra selecci\u00f3 de serveis addicionals, podr\u00e0s trobar:<\/p>\n\n\n\n<ul class=\"wp-block-list checks-list list--2-cols\">\n<li>Servei de c\u00e0tering<\/li>\n\n\n\n<li>Servei de traducci\u00f3 simult\u00e0nia<\/li>\n\n\n\n<li>Emissi\u00f3 via streaming<\/li>\n\n\n\n<li>Copisteria<\/li>\n\n\n\n<li>Audiovisuals<\/li>\n\n\n\n<li>Traducci\u00f3<\/li>\n\n\n\n<li>Pla\u00e7a de p\u00e0rquing<\/li>\n\n\n\n<li>Grafisme<\/li>\n\n\n\n<li>Sala t\u00e8cnica CPD<\/li>\n\n\n\n<li>Zona VIP<\/li>\n<\/ul>\n\n\n\n<p>No ho dubtis m\u00e9s i sol\u00b7licita informaci\u00f3 ara per a gaudir de tots els avantatges del nostre servei de lloguer de sales a Barcelona!<\/p>\n<\/div>\n\n\n\n<div class=\"wp-block-column is-layout-flow wp-block-column-is-layout-flow\" style=\"flex-basis:20%\"><\/div>\n<\/div>\n<\/div><\/div>\n\n\n\n<div class=\"wp-block-uagb-container uagb-block-8eae1e4e alignfull uagb-is-root-container\"><div class=\"uagb-container-inner-blocks-wrap\">\n<h2 class=\"wp-block-heading has-text-align-center\">Vols reservar en l\u00ednia?<\/h2>\n\n\n\n<div class=\"wp-block-buttons is-content-justification-center is-layout-flex wp-container-core-buttons-is-layout-a89b3969 wp-block-buttons-is-layout-flex\">\n<div class=\"wp-block-button\"><a class=\"wp-block-button__link has-text-align-center wp-element-button\" href=\"https:\/\/www.cinc.com\/ca\/lloguer-de-sales\/\">Reserva en l\u00ednia<\/a><\/div>\n<\/div>\n<\/div><\/div>\n\n\n\n<div class=\"wp-block-uagb-container uagb-block-520c94a1 alignfull uagb-is-root-container\"><div class=\"uagb-container-inner-blocks-wrap\">\n<div class=\"marquee-text-wrapper \"><p class=\"marquee-text big-title fw\">Apunta&#8217;t a la nostra newsletter<\/p><\/div>\n\n\n<div class=\"wp-block-cinc-blocks-newsletter-form\">\n    <form id=\"newsletter-form\" method=\"POST\" class=\"wp-block-cinc-blocks-newsletter-form__form\">\n        <input class=\"wp-block-cinc-blocks-newsletter-form__field\" type=\"text\" placeholder=\"Your name\" name=\"name\" required \/>\n        <select class=\"wp-block-cinc-blocks-newsletter-form__select\" name=\"town\" required>\n            <option value=\"\" readonly>Town<\/option>\n            <option value=\"barcelona\">Barcelona<\/option>\n            <option value=\"girona\">Girona<\/option>\n        <\/select>\n        <input class=\"wp-block-cinc-blocks-newsletter-form__field\" type=\"email\" placeholder=\"Your email\" name=\"email\" required \/>\n        <button class=\"wp-block-cinc-blocks-newsletter-form__button\">Subscribe<\/button>\n    <\/form>\n    <div id=\"newsletter-form-response\"><\/div>\n<\/div><\/div><\/div>\n","protected":false},"excerpt":{"rendered":"<p>On vols llogar les sales? Els nostres espais s\u00f3n c\u00f2modes i vers\u00e0tils, de diferents capacitats, equipats amb l&#8217;\u00faltima tecnologia i amb opci\u00f3 de contractar serveis addicionals, com a servei de c\u00e0tering, traducci\u00f3 simult\u00e0nia o streaming. A m\u00e9s, tenim sales preparades per a organitzar pop-up stores, showrooms, filmacions i rodatges. Amb total flexibilitat: sales per a [&hellip;]<\/p>\n","protected":false},"author":1,"featured_media":0,"parent":0,"menu_order":0,"comment_status":"closed","ping_status":"closed","template":"","meta":{"_acf_changed":false,"_uag_custom_page_level_css":"","footnotes":""},"class_list":["post-10932","page","type-page","status-publish","hentry"],"acf":[],"uagb_featured_image_src":{"full":false,"thumbnail":false,"medium":false,"medium_large":false,"large":false,"1536x1536":false,"2048x2048":false,"gform-image-choice-sm":false,"gform-image-choice-md":false,"gform-image-choice-lg":false},"uagb_author_info":{"display_name":"Pol","author_link":"https:\/\/www.cinc.com\/ca\/author\/pol\/"},"uagb_comment_info":0,"uagb_excerpt":"On vols llogar les sales? Els nostres espais s\u00f3n c\u00f2modes i vers\u00e0tils, de diferents capacitats, equipats amb l&#8217;\u00faltima tecnologia i amb opci\u00f3 de contractar serveis addicionals, com a servei de c\u00e0tering, traducci\u00f3 simult\u00e0nia o streaming. A m\u00e9s, tenim sales preparades per a organitzar pop-up stores, showrooms, filmacions i rodatges. Amb total flexibilitat: sales per a&hellip;","jetpack_sharing_enabled":true,"_links":{"self":[{"href":"https:\/\/www.cinc.com\/ca\/wp-json\/wp\/v2\/pages\/10932","targetHints":{"allow":["GET"]}}],"collection":[{"href":"https:\/\/www.cinc.com\/ca\/wp-json\/wp\/v2\/pages"}],"about":[{"href":"https:\/\/www.cinc.com\/ca\/wp-json\/wp\/v2\/types\/page"}],"author":[{"embeddable":true,"href":"https:\/\/www.cinc.com\/ca\/wp-json\/wp\/v2\/users\/1"}],"replies":[{"embeddable":true,"href":"https:\/\/www.cinc.com\/ca\/wp-json\/wp\/v2\/comments?post=10932"}],"version-history":[{"count":63,"href":"https:\/\/www.cinc.com\/ca\/wp-json\/wp\/v2\/pages\/10932\/revisions"}],"predecessor-version":[{"id":31979,"href":"https:\/\/www.cinc.com\/ca\/wp-json\/wp\/v2\/pages\/10932\/revisions\/31979"}],"wp:attachment":[{"href":"https:\/\/www.cinc.com\/ca\/wp-json\/wp\/v2\/media?parent=10932"}],"curies":[{"name":"wp","href":"https:\/\/api.w.org\/{rel}","templated":true}]}}